{"id":95,"date":"2014-12-02T19:36:53","date_gmt":"2014-12-02T18:36:53","guid":{"rendered":"http:\/\/tts.nor-web.eu\/?page_id=95"},"modified":"2015-11-26T12:23:01","modified_gmt":"2015-11-26T11:23:01","slug":"lettera-v","status":"publish","type":"page","link":"https:\/\/sintesa.nor-web.eu\/sc\/parole\/parlante-1-uomo\/lettera-v\/","title":{"rendered":"L\u00ectera V"},"content":{"rendered":"<p><a href=\"\/audio\/vagone.wav\" >Vagone<\/a>.<br \/>\n<a href=\"\/audio\/val\u00ecgia.wav\" >Val\u00ecgia<\/a>.<br \/>\n<a href=\"\/audio\/valore.wav\" >Valore<\/a>.<br \/>\n<a href=\"\/audio\/valorizatzione.wav\" >Valorizatzione<\/a>.<br \/>\n<a href=\"\/audio\/valura.wav\" >Valura<\/a>.<br \/>\n<a href=\"\/audio\/vanidade.wav\" >Vanidade<\/a>.<br \/>\n<a href=\"\/audio\/variedades.wav\" >Variedades<\/a>.<br \/>\n<a href=\"\/audio\/variedade.wav\" >Variedade<\/a>.<br \/>\n<a href=\"\/audio\/vasos.wav\" >Vasos<\/a>.<br \/>\n<a href=\"\/audio\/vasu.wav\" >Vasu<\/a>.<br \/>\n<a href=\"\/audio\/ventanas.wav\" >Ventanas<\/a>.<br \/>\n<a href=\"\/audio\/ventana.wav\" >Ventana<\/a>.<br \/>\n<a href=\"\/audio\/ventanedda.wav\" >Ventanedda<\/a>.<br \/>\n<a href=\"\/audio\/ventura.wav\" >Ventura<\/a>.<br \/>\n<a href=\"\/audio\/verbale.wav\" >Verbale<\/a>.<br \/>\n<a href=\"\/audio\/verbos.wav\" >Verbos<\/a>.<br \/>\n<a href=\"\/audio\/verbu.wav\" >Verbu<\/a>.<br \/>\n<a href=\"\/audio\/veridade.wav\" >Veridade<\/a> [<a href=\"\/audio\/veridade_1.wav\" >1<\/a>].<br \/>\n<a href=\"\/audio\/versione.wav\" >Versione<\/a>.<br \/>\n<a href=\"\/audio\/versos.wav\" >Versos<\/a>.<br \/>\n<a href=\"\/audio\/versu.wav\" >Versu<\/a>.<br \/>\n<a href=\"\/audio\/veterin\u00e0riu.wav\" >Veterin\u00e0riu<\/a>.<br \/>\n<a href=\"\/audio\/veturas.wav\" >Veturas<\/a>.<br \/>\n<a href=\"\/audio\/vetura.wav\" >Vetura<\/a>.<br \/>\n<a href=\"\/audio\/vida.wav\" >Vida<\/a>.<br \/>\n<a href=\"\/audio\/vile.wav\" >Vile<\/a>.<br \/>\n<a href=\"\/audio\/vindita.wav\" >Vindita<\/a>.<br \/>\n<a href=\"\/audio\/viola.wav\" >Viola<\/a>.<br \/>\n<a href=\"\/audio\/viol\u00e8ntzia.wav\" >Viol\u00e8ntzia<\/a>.<br \/>\n<a href=\"\/audio\/violinu.wav\" >Violinu<\/a>.<br \/>\n<a href=\"\/audio\/virtudes.wav\" >Virtudes<\/a>.<br \/>\n<a href=\"\/audio\/virtude.wav\" >Virtude<\/a>.<br \/>\n<a href=\"\/audio\/visione.wav\" >Visione<\/a>.<br \/>\n<a href=\"\/audio\/vista.wav\" >Vista<\/a>.<br \/>\n<a href=\"\/audio\/vitales.wav\" >Vitales<\/a>.<br \/>\n<a href=\"\/audio\/v\u00ectimas.wav\" >V\u00ectimas<\/a>.<br \/>\n<a href=\"\/audio\/v\u00ectima.wav\" >V\u00ectima<\/a>.<br \/>\n<a href=\"\/audio\/vitzeministru.wav\" >Vitzeministru<\/a>.<br \/>\n<a href=\"\/audio\/v\u00ectzios.wav\" >V\u00ectzios<\/a>.<br \/>\n<a href=\"\/audio\/v\u00ectziu.wav\" >V\u00ectziu<\/a> [<a href=\"\/audio\/v\u00ectziu_1.wav\" >1<\/a>].<br \/>\n<a href=\"\/audio\/viuda.wav\" >Viuda<\/a>.<br \/>\n<a href=\"\/audio\/volontade.wav\" >Volontade<\/a>.<br \/>\n<a href=\"\/audio\/vol\u00f9mene.wav\" >Vol\u00f9mene<\/a>.<br \/>\n<a href=\"\/audio\/voluntade.wav\" >Voluntade<\/a>.<br \/>\n<a href=\"\/audio\/vost\u00e8.wav\" >Vost\u00e8<\/a>.<br \/>\n<a href=\"\/audio\/votare.wav\" >Votare<\/a>.<br \/>\n<a href=\"\/audio\/votos.wav\" >Votos<\/a>.<\/p>\n","protected":false},"excerpt":{"rendered":"<p>Vagone. Val\u00ecgia. Valore. Valorizatzione. Valura. Vanidade. Variedades. Variedade. Vasos. Vasu. Ventanas. Ventana. Ventanedda. Ventura. Verbale. Verbos. Verbu. Veridade [1]. Versione. Versos. Versu. Veterin\u00e0riu. Veturas. Vetura. Vida. Vile. Vindita. Viola. Viol\u00e8ntzia. Violinu. Virtudes. Virtude. Visione. Vista. Vitales. V\u00ectimas. V\u00ectima. Vitzeministru. V\u00ectzios. V\u00ectziu [1]. Viuda. Volontade. Vol\u00f9mene. Voluntade. Vost\u00e8. Votare. Votos.<\/p>\n","protected":false},"author":1,"featured_media":0,"parent":47,"menu_order":0,"comment_status":"closed","ping_status":"closed","template":"","meta":{"footnotes":""},"class_list":["post-95","page","type-page","status-publish","hentry"],"_links":{"self":[{"href":"https:\/\/sintesa.nor-web.eu\/sc\/wp-json\/wp\/v2\/pages\/95","targetHints":{"allow":["GET"]}}],"collection":[{"href":"https:\/\/sintesa.nor-web.eu\/sc\/wp-json\/wp\/v2\/pages"}],"about":[{"href":"https:\/\/sintesa.nor-web.eu\/sc\/wp-json\/wp\/v2\/types\/page"}],"author":[{"embeddable":true,"href":"https:\/\/sintesa.nor-web.eu\/sc\/wp-json\/wp\/v2\/users\/1"}],"replies":[{"embeddable":true,"href":"https:\/\/sintesa.nor-web.eu\/sc\/wp-json\/wp\/v2\/comments?post=95"}],"version-history":[{"count":5,"href":"https:\/\/sintesa.nor-web.eu\/sc\/wp-json\/wp\/v2\/pages\/95\/revisions"}],"predecessor-version":[{"id":329,"href":"https:\/\/sintesa.nor-web.eu\/sc\/wp-json\/wp\/v2\/pages\/95\/revisions\/329"}],"up":[{"embeddable":true,"href":"https:\/\/sintesa.nor-web.eu\/sc\/wp-json\/wp\/v2\/pages\/47"}],"wp:attachment":[{"href":"https:\/\/sintesa.nor-web.eu\/sc\/wp-json\/wp\/v2\/media?parent=95"}],"curies":[{"name":"wp","href":"https:\/\/api.w.org\/{rel}","templated":true}]}}