{"id":91,"date":"2014-12-02T19:36:02","date_gmt":"2014-12-02T18:36:02","guid":{"rendered":"http:\/\/tts.nor-web.eu\/?page_id=91"},"modified":"2015-11-26T12:23:47","modified_gmt":"2015-11-26T11:23:47","slug":"lettera-tz","status":"publish","type":"page","link":"https:\/\/sintesa.nor-web.eu\/sc\/parole\/parlante-1-uomo\/lettera-tz\/","title":{"rendered":"L\u00ectera TZ"},"content":{"rendered":"<p><a href=\"\/audio\/tzarra.wav\" >Tzarra<\/a>.<br \/>\n<a href=\"\/audio\/tzarrende.wav\" >Tzarrende<\/a>.<br \/>\n<a href=\"\/audio\/tzella.wav\" >Tzella<\/a>.<br \/>\n<a href=\"\/audio\/tzent\u00ecmetros.wav\" >Tzent\u00ecmetros<\/a> [<a href=\"\/audio\/tzent\u00ecmetros_1.wav\" >1<\/a>].<br \/>\n<a href=\"\/audio\/tzentrale.wav\" >Tzentrale<\/a>.<br \/>\n<a href=\"\/audio\/tzentru.wav\" >Tzentru<\/a>.<br \/>\n<a href=\"\/audio\/tzeraca.wav\" >Tzeraca<\/a>.<br \/>\n<a href=\"\/audio\/tzeracos.wav\" >Tzeracos<\/a>.<br \/>\n<a href=\"\/audio\/tzeracu.wav\" >Tzeracu<\/a>.<br \/>\n<a href=\"\/audio\/tzertas.wav\" >Tzertas<\/a>.<br \/>\n<a href=\"\/audio\/tzerta.wav\" >Tzerta<\/a>.<br \/>\n<a href=\"\/audio\/tzertesa.wav\" >Tzertesa<\/a>.<br \/>\n<a href=\"\/audio\/tzertos.wav\" >Tzertos<\/a>.<br \/>\n<a href=\"\/audio\/tzertu.wav\" >Tzertu<\/a>.<br \/>\n<a href=\"\/audio\/tzessu.wav\" >Tzessu<\/a>.<br \/>\n<a href=\"\/audio\/tzia.wav\" >Tzia<\/a>.<br \/>\n<a href=\"\/audio\/tzichete.wav\" >Tzichete<\/a>.<br \/>\n<a href=\"\/audio\/tzichirriadu.wav\" >Tzichirriadu<\/a>.<br \/>\n<a href=\"\/audio\/tzichirriare.wav\" >Tzichirriare<\/a> [<a href=\"\/audio\/tzichirriare_1.wav\" >1<\/a>].<br \/>\n<a href=\"\/audio\/tzichirriende.wav\" >Tzichirriende<\/a>.<br \/>\n<a href=\"\/audio\/tzich\u00ecrrios.wav\" >Tzich\u00ecrrios<\/a>.<br \/>\n<a href=\"\/audio\/tzich\u00ecrriu.wav\" >Tzich\u00ecrriu<\/a>.<br \/>\n<a href=\"\/audio\/tziculate.wav\" >Tziculate<\/a>.<br \/>\n<a href=\"\/audio\/tzicu.wav\" >Tzicu<\/a>.<br \/>\n<a href=\"\/audio\/tziller\u00e0rgiu.wav\" >Tziller\u00e0rgiu<\/a>.<br \/>\n<a href=\"\/audio\/tzilleris.wav\" >Tzilleris<\/a>.<br \/>\n<a href=\"\/audio\/tzilleri.wav\" >Tzilleri<\/a>.<br \/>\n<a href=\"\/audio\/tziminea.wav\" >Tziminea<\/a>.<br \/>\n<a href=\"\/audio\/tziminera.wav\" >Tziminera<\/a>.<br \/>\n<a href=\"\/audio\/tz\u00ecnema.wav\" >Tz\u00ecnema<\/a>.<br \/>\n<a href=\"\/audio\/tzinesu.wav\" >Tzinesu<\/a>.<br \/>\n<a href=\"\/audio\/tzinnu.wav\" >Tzinnu<\/a>.<br \/>\n<a href=\"\/audio\/tzinta.wav\" >Tzinta<\/a>.<br \/>\n<a href=\"\/audio\/tzios.wav\" >Tzios<\/a> [<a href=\"\/audio\/tzios_1.wav\" >1<\/a>].<br \/>\n<a href=\"\/audio\/tz\u00ecrculu.wav\" >Tz\u00ecrculu<\/a>.<br \/>\n<a href=\"\/audio\/tzitades.wav\" >Tzitades<\/a>.<br \/>\n<a href=\"\/audio\/tzitade.wav\" >Tzitade<\/a>.<br \/>\n<a href=\"\/audio\/tzitadinos.wav\" >Tzitadinos<\/a>.<br \/>\n<a href=\"\/audio\/tzitadinu.wav\" >Tzitadinu<\/a>.<br \/>\n<a href=\"\/audio\/tzitu.wav\" >Tzitu<\/a>.<br \/>\n<a href=\"\/audio\/tziuladu.wav\" >Tziuladu<\/a> [<a href=\"\/audio\/tziu_1.wav\" >1<\/a>].<br \/>\n<a href=\"\/audio\/tziu.wav\" >Tziu<\/a>.<br \/>\n<a href=\"\/audio\/tzivile.wav\" >Tzivile<\/a>.<br \/>\n<a href=\"\/audio\/tziviltade.wav\" >Tziviltade<\/a>.<br \/>\n<a href=\"\/audio\/tzocheddos.wav\" >Tzocheddos<\/a>.<br \/>\n<a href=\"\/audio\/tzocos.wav\" >Tzocos<\/a>.<br \/>\n<a href=\"\/audio\/tzocu.wav\" >Tzocu<\/a>.<br \/>\n<a href=\"\/audio\/tzopu.wav\" >Tzopu<\/a>.<br \/>\n<a href=\"\/audio\/tzucadu.wav\" >Tzucadu<\/a>.<br \/>\n<a href=\"\/audio\/tzucare.wav\" >Tzucare<\/a>.<br \/>\n<a href=\"\/audio\/tz\u00f9caru.wav\" >Tz\u00f9caru<\/a>.<br \/>\n<a href=\"\/audio\/tzudda.wav\" >Tzudda<\/a>.<br \/>\n<a href=\"\/audio\/tzugru.wav\" >Tzugru<\/a>.<br \/>\n<a href=\"\/audio\/tz\u00f9nchiu.wav\" >Tz\u00f9nchiu<\/a>.<br \/>\n<a href=\"\/audio\/tzurpa.wav\" >Tzurpa<\/a>.<br \/>\n<a href=\"\/audio\/tzurpu.wav\" >Tzurpu<\/a>.<\/p>\n","protected":false},"excerpt":{"rendered":"<p>Tzarra. Tzarrende. Tzella. Tzent\u00ecmetros [1]. Tzentrale. Tzentru. Tzeraca. Tzeracos. Tzeracu. Tzertas. Tzerta. Tzertesa. Tzertos. Tzertu. Tzessu. Tzia. Tzichete. Tzichirriadu. Tzichirriare [1]. Tzichirriende. Tzich\u00ecrrios. Tzich\u00ecrriu. Tziculate. Tzicu. Tziller\u00e0rgiu. Tzilleris. Tzilleri. Tziminea. Tziminera. Tz\u00ecnema. Tzinesu. Tzinnu. Tzinta. Tzios [1]. Tz\u00ecrculu. Tzitades. Tzitade. Tzitadinos. Tzitadinu. Tzitu. Tziuladu [1]. Tziu. Tzivile. Tziviltade. Tzocheddos. Tzocos. Tzocu. Tzopu. Tzucadu. Tzucare. Tz\u00f9caru. [&hellip;]<\/p>\n","protected":false},"author":1,"featured_media":0,"parent":47,"menu_order":0,"comment_status":"closed","ping_status":"closed","template":"","meta":{"footnotes":""},"class_list":["post-91","page","type-page","status-publish","hentry"],"_links":{"self":[{"href":"https:\/\/sintesa.nor-web.eu\/sc\/wp-json\/wp\/v2\/pages\/91","targetHints":{"allow":["GET"]}}],"collection":[{"href":"https:\/\/sintesa.nor-web.eu\/sc\/wp-json\/wp\/v2\/pages"}],"about":[{"href":"https:\/\/sintesa.nor-web.eu\/sc\/wp-json\/wp\/v2\/types\/page"}],"author":[{"embeddable":true,"href":"https:\/\/sintesa.nor-web.eu\/sc\/wp-json\/wp\/v2\/users\/1"}],"replies":[{"embeddable":true,"href":"https:\/\/sintesa.nor-web.eu\/sc\/wp-json\/wp\/v2\/comments?post=91"}],"version-history":[{"count":5,"href":"https:\/\/sintesa.nor-web.eu\/sc\/wp-json\/wp\/v2\/pages\/91\/revisions"}],"predecessor-version":[{"id":331,"href":"https:\/\/sintesa.nor-web.eu\/sc\/wp-json\/wp\/v2\/pages\/91\/revisions\/331"}],"up":[{"embeddable":true,"href":"https:\/\/sintesa.nor-web.eu\/sc\/wp-json\/wp\/v2\/pages\/47"}],"wp:attachment":[{"href":"https:\/\/sintesa.nor-web.eu\/sc\/wp-json\/wp\/v2\/media?parent=91"}],"curies":[{"name":"wp","href":"https:\/\/api.w.org\/{rel}","templated":true}]}}