{"id":75,"date":"2014-12-02T19:22:28","date_gmt":"2014-12-02T18:22:28","guid":{"rendered":"http:\/\/tts.nor-web.eu\/?page_id=75"},"modified":"2015-11-26T12:19:17","modified_gmt":"2015-11-26T11:19:17","slug":"lettera-l","status":"publish","type":"page","link":"https:\/\/sintesa.nor-web.eu\/sc\/parole\/parlante-1-uomo\/lettera-l\/","title":{"rendered":"L\u00ectera L"},"content":{"rendered":"<p><a href=\"\/audio\/l'abbaidare.wav\" >L&#8217;abbaidare<\/a>.<br \/>\n<a href=\"\/audio\/labiolu.wav\" >Labiolu<\/a>.<br \/>\n<a href=\"\/audio\/laborat\u00f2riu.wav\" >Laborat\u00f2riu<\/a>.<br \/>\n<a href=\"\/audio\/l\u00e0canas.wav\" >L\u00e0canas<\/a> [<a href=\"\/audio\/l\u00e0canas_1.wav\" >1<\/a>].<br \/>\n<a href=\"\/audio\/l\u00e0cana.wav\" >L\u00e0cana<\/a>.<br \/>\n<a href=\"\/audio\/lada.wav\" >Lada<\/a>.<br \/>\n<a href=\"\/audio\/ladina.wav\" >Ladina<\/a>.<br \/>\n<a href=\"\/audio\/ladinu.wav\" >Ladinu<\/a>.<br \/>\n<a href=\"\/audio\/lados.wav\" >Lados<\/a>.<br \/>\n<a href=\"\/audio\/ladu.wav\" >Ladu<\/a>.<br \/>\n<a href=\"\/audio\/l'aerent.wav\" >L&#8217;aerent<\/a> [<a href=\"\/audio\/l\u00e0ere_1.wav\" >1<\/a>] [<a href=\"\/audio\/l'aerent_1.wav\" >1<\/a>].<br \/>\n<a href=\"\/audio\/l'aeret.wav\" >L&#8217;aeret<\/a>.<br \/>\n<a href=\"\/audio\/l'aere.wav\" >L&#8217;aere<\/a>.<br \/>\n<a href=\"\/audio\/l\u00e0ere.wav\" >L\u00e0ere<\/a>.<br \/>\n<a href=\"\/audio\/l'agabbare.wav\" >L&#8217;agabbare<\/a>.<br \/>\n<a href=\"\/audio\/l'agatare.wav\" >L&#8217;agatare<\/a>.<br \/>\n<a href=\"\/audio\/l'agiuare.wav\" >L&#8217;agiuare<\/a>.<br \/>\n<a href=\"\/audio\/l'agradaiat.wav\" >L&#8217;agradaiat<\/a> [<a href=\"\/audio\/l'agradaiat_1.wav\" >1<\/a>].<br \/>\n<a href=\"\/audio\/l'agradat.wav\" >L&#8217;agradat<\/a> [<a href=\"\/audio\/l'agradat_1.wav\" >1<\/a>].<br \/>\n<a href=\"\/audio\/l\u00e0grimas.wav\" >L\u00e0grimas<\/a> [<a href=\"\/audio\/l\u00e0grimas_1.wav\" >1<\/a>].<br \/>\n<a href=\"\/audio\/l\u00e0grima.wav\" >L\u00e0grima<\/a>.<br \/>\n<a href=\"\/audio\/l'a\u00ecamus.wav\" >L&#8217;a\u00ecamus<\/a>.<br \/>\n<a href=\"\/audio\/l'aiant.wav\" >L&#8217;aiant<\/a> [<a href=\"\/audio\/l'aiant_1.wav\" >1<\/a>].<br \/>\n<a href=\"\/audio\/l'aiat.wav\" >L&#8217;aiat<\/a> [<a href=\"\/audio\/l'aiat_1.wav\" >1<\/a>] [<a href=\"\/audio\/l'aiat_2.wav\" >2<\/a>] [<a href=\"\/audio\/l'aiat_3.wav\" >3<\/a>] [<a href=\"\/audio\/l'aiat_4.wav\" >4<\/a>].<br \/>\n<a href=\"\/audio\/l'aia.wav\" >L&#8217;aia<\/a>.<br \/>\n<a href=\"\/audio\/l'ais.wav\" >L&#8217;ais<\/a> [<a href=\"\/audio\/l'ais_1.wav\" >1<\/a>].<br \/>\n<a href=\"\/audio\/lamentos.wav\" >Lamentos<\/a>.<br \/>\n<a href=\"\/audio\/lamentu.wav\" >Lamentu<\/a>.<br \/>\n<a href=\"\/audio\/l'ammentaiat.wav\" >L&#8217;ammentaiat<\/a> [<a href=\"\/audio\/l'ammentaiat_1.wav\" >1<\/a>].<br \/>\n<a href=\"\/audio\/l'ammento.wav\" >L&#8217;ammento<\/a>.<br \/>\n<a href=\"\/audio\/l\u00e0mpadas.wav\" >L\u00e0mpadas<\/a>.<br \/>\n<a href=\"\/audio\/lampu.wav\" >Lampu<\/a>.<br \/>\n<a href=\"\/audio\/l'amus.wav\" >L&#8217;amus<\/a>.<br \/>\n<a href=\"\/audio\/lana.wav\" >Lana<\/a>.<br \/>\n<a href=\"\/audio\/l\u00e0ngiu.wav\" >L\u00e0ngiu<\/a>.<br \/>\n<a href=\"\/audio\/l\u00e0ntia.wav\" >L\u00e0ntia<\/a> [<a href=\"\/audio\/l'ant_1.wav\" >1<\/a>].<br \/>\n<a href=\"\/audio\/lantiones.wav\" >Lantiones<\/a>.<br \/>\n<a href=\"\/audio\/l'ant.wav\" >L&#8217;ant<\/a>.<br \/>\n<a href=\"\/audio\/l'apant.wav\" >L&#8217;apant<\/a> [<a href=\"\/audio\/l'apant_1.wav\" >1<\/a>] [<a href=\"\/audio\/l'apant_2.wav\" >2<\/a>].<br \/>\n<a href=\"\/audio\/l'apat.wav\" >L&#8217;apat<\/a> [<a href=\"\/audio\/l'apat_1.wav\" >1<\/a>].<br \/>\n<a href=\"\/audio\/lapis.wav\" >Lapis<\/a>.<br \/>\n<a href=\"\/audio\/l'apo.wav\" >L&#8217;apo<\/a>.<br \/>\n<a href=\"\/audio\/largu.wav\" >Largu<\/a>.<br \/>\n<a href=\"\/audio\/lascura.wav\" >Lascura<\/a>.<br \/>\n<a href=\"\/audio\/lassada.wav\" >Lassada<\/a>.<br \/>\n<a href=\"\/audio\/lassade.wav\" >Lassade<\/a>.<br \/>\n<a href=\"\/audio\/lassados.wav\" >Lassados<\/a>.<br \/>\n<a href=\"\/audio\/lassadu.wav\" >Lassadu<\/a>.<br \/>\n<a href=\"\/audio\/lassaiant.wav\" >Lassaiant<\/a> [<a href=\"\/audio\/lassaiant_1.wav\" >1<\/a>].<br \/>\n<a href=\"\/audio\/lassaiat.wav\" >Lassaiat<\/a> [<a href=\"\/audio\/lassaiat_1.wav\" >1<\/a>].<br \/>\n<a href=\"\/audio\/lassamus.wav\" >Lassamus<\/a>.<br \/>\n<a href=\"\/audio\/lassant.wav\" >Lassant<\/a> [<a href=\"\/audio\/lassant_1.wav\" >1<\/a>].<br \/>\n<a href=\"\/audio\/lassare.wav\" >Lassare<\/a>.<br \/>\n<a href=\"\/audio\/lassas.wav\" >Lassas<\/a>.<br \/>\n<a href=\"\/audio\/lassat.wav\" >Lassat<\/a> [<a href=\"\/audio\/lassat_1.wav\" >1<\/a>].<br \/>\n<a href=\"\/audio\/lassa.wav\" >Lassa<\/a>.<br \/>\n<a href=\"\/audio\/lasseit.wav\" >Lasseit<\/a> [<a href=\"\/audio\/lasseit_1.wav\" >1<\/a>].<br \/>\n<a href=\"\/audio\/lassende.wav\" >Lassende<\/a>.<br \/>\n<a href=\"\/audio\/lasso.wav\" >Lasso<\/a>.<br \/>\n<a href=\"\/audio\/l\u00e0stima.wav\" >L\u00e0stima<\/a> [<a href=\"\/audio\/l\u00e0stima_1.wav\" >1<\/a>].<br \/>\n<a href=\"\/audio\/las.wav\" >Las<\/a>.<br \/>\n<a href=\"\/audio\/late.wav\" >Late<\/a> [<a href=\"\/audio\/l'at_1.wav\" >1<\/a>].<br \/>\n<a href=\"\/audio\/latina.wav\" >Latina<\/a>.<br \/>\n<a href=\"\/audio\/latinu.wav\" >Latinu<\/a>.<br \/>\n<a href=\"\/audio\/l'at.wav\" >L&#8217;at<\/a>.<br \/>\n<a href=\"\/audio\/l\u00e0uru.wav\" >L\u00e0uru<\/a>.<br \/>\n<a href=\"\/audio\/lavras.wav\" >Lavras<\/a> [<a href=\"\/audio\/lavras_1.wav\" >1<\/a>] [<a href=\"\/audio\/lavras_2.wav\" >2<\/a>] [<a href=\"\/audio\/lavras_3.wav\" >3<\/a>].<br \/>\n<a href=\"\/audio\/la.wav\" >La<\/a>.<br \/>\n<a href=\"\/audio\/leadas.wav\" >Leadas<\/a>.<br \/>\n<a href=\"\/audio\/leada.wav\" >Leada<\/a>.<br \/>\n<a href=\"\/audio\/leades.wav\" >Leades<\/a>.<br \/>\n<a href=\"\/audio\/leados.wav\" >Leados<\/a>.<br \/>\n<a href=\"\/audio\/leadu.wav\" >Leadu<\/a>.<br \/>\n<a href=\"\/audio\/leaiant.wav\" >Leaiant<\/a> [<a href=\"\/audio\/leaiant_1.wav\" >1<\/a>].<br \/>\n<a href=\"\/audio\/leaiat.wav\" >Leaiat<\/a> [<a href=\"\/audio\/leaiat_1.wav\" >1<\/a>].<br \/>\n<a href=\"\/audio\/leamus.wav\" >Leamus<\/a>.<br \/>\n<a href=\"\/audio\/leant.wav\" >Leant<\/a> [<a href=\"\/audio\/leant_1.wav\" >1<\/a>].<br \/>\n<a href=\"\/audio\/leare.wav\" >Leare<\/a>.<br \/>\n<a href=\"\/audio\/leas.wav\" >Leas<\/a>.<br \/>\n<a href=\"\/audio\/leat.wav\" >Leat<\/a> [<a href=\"\/audio\/leat_1.wav\" >1<\/a>].<br \/>\n<a href=\"\/audio\/lea.wav\" >Lea<\/a>.<br \/>\n<a href=\"\/audio\/l\u00e8bia.wav\" >L\u00e8bia<\/a>.<br \/>\n<a href=\"\/audio\/l\u00e8bios.wav\" >L\u00e8bios<\/a>.<br \/>\n<a href=\"\/audio\/l\u00e8biu.wav\" >L\u00e8biu<\/a>.<br \/>\n<a href=\"\/audio\/leeit.wav\" >Leeit<\/a> [<a href=\"\/audio\/leeit_1.wav\" >1<\/a>] [<a href=\"\/audio\/leeit_2.wav\" >2<\/a>].<br \/>\n<a href=\"\/audio\/leende.wav\" >Leende<\/a>.<br \/>\n<a href=\"\/audio\/lees.wav\" >Lees<\/a>.<br \/>\n<a href=\"\/audio\/legale.wav\" >Legale<\/a>.<br \/>\n<a href=\"\/audio\/legas.wav\" >Legas<\/a> [<a href=\"\/audio\/legas_1.wav\" >1<\/a>].<br \/>\n<a href=\"\/audio\/legende.wav\" >Legende<\/a>.<br \/>\n<a href=\"\/audio\/leges.wav\" >Leges<\/a>.<br \/>\n<a href=\"\/audio\/lege.wav\" >Lege<\/a>.<br \/>\n<a href=\"\/audio\/leghende.wav\" >Leghende<\/a>.<br \/>\n<a href=\"\/audio\/leghent.wav\" >Leghent<\/a> [<a href=\"\/audio\/leghent_1.wav\" >1<\/a>].<br \/>\n<a href=\"\/audio\/l\u00e8ghere.wav\" >L\u00e8ghere<\/a>.<br \/>\n<a href=\"\/audio\/leghet.wav\" >Leghet<\/a> [<a href=\"\/audio\/leghet_1.wav\" >1<\/a>].<br \/>\n<a href=\"\/audio\/leghiat.wav\" >Leghiat<\/a>.<br \/>\n<a href=\"\/audio\/l\u00e8ghidu.wav\" >L\u00e8ghidu<\/a>.<br \/>\n<a href=\"\/audio\/l\u00e8gia.wav\" >L\u00e8gia<\/a>.<br \/>\n<a href=\"\/audio\/l\u00e8giu.wav\" >L\u00e8giu<\/a>.<br \/>\n<a href=\"\/audio\/lena.wav\" >Lena<\/a>.<br \/>\n<a href=\"\/audio\/lentes.wav\" >Lentes<\/a>.<br \/>\n<a href=\"\/audio\/lentore.wav\" >Lentore<\/a>.<br \/>\n<a href=\"\/audio\/lentzolos.wav\" >Lentzolos<\/a>.<br \/>\n<a href=\"\/audio\/lentzolu.wav\" >Lentzolu<\/a>.<br \/>\n<a href=\"\/audio\/lenu.wav\" >Lenu<\/a>.<br \/>\n<a href=\"\/audio\/leone.wav\" >Leone<\/a>.<br \/>\n<a href=\"\/audio\/leo.wav\" >Leo<\/a>.<br \/>\n<a href=\"\/audio\/lepa.wav\" >Lepa<\/a>.<br \/>\n<a href=\"\/audio\/l'esserent.wav\" >L&#8217;esserent<\/a> [<a href=\"\/audio\/l'esserent_1.wav\" >1<\/a>].<br \/>\n<a href=\"\/audio\/l'esseret.wav\" >L&#8217;esseret<\/a> [<a href=\"\/audio\/l'esseret_1.wav\" >1<\/a>].<br \/>\n<a href=\"\/audio\/lessicales.wav\" >Lessicales<\/a>.<br \/>\n<a href=\"\/audio\/lessicale.wav\" >Lessicale<\/a>.<br \/>\n<a href=\"\/audio\/l\u00e8ssicu.wav\" >L\u00e8ssicu<\/a>.<br \/>\n<a href=\"\/audio\/lestra.wav\" >Lestra<\/a> [<a href=\"\/audio\/l'est_1.wav\" >1<\/a>].<br \/>\n<a href=\"\/audio\/lestresa.wav\" >Lestresa<\/a>.<br \/>\n<a href=\"\/audio\/lestros.wav\" >Lestros<\/a>.<br \/>\n<a href=\"\/audio\/lestru.wav\" >Lestru<\/a>.<br \/>\n<a href=\"\/audio\/l'est.wav\" >L&#8217;est<\/a>.<br \/>\n<a href=\"\/audio\/letores.wav\" >Letores<\/a>.<br \/>\n<a href=\"\/audio\/letore.wav\" >Letore<\/a>.<br \/>\n<a href=\"\/audio\/letura.wav\" >Letura<\/a>.<br \/>\n<a href=\"\/audio\/letu.wav\" >Letu<\/a>.<br \/>\n<a href=\"\/audio\/letziones.wav\" >Letziones<\/a>.<br \/>\n<a href=\"\/audio\/letzione.wav\" >Letzione<\/a>.<br \/>\n<a href=\"\/audio\/leve.wav\" >Leve<\/a>.<br \/>\n<a href=\"\/audio\/liberadu.wav\" >Liberadu<\/a>.<br \/>\n<a href=\"\/audio\/liberale.wav\" >Liberale<\/a>.<br \/>\n<a href=\"\/audio\/liberare.wav\" >Liberare<\/a>.<br \/>\n<a href=\"\/audio\/liberatzione.wav\" >Liberatzione<\/a>.<br \/>\n<a href=\"\/audio\/l\u00ecbera.wav\" >L\u00ecbera<\/a>.<br \/>\n<a href=\"\/audio\/libertade.wav\" >Libertade<\/a>.<br \/>\n<a href=\"\/audio\/l\u00ecberu.wav\" >L\u00ecberu<\/a>.<br \/>\n<a href=\"\/audio\/libreria.wav\" >Libreria<\/a>.<br \/>\n<a href=\"\/audio\/libros.wav\" >Libros<\/a> [<a href=\"\/audio\/libros_1.wav\" >1<\/a>].<br \/>\n<a href=\"\/audio\/libru.wav\" >Libru<\/a>.<br \/>\n<a href=\"\/audio\/licores.wav\" >Licores<\/a>.<br \/>\n<a href=\"\/audio\/licore.wav\" >Licore<\/a>.<br \/>\n<a href=\"\/audio\/l\u00eccuidu.wav\" >L\u00eccuidu<\/a>.<br \/>\n<a href=\"\/audio\/lidone.wav\" >Lidone<\/a>.<br \/>\n<a href=\"\/audio\/ligada.wav\" >Ligada<\/a>.<br \/>\n<a href=\"\/audio\/ligados.wav\" >Ligados<\/a>.<br \/>\n<a href=\"\/audio\/ligadu.wav\" >Ligadu<\/a>.<br \/>\n<a href=\"\/audio\/l\u00ecgiu.wav\" >L\u00ecgiu<\/a>.<br \/>\n<a href=\"\/audio\/limb\u00e0gios.wav\" >Limb\u00e0gios<\/a>.<br \/>\n<a href=\"\/audio\/limb\u00e0giu.wav\" >Limb\u00e0giu<\/a>.<br \/>\n<a href=\"\/audio\/limbas.wav\" >Limbas<\/a> [<a href=\"\/audio\/limbas_1.wav\" >1<\/a>].<br \/>\n<a href=\"\/audio\/limba.wav\" >Limba<\/a>.<br \/>\n<a href=\"\/audio\/limin\u00e0rgiu.wav\" >Limin\u00e0rgiu<\/a>.<br \/>\n<a href=\"\/audio\/limitada.wav\" >Limitada<\/a>.<br \/>\n<a href=\"\/audio\/limonada.wav\" >Limonada<\/a>.<br \/>\n<a href=\"\/audio\/lingu\u00ecsticas.wav\" >Lingu\u00ecsticas<\/a> [<a href=\"\/audio\/lingu\u00ecsticas_1.wav\" >1<\/a>].<br \/>\n<a href=\"\/audio\/lingu\u00ecstica.wav\" >Lingu\u00ecstica<\/a>.<br \/>\n<a href=\"\/audio\/lingu\u00ecsticos.wav\" >Lingu\u00ecsticos<\/a>.<br \/>\n<a href=\"\/audio\/lingu\u00ecsticu.wav\" >Lingu\u00ecsticu<\/a>.<br \/>\n<a href=\"\/audio\/l\u00ecnias.wav\" >L\u00ecnias<\/a>.<br \/>\n<a href=\"\/audio\/l\u00ecnia.wav\" >L\u00ecnia<\/a>.<br \/>\n<a href=\"\/audio\/linnajolos.wav\" >Linnajolos<\/a>.<br \/>\n<a href=\"\/audio\/linnajolu.wav\" >Linnajolu<\/a>.<br \/>\n<a href=\"\/audio\/linnas.wav\" >Linnas<\/a>.<br \/>\n<a href=\"\/audio\/linna.wav\" >Linna<\/a>.<br \/>\n<a href=\"\/audio\/l'int\u00e8ndere.wav\" >L&#8217;int\u00e8ndere<\/a>.<br \/>\n<a href=\"\/audio\/l'intendiat.wav\" >L&#8217;intendiat<\/a> [<a href=\"\/audio\/l'intendiat_1.wav\" >1<\/a>] [<a href=\"\/audio\/l'intendiat_2.wav\" >2<\/a>].<br \/>\n<a href=\"\/audio\/l'ischiat.wav\" >L&#8217;ischiat<\/a> [<a href=\"\/audio\/l'ischiat_1.wav\" >1<\/a>].<br \/>\n<a href=\"\/audio\/l'ischia.wav\" >L&#8217;ischia<\/a>.<br \/>\n<a href=\"\/audio\/l'ischides.wav\" >L&#8217;ischides<\/a>.<br \/>\n<a href=\"\/audio\/l'ischimus.wav\" >L&#8217;ischimus<\/a>.<br \/>\n<a href=\"\/audio\/l'ischint.wav\" >L&#8217;ischint<\/a> [<a href=\"\/audio\/l'ischint_1.wav\" >1<\/a>].<br \/>\n<a href=\"\/audio\/l'ischire.wav\" >L&#8217;ischire<\/a>.<br \/>\n<a href=\"\/audio\/l'ischis.wav\" >L&#8217;ischis<\/a> [<a href=\"\/audio\/l'ischis_1.wav\" >1<\/a>].<br \/>\n<a href=\"\/audio\/l'ischit.wav\" >L&#8217;ischit<\/a> [<a href=\"\/audio\/l'ischit_1.wav\" >1<\/a>].<br \/>\n<a href=\"\/audio\/l'isco.wav\" >L&#8217;isco<\/a>.<br \/>\n<a href=\"\/audio\/l'ispricare.wav\" >L&#8217;ispricare<\/a>.<br \/>\n<a href=\"\/audio\/lista.wav\" >Lista<\/a>.<br \/>\n<a href=\"\/audio\/lis.wav\" >Lis<\/a>.<br \/>\n<a href=\"\/audio\/literaduras.wav\" >Literaduras<\/a>.<br \/>\n<a href=\"\/audio\/literadura.wav\" >Literadura<\/a>.<br \/>\n<a href=\"\/audio\/liter\u00e0rias.wav\" >Liter\u00e0rias<\/a>.<br \/>\n<a href=\"\/audio\/liter\u00e0ria.wav\" >Liter\u00e0ria<\/a>.<br \/>\n<a href=\"\/audio\/liter\u00e0rios.wav\" >Liter\u00e0rios<\/a>.<br \/>\n<a href=\"\/audio\/liter\u00e0riu.wav\" >Liter\u00e0riu<\/a>.<br \/>\n<a href=\"\/audio\/l\u00ecteras.wav\" >L\u00ecteras<\/a>.<br \/>\n<a href=\"\/audio\/l\u00ectera.wav\" >L\u00ectera<\/a>.<br \/>\n<a href=\"\/audio\/litu.wav\" >Litu<\/a> [<a href=\"\/audio\/litu_1.wav\" >1<\/a>].<br \/>\n<a href=\"\/audio\/litzeu.wav\" >Litzeu<\/a>.<br \/>\n<a href=\"\/audio\/livellu.wav\" >Livellu<\/a>.<br \/>\n<a href=\"\/audio\/li.wav\" >Li<\/a>.<br \/>\n<a href=\"\/audio\/locales.wav\" >Locales<\/a>.<br \/>\n<a href=\"\/audio\/locale.wav\" >Locale<\/a>.<br \/>\n<a href=\"\/audio\/l\u00f2gica.wav\" >L\u00f2gica<\/a>.<br \/>\n<a href=\"\/audio\/logos.wav\" >Logos<\/a>.<br \/>\n<a href=\"\/audio\/logudoresu.wav\" >Logudoresu<\/a>.<br \/>\n<a href=\"\/audio\/logu.wav\" >Logu<\/a>.<br \/>\n<a href=\"\/audio\/lompent.wav\" >Lompent<\/a> [<a href=\"\/audio\/lompent_1.wav\" >1<\/a>].<br \/>\n<a href=\"\/audio\/l\u00f2mpere.wav\" >L\u00f2mpere<\/a>.<br \/>\n<a href=\"\/audio\/lompet.wav\" >Lompet<\/a> [<a href=\"\/audio\/lompet_1.wav\" >1<\/a>] [<a href=\"\/audio\/lompet_2.wav\" >2<\/a>].<br \/>\n<a href=\"\/audio\/l\u00f2mpida.wav\" >L\u00f2mpida<\/a>.<br \/>\n<a href=\"\/audio\/l\u00f2mpidos.wav\" >L\u00f2mpidos<\/a>.<br \/>\n<a href=\"\/audio\/l\u00f2mpidu.wav\" >L\u00f2mpidu<\/a>.<br \/>\n<a href=\"\/audio\/Londra.wav\" >Londra<\/a>.<br \/>\n<a href=\"\/audio\/longas.wav\" >Longas<\/a>.<br \/>\n<a href=\"\/audio\/longa.wav\" >Longa<\/a>.<br \/>\n<a href=\"\/audio\/longos.wav\" >Longos<\/a>.<br \/>\n<a href=\"\/audio\/longu.wav\" >Longu<\/a>.<br \/>\n<a href=\"\/audio\/losas.wav\" >Losas<\/a>.<br \/>\n<a href=\"\/audio\/losa.wav\" >Losa<\/a>.<br \/>\n<a href=\"\/audio\/los.wav\" >Los<\/a>.<br \/>\n<a href=\"\/audio\/ludu.wav\" >Ludu<\/a>.<br \/>\n<a href=\"\/audio\/luego.wav\" >Luego<\/a>.<br \/>\n<a href=\"\/audio\/lughende.wav\" >Lughende<\/a>.<br \/>\n<a href=\"\/audio\/lughentes.wav\" >Lughentes<\/a>.<br \/>\n<a href=\"\/audio\/lughente.wav\" >Lughente<\/a>.<br \/>\n<a href=\"\/audio\/lughes.wav\" >Lughes<\/a>.<br \/>\n<a href=\"\/audio\/lughe.wav\" >Lughe<\/a>.<br \/>\n<a href=\"\/audio\/lughiant.wav\" >Lughiant<\/a> [<a href=\"\/audio\/lughiant_1.wav\" >1<\/a>].<br \/>\n<a href=\"\/audio\/lughiat.wav\" >Lughiat<\/a> [<a href=\"\/audio\/lughiat_1.wav\" >1<\/a>].<br \/>\n<a href=\"\/audio\/lugore.wav\" >Lugore<\/a>.<br \/>\n<a href=\"\/audio\/luminos.wav\" >Luminos<\/a>.<br \/>\n<a href=\"\/audio\/luminu.wav\" >Luminu<\/a>.<br \/>\n<a href=\"\/audio\/luna.wav\" >Luna<\/a>.<br \/>\n<a href=\"\/audio\/lunis.wav\" >Lunis<\/a>.<br \/>\n<a href=\"\/audio\/lupu.wav\" >Lupu<\/a>.<br \/>\n<a href=\"\/audio\/lussu.wav\" >Lussu<\/a>.<br \/>\n<a href=\"\/audio\/luta.wav\" >Luta<\/a>.<br \/>\n<a href=\"\/audio\/lutu.wav\" >Lutu<\/a>.<br \/>\n<a href=\"\/audio\/lu.wav\" >Lu<\/a>.<\/p>\n","protected":false},"excerpt":{"rendered":"<p>L&#8217;abbaidare. Labiolu. Laborat\u00f2riu. L\u00e0canas [1]. L\u00e0cana. Lada. Ladina. Ladinu. Lados. Ladu. L&#8217;aerent [1] [1]. L&#8217;aeret. L&#8217;aere. L\u00e0ere. L&#8217;agabbare. L&#8217;agatare. L&#8217;agiuare. L&#8217;agradaiat [1]. L&#8217;agradat [1]. L\u00e0grimas [1]. L\u00e0grima. L&#8217;a\u00ecamus. L&#8217;aiant [1]. L&#8217;aiat [1] [2] [3] [4]. L&#8217;aia. L&#8217;ais [1]. Lamentos. Lamentu. L&#8217;ammentaiat [1]. L&#8217;ammento. L\u00e0mpadas. Lampu. L&#8217;amus. Lana. L\u00e0ngiu. L\u00e0ntia [1]. Lantiones. L&#8217;ant. L&#8217;apant [1] [2]. [&hellip;]<\/p>\n","protected":false},"author":1,"featured_media":0,"parent":47,"menu_order":0,"comment_status":"closed","ping_status":"closed","template":"","meta":{"footnotes":""},"class_list":["post-75","page","type-page","status-publish","hentry"],"_links":{"self":[{"href":"https:\/\/sintesa.nor-web.eu\/sc\/wp-json\/wp\/v2\/pages\/75","targetHints":{"allow":["GET"]}}],"collection":[{"href":"https:\/\/sintesa.nor-web.eu\/sc\/wp-json\/wp\/v2\/pages"}],"about":[{"href":"https:\/\/sintesa.nor-web.eu\/sc\/wp-json\/wp\/v2\/types\/page"}],"author":[{"embeddable":true,"href":"https:\/\/sintesa.nor-web.eu\/sc\/wp-json\/wp\/v2\/users\/1"}],"replies":[{"embeddable":true,"href":"https:\/\/sintesa.nor-web.eu\/sc\/wp-json\/wp\/v2\/comments?post=75"}],"version-history":[{"count":5,"href":"https:\/\/sintesa.nor-web.eu\/sc\/wp-json\/wp\/v2\/pages\/75\/revisions"}],"predecessor-version":[{"id":326,"href":"https:\/\/sintesa.nor-web.eu\/sc\/wp-json\/wp\/v2\/pages\/75\/revisions\/326"}],"up":[{"embeddable":true,"href":"https:\/\/sintesa.nor-web.eu\/sc\/wp-json\/wp\/v2\/pages\/47"}],"wp:attachment":[{"href":"https:\/\/sintesa.nor-web.eu\/sc\/wp-json\/wp\/v2\/media?parent=75"}],"curies":[{"name":"wp","href":"https:\/\/api.w.org\/{rel}","templated":true}]}}