{"id":71,"date":"2014-12-02T19:19:05","date_gmt":"2014-12-02T18:19:05","guid":{"rendered":"http:\/\/tts.nor-web.eu\/?page_id=71"},"modified":"2015-11-26T12:18:00","modified_gmt":"2015-11-26T11:18:00","slug":"lettera-g","status":"publish","type":"page","link":"https:\/\/sintesa.nor-web.eu\/sc\/parole\/parlante-1-uomo\/lettera-g\/","title":{"rendered":"L\u00ectera G"},"content":{"rendered":"<p><a href=\"\/audio\/gabbale.wav\" >Gabbale<\/a>.<br \/>\n<a href=\"\/audio\/gabbanu.wav\" >Gabbanu<\/a>.<br \/>\n<a href=\"\/audio\/g\u00e0bbia.wav\" >G\u00e0bbia<\/a>.<br \/>\n<a href=\"\/audio\/gabinete.wav\" >Gabinete<\/a>.<br \/>\n<a href=\"\/audio\/galanas.wav\" >Galanas<\/a>.<br \/>\n<a href=\"\/audio\/galana.wav\" >Galana<\/a>.<br \/>\n<a href=\"\/audio\/galania.wav\" >Galania<\/a>.<br \/>\n<a href=\"\/audio\/galanos.wav\" >Galanos<\/a>.<br \/>\n<a href=\"\/audio\/galanu.wav\" >Galanu<\/a>.<br \/>\n<a href=\"\/audio\/galera.wav\" >Galera<\/a>.<br \/>\n<a href=\"\/audio\/galleria.wav\" >Galleria<\/a>.<br \/>\n<a href=\"\/audio\/galu.wav\" >Galu<\/a>.<br \/>\n<a href=\"\/audio\/gama.wav\" >Gama<\/a>.<br \/>\n<a href=\"\/audio\/gana.wav\" >Gana<\/a>.<br \/>\n<a href=\"\/audio\/gantzu.wav\" >Gantzu<\/a>.<br \/>\n<a href=\"\/audio\/garantire.wav\" >Garantire<\/a>.<br \/>\n<a href=\"\/audio\/gara.wav\" >Gara<\/a>.<br \/>\n<a href=\"\/audio\/garbu.wav\" >Garbu<\/a> [<a href=\"\/audio\/garbu_1.wav\" >1<\/a>].<br \/>\n<a href=\"\/audio\/garita.wav\" >Garita<\/a>.<br \/>\n<a href=\"\/audio\/gasi.wav\" >Gasi<\/a>.<br \/>\n<a href=\"\/audio\/gas.wav\" >Gas<\/a>.<br \/>\n<a href=\"\/audio\/gatos.wav\" >Gatos<\/a>.<br \/>\n<a href=\"\/audio\/gatu.wav\" >Gatu<\/a>.<br \/>\n<a href=\"\/audio\/gatzile.wav\" >Gatzile<\/a>.<br \/>\n<a href=\"\/audio\/gazeta.wav\" >Gazeta<\/a>.<br \/>\n<a href=\"\/audio\/gelosia.wav\" >Gelosia<\/a>.<br \/>\n<a href=\"\/audio\/gemma.wav\" >Gemma<\/a>.<br \/>\n<a href=\"\/audio\/generales.wav\" >Generales<\/a>.<br \/>\n<a href=\"\/audio\/generale.wav\" >Generale<\/a>.<br \/>\n<a href=\"\/audio\/g\u00e8nere.wav\" >G\u00e8nere<\/a>.<br \/>\n<a href=\"\/audio\/genia.wav\" >Genia<\/a>.<br \/>\n<a href=\"\/audio\/g\u00e8niu.wav\" >G\u00e8niu<\/a>.<br \/>\n<a href=\"\/audio\/gente.wav\" >Gente<\/a>.<br \/>\n<a href=\"\/audio\/gentilesa.wav\" >Gentilesa<\/a>.<br \/>\n<a href=\"\/audio\/gentile.wav\" >Gentile<\/a>.<br \/>\n<a href=\"\/audio\/gent\u00f2ria.wav\" >Gent\u00f2ria<\/a> [<a href=\"\/audio\/gent\u00f2ria_1.wav\" >1<\/a>].<br \/>\n<a href=\"\/audio\/geografia.wav\" >Geografia<\/a>.<br \/>\n<a href=\"\/audio\/gestos.wav\" >Gestos<\/a>.<br \/>\n<a href=\"\/audio\/gestu.wav\" >Gestu<\/a>.<br \/>\n<a href=\"\/audio\/gesuitas.wav\" >Gesuitas<\/a>.<br \/>\n<a href=\"\/audio\/Ges\u00f9s.wav\" >Ges\u00f9s<\/a>.<br \/>\n<a href=\"\/audio\/ghenn\u00e0rgiu.wav\" >Ghenn\u00e0rgiu<\/a>.<br \/>\n<a href=\"\/audio\/ghennas.wav\" >Ghennas<\/a>.<br \/>\n<a href=\"\/audio\/ghenna.wav\" >Ghenna<\/a>.<br \/>\n<a href=\"\/audio\/ghennita.wav\" >Ghennita<\/a>.<br \/>\n<a href=\"\/audio\/ghenugros.wav\" >Ghenugros<\/a> [<a href=\"\/audio\/ghenugros_1.wav\" >1<\/a>] [<a href=\"\/audio\/ghenugros_2.wav\" >2<\/a>] [<a href=\"\/audio\/ghenugros_3.wav\" >3<\/a>].<br \/>\n<a href=\"\/audio\/ghenugru.wav\" >Ghenugru<\/a>.<br \/>\n<a href=\"\/audio\/gherradu.wav\" >Gherradu<\/a>.<br \/>\n<a href=\"\/audio\/gherrare.wav\" >Gherrare<\/a>.<br \/>\n<a href=\"\/audio\/gherras.wav\" >Gherras<\/a>.<br \/>\n<a href=\"\/audio\/gherra.wav\" >Gherra<\/a>.<br \/>\n<a href=\"\/audio\/gherrende.wav\" >Gherrende<\/a>.<br \/>\n<a href=\"\/audio\/gherreri.wav\" >Gherreri<\/a>.<br \/>\n<a href=\"\/audio\/ghetada.wav\" >Ghetada<\/a>.<br \/>\n<a href=\"\/audio\/ghetados.wav\" >Ghetados<\/a>.<br \/>\n<a href=\"\/audio\/ghetadu.wav\" >Ghetadu<\/a>.<br \/>\n<a href=\"\/audio\/ghetaiant.wav\" >Ghetaiant<\/a> [<a href=\"\/audio\/ghetaiant_1.wav\" >1<\/a>] [<a href=\"\/audio\/ghetaiant_2.wav\" >2<\/a>] [<a href=\"\/audio\/ghetaiant_3.wav\" >3<\/a>].<br \/>\n<a href=\"\/audio\/ghetaiat.wav\" >Ghetaiat<\/a> [<a href=\"\/audio\/ghetaiat_1.wav\" >1<\/a>].<br \/>\n<a href=\"\/audio\/ghetant.wav\" >Ghetant<\/a> [<a href=\"\/audio\/ghetant_1.wav\" >1<\/a>].<br \/>\n<a href=\"\/audio\/ghetare.wav\" >Ghetare<\/a>.<br \/>\n<a href=\"\/audio\/ghetat.wav\" >Ghetat<\/a> [<a href=\"\/audio\/ghetat_1.wav\" >1<\/a>].<br \/>\n<a href=\"\/audio\/gheteit.wav\" >Gheteit<\/a> [<a href=\"\/audio\/gheteit_1.wav\" >1<\/a>] [<a href=\"\/audio\/gheteit_2.wav\" >2<\/a>].<br \/>\n<a href=\"\/audio\/ghetende.wav\" >Ghetende<\/a>.<br \/>\n<a href=\"\/audio\/gheto.wav\" >Gheto<\/a>.<br \/>\n<a href=\"\/audio\/ghetu.wav\" >Ghetu<\/a>.<br \/>\n<a href=\"\/audio\/ghiadu.wav\" >Ghiadu<\/a>.<br \/>\n<a href=\"\/audio\/ghia.wav\" >Ghia<\/a>.<br \/>\n<a href=\"\/audio\/ghiddia.wav\" >Ghiddia<\/a>.<br \/>\n<a href=\"\/audio\/ghirada.wav\" >Ghirada<\/a>.<br \/>\n<a href=\"\/audio\/ghiradu.wav\" >Ghiradu<\/a>.<br \/>\n<a href=\"\/audio\/ghirare.wav\" >Ghirare<\/a>.<br \/>\n<a href=\"\/audio\/giacheta.wav\" >Giacheta<\/a> [<a href=\"\/audio\/gi\u00e0_1.wav\" >1<\/a>] [<a href=\"\/audio\/gi\u00e0_2.wav\" >2<\/a>].<br \/>\n<a href=\"\/audio\/giaga.wav\" >Giaga<\/a>.<br \/>\n<a href=\"\/audio\/giai.wav\" >Giai<\/a>.<br \/>\n<a href=\"\/audio\/giaja.wav\" >Giaja<\/a>.<br \/>\n<a href=\"\/audio\/giaju.wav\" >Giaju<\/a>.<br \/>\n<a href=\"\/audio\/gianas.wav\" >Gianas<\/a>.<br \/>\n<a href=\"\/audio\/gianna.wav\" >Gianna<\/a> [<a href=\"\/audio\/gianna_1.wav\" >1<\/a>].<br \/>\n<a href=\"\/audio\/giannile.wav\" >Giannile<\/a>.<br \/>\n<a href=\"\/audio\/gianni.wav\" >Gianni<\/a>.<br \/>\n<a href=\"\/audio\/gianteris.wav\" >Gianteris<\/a>.<br \/>\n<a href=\"\/audio\/giardinos.wav\" >Giardinos<\/a>.<br \/>\n<a href=\"\/audio\/giardinu.wav\" >Giardinu<\/a>.<br \/>\n<a href=\"\/audio\/giassos.wav\" >Giassos<\/a>.<br \/>\n<a href=\"\/audio\/giassu.wav\" >Giassu<\/a>.<br \/>\n<a href=\"\/audio\/gigantes.wav\" >Gigantes<\/a>.<br \/>\n<a href=\"\/audio\/gigante.wav\" >Gigante<\/a>.<br \/>\n<a href=\"\/audio\/gi\u00f2bia.wav\" >Gi\u00f2bia<\/a>.<br \/>\n<a href=\"\/audio\/giogadore.wav\" >Giogadore<\/a>.<br \/>\n<a href=\"\/audio\/giogadu.wav\" >Giogadu<\/a>.<br \/>\n<a href=\"\/audio\/giogaiant.wav\" >Giogaiant<\/a> [<a href=\"\/audio\/giogaiant_1.wav\" >1<\/a>].<br \/>\n<a href=\"\/audio\/giogaiat.wav\" >Giogaiat<\/a> [<a href=\"\/audio\/giogaiat_1.wav\" >1<\/a>].<br \/>\n<a href=\"\/audio\/giogare.wav\" >Giogare<\/a>.<br \/>\n<a href=\"\/audio\/gioghende.wav\" >Gioghende<\/a>.<br \/>\n<a href=\"\/audio\/giogos.wav\" >Giogos<\/a>.<br \/>\n<a href=\"\/audio\/giogu.wav\" >Giogu<\/a>.<br \/>\n<a href=\"\/audio\/giompet.wav\" >Giompet<\/a> [<a href=\"\/audio\/giompet_1.wav\" >1<\/a>].<br \/>\n<a href=\"\/audio\/giornales.wav\" >Giornales<\/a> [<a href=\"\/audio\/giornale_1.wav\" >1<\/a>].<br \/>\n<a href=\"\/audio\/giornale.wav\" >Giornale<\/a>.<br \/>\n<a href=\"\/audio\/giornalistas.wav\" >Giornalistas<\/a>.<br \/>\n<a href=\"\/audio\/giornalista.wav\" >Giornalista<\/a>.<br \/>\n<a href=\"\/audio\/giornal\u00ecsticu.wav\" >Giornal\u00ecsticu<\/a>.<br \/>\n<a href=\"\/audio\/giosso.wav\" >Giosso<\/a>.<br \/>\n<a href=\"\/audio\/gi\u00f2vanas.wav\" >Gi\u00f2vanas<\/a>.<br \/>\n<a href=\"\/audio\/gi\u00f2vana.wav\" >Gi\u00f2vana<\/a>.<br \/>\n<a href=\"\/audio\/giovaneddu.wav\" >Giovaneddu<\/a>.<br \/>\n<a href=\"\/audio\/gi\u00f2vanos.wav\" >Gi\u00f2vanos<\/a> [<a href=\"\/audio\/gi\u00f2vanos_1.wav\" >1<\/a>].<br \/>\n<a href=\"\/audio\/gi\u00f2vanu.wav\" >Gi\u00f2vanu<\/a>.<br \/>\n<a href=\"\/audio\/gioventude.wav\" >Gioventude<\/a>.<br \/>\n<a href=\"\/audio\/girada.wav\" >Girada<\/a>.<br \/>\n<a href=\"\/audio\/girados.wav\" >Girados<\/a>.<br \/>\n<a href=\"\/audio\/giradu.wav\" >Giradu<\/a>.<br \/>\n<a href=\"\/audio\/giraiat.wav\" >Giraiat<\/a> [<a href=\"\/audio\/giraiat_1.wav\" >1<\/a>].<br \/>\n<a href=\"\/audio\/girare.wav\" >Girare<\/a>.<br \/>\n<a href=\"\/audio\/girat.wav\" >Girat<\/a> [<a href=\"\/audio\/girat_1.wav\" >1<\/a>].<br \/>\n<a href=\"\/audio\/gireit.wav\" >Gireit<\/a> [<a href=\"\/audio\/gireit_1.wav\" >1<\/a>].<br \/>\n<a href=\"\/audio\/girende.wav\" >Girende<\/a>.<br \/>\n<a href=\"\/audio\/giros.wav\" >Giros<\/a>.<br \/>\n<a href=\"\/audio\/giru.wav\" >Giru<\/a> [<a href=\"\/audio\/giru_1.wav\" >1<\/a>].<br \/>\n<a href=\"\/audio\/Giuanne.wav\" >Giuanne<\/a>.<br \/>\n<a href=\"\/audio\/giubiladu.wav\" >Giubiladu<\/a>.<br \/>\n<a href=\"\/audio\/giud\u00ectziu.wav\" >Giud\u00ectziu<\/a>.<br \/>\n<a href=\"\/audio\/giudu.wav\" >Giudu<\/a>.<br \/>\n<a href=\"\/audio\/giughende.wav\" >Giughende<\/a>.<br \/>\n<a href=\"\/audio\/giughent.wav\" >Giughent<\/a> [<a href=\"\/audio\/giughent_1.wav\" >1<\/a>].<br \/>\n<a href=\"\/audio\/gi\u00f9ghere.wav\" >Gi\u00f9ghere<\/a>.<br \/>\n<a href=\"\/audio\/giughes.wav\" >Giughes<\/a>.<br \/>\n<a href=\"\/audio\/giughet.wav\" >Giughet<\/a> [<a href=\"\/audio\/giughet_1.wav\" >1<\/a>].<br \/>\n<a href=\"\/audio\/giughiant.wav\" >Giughiant<\/a> [<a href=\"\/audio\/giughiant_1.wav\" >1<\/a>].<br \/>\n<a href=\"\/audio\/giughiat.wav\" >Giughiat<\/a> [<a href=\"\/audio\/giughiat_1.wav\" >1<\/a>].<br \/>\n<a href=\"\/audio\/giughia.wav\" >Giughia<\/a>.<br \/>\n<a href=\"\/audio\/giugo.wav\" >Giugo<\/a> [<a href=\"\/audio\/giugo_1.wav\" >1<\/a>].<br \/>\n<a href=\"\/audio\/giuigare.wav\" >Giuigare<\/a>.<br \/>\n<a href=\"\/audio\/gi\u00f9ighes.wav\" >Gi\u00f9ighes<\/a>.<br \/>\n<a href=\"\/audio\/gi\u00f9ighe.wav\" >Gi\u00f9ighe<\/a>.<br \/>\n<a href=\"\/audio\/gi\u00f9ilat.wav\" >Gi\u00f9ilat<\/a>.<br \/>\n<a href=\"\/audio\/giumpadu.wav\" >Giumpadu<\/a>.<br \/>\n<a href=\"\/audio\/giumpare.wav\" >Giumpare<\/a>.<br \/>\n<a href=\"\/audio\/giuncos.wav\" >Giuncos<\/a>.<br \/>\n<a href=\"\/audio\/giunta.wav\" >Giunta<\/a>.<br \/>\n<a href=\"\/audio\/giuradu.wav\" >Giuradu<\/a>.<br \/>\n<a href=\"\/audio\/giurare.wav\" >Giurare<\/a>.<br \/>\n<a href=\"\/audio\/giur\u00ecdica.wav\" >Giur\u00ecdica<\/a>.<br \/>\n<a href=\"\/audio\/giur\u00ecdicos.wav\" >Giur\u00ecdicos<\/a>.<br \/>\n<a href=\"\/audio\/giur\u00ecdicu.wav\" >Giur\u00ecdicu<\/a>.<br \/>\n<a href=\"\/audio\/giuro.wav\" >Giuro<\/a>.<br \/>\n<a href=\"\/audio\/Giusepe.wav\" >Giusepe<\/a>.<br \/>\n<a href=\"\/audio\/giustas.wav\" >Giustas<\/a>.<br \/>\n<a href=\"\/audio\/giusta.wav\" >Giusta<\/a>.<br \/>\n<a href=\"\/audio\/giust\u00ectzia.wav\" >Giust\u00ectzia<\/a>.<br \/>\n<a href=\"\/audio\/giustos.wav\" >Giustos<\/a>.<br \/>\n<a href=\"\/audio\/giustu.wav\" >Giustu<\/a>.<br \/>\n<a href=\"\/audio\/giutos.wav\" >Giutos<\/a>.<br \/>\n<a href=\"\/audio\/giutu.wav\" >Giutu<\/a>.<br \/>\n<a href=\"\/audio\/gl\u00f2ria.wav\" >Gl\u00f2ria<\/a>.<br \/>\n<a href=\"\/audio\/godire.wav\" >Godire<\/a>.<br \/>\n<a href=\"\/audio\/golpe.wav\" >Golpe<\/a>.<br \/>\n<a href=\"\/audio\/Gon\u00e0riu.wav\" >Gon\u00e0riu<\/a>.<br \/>\n<a href=\"\/audio\/gorropu.wav\" >Gorropu<\/a>.<br \/>\n<a href=\"\/audio\/gosare.wav\" >Gosare<\/a>.<br \/>\n<a href=\"\/audio\/gosi.wav\" >Gosi<\/a>.<br \/>\n<a href=\"\/audio\/gosu.wav\" >Gosu<\/a>.<br \/>\n<a href=\"\/audio\/gradu.wav\" >Gradu<\/a>.<br \/>\n<a href=\"\/audio\/graes.wav\" >Graes<\/a>.<br \/>\n<a href=\"\/audio\/grae.wav\" >Grae<\/a>.<br \/>\n<a href=\"\/audio\/Gramsci.wav\" >Gramsci<\/a>.<br \/>\n<a href=\"\/audio\/grandu.wav\" >Grandu<\/a>.<br \/>\n<a href=\"\/audio\/granitu.wav\" >Granitu<\/a>.<br \/>\n<a href=\"\/audio\/grassa.wav\" >Grassa<\/a>.<br \/>\n<a href=\"\/audio\/grassu.wav\" >Grassu<\/a>.<br \/>\n<a href=\"\/audio\/gr\u00e0tzias.wav\" >Gr\u00e0tzias<\/a> [<a href=\"\/audio\/gr\u00e0tzias_1.wav\" >1<\/a>].<br \/>\n<a href=\"\/audio\/gr\u00e0tzia.wav\" >Gr\u00e0tzia<\/a>.<br \/>\n<a href=\"\/audio\/grave.wav\" >Grave<\/a>.<br \/>\n<a href=\"\/audio\/grefa.wav\" >Grefa<\/a>.<br \/>\n<a href=\"\/audio\/gregos.wav\" >Gregos<\/a>.<br \/>\n<a href=\"\/audio\/gregu.wav\" >Gregu<\/a>.<br \/>\n<a href=\"\/audio\/greze.wav\" >Greze<\/a>.<br \/>\n<a href=\"\/audio\/grisu.wav\" >Grisu<\/a>.<br \/>\n<a href=\"\/audio\/grogas.wav\" >Grogas<\/a>.<br \/>\n<a href=\"\/audio\/groga.wav\" >Groga<\/a>.<br \/>\n<a href=\"\/audio\/grogos.wav\" >Grogos<\/a>.<br \/>\n<a href=\"\/audio\/grogu.wav\" >Grogu<\/a>.<br \/>\n<a href=\"\/audio\/grupos.wav\" >Grupos<\/a>.<br \/>\n<a href=\"\/audio\/grupu.wav\" >Grupu<\/a>.<br \/>\n<a href=\"\/audio\/grussa.wav\" >Grussa<\/a>.<br \/>\n<a href=\"\/audio\/grussu.wav\" >Grussu<\/a>.<br \/>\n<a href=\"\/audio\/grustu.wav\" >Grustu<\/a>.<br \/>\n<a href=\"\/audio\/gruta.wav\" >Gruta<\/a>.<br \/>\n<a href=\"\/audio\/guai.wav\" >Guai<\/a>.<br \/>\n<a href=\"\/audio\/gu\u00e0rdia.wav\" >Gu\u00e0rdia<\/a> [<a href=\"\/audio\/gu\u00e0rdia_1.wav\" >1<\/a>].<br \/>\n<a href=\"\/audio\/gula.wav\" >Gula<\/a>.<br \/>\n<a href=\"\/audio\/gunnedda.wav\" >Gunnedda<\/a>.<br \/>\n<a href=\"\/audio\/gustare.wav\" >Gustare<\/a>.<br \/>\n<a href=\"\/audio\/gustu.wav\" >Gustu<\/a>.<br \/>\n<a href=\"\/audio\/g\u00f9tios.wav\" >G\u00f9tios<\/a>.<br \/>\n<a href=\"\/audio\/g\u00f9tiu.wav\" >G\u00f9tiu<\/a>.<br \/>\n<a href=\"\/audio\/g\u00f9turu.wav\" >G\u00f9turu<\/a>.<br \/>\n<a href=\"\/audio\/guvernare.wav\" >Guvernare<\/a>.<br \/>\n<a href=\"\/audio\/guvernu.wav\" >Guvernu<\/a> [<a href=\"\/audio\/guvernu_1.wav\" >1<\/a>].<\/p>\n","protected":false},"excerpt":{"rendered":"<p>Gabbale. Gabbanu. G\u00e0bbia. Gabinete. Galanas. Galana. Galania. Galanos. Galanu. Galera. Galleria. Galu. Gama. Gana. Gantzu. Garantire. Gara. Garbu [1]. Garita. Gasi. Gas. Gatos. Gatu. Gatzile. Gazeta. Gelosia. Gemma. Generales. Generale. G\u00e8nere. Genia. G\u00e8niu. Gente. Gentilesa. Gentile. Gent\u00f2ria [1]. Geografia. Gestos. Gestu. Gesuitas. Ges\u00f9s. Ghenn\u00e0rgiu. Ghennas. Ghenna. Ghennita. Ghenugros [1] [2] [3]. Ghenugru. Gherradu. Gherrare. Gherras. [&hellip;]<\/p>\n","protected":false},"author":1,"featured_media":0,"parent":47,"menu_order":0,"comment_status":"closed","ping_status":"closed","template":"","meta":{"footnotes":""},"class_list":["post-71","page","type-page","status-publish","hentry"],"_links":{"self":[{"href":"https:\/\/sintesa.nor-web.eu\/sc\/wp-json\/wp\/v2\/pages\/71","targetHints":{"allow":["GET"]}}],"collection":[{"href":"https:\/\/sintesa.nor-web.eu\/sc\/wp-json\/wp\/v2\/pages"}],"about":[{"href":"https:\/\/sintesa.nor-web.eu\/sc\/wp-json\/wp\/v2\/types\/page"}],"author":[{"embeddable":true,"href":"https:\/\/sintesa.nor-web.eu\/sc\/wp-json\/wp\/v2\/users\/1"}],"replies":[{"embeddable":true,"href":"https:\/\/sintesa.nor-web.eu\/sc\/wp-json\/wp\/v2\/comments?post=71"}],"version-history":[{"count":5,"href":"https:\/\/sintesa.nor-web.eu\/sc\/wp-json\/wp\/v2\/pages\/71\/revisions"}],"predecessor-version":[{"id":324,"href":"https:\/\/sintesa.nor-web.eu\/sc\/wp-json\/wp\/v2\/pages\/71\/revisions\/324"}],"up":[{"embeddable":true,"href":"https:\/\/sintesa.nor-web.eu\/sc\/wp-json\/wp\/v2\/pages\/47"}],"wp:attachment":[{"href":"https:\/\/sintesa.nor-web.eu\/sc\/wp-json\/wp\/v2\/media?parent=71"}],"curies":[{"name":"wp","href":"https:\/\/api.w.org\/{rel}","templated":true}]}}