{"id":7,"date":"2013-12-17T20:47:27","date_gmt":"2013-12-17T19:47:27","guid":{"rendered":"http:\/\/tts.nor-web.eu\/?page_id=7"},"modified":"2015-12-09T20:48:14","modified_gmt":"2015-12-09T19:48:14","slug":"su-progetu","status":"publish","type":"page","link":"https:\/\/sintesa.nor-web.eu\/sc\/su-progetu\/","title":{"rendered":"Su progetu"},"content":{"rendered":"<p><\/p>\n<p style=\"text-align: justify;\">Su progetu &#8220;Car\u00e0teres e istruturas fon\u00e8ticas, fonol\u00f2gicas e pros\u00f2dicas de sa limba sarda&#8221; est una chirca de base chi serbit a sa creatzione de unu sistema de s\u00ecntesi vocale, est a n\u00e0rrere unu prot\u00f2tipu inform\u00e0ticu bonu a prod\u00f9ere una faeddada partende dae testos iscritos (Text-To-Speech systems, TTS).<\/p>\n<p style=\"text-align: justify;\">Sa tecnologia de sa s\u00ecntesi vocale est impreada in medas campos: telecomunicatziones (men\u00f9 e portales vocales, letura de fax e e-mail, casellas vocales, messag\u00ecstica unificada, cumandu vocale de telefoneddos e console de giogu); trasportos (sistemas de cumandu vocales interativos in is autove\u00ecculos, sistemas pro ann\u00f9ntzios autom\u00e0ticos in is mezos p\u00f9blicos, in is aeroportos e in is istatziones); uf\u00ectzios (detadura autom\u00e0tica, sistemas de letura vocale de is documentos); assist\u00e8ntzia tecnol\u00f2gica a persones chi tenent problemas a sa vista, dislessia e a persones cun problemas vocales o de fonatzione mannos.<\/p>\n<p style=\"text-align: justify;\">Sa s\u00ecntesi vocale est realizada pro m\u00e8diu de sa cuncatenatzione de registratziones de partes vocales (fonemas s\u00ecngulos o in secu\u00e8ntzia, faeddos o frases) memorizadas in unu database chi ponet impare informatziones a pitzus de sa fon\u00e8tica, fonologia e elementos de prosodia. Pro custu su progetu est interdisciplinare e tenet comente carater\u00ecstica s&#8217;interatzione intre lingu\u00ecstica e inform\u00e0tica: sa prima traballat a sa costitutzione de unu corpus de datos fonol\u00f2gicos, mentres sa segunda sighit sa parte de registratziones e elaboratziones de is sonos, sa catalogatzione sistem\u00e0tica pro m\u00e8diu de unu database dedicadu e s&#8217;aplicatzione de is informatziones a su sistema de trasformatzione dae su testu iscritu a sa boghe artifitziale.<\/p>\n<p style=\"text-align: justify;\">Sa punna de su progetu fiat cussa de creare unu sistema fatu dae sos fonos e dae is fonemas de su sardu e dae sas r\u00e8gulas chi guvernant sa cuncatenatzione de custos fonos e fonemas in su tempus de sa simulatzione de su limb\u00e0giu faeddadu. Custa punna at portadu a duos obietivos generales: dae una parte s&#8217;isvilupu de is connosch\u00e8ntzias de base a pitzus de sa fon\u00e8tica de sa limba sarda; dae s&#8217;\u00e0tera sa realizatzione de una metodologia iscient\u00ecfica pro sa realizatzione de un&#8217;arch\u00ecviu lingu\u00ecsticu. Is obietivos ispetz\u00ecficos fiant tres: su crobu de is informatziones e de is datos lingu\u00ecsticos netzess\u00e0rios; sa realizatzione de unu database de is fonemas de sa limba sarda; sa definitzione de is r\u00e8gulas chi guvernant sa cuncatenatzione de is sonos.<\/p>\n<p style=\"text-align: justify;\">Su progetu s&#8217;est istruturadu in is sighentes fainas: costitutzione de unu corpus lingu\u00ecsticu; ind\u00e0gine fon\u00e8tica e fonol\u00f2gica de unu sistema lingu\u00ecsticu; individuatzione e campionamentu de is fonemas lingu\u00ecsticos s\u00ecngulos; progetatzione e realizatzione de s&#8217;impiantu tecnol\u00f2gicu; populamentu de s&#8217;arch\u00ecviu e realizatzione de is protzeduras de cuncatenatzione; prot\u00f2tipu dimustrativu; ispainamentu de is resurtados.<\/p>\n<p style=\"text-align: justify;\">Sa chirca est durada degheoto meses (dae su mese de Led\u00e0mene 2013 a su mese de Abrile 2015), in su Dipartimentu de Filologia, Literadura e Lingu\u00ecstica de s&#8217;Universidade de is Ist\u00f9dios de Casteddu, mentres s&#8217;ispainamentu de is resurtados at pigadu \u00e0teros ses meses de traballu. S&#8217;atividade s&#8217;est articulada in oto trimestres e bator m\u00f2dulos printzipales (work-package) e issos etotu teniant una s\u00e8rie de atividades de chirca e suportu: WP1 &#8212; Chirca preliminare, dae su I a su III trimestre; WP2 &#8212; C\u00f2llida e elaboratzione, dae su II a su VII trimestre; WP3 &#8212; Ispainamentu de is resurtados, VII e VIII trimestres; WP4 &#8212; Atividades de suportu trasversale a totu su progetu, dae su I a su VIII trimestre.<\/p>\n<p style=\"text-align: justify;\">Su resurtadu est unu corpus de datos lingu\u00ecsticos e unu corpus de datos de tipu inform\u00e0ticu chi sunt un&#8217;innovatzione in is campos rispetivos (pro su sardu comente pro is \u00e0teras limbas de minoria italianas non b&#8217;est un&#8217;arch\u00ecviu lingu\u00ecsticu fon\u00e8ticu chi assim\u00ecgiat a cussu chi amus ot\u00e8nnidu cun sa chirca nostra) e chi podent \u00e8ssere isfrutados in meda maneras e campos.<\/p>\n<p style=\"text-align: justify;\">Pro primu cosa, s&#8217;est isvilupada una base metodol\u00f2gica pro una chirca benidora pro is \u00e0teras variedades chi s&#8217;agatant in Sardigna (gadduresu e tataresu), pro is limbas alloglotas (tabarchinu, aligheresu) e pro is \u00e0teras minorias lingu\u00ecsticas chi s&#8217;agatant in It\u00e0lia.<\/p>\n<p style=\"text-align: justify;\">Pro is ist\u00f9dios de Filologia e Lingu\u00ecstica is resurtados de sa chirca sunt is datos noos a pitzus de sa fonologia de su sardu. In sa did\u00e0tica, sunt un&#8217;aina de riferimentu pro is maistros e is dischentes chi tenent bis\u00f2ngiu de un&#8217;esempru seguru de fon\u00e8tica de su sardu. Sunt importantes pro aplicatziones e sa fruitzione de sa limba sarda pro is iscolas, bibliotecas, universidades, istruturas retzitivas e de informatzione in generale, in prus che pro persones cun dificultades visivas. Aberint fintzas prospetivas in su campu de sa divulgatzione e de s&#8217;amparu de sa limba sarda cun sa cunsegu\u00e8ntzia de un&#8217;aumentu de is produtos in sardu (libros, produtos multimediales, etc.). Is resurtados de sa chirca ant a p\u00f2dere fintzas donare unu contributu a sa solutzione de is problemas collegados a sa normalizatzione de sa limba, prus che \u00e0teru in sa forma iscrita.<\/p>\n<p style=\"text-align: justify;\">Is benef\u00ectzios non sunt isceti pro sa limba locale, ma andant fintzas a bant\u00e0giu de sa limba italiana: difatis permitint de megiorare is sistemas esistentes, pro ddos f\u00e0ghere prus bonos pro s&#8217;impreu a segunda de is ispetzifitzidades regionales (comente pro es\u00e8mpiu s&#8217;italianu regionale de Sardigna).<\/p>\n<p style=\"text-align: justify;\">Sa chirca nostra in prus est una base iscient\u00ecfica e tecnol\u00f2gica de part\u00e8ntzia pro su cumintzu de una chirca a pitzus de su reconnoschimentu vocale.<\/p>\n<p><\/p>","protected":false},"excerpt":{"rendered":"<p>Su progetu &#8220;Car\u00e0teres e istruturas fon\u00e8ticas, fonol\u00f2gicas e pros\u00f2dicas de sa limba sarda&#8221; est una chirca de base chi serbit a sa creatzione de unu sistema de s\u00ecntesi vocale, est a n\u00e0rrere unu prot\u00f2tipu inform\u00e0ticu bonu a prod\u00f9ere una faeddada partende dae testos iscritos (Text-To-Speech systems, TTS). Sa tecnologia de sa s\u00ecntesi vocale est impreada [&hellip;]<\/p>\n","protected":false},"author":1,"featured_media":0,"parent":0,"menu_order":0,"comment_status":"closed","ping_status":"closed","template":"","meta":{"footnotes":""},"class_list":["post-7","page","type-page","status-publish","hentry"],"_links":{"self":[{"href":"https:\/\/sintesa.nor-web.eu\/sc\/wp-json\/wp\/v2\/pages\/7","targetHints":{"allow":["GET"]}}],"collection":[{"href":"https:\/\/sintesa.nor-web.eu\/sc\/wp-json\/wp\/v2\/pages"}],"about":[{"href":"https:\/\/sintesa.nor-web.eu\/sc\/wp-json\/wp\/v2\/types\/page"}],"author":[{"embeddable":true,"href":"https:\/\/sintesa.nor-web.eu\/sc\/wp-json\/wp\/v2\/users\/1"}],"replies":[{"embeddable":true,"href":"https:\/\/sintesa.nor-web.eu\/sc\/wp-json\/wp\/v2\/comments?post=7"}],"version-history":[{"count":9,"href":"https:\/\/sintesa.nor-web.eu\/sc\/wp-json\/wp\/v2\/pages\/7\/revisions"}],"predecessor-version":[{"id":397,"href":"https:\/\/sintesa.nor-web.eu\/sc\/wp-json\/wp\/v2\/pages\/7\/revisions\/397"}],"wp:attachment":[{"href":"https:\/\/sintesa.nor-web.eu\/sc\/wp-json\/wp\/v2\/media?parent=7"}],"curies":[{"name":"wp","href":"https:\/\/api.w.org\/{rel}","templated":true}]}}