{"id":67,"date":"2014-12-02T19:17:59","date_gmt":"2014-12-02T18:17:59","guid":{"rendered":"http:\/\/tts.nor-web.eu\/?page_id=67"},"modified":"2015-11-26T12:15:37","modified_gmt":"2015-11-26T11:15:37","slug":"lettera-e","status":"publish","type":"page","link":"https:\/\/sintesa.nor-web.eu\/sc\/parole\/parlante-1-uomo\/lettera-e\/","title":{"rendered":"L\u00ectera E"},"content":{"rendered":"<p><a href=\"\/audio\/e.wav\" >E<\/a>.<br \/>\n<a href=\"\/audio\/e\u00e0.wav\" >E\u00e0<\/a> [<a href=\"\/audio\/e_1.wav\" >1<\/a>] [<a href=\"\/audio\/e\u00e0_1.wav\" >1<\/a>] [<a href=\"\/audio\/e\u00e0_2.wav\" >2<\/a>].<br \/>\n<a href=\"\/audio\/ebbia.wav\" >Ebbia<\/a>.<br \/>\n<a href=\"\/audio\/economia.wav\" >Economia<\/a>.<br \/>\n<a href=\"\/audio\/econ\u00f2mica.wav\" >Econ\u00f2mica<\/a>.<br \/>\n<a href=\"\/audio\/econ\u00f2micu.wav\" >Econ\u00f2micu<\/a>.<br \/>\n<a href=\"\/audio\/edade.wav\" >Edade<\/a>.<br \/>\n<a href=\"\/audio\/editores.wav\" >Editores<\/a>.<br \/>\n<a href=\"\/audio\/editoriale.wav\" >Editoriale<\/a>.<br \/>\n<a href=\"\/audio\/editziones.wav\" >Editziones<\/a>.<br \/>\n<a href=\"\/audio\/editzione.wav\" >Editzione<\/a>.<br \/>\n<a href=\"\/audio\/educadu.wav\" >Educadu<\/a>.<br \/>\n<a href=\"\/audio\/educatzione.wav\" >Educatzione<\/a>.<br \/>\n<a href=\"\/audio\/efetos.wav\" >Efetos<\/a>.<br \/>\n<a href=\"\/audio\/efetu.wav\" >Efetu<\/a>.<br \/>\n<a href=\"\/audio\/ei.wav\" >Ei<\/a>.<br \/>\n<a href=\"\/audio\/eja.wav\" >Eja<\/a>.<br \/>\n<a href=\"\/audio\/elegante.wav\" >Elegante<\/a>.<br \/>\n<a href=\"\/audio\/elementares.wav\" >Elementares<\/a>.<br \/>\n<a href=\"\/audio\/elementos.wav\" >Elementos<\/a>.<br \/>\n<a href=\"\/audio\/elementu.wav\" >Elementu<\/a>.<br \/>\n<a href=\"\/audio\/el\u00e8trica.wav\" >El\u00e8trica<\/a>.<br \/>\n<a href=\"\/audio\/el\u00e8tricu.wav\" >El\u00e8tricu<\/a>.<br \/>\n<a href=\"\/audio\/eletziones.wav\" >Eletziones<\/a>.<br \/>\n<a href=\"\/audio\/ello.wav\" >Ello<\/a>.<br \/>\n<a href=\"\/audio\/Em\u00eclia.wav\" >Em\u00eclia<\/a>.<br \/>\n<a href=\"\/audio\/emmo.wav\" >Emmo<\/a>.<br \/>\n<a href=\"\/audio\/energia.wav\" >Energia<\/a>.<br \/>\n<a href=\"\/audio\/entes.wav\" >Entes<\/a>.<br \/>\n<a href=\"\/audio\/\u00e8poca.wav\" >\u00c8poca<\/a>.<br \/>\n<a href=\"\/audio\/epuru.wav\" >Epuru<\/a>.<br \/>\n<a href=\"\/audio\/era.wav\" >Era<\/a>.<br \/>\n<a href=\"\/audio\/erbas.wav\" >Erbas<\/a>.<br \/>\n<a href=\"\/audio\/erba.wav\" >Erba<\/a>.<br \/>\n<a href=\"\/audio\/eris.wav\" >Eris<\/a> [<a href=\"\/audio\/eris_1.wav\" >1<\/a>].<br \/>\n<a href=\"\/audio\/ermosa.wav\" >Ermosa<\/a>.<br \/>\n<a href=\"\/audio\/eroes.wav\" >Eroes<\/a>.<br \/>\n<a href=\"\/audio\/eroe.wav\" >Eroe<\/a>.<br \/>\n<a href=\"\/audio\/esclamadu.wav\" >Esclamadu<\/a>.<br \/>\n<a href=\"\/audio\/esempros.wav\" >Esempros<\/a>.<br \/>\n<a href=\"\/audio\/esempru.wav\" >Esempru<\/a>.<br \/>\n<a href=\"\/audio\/esertz\u00ectzios.wav\" >Esertz\u00ectzios<\/a>.<br \/>\n<a href=\"\/audio\/esistiat.wav\" >Esistiat<\/a> [<a href=\"\/audio\/esistiat_1.wav\" >1<\/a>].<br \/>\n<a href=\"\/audio\/esistint.wav\" >Esistint<\/a>.<br \/>\n<a href=\"\/audio\/esistit.wav\" >Esistit<\/a> [<a href=\"\/audio\/esistit_1.wav\" >1<\/a>].<br \/>\n<a href=\"\/audio\/esisto.wav\" >Esisto<\/a>.<br \/>\n<a href=\"\/audio\/esperi\u00e8ntzias.wav\" >Esperi\u00e8ntzias<\/a>.<br \/>\n<a href=\"\/audio\/esperi\u00e8ntzia.wav\" >Esperi\u00e8ntzia<\/a>.<br \/>\n<a href=\"\/audio\/espertos.wav\" >Espertos<\/a>.<br \/>\n<a href=\"\/audio\/espostu.wav\" >Espostu<\/a>.<br \/>\n<a href=\"\/audio\/espressadas.wav\" >Espressadas<\/a>.<br \/>\n<a href=\"\/audio\/espressada.wav\" >Espressada<\/a>.<br \/>\n<a href=\"\/audio\/espressare.wav\" >Espressare<\/a>.<br \/>\n<a href=\"\/audio\/espressione.wav\" >Espressione<\/a>.<br \/>\n<a href=\"\/audio\/essat.wav\" >Essat<\/a> [<a href=\"\/audio\/essat_1.wav\" >1<\/a>].<br \/>\n<a href=\"\/audio\/esseit.wav\" >Esseit<\/a> [<a href=\"\/audio\/esseit_1.wav\" >1<\/a>].<br \/>\n<a href=\"\/audio\/essende.wav\" >Essende<\/a>.<br \/>\n<a href=\"\/audio\/esserent.wav\" >Esserent<\/a> [<a href=\"\/audio\/\u00e8ssere_1.wav\" >1<\/a>] [<a href=\"\/audio\/\u00e8ssere_2.wav\" >2<\/a>] [<a href=\"\/audio\/esserent_1.wav\" >1<\/a>].<br \/>\n<a href=\"\/audio\/\u00e8sseres.wav\" >\u00c8sseres<\/a>.<br \/>\n<a href=\"\/audio\/esseret.wav\" >Esseret<\/a> [<a href=\"\/audio\/esseret_1.wav\" >1<\/a>] [<a href=\"\/audio\/esseret_2.wav\" >2<\/a>].<br \/>\n<a href=\"\/audio\/essere.wav\" >Essere<\/a>.<br \/>\n<a href=\"\/audio\/\u00e8ssere.wav\" >\u00c8ssere<\/a>.<br \/>\n<a href=\"\/audio\/essiant.wav\" >Essiant<\/a> [<a href=\"\/audio\/essiant_1.wav\" >1<\/a>].<br \/>\n<a href=\"\/audio\/essiat.wav\" >Essiat<\/a> [<a href=\"\/audio\/essiat_1.wav\" >1<\/a>].<br \/>\n<a href=\"\/audio\/essidas.wav\" >Essidas<\/a>.<br \/>\n<a href=\"\/audio\/essida.wav\" >Essida<\/a>.<br \/>\n<a href=\"\/audio\/essidos.wav\" >Essidos<\/a>.<br \/>\n<a href=\"\/audio\/essidu.wav\" >Essidu<\/a>.<br \/>\n<a href=\"\/audio\/essint.wav\" >Essint<\/a> [<a href=\"\/audio\/essint_1.wav\" >1<\/a>].<br \/>\n<a href=\"\/audio\/essire.wav\" >Essire<\/a>.<br \/>\n<a href=\"\/audio\/essis.wav\" >Essis<\/a>.<br \/>\n<a href=\"\/audio\/essit.wav\" >Essit<\/a> [<a href=\"\/audio\/essit_1.wav\" >1<\/a>].<br \/>\n<a href=\"\/audio\/essi.wav\" >Essi<\/a>.<br \/>\n<a href=\"\/audio\/est.wav\" >Est<\/a> [<a href=\"\/audio\/est_1.wav\" >1<\/a>] [<a href=\"\/audio\/est_2.wav\" >2<\/a>].<br \/>\n<a href=\"\/audio\/eterna.wav\" >Eterna<\/a>.<br \/>\n<a href=\"\/audio\/eternu.wav\" >Eternu<\/a>.<br \/>\n<a href=\"\/audio\/etnia.wav\" >Etnia<\/a>.<br \/>\n<a href=\"\/audio\/\u00e8tnicas.wav\" >\u00c8tnicas<\/a>.<br \/>\n<a href=\"\/audio\/\u00e8tnica.wav\" >\u00c8tnica<\/a>.<br \/>\n<a href=\"\/audio\/etotu.wav\" >Etotu<\/a>.<br \/>\n<a href=\"\/audio\/Etr\u00f9ria.wav\" >Etr\u00f9ria<\/a>.<br \/>\n<a href=\"\/audio\/etruscas.wav\" >Etruscas<\/a>.<br \/>\n<a href=\"\/audio\/etrusca.wav\" >Etrusca<\/a>.<br \/>\n<a href=\"\/audio\/etruscos.wav\" >Etruscos<\/a>.<br \/>\n<a href=\"\/audio\/etruscu.wav\" >Etruscu<\/a>.<br \/>\n<a href=\"\/audio\/Europa.wav\" >Europa<\/a>.<br \/>\n<a href=\"\/audio\/europeas.wav\" >Europeas<\/a>.<br \/>\n<a href=\"\/audio\/europea.wav\" >Europea<\/a>.<br \/>\n<a href=\"\/audio\/europeos.wav\" >Europeos<\/a>.<br \/>\n<a href=\"\/audio\/europeu.wav\" >Europeu<\/a>.<br \/>\n<a href=\"\/audio\/\u00e8uros.wav\" >\u00c8uros<\/a>.<br \/>\n<a href=\"\/audio\/evidente.wav\" >Evidente<\/a>.<br \/>\n<a href=\"\/audio\/evitare.wav\" >Evitare<\/a>.<\/p>\n","protected":false},"excerpt":{"rendered":"<p>E. E\u00e0 [1] [1] [2]. Ebbia. Economia. Econ\u00f2mica. Econ\u00f2micu. Edade. Editores. Editoriale. Editziones. Editzione. Educadu. Educatzione. Efetos. Efetu. Ei. Eja. Elegante. Elementares. Elementos. Elementu. El\u00e8trica. El\u00e8tricu. Eletziones. Ello. Em\u00eclia. Emmo. Energia. Entes. \u00c8poca. Epuru. Era. Erbas. Erba. Eris [1]. Ermosa. Eroes. Eroe. Esclamadu. Esempros. Esempru. Esertz\u00ectzios. Esistiat [1]. Esistint. Esistit [1]. Esisto. Esperi\u00e8ntzias. Esperi\u00e8ntzia. Espertos. [&hellip;]<\/p>\n","protected":false},"author":1,"featured_media":0,"parent":47,"menu_order":0,"comment_status":"closed","ping_status":"closed","template":"","meta":{"footnotes":""},"class_list":["post-67","page","type-page","status-publish","hentry"],"_links":{"self":[{"href":"https:\/\/sintesa.nor-web.eu\/sc\/wp-json\/wp\/v2\/pages\/67","targetHints":{"allow":["GET"]}}],"collection":[{"href":"https:\/\/sintesa.nor-web.eu\/sc\/wp-json\/wp\/v2\/pages"}],"about":[{"href":"https:\/\/sintesa.nor-web.eu\/sc\/wp-json\/wp\/v2\/types\/page"}],"author":[{"embeddable":true,"href":"https:\/\/sintesa.nor-web.eu\/sc\/wp-json\/wp\/v2\/users\/1"}],"replies":[{"embeddable":true,"href":"https:\/\/sintesa.nor-web.eu\/sc\/wp-json\/wp\/v2\/comments?post=67"}],"version-history":[{"count":6,"href":"https:\/\/sintesa.nor-web.eu\/sc\/wp-json\/wp\/v2\/pages\/67\/revisions"}],"predecessor-version":[{"id":322,"href":"https:\/\/sintesa.nor-web.eu\/sc\/wp-json\/wp\/v2\/pages\/67\/revisions\/322"}],"up":[{"embeddable":true,"href":"https:\/\/sintesa.nor-web.eu\/sc\/wp-json\/wp\/v2\/pages\/47"}],"wp:attachment":[{"href":"https:\/\/sintesa.nor-web.eu\/sc\/wp-json\/wp\/v2\/media?parent=67"}],"curies":[{"name":"wp","href":"https:\/\/api.w.org\/{rel}","templated":true}]}}