{"id":38,"date":"2014-12-02T00:21:50","date_gmt":"2014-12-01T23:21:50","guid":{"rendered":"http:\/\/tts.nor-web.eu\/?page_id=38"},"modified":"2015-12-09T21:06:32","modified_gmt":"2015-12-09T20:06:32","slug":"gruppo-di-lavoro","status":"publish","type":"page","link":"https:\/\/sintesa.nor-web.eu\/sc\/gruppo-di-lavoro\/","title":{"rendered":"Grupu de Traballu"},"content":{"rendered":"<p><\/p>\n<p style=\"text-align: justify;\">Su progetu est istadu isvilupada dae un&#8217;unidade operativa istruturada cun sede in s&#8217;Universidade de Casteddu, Dipartimentu de Filologia e Literaduras modernas.<\/p>\n<p style=\"text-align: justify;\">Maurizio Virdis, professore ordin\u00e0riu de Filologia romanza de Lingu\u00ecstica sarda, est su coordinadore iscient\u00ecficu de su progetu.<\/p>\n<p style=\"text-align: justify;\">Riccardo Mura, titulare de sa borsa de chirca pro s'&#8221;Individuazione e analisi delle caratteristiche fonetiche, fonologiche e prosodiche della lingua sarda&#8221;, at traballadu a s&#8217;ind\u00e0gine fon\u00e8tica.<\/p>\n<p style=\"text-align: justify;\">Massimo Cireddu, ingennieri inform\u00e0ticu cun esperi\u00e8ntzia in su setore lingu\u00ecsticu (curretore ortogr\u00e0ficu CROS, digitatzione preditiva [T9] pro su sardu) e titulare de sa borsa de chirca pro sa &#8220;Progettazione di regole di sintesi vocale e gestione dell&#8217;ambiente di sviluppo&#8221;, at traballadu a sa chirca inform\u00e0tica e at sighidu s&#8217;implementatzione de su prot\u00f2tipu.<\/p>\n<p style=\"text-align: justify;\">Daniela Boeddu, dotoranda in Lingu\u00ecstica is s&#8217;Universidad del Pa\u00eds Vasco &#8212; Euskal Erriko Unibertsitatea, at traballadu a sa revisione de sa chirca fon\u00e8tica e a su coll\u00e0udu de su prot\u00f2tipu.<\/p>\n<p style=\"text-align: justify;\">Roberto Bolognesi, linguista, de s&#8217;Universidade di Amsterdam (PhD cun tesi &#8220;The Phonology of Campidanian Sardinian&#8221;) at tentu su ruolu de consulente iscient\u00ecficu.<\/p>\n<p style=\"text-align: justify;\">Sa domo editora <a href=\"http:\/\/www.condaghes.it\" target=\"_blank\">Condaghes<\/a> de Casteddu, ispetzializada in publicatziones in limba sarda, at donadu agiudu progetuale, t\u00e8cnicu e organizativu in prus de su materiale lingu\u00ecsticu de base.<\/p>\n<p><\/p>","protected":false},"excerpt":{"rendered":"<p>Su progetu est istadu isvilupada dae un&#8217;unidade operativa istruturada cun sede in s&#8217;Universidade de Casteddu, Dipartimentu de Filologia e Literaduras modernas. Maurizio Virdis, professore ordin\u00e0riu de Filologia romanza de Lingu\u00ecstica sarda, est su coordinadore iscient\u00ecficu de su progetu. Riccardo Mura, titulare de sa borsa de chirca pro s&#8217;&#8221;Individuazione e analisi delle caratteristiche fonetiche, fonologiche e [&hellip;]<\/p>\n","protected":false},"author":1,"featured_media":0,"parent":0,"menu_order":0,"comment_status":"closed","ping_status":"closed","template":"","meta":{"footnotes":""},"class_list":["post-38","page","type-page","status-publish","hentry"],"_links":{"self":[{"href":"https:\/\/sintesa.nor-web.eu\/sc\/wp-json\/wp\/v2\/pages\/38","targetHints":{"allow":["GET"]}}],"collection":[{"href":"https:\/\/sintesa.nor-web.eu\/sc\/wp-json\/wp\/v2\/pages"}],"about":[{"href":"https:\/\/sintesa.nor-web.eu\/sc\/wp-json\/wp\/v2\/types\/page"}],"author":[{"embeddable":true,"href":"https:\/\/sintesa.nor-web.eu\/sc\/wp-json\/wp\/v2\/users\/1"}],"replies":[{"embeddable":true,"href":"https:\/\/sintesa.nor-web.eu\/sc\/wp-json\/wp\/v2\/comments?post=38"}],"version-history":[{"count":11,"href":"https:\/\/sintesa.nor-web.eu\/sc\/wp-json\/wp\/v2\/pages\/38\/revisions"}],"predecessor-version":[{"id":403,"href":"https:\/\/sintesa.nor-web.eu\/sc\/wp-json\/wp\/v2\/pages\/38\/revisions\/403"}],"wp:attachment":[{"href":"https:\/\/sintesa.nor-web.eu\/sc\/wp-json\/wp\/v2\/media?parent=38"}],"curies":[{"name":"wp","href":"https:\/\/api.w.org\/{rel}","templated":true}]}}