{"id":36,"date":"2014-12-02T00:21:24","date_gmt":"2014-12-01T23:21:24","guid":{"rendered":"http:\/\/tts.nor-web.eu\/?page_id=36"},"modified":"2015-12-09T13:29:23","modified_gmt":"2015-12-09T12:29:23","slug":"frequenza-e-database-linguistico","status":"publish","type":"page","link":"https:\/\/sintesa.nor-web.eu\/sc\/frequenza-e-database-linguistico\/","title":{"rendered":"Database Lingu\u00ecsticu"},"content":{"rendered":"<p>Su database lingu\u00ecsticu est fatu dae:<\/p>\n<ul>\n<li>sa <a href=\"\/sc\/lista-di-frequenza\/\">lista de frecu\u00e8ntzia<\/a> de su l\u00e8ssicu sardu;<\/li>\n<li>is registratziones de sos <a href=\"\/sc\/parole\/\">faeddos s\u00ecngulos<\/a>;<\/li>\n<li>sas registratziones de is <a href=\"\/sc\/frasi\/\">frases<\/a>.<\/li>\n<\/ul>\n<p><\/p>","protected":false},"excerpt":{"rendered":"<p>Su database lingu\u00ecsticu est fatu dae: sa lista de frecu\u00e8ntzia de su l\u00e8ssicu sardu; is registratziones de sos faeddos s\u00ecngulos; sas registratziones de is frases.<\/p>\n","protected":false},"author":1,"featured_media":0,"parent":0,"menu_order":0,"comment_status":"closed","ping_status":"closed","template":"","meta":{"footnotes":""},"class_list":["post-36","page","type-page","status-publish","hentry"],"_links":{"self":[{"href":"https:\/\/sintesa.nor-web.eu\/sc\/wp-json\/wp\/v2\/pages\/36","targetHints":{"allow":["GET"]}}],"collection":[{"href":"https:\/\/sintesa.nor-web.eu\/sc\/wp-json\/wp\/v2\/pages"}],"about":[{"href":"https:\/\/sintesa.nor-web.eu\/sc\/wp-json\/wp\/v2\/types\/page"}],"author":[{"embeddable":true,"href":"https:\/\/sintesa.nor-web.eu\/sc\/wp-json\/wp\/v2\/users\/1"}],"replies":[{"embeddable":true,"href":"https:\/\/sintesa.nor-web.eu\/sc\/wp-json\/wp\/v2\/comments?post=36"}],"version-history":[{"count":6,"href":"https:\/\/sintesa.nor-web.eu\/sc\/wp-json\/wp\/v2\/pages\/36\/revisions"}],"predecessor-version":[{"id":351,"href":"https:\/\/sintesa.nor-web.eu\/sc\/wp-json\/wp\/v2\/pages\/36\/revisions\/351"}],"wp:attachment":[{"href":"https:\/\/sintesa.nor-web.eu\/sc\/wp-json\/wp\/v2\/media?parent=36"}],"curies":[{"name":"wp","href":"https:\/\/api.w.org\/{rel}","templated":true}]}}