{"id":32,"date":"2014-12-02T00:19:52","date_gmt":"2014-12-01T23:19:52","guid":{"rendered":"http:\/\/tts.nor-web.eu\/?page_id=32"},"modified":"2015-12-09T21:04:19","modified_gmt":"2015-12-09T20:04:19","slug":"documenti-e-pubblicazioni","status":"publish","type":"page","link":"https:\/\/sintesa.nor-web.eu\/sc\/documenti-e-pubblicazioni\/","title":{"rendered":"Documentos e Publicatziones"},"content":{"rendered":"<p>Isc\u00e0rriga su libru &#8220;<a href=\"\/wp-content\/uploads\/2014\/12\/sintesa_978-88-7356-271-9_ld.pdf\"rel=\"\">Caratteri e strutture fonetiche, fonologiche e prosodiche della lingua sarda. Il sintetizzatore vocale SINTESA<\/a>&#8221; (Edizioni Condaghes) [PDF];<\/p>\n<p>Isc\u00e0rriga \u00e0teros contenutos:<\/p>\n<ul>\n<li><a href=\"\/wp-content\/uploads\/2014\/12\/cap-2_tabellas.pdf\"rel=\"\">Tabellas de su segundu cap\u00ectulu<\/a> [PDF];<\/li>\n<li><a href=\"\/wp-content\/uploads\/2014\/12\/cap-3_lessicu-de-frecuentzia.pdf\"rel=\"\">L\u00e8ssicu de frecu\u00e8ntzia (Cap\u00ectulu 3)<\/a> [PDF];<\/li>\n<li><a href=\"\/wp-content\/uploads\/2014\/12\/cap-3_analisi-fonetica-lessicu-frec.pdf\"rel=\"\">An\u00e0lisi fon\u00e8tica de su l\u00e8ssicu de frecu\u00e8ntzia (Cap\u00ectulu 3)<\/a> [PDF];<\/li>\n<li><a href=\"\/wp-content\/uploads\/2014\/12\/cap-3_frases-cun-marcas-grammaticales.pdf\"rel=\"\">Frases cun marcas gramaticales (Cap\u00ectulu 3)<\/a> [PDF];<\/li>\n<li><a href=\"\/wp-content\/uploads\/2014\/12\/cap-5_frases-afirmativas.pdf\"rel=\"\">Frases afirmativas (Cap\u00ectulu 5)<\/a> [PDF];<\/li>\n<li><a href=\"\/wp-content\/uploads\/2014\/12\/cap-5_frases-varias.pdf\"rel=\"\">Frases v\u00e0rias (Cap\u00ectulu 5)<\/a> [PDF];<\/li>\n<\/ul>\n<p>Isc\u00e0rriga totus is <a href=\"\/wp-content\/uploads\/2014\/12\/tabellas-e-lessicu.zip\"rel=\"\">tabellas e su l\u00e8ssicu<\/a> [ZIP];<\/p>\n<p>Isc\u00e0rriga sos <a href=\"\/wp-content\/uploads\/2014\/12\/Test_SINTESA.zip\"rel=\"\">test de coll\u00e0udu<\/a> [ZIP].<\/p>","protected":false},"excerpt":{"rendered":"<p>Isc\u00e0rriga su libru &#8220;Caratteri e strutture fonetiche, fonologiche e prosodiche della lingua sarda. Il sintetizzatore vocale SINTESA&#8221; (Edizioni Condaghes) [PDF]; Isc\u00e0rriga \u00e0teros contenutos: Tabellas de su segundu cap\u00ectulu [PDF]; L\u00e8ssicu de frecu\u00e8ntzia (Cap\u00ectulu 3) [PDF]; An\u00e0lisi fon\u00e8tica de su l\u00e8ssicu de frecu\u00e8ntzia (Cap\u00ectulu 3) [PDF]; Frases cun marcas gramaticales (Cap\u00ectulu 3) [PDF]; Frases afirmativas (Cap\u00ectulu [&hellip;]<\/p>\n","protected":false},"author":1,"featured_media":0,"parent":0,"menu_order":0,"comment_status":"closed","ping_status":"closed","template":"","meta":{"footnotes":""},"class_list":["post-32","page","type-page","status-publish","hentry"],"_links":{"self":[{"href":"https:\/\/sintesa.nor-web.eu\/sc\/wp-json\/wp\/v2\/pages\/32","targetHints":{"allow":["GET"]}}],"collection":[{"href":"https:\/\/sintesa.nor-web.eu\/sc\/wp-json\/wp\/v2\/pages"}],"about":[{"href":"https:\/\/sintesa.nor-web.eu\/sc\/wp-json\/wp\/v2\/types\/page"}],"author":[{"embeddable":true,"href":"https:\/\/sintesa.nor-web.eu\/sc\/wp-json\/wp\/v2\/users\/1"}],"replies":[{"embeddable":true,"href":"https:\/\/sintesa.nor-web.eu\/sc\/wp-json\/wp\/v2\/comments?post=32"}],"version-history":[{"count":8,"href":"https:\/\/sintesa.nor-web.eu\/sc\/wp-json\/wp\/v2\/pages\/32\/revisions"}],"predecessor-version":[{"id":402,"href":"https:\/\/sintesa.nor-web.eu\/sc\/wp-json\/wp\/v2\/pages\/32\/revisions\/402"}],"wp:attachment":[{"href":"https:\/\/sintesa.nor-web.eu\/sc\/wp-json\/wp\/v2\/media?parent=32"}],"curies":[{"name":"wp","href":"https:\/\/api.w.org\/{rel}","templated":true}]}}