{"id":30,"date":"2014-12-02T00:19:16","date_gmt":"2014-12-01T23:19:16","guid":{"rendered":"http:\/\/tts.nor-web.eu\/?page_id=30"},"modified":"2018-06-25T20:16:38","modified_gmt":"2018-06-25T18:16:38","slug":"prototipo","status":"publish","type":"page","link":"https:\/\/sintesa.nor-web.eu\/sc\/prototipo\/","title":{"rendered":"Prot\u00f2tipu"},"content":{"rendered":"<p>Su risultadu m\u00e8gius ddu tenes iscriende cunforme a sa norma LSC. Atzapas su curretore <a href=\"http:\/\/www.sardegnacultura.it\/cds\/cros-lsc\/\" target=\"_blank\">inoghe<\/a>.<\/p>\n<p><iframe loading=\"lazy\" src=\"https:\/\/tts.nor-web.eu\/\" width=\"625\" height=\"500\"><\/iframe><\/p>\n<p>Isc\u00e0rriga su <a href=\"\/programma\/marytts-lang-sc-5.2-SNAPSHOT.jar\">m\u00f2dulu limba sarda<\/a> pro MaryTTS (<a href=\"\/programma\/marytts-lang-sc.zip\">c\u00f2dighe<\/a>).<br \/>\nIsc\u00e0rriga su <a href=\"\/programma\/voice-veronica_1450-hsmm-5.2-SNAPSHOT.jar\">m\u00f2dulu boghe de f\u00e8mina HHM<\/a> pro MaryTTS.<br \/>\nIsc\u00e0rriga su <a href=\"\/programma\/voice-veronica_1450-5.2-SNAPSHOT.zip\">m\u00f2dulu boghe de f\u00e8mina Unit Selection<\/a> pro MaryTTS.<br \/>\nIsc\u00e0rriga su <a href=\"\/programma\/voice-piero_2000-hsmm-5.2-SNAPSHOT.jar\">m\u00f2dulu boghe de \u00f2mine HHM<\/a> pro MaryTTS.<br \/>\nIsc\u00e0rriga su <a href=\"\/programma\/voice-piero_2000-5.2-SNAPSHOT.zip\">m\u00f2dulu boghe de \u00f2mine Unit Selection<\/a> pro MaryTTS.<\/p>","protected":false},"excerpt":{"rendered":"<p>Su risultadu m\u00e8gius ddu tenes iscriende cunforme a sa norma LSC. Atzapas su curretore inoghe. Isc\u00e0rriga su m\u00f2dulu limba sarda pro MaryTTS (c\u00f2dighe). Isc\u00e0rriga su m\u00f2dulu boghe de f\u00e8mina HHM pro MaryTTS. Isc\u00e0rriga su m\u00f2dulu boghe de f\u00e8mina Unit Selection pro MaryTTS. Isc\u00e0rriga su m\u00f2dulu boghe de \u00f2mine HHM pro MaryTTS. Isc\u00e0rriga su m\u00f2dulu boghe [&hellip;]<\/p>\n","protected":false},"author":1,"featured_media":0,"parent":0,"menu_order":0,"comment_status":"closed","ping_status":"closed","template":"","meta":{"footnotes":""},"class_list":["post-30","page","type-page","status-publish","hentry"],"_links":{"self":[{"href":"https:\/\/sintesa.nor-web.eu\/sc\/wp-json\/wp\/v2\/pages\/30","targetHints":{"allow":["GET"]}}],"collection":[{"href":"https:\/\/sintesa.nor-web.eu\/sc\/wp-json\/wp\/v2\/pages"}],"about":[{"href":"https:\/\/sintesa.nor-web.eu\/sc\/wp-json\/wp\/v2\/types\/page"}],"author":[{"embeddable":true,"href":"https:\/\/sintesa.nor-web.eu\/sc\/wp-json\/wp\/v2\/users\/1"}],"replies":[{"embeddable":true,"href":"https:\/\/sintesa.nor-web.eu\/sc\/wp-json\/wp\/v2\/comments?post=30"}],"version-history":[{"count":15,"href":"https:\/\/sintesa.nor-web.eu\/sc\/wp-json\/wp\/v2\/pages\/30\/revisions"}],"predecessor-version":[{"id":407,"href":"https:\/\/sintesa.nor-web.eu\/sc\/wp-json\/wp\/v2\/pages\/30\/revisions\/407"}],"wp:attachment":[{"href":"https:\/\/sintesa.nor-web.eu\/sc\/wp-json\/wp\/v2\/media?parent=30"}],"curies":[{"name":"wp","href":"https:\/\/api.w.org\/{rel}","templated":true}]}}