{"id":28,"date":"2014-12-02T00:18:11","date_gmt":"2014-12-01T23:18:11","guid":{"rendered":"http:\/\/tts.nor-web.eu\/?page_id=28"},"modified":"2015-12-09T13:43:50","modified_gmt":"2015-12-09T12:43:50","slug":"frasi","status":"publish","type":"page","link":"https:\/\/sintesa.nor-web.eu\/sc\/frasi\/","title":{"rendered":"Frases"},"content":{"rendered":"<p>Is frases seberadas dae su corpus lingu\u00ecsticu e registradas dae is informadores:<\/p>\n<ul>\n<li><a href=\"\/sc\/frasi\/parlante-1-uomo\/\">Faeddadore 1 (\u00f2mine)<\/a><\/li>\n<li><a href=\"\/sc\/frasi\/parlante-2-donna\/\">Faeddadore 2 (f\u00e8mina)<\/a><\/li>\n<\/ul>\n<p><\/p>","protected":false},"excerpt":{"rendered":"<p>Is frases seberadas dae su corpus lingu\u00ecsticu e registradas dae is informadores: Faeddadore 1 (\u00f2mine) Faeddadore 2 (f\u00e8mina)<\/p>\n","protected":false},"author":1,"featured_media":0,"parent":0,"menu_order":0,"comment_status":"closed","ping_status":"closed","template":"","meta":{"footnotes":""},"class_list":["post-28","page","type-page","status-publish","hentry"],"_links":{"self":[{"href":"https:\/\/sintesa.nor-web.eu\/sc\/wp-json\/wp\/v2\/pages\/28","targetHints":{"allow":["GET"]}}],"collection":[{"href":"https:\/\/sintesa.nor-web.eu\/sc\/wp-json\/wp\/v2\/pages"}],"about":[{"href":"https:\/\/sintesa.nor-web.eu\/sc\/wp-json\/wp\/v2\/types\/page"}],"author":[{"embeddable":true,"href":"https:\/\/sintesa.nor-web.eu\/sc\/wp-json\/wp\/v2\/users\/1"}],"replies":[{"embeddable":true,"href":"https:\/\/sintesa.nor-web.eu\/sc\/wp-json\/wp\/v2\/comments?post=28"}],"version-history":[{"count":4,"href":"https:\/\/sintesa.nor-web.eu\/sc\/wp-json\/wp\/v2\/pages\/28\/revisions"}],"predecessor-version":[{"id":357,"href":"https:\/\/sintesa.nor-web.eu\/sc\/wp-json\/wp\/v2\/pages\/28\/revisions\/357"}],"wp:attachment":[{"href":"https:\/\/sintesa.nor-web.eu\/sc\/wp-json\/wp\/v2\/media?parent=28"}],"curies":[{"name":"wp","href":"https:\/\/api.w.org\/{rel}","templated":true}]}}