{"id":26,"date":"2014-12-02T00:16:34","date_gmt":"2014-12-01T23:16:34","guid":{"rendered":"http:\/\/tts.nor-web.eu\/?page_id=26"},"modified":"2015-12-09T13:31:11","modified_gmt":"2015-12-09T12:31:11","slug":"parole","status":"publish","type":"page","link":"https:\/\/sintesa.nor-web.eu\/sc\/parole\/","title":{"rendered":"Faeddos"},"content":{"rendered":"<p>Is faeddos pigados dae sa lista de frecu\u00e8ntzia e registrados dae is informadores:<\/p>\n<ul>\n<li><a href=\"\/sc\/parole\/parlante-1-uomo\/\">Faeddadore 1 (\u00f2mine)<\/a><\/li>\n<li><a href=\"\/sc\/parole\/parlante-2-donna\/\">Faeddadore 2 (f\u00e8mina)<\/a><\/li>\n<\/ul>\n<p><\/p>","protected":false},"excerpt":{"rendered":"<p>Is faeddos pigados dae sa lista de frecu\u00e8ntzia e registrados dae is informadores: Faeddadore 1 (\u00f2mine) Faeddadore 2 (f\u00e8mina)<\/p>\n","protected":false},"author":1,"featured_media":0,"parent":0,"menu_order":0,"comment_status":"closed","ping_status":"closed","template":"","meta":{"footnotes":""},"class_list":["post-26","page","type-page","status-publish","hentry"],"_links":{"self":[{"href":"https:\/\/sintesa.nor-web.eu\/sc\/wp-json\/wp\/v2\/pages\/26","targetHints":{"allow":["GET"]}}],"collection":[{"href":"https:\/\/sintesa.nor-web.eu\/sc\/wp-json\/wp\/v2\/pages"}],"about":[{"href":"https:\/\/sintesa.nor-web.eu\/sc\/wp-json\/wp\/v2\/types\/page"}],"author":[{"embeddable":true,"href":"https:\/\/sintesa.nor-web.eu\/sc\/wp-json\/wp\/v2\/users\/1"}],"replies":[{"embeddable":true,"href":"https:\/\/sintesa.nor-web.eu\/sc\/wp-json\/wp\/v2\/comments?post=26"}],"version-history":[{"count":4,"href":"https:\/\/sintesa.nor-web.eu\/sc\/wp-json\/wp\/v2\/pages\/26\/revisions"}],"predecessor-version":[{"id":352,"href":"https:\/\/sintesa.nor-web.eu\/sc\/wp-json\/wp\/v2\/pages\/26\/revisions\/352"}],"wp:attachment":[{"href":"https:\/\/sintesa.nor-web.eu\/sc\/wp-json\/wp\/v2\/media?parent=26"}],"curies":[{"name":"wp","href":"https:\/\/api.w.org\/{rel}","templated":true}]}}