{"id":236,"date":"2015-04-09T18:07:29","date_gmt":"2015-04-09T16:07:29","guid":{"rendered":"http:\/\/tts.nor-web.eu\/?page_id=236"},"modified":"2015-11-26T12:42:29","modified_gmt":"2015-11-26T11:42:29","slug":"lettera-u","status":"publish","type":"page","link":"https:\/\/sintesa.nor-web.eu\/sc\/parole\/parlante-2-donna\/lettera-u\/","title":{"rendered":"L\u00ectera U"},"content":{"rendered":"<p><a href=\"\/audiofem\/uda.wav\" >Uda<\/a> [<a href=\"\/audiofem\/uda_1.wav\" >1<\/a>].<br \/>\n<a href=\"\/audiofem\/ue.wav\" >Ue<\/a> [<a href=\"\/audiofem\/ue_1.wav\" >1<\/a>].<br \/>\n<a href=\"\/audiofem\/ufitziales.wav\" >Ufitziales<\/a>.<br \/>\n<a href=\"\/audiofem\/ufitziale.wav\" >Ufitziale<\/a>.<br \/>\n<a href=\"\/audiofem\/uf\u00ectzios.wav\" >Uf\u00ectzios<\/a>.<br \/>\n<a href=\"\/audiofem\/uf\u00ectziu.wav\" >Uf\u00ectziu<\/a>.<br \/>\n<a href=\"\/audiofem\/uguales.wav\" >Uguales<\/a>.<br \/>\n<a href=\"\/audiofem\/uguale.wav\" >Uguale<\/a>.<br \/>\n<a href=\"\/audiofem\/ullieras.wav\" >Ullieras<\/a>.<br \/>\n<a href=\"\/audiofem\/umanas.wav\" >Umanas<\/a>.<br \/>\n<a href=\"\/audiofem\/umana.wav\" >Umana<\/a>.<br \/>\n<a href=\"\/audiofem\/umanos.wav\" >Umanos<\/a>.<br \/>\n<a href=\"\/audiofem\/umanu.wav\" >Umanu<\/a>.<br \/>\n<a href=\"\/audiofem\/umbras.wav\" >Umbras<\/a>.<br \/>\n<a href=\"\/audiofem\/umbra.wav\" >Umbra<\/a>.<br \/>\n<a href=\"\/audiofem\/\u00f9mida.wav\" >\u00d9mida<\/a>.<br \/>\n<a href=\"\/audiofem\/\u00f9midu.wav\" >\u00d9midu<\/a>.<br \/>\n<a href=\"\/audiofem\/\u00f9mile.wav\" >\u00d9mile<\/a>.<br \/>\n<a href=\"\/audiofem\/un'\u00e0era.wav\" >Un&#8217;\u00e0era<\/a> [<a href=\"\/audiofem\/una_1.wav\" >1<\/a>].<br \/>\n<a href=\"\/audiofem\/un'agigu.wav\" >Un&#8217;agigu<\/a> [<a href=\"\/audiofem\/un'agigu_1.wav\" >1<\/a>].<br \/>\n<a href=\"\/audiofem\/un'agiudu.wav\" >Un&#8217;agiudu<\/a>.<br \/>\n<a href=\"\/audiofem\/un'aizu.wav\" >Un&#8217;aizu<\/a> [<a href=\"\/audiofem\/un'aizu_1.wav\" >1<\/a>] [<a href=\"\/audiofem\/un'aizu_2.wav\" >2<\/a>].<br \/>\n<a href=\"\/audiofem\/un'ala.wav\" >Un&#8217;ala<\/a>.<br \/>\n<a href=\"\/audiofem\/ un'amiga.wav\" >un&#8217;amiga<\/a>.<br \/>\n<a href=\"\/audiofem\/un'amigu.wav\" >Un&#8217;amigu<\/a>.<br \/>\n<a href=\"\/audiofem\/un'ammentu.wav\" >Un&#8217;ammentu<\/a>.<br \/>\n<a href=\"\/audiofem\/un'amore.wav\" >Un&#8217;amore<\/a>.<br \/>\n<a href=\"\/audiofem\/un'ampulla.wav\" >Un&#8217;ampulla<\/a>.<br \/>\n<a href=\"\/audiofem\/un'anca.wav\" >Un&#8217;anca<\/a>.<br \/>\n<a href=\"\/audiofem\/un'\u00e0nima.wav\" >Un&#8217;\u00e0nima<\/a>.<br \/>\n<a href=\"\/audiofem\/un'annu.wav\" >Un&#8217;annu<\/a>.<br \/>\n<a href=\"\/audiofem\/un'aposentu.wav\" >Un&#8217;aposentu<\/a>.<br \/>\n<a href=\"\/audiofem\/un'\u00e0rbore.wav\" >Un&#8217;\u00e0rbore<\/a>.<br \/>\n<a href=\"\/audiofem\/un'art\u00ecculu.wav\" >Un&#8217;art\u00ecculu<\/a>.<br \/>\n<a href=\"\/audiofem\/unas.wav\" >Unas<\/a>.<br \/>\n<a href=\"\/audiofem\/un'\u00e0tera.wav\" >Un&#8217;\u00e0tera<\/a>.<br \/>\n<a href=\"\/audiofem\/un'\u00e0teru.wav\" >Un&#8217;\u00e0teru<\/a>.<br \/>\n<a href=\"\/audiofem\/un'atu.wav\" >Un&#8217;atu<\/a>.<br \/>\n<a href=\"\/audiofem\/un'atzione.wav\" >Un&#8217;atzione<\/a>.<br \/>\n<a href=\"\/audiofem\/una.wav\" >Una<\/a>.<br \/>\n<a href=\"\/audiofem\/undas.wav\" >Undas<\/a>.<br \/>\n<a href=\"\/audiofem\/\u00f9ndighi.wav\" >\u00d9ndighi<\/a>.<br \/>\n<a href=\"\/audiofem\/un'ente.wav\" >Un&#8217;ente<\/a>.<br \/>\n<a href=\"\/audiofem\/un'esempru.wav\" >Un&#8217;esempru<\/a>.<br \/>\n<a href=\"\/audiofem\/un'espressione.wav\" >Un&#8217;espressione<\/a>.<br \/>\n<a href=\"\/audiofem\/un'\u00e8ssere.wav\" >Un&#8217;\u00e8ssere<\/a>.<br \/>\n<a href=\"\/audiofem\/\u00f9ngras.wav\" >\u00d9ngras<\/a>.<br \/>\n<a href=\"\/audiofem\/\u00f9nica.wav\" >\u00d9nica<\/a>.<br \/>\n<a href=\"\/audiofem\/\u00f9nicu.wav\" >\u00d9nicu<\/a>.<br \/>\n<a href=\"\/audiofem\/un'idea.wav\" >Un&#8217;idea<\/a>.<br \/>\n<a href=\"\/audiofem\/un'imbentu.wav\" >Un&#8217;imbentu<\/a>.<br \/>\n<a href=\"\/audiofem\/un'imperu.wav\" >Un&#8217;imperu<\/a>.<br \/>\n<a href=\"\/audiofem\/un'impreu.wav\" >Un&#8217;impreu<\/a>.<br \/>\n<a href=\"\/audiofem\/un'incantu.wav\" >Un&#8217;incantu<\/a>.<br \/>\n<a href=\"\/audiofem\/un'iscuta.wav\" >Un&#8217;iscuta<\/a>.<br \/>\n<a href=\"\/audiofem\/un'iscutighedda.wav\" >Un&#8217;iscutighedda<\/a>.<br \/>\n<a href=\"\/audiofem\/un'isforzu.wav\" >Un&#8217;isforzu<\/a>.<br \/>\n<a href=\"\/audiofem\/un'ispera.wav\" >Un&#8217;ispera<\/a>.<br \/>\n<a href=\"\/audiofem\/un'isp\u00e8tzia.wav\" >Un&#8217;isp\u00e8tzia<\/a>.<br \/>\n<a href=\"\/audiofem\/un'ispigru.wav\" >Un&#8217;ispigru<\/a> [<a href=\"\/audiofem\/un'ispigru_1.wav\" >1<\/a>].<br \/>\n<a href=\"\/audiofem\/un'istadu.wav\" >Un&#8217;istadu<\/a>.<br \/>\n<a href=\"\/audiofem\/un'isteddu.wav\" >Un&#8217;isteddu<\/a>.<br \/>\n<a href=\"\/audiofem\/un'ist\u00f2ria.wav\" >Un&#8217;ist\u00f2ria<\/a>.<br \/>\n<a href=\"\/audiofem\/un'istr\u00e0ngiu.wav\" >Un&#8217;istr\u00e0ngiu<\/a>.<br \/>\n<a href=\"\/audiofem\/un'istratzu.wav\" >Un&#8217;istratzu<\/a>.<br \/>\n<a href=\"\/audiofem\/un'ist\u00f9diu.wav\" >Un&#8217;ist\u00f9diu<\/a>.<br \/>\n<a href=\"\/audiofem\/un'\u00ecsula.wav\" >Un&#8217;\u00ecsula<\/a>.<br \/>\n<a href=\"\/audiofem\/universale.wav\" >Universale<\/a>.<br \/>\n<a href=\"\/audiofem\/universidades.wav\" >Universidades<\/a>.<br \/>\n<a href=\"\/audiofem\/universidade.wav\" >Universidade<\/a>.<br \/>\n<a href=\"\/audiofem\/un'ocasione.wav\" >Un&#8217;ocasione<\/a>.<br \/>\n<a href=\"\/audiofem\/un'ograda.wav\" >Un&#8217;ograda<\/a>.<br \/>\n<a href=\"\/audiofem\/un'ogru.wav\" >Un&#8217;ogru<\/a>.<br \/>\n<a href=\"\/audiofem\/un'\u00f2mine.wav\" >Un&#8217;\u00f2mine<\/a>.<br \/>\n<a href=\"\/audiofem\/un'ora.wav\" >Un&#8217;ora<\/a>.<br \/>\n<a href=\"\/audiofem\/unos.wav\" >Unos<\/a>.<br \/>\n<a href=\"\/audiofem\/un'ou.wav\" >Un&#8217;ou<\/a>.<br \/>\n<a href=\"\/audiofem\/un'umbra.wav\" >Un&#8217;umbra<\/a> [<a href=\"\/audiofem\/unu_1.wav\" >1<\/a>].<br \/>\n<a href=\"\/audiofem\/unu.wav\" >Unu<\/a>.<br \/>\n<a href=\"\/audiofem\/\u00f9rtimas.wav\" >\u00d9rtimas<\/a> [<a href=\"\/audiofem\/\u00f9rtimas_1.wav\" >1<\/a>].<br \/>\n<a href=\"\/audiofem\/\u00f9rtima.wav\" >\u00d9rtima<\/a>.<br \/>\n<a href=\"\/audiofem\/\u00f9rtimos.wav\" >\u00d9rtimos<\/a>.<br \/>\n<a href=\"\/audiofem\/\u00f9rtimu.wav\" >\u00d9rtimu<\/a>.<br \/>\n<a href=\"\/audiofem\/usare.wav\" >Usare<\/a>.<br \/>\n<a href=\"\/audiofem\/\u00f9tile.wav\" >\u00d9tile<\/a>.<\/p>\n","protected":false},"excerpt":{"rendered":"<p>Uda [1]. Ue [1]. Ufitziales. Ufitziale. Uf\u00ectzios. Uf\u00ectziu. Uguales. Uguale. Ullieras. Umanas. Umana. Umanos. Umanu. Umbras. Umbra. \u00d9mida. \u00d9midu. \u00d9mile. Un&#8217;\u00e0era [1]. Un&#8217;agigu [1]. Un&#8217;agiudu. Un&#8217;aizu [1] [2]. Un&#8217;ala. un&#8217;amiga. Un&#8217;amigu. Un&#8217;ammentu. Un&#8217;amore. Un&#8217;ampulla. Un&#8217;anca. Un&#8217;\u00e0nima. Un&#8217;annu. Un&#8217;aposentu. Un&#8217;\u00e0rbore. Un&#8217;art\u00ecculu. Unas. Un&#8217;\u00e0tera. Un&#8217;\u00e0teru. Un&#8217;atu. Un&#8217;atzione. Una. Undas. \u00d9ndighi. Un&#8217;ente. Un&#8217;esempru. Un&#8217;espressione. Un&#8217;\u00e8ssere. \u00d9ngras. \u00d9nica. \u00d9nicu. [&hellip;]<\/p>\n","protected":false},"author":1,"featured_media":0,"parent":49,"menu_order":0,"comment_status":"closed","ping_status":"closed","template":"","meta":{"footnotes":""},"class_list":["post-236","page","type-page","status-publish","hentry"],"_links":{"self":[{"href":"https:\/\/sintesa.nor-web.eu\/sc\/wp-json\/wp\/v2\/pages\/236","targetHints":{"allow":["GET"]}}],"collection":[{"href":"https:\/\/sintesa.nor-web.eu\/sc\/wp-json\/wp\/v2\/pages"}],"about":[{"href":"https:\/\/sintesa.nor-web.eu\/sc\/wp-json\/wp\/v2\/types\/page"}],"author":[{"embeddable":true,"href":"https:\/\/sintesa.nor-web.eu\/sc\/wp-json\/wp\/v2\/users\/1"}],"replies":[{"embeddable":true,"href":"https:\/\/sintesa.nor-web.eu\/sc\/wp-json\/wp\/v2\/comments?post=236"}],"version-history":[{"count":2,"href":"https:\/\/sintesa.nor-web.eu\/sc\/wp-json\/wp\/v2\/pages\/236\/revisions"}],"predecessor-version":[{"id":266,"href":"https:\/\/sintesa.nor-web.eu\/sc\/wp-json\/wp\/v2\/pages\/236\/revisions\/266"}],"up":[{"embeddable":true,"href":"https:\/\/sintesa.nor-web.eu\/sc\/wp-json\/wp\/v2\/pages\/49"}],"wp:attachment":[{"href":"https:\/\/sintesa.nor-web.eu\/sc\/wp-json\/wp\/v2\/media?parent=236"}],"curies":[{"name":"wp","href":"https:\/\/api.w.org\/{rel}","templated":true}]}}