{"id":234,"date":"2015-04-09T18:07:16","date_gmt":"2015-04-09T16:07:16","guid":{"rendered":"http:\/\/tts.nor-web.eu\/?page_id=234"},"modified":"2015-11-26T12:43:36","modified_gmt":"2015-11-26T11:43:36","slug":"lettera-t","status":"publish","type":"page","link":"https:\/\/sintesa.nor-web.eu\/sc\/parole\/parlante-2-donna\/lettera-t\/","title":{"rendered":"L\u00ectera T"},"content":{"rendered":"<p><a href=\"\/audiofem\/tabbacu.wav\" >Tabbacu<\/a>.<br \/>\n<a href=\"\/audiofem\/t'aiat.wav\" >T&#8217;aiat<\/a>.<br \/>\n<a href=\"\/audiofem\/tale.wav\" >Tale<\/a>.<br \/>\n<a href=\"\/audiofem\/tamen.wav\" >Tamen<\/a>.<br \/>\n<a href=\"\/audiofem\/t'amus.wav\" >T&#8217;amus<\/a>.<br \/>\n<a href=\"\/audiofem\/tana.wav\" >Tana<\/a>.<br \/>\n<a href=\"\/audiofem\/tancadas.wav\" >Tancadas<\/a>.<br \/>\n<a href=\"\/audiofem\/tancada.wav\" >Tancada<\/a>.<br \/>\n<a href=\"\/audiofem\/tancadu.wav\" >Tancadu<\/a>.<br \/>\n<a href=\"\/audiofem\/tancare.wav\" >Tancare<\/a>.<br \/>\n<a href=\"\/audiofem\/tancas.wav\" >Tancas<\/a>.<br \/>\n<a href=\"\/audiofem\/tancat.wav\" >Tancat<\/a>.<br \/>\n<a href=\"\/audiofem\/tanca.wav\" >Tanca<\/a>.<br \/>\n<a href=\"\/audiofem\/tanda.wav\" >Tanda<\/a>.<br \/>\n<a href=\"\/audiofem\/tando.wav\" >Tando<\/a> [<a href=\"\/audiofem\/tando_1.wav\" >1<\/a>].<br \/>\n<a href=\"\/audiofem\/tandu.wav\" >Tandu<\/a>.<br \/>\n<a href=\"\/audiofem\/tango.wav\" >Tango<\/a>.<br \/>\n<a href=\"\/audiofem\/tantas.wav\" >Tantas<\/a>.<br \/>\n<a href=\"\/audiofem\/tanta.wav\" >Tanta<\/a>.<br \/>\n<a href=\"\/audiofem\/tantos.wav\" >Tantos<\/a>.<br \/>\n<a href=\"\/audiofem\/tantu.wav\" >Tantu<\/a>.<br \/>\n<a href=\"\/audiofem\/tapete.wav\" >Tapete<\/a>.<br \/>\n<a href=\"\/audiofem\/t'apo.wav\" >T&#8217;apo<\/a>.<br \/>\n<a href=\"\/audiofem\/tardu.wav\" >Tardu<\/a>.<br \/>\n<a href=\"\/audiofem\/tassas.wav\" >Tassas<\/a>.<br \/>\n<a href=\"\/audiofem\/tassa.wav\" >Tassa<\/a>.<br \/>\n<a href=\"\/audiofem\/tassighedda.wav\" >Tassighedda<\/a>.<br \/>\n<a href=\"\/audiofem\/tassista.wav\" >Tassista<\/a>.<br \/>\n<a href=\"\/audiofem\/tass\u00ec.wav\" >Tass\u00ec<\/a>.<br \/>\n<a href=\"\/audiofem\/tastadu.wav\" >Tastadu<\/a>.<br \/>\n<a href=\"\/audiofem\/tastare.wav\" >Tastare<\/a>.<br \/>\n<a href=\"\/audiofem\/t\u00e0tari.wav\" >T\u00e0tari<\/a>.<br \/>\n<a href=\"\/audiofem\/t'at.wav\" >T&#8217;at<\/a>.<br \/>\n<a href=\"\/audiofem\/tatza.wav\" >Tatza<\/a>.<br \/>\n<a href=\"\/audiofem\/t\u00e0ula.wav\" >T\u00e0ula<\/a>.<br \/>\n<a href=\"\/audiofem\/teatrale.wav\" >Teatrale<\/a>.<br \/>\n<a href=\"\/audiofem\/teatru.wav\" >Teatru<\/a>.<br \/>\n<a href=\"\/audiofem\/t\u00e8cnicas.wav\" >T\u00e8cnicas<\/a>.<br \/>\n<a href=\"\/audiofem\/t\u00e8cnica.wav\" >T\u00e8cnica<\/a>.<br \/>\n<a href=\"\/audiofem\/t\u00e8cnicos.wav\" >T\u00e8cnicos<\/a>.<br \/>\n<a href=\"\/audiofem\/t\u00e8cnicu.wav\" >T\u00e8cnicu<\/a>.<br \/>\n<a href=\"\/audiofem\/tedesca.wav\" >Tedesca<\/a>.<br \/>\n<a href=\"\/audiofem\/tedescu.wav\" >Tedescu<\/a>.<br \/>\n<a href=\"\/audiofem\/tegus.wav\" >Tegus<\/a> [<a href=\"\/audiofem\/tegus_1.wav\" >1<\/a>].<br \/>\n<a href=\"\/audiofem\/tela.wav\" >Tela<\/a>.<br \/>\n<a href=\"\/audiofem\/telefonada.wav\" >Telefonada<\/a>.<br \/>\n<a href=\"\/audiofem\/telefonadu.wav\" >Telefonadu<\/a>.<br \/>\n<a href=\"\/audiofem\/telefonare.wav\" >Telefonare<\/a>.<br \/>\n<a href=\"\/audiofem\/telefoneddu.wav\" >Telefoneddu<\/a>.<br \/>\n<a href=\"\/audiofem\/tel\u00e8fono.wav\" >Tel\u00e8fono<\/a>.<br \/>\n<a href=\"\/audiofem\/tel\u00e8fonu.wav\" >Tel\u00e8fonu<\/a>.<br \/>\n<a href=\"\/audiofem\/televisiones.wav\" >Televisiones<\/a>.<br \/>\n<a href=\"\/audiofem\/televisione.wav\" >Televisione<\/a>.<br \/>\n<a href=\"\/audiofem\/temas.wav\" >Temas<\/a>.<br \/>\n<a href=\"\/audiofem\/tema.wav\" >Tema<\/a>.<br \/>\n<a href=\"\/audiofem\/t\u00e8mpidu.wav\" >T\u00e8mpidu<\/a>.<br \/>\n<a href=\"\/audiofem\/t\u00e8mpiu.wav\" >T\u00e8mpiu<\/a>.<br \/>\n<a href=\"\/audiofem\/temporada.wav\" >Temporada<\/a>.<br \/>\n<a href=\"\/audiofem\/tempos.wav\" >Tempos<\/a>.<br \/>\n<a href=\"\/audiofem\/tempus.wav\" >Tempus<\/a> [<a href=\"\/audiofem\/tempus_1.wav\" >1<\/a>].<br \/>\n<a href=\"\/audiofem\/tena.wav\" >Tena<\/a>.<br \/>\n<a href=\"\/audiofem\/tendas.wav\" >Tendas<\/a>.<br \/>\n<a href=\"\/audiofem\/tenda.wav\" >Tenda<\/a>.<br \/>\n<a href=\"\/audiofem\/tenende.wav\" >Tenende<\/a>.<br \/>\n<a href=\"\/audiofem\/tenente.wav\" >Tenente<\/a>.<br \/>\n<a href=\"\/audiofem\/tenent.wav\" >Tenent<\/a>.<br \/>\n<a href=\"\/audiofem\/tenes.wav\" >Tenes<\/a>.<br \/>\n<a href=\"\/audiofem\/tenet.wav\" >Tenet<\/a>.<br \/>\n<a href=\"\/audiofem\/tene.wav\" >Tene<\/a>.<br \/>\n<a href=\"\/audiofem\/t\u00e8ngiat.wav\" >T\u00e8ngiat<\/a>.<br \/>\n<a href=\"\/audiofem\/t\u00e8ngio.wav\" >T\u00e8ngio<\/a>.<br \/>\n<a href=\"\/audiofem\/teniamus.wav\" >Teniamus<\/a> [<a href=\"\/audiofem\/teniamus_1.wav\" >1<\/a>].<br \/>\n<a href=\"\/audiofem\/teniant.wav\" >Teniant<\/a>.<br \/>\n<a href=\"\/audiofem\/teniat.wav\" >Teniat<\/a>.<br \/>\n<a href=\"\/audiofem\/tenia.wav\" >Tenia<\/a>.<br \/>\n<a href=\"\/audiofem\/tenides.wav\" >Tenides<\/a>.<br \/>\n<a href=\"\/audiofem\/tenimus.wav\" >Tenimus<\/a>.<br \/>\n<a href=\"\/audiofem\/t\u00e8nnere.wav\" >T\u00e8nnere<\/a>.<br \/>\n<a href=\"\/audiofem\/tenore.wav\" >Tenore<\/a>.<br \/>\n<a href=\"\/audiofem\/tentare.wav\" >Tentare<\/a>.<br \/>\n<a href=\"\/audiofem\/tentatzione.wav\" >Tentatzione<\/a>.<br \/>\n<a href=\"\/audiofem\/tenta.wav\" >Tenta<\/a>.<br \/>\n<a href=\"\/audiofem\/tentu.wav\" >Tentu<\/a>.<br \/>\n<a href=\"\/audiofem\/teorias.wav\" >Teorias<\/a>.<br \/>\n<a href=\"\/audiofem\/teoria.wav\" >Teoria<\/a>.<br \/>\n<a href=\"\/audiofem\/t'eres.wav\" >T&#8217;eres<\/a>.<br \/>\n<a href=\"\/audiofem\/termines.wav\" >Termines<\/a>.<br \/>\n<a href=\"\/audiofem\/t\u00e8rmine.wav\" >T\u00e8rmine<\/a>.<br \/>\n<a href=\"\/audiofem\/terminologia.wav\" >Terminologia<\/a>.<br \/>\n<a href=\"\/audiofem\/terras.wav\" >Terras<\/a>.<br \/>\n<a href=\"\/audiofem\/terratzu.wav\" >Terratzu<\/a>.<br \/>\n<a href=\"\/audiofem\/terra.wav\" >Terra<\/a>.<br \/>\n<a href=\"\/audiofem\/terr\u00ecbile.wav\" >Terr\u00ecbile<\/a>.<br \/>\n<a href=\"\/audiofem\/terrinos.wav\" >Terrinos<\/a> [<a href=\"\/audiofem\/terrinos_1.wav\" >1<\/a>].<br \/>\n<a href=\"\/audiofem\/terrinu.wav\" >Terrinu<\/a>.<br \/>\n<a href=\"\/audiofem\/territoriale.wav\" >Territoriale<\/a> [<a href=\"\/audiofem\/territoriale_1.wav\" >1<\/a>].<br \/>\n<a href=\"\/audiofem\/territ\u00f2riu.wav\" >Territ\u00f2riu<\/a>.<br \/>\n<a href=\"\/audiofem\/terrore.wav\" >Terrore<\/a>.<br \/>\n<a href=\"\/audiofem\/tesi.wav\" >Tesi<\/a>.<br \/>\n<a href=\"\/audiofem\/testamentu.wav\" >Testamentu<\/a>.<br \/>\n<a href=\"\/audiofem\/testim\u00f2ngios.wav\" >Testim\u00f2ngios<\/a>.<br \/>\n<a href=\"\/audiofem\/testim\u00f2ngiu.wav\" >Testim\u00f2ngiu<\/a>.<br \/>\n<a href=\"\/audiofem\/testos.wav\" >Testos<\/a>.<br \/>\n<a href=\"\/audiofem\/testu.wav\" >Testu<\/a>.<br \/>\n<a href=\"\/audiofem\/test.wav\" >Test<\/a>.<br \/>\n<a href=\"\/audiofem\/tesu.wav\" >Tesu<\/a>.<br \/>\n<a href=\"\/audiofem\/t\u00e8tera.wav\" >T\u00e8tera<\/a>.<br \/>\n<a href=\"\/audiofem\/t\u00e8teru.wav\" >T\u00e8teru<\/a>.<br \/>\n<a href=\"\/audiofem\/te.wav\" >Te<\/a>.<br \/>\n<a href=\"\/audiofem\/ti\u00e0gia.wav\" >Ti\u00e0gia<\/a> [<a href=\"\/audiofem\/ti_1.wav\" >1<\/a>] [<a href=\"\/audiofem\/ti\u00e0gia_1.wav\" >1<\/a>].<br \/>\n<a href=\"\/audiofem\/t'iant.wav\" >T&#8217;iant<\/a>.<br \/>\n<a href=\"\/audiofem\/tia.wav\" >Tia<\/a>.<br \/>\n<a href=\"\/audiofem\/tie.wav\" >Tie<\/a>.<br \/>\n<a href=\"\/audiofem\/timas.wav\" >Timas<\/a>.<br \/>\n<a href=\"\/audiofem\/ timende.wav\" >timende<\/a>.<br \/>\n<a href=\"\/audiofem\/t\u00ecmere.wav\" >T\u00ecmere<\/a>.<br \/>\n<a href=\"\/audiofem\/timet.wav\" >Timet<\/a>.<br \/>\n<a href=\"\/audiofem\/timiant.wav\" >Timiant<\/a> [<a href=\"\/audiofem\/timiant_1.wav\" >1<\/a>].<br \/>\n<a href=\"\/audiofem\/timiat.wav\" >Timiat<\/a>.<br \/>\n<a href=\"\/audiofem\/t\u00ecmidu.wav\" >T\u00ecmidu<\/a>.<br \/>\n<a href=\"\/audiofem\/timone.wav\" >Timone<\/a>.<br \/>\n<a href=\"\/audiofem\/timorias.wav\" >Timorias<\/a>.<br \/>\n<a href=\"\/audiofem\/timoria.wav\" >Timoria<\/a>.<br \/>\n<a href=\"\/audiofem\/timo.wav\" >Timo<\/a>.<br \/>\n<a href=\"\/audiofem\/tinta.wav\" >Tinta<\/a>.<br \/>\n<a href=\"\/audiofem\/t'intendes.wav\" >T&#8217;intendes<\/a>.<br \/>\n<a href=\"\/audiofem\/tipu.wav\" >Tipu<\/a>.<br \/>\n<a href=\"\/audiofem\/tirada.wav\" >Tirada<\/a>.<br \/>\n<a href=\"\/audiofem\/tiradu.wav\" >Tiradu<\/a>.<br \/>\n<a href=\"\/audiofem\/tiraiat.wav\" >Tiraiat<\/a>.<br \/>\n<a href=\"\/audiofem\/tirare.wav\" >Tirare<\/a>.<br \/>\n<a href=\"\/audiofem\/tirat.wav\" >Tirat<\/a> [<a href=\"\/audiofem\/tirat_1.wav\" >1<\/a>].<br \/>\n<a href=\"\/audiofem\/tirende.wav\" >Tirende<\/a>.<br \/>\n<a href=\"\/audiofem\/titas.wav\" >Titas<\/a>.<br \/>\n<a href=\"\/audiofem\/t\u00ectulos.wav\" >T\u00ectulos<\/a>.<br \/>\n<a href=\"\/audiofem\/t\u00ectulu.wav\" >T\u00ectulu<\/a>.<br \/>\n<a href=\"\/audiofem\/ti.wav\" >Ti<\/a>.<br \/>\n<a href=\"\/audiofem\/tocadu.wav\" >Tocadu<\/a> [<a href=\"\/audiofem\/tocadu_1.wav\" >1<\/a>].<br \/>\n<a href=\"\/audiofem\/tocaiat.wav\" >Tocaiat<\/a>.<br \/>\n<a href=\"\/audiofem\/tocare.wav\" >Tocare<\/a>.<br \/>\n<a href=\"\/audiofem\/tocat.wav\" >Tocat<\/a>.<br \/>\n<a href=\"\/audiofem\/toca.wav\" >Toca<\/a>.<br \/>\n<a href=\"\/audiofem\/tocheddadu.wav\" >Tocheddadu<\/a>.<br \/>\n<a href=\"\/audiofem\/tocheddare.wav\" >Tocheddare<\/a>.<br \/>\n<a href=\"\/audiofem\/tocheddu.wav\" >Tocheddu<\/a>.<br \/>\n<a href=\"\/audiofem\/tochedende.wav\" >Tochedende<\/a>.<br \/>\n<a href=\"\/audiofem\/tocheit.wav\" >Tocheit<\/a>.<br \/>\n<a href=\"\/audiofem\/tochende.wav\" >Tochende<\/a>.<br \/>\n<a href=\"\/audiofem\/tocos.wav\" >Tocos<\/a>.<br \/>\n<a href=\"\/audiofem\/tocu.wav\" >Tocu<\/a>.<br \/>\n<a href=\"\/audiofem\/toeleta.wav\" >Toeleta<\/a>.<br \/>\n<a href=\"\/audiofem\/toh.wav\" >Toh<\/a>.<br \/>\n<a href=\"\/audiofem\/tonta.wav\" >Tonta<\/a>.<br \/>\n<a href=\"\/audiofem\/tontu.wav\" >Tontu<\/a>.<br \/>\n<a href=\"\/audiofem\/tonu.wav\" >Tonu<\/a>.<br \/>\n<a href=\"\/audiofem\/torinu.wav\" >Torinu<\/a>.<br \/>\n<a href=\"\/audiofem\/torradas.wav\" >Torradas<\/a>.<br \/>\n<a href=\"\/audiofem\/torrada.wav\" >Torrada<\/a>.<br \/>\n<a href=\"\/audiofem\/torrados.wav\" >Torrados<\/a>.<br \/>\n<a href=\"\/audiofem\/torradu.wav\" >Torradu<\/a> [<a href=\"\/audiofem\/torradu_1.wav\" >1<\/a>].<br \/>\n<a href=\"\/audiofem\/torraiant.wav\" >Torraiant<\/a>.<br \/>\n<a href=\"\/audiofem\/torraiat.wav\" >Torraiat<\/a>.<br \/>\n<a href=\"\/audiofem\/torramus.wav\" >Torramus<\/a>.<br \/>\n<a href=\"\/audiofem\/torrant.wav\" >Torrant<\/a>.<br \/>\n<a href=\"\/audiofem\/torrare.wav\" >Torrare<\/a> [<a href=\"\/audiofem\/torrare_1.wav\" >1<\/a>].<br \/>\n<a href=\"\/audiofem\/torras.wav\" >Torras<\/a>.<br \/>\n<a href=\"\/audiofem\/torra.wav\" >Torra<\/a>.<br \/>\n<a href=\"\/audiofem\/torreit.wav\" >Torreit<\/a> [<a href=\"\/audiofem\/torreit_1.wav\" >1<\/a>].<br \/>\n<a href=\"\/audiofem\/torrende.wav\" >Torrende<\/a>.<br \/>\n<a href=\"\/audiofem\/torres.wav\" >Torres<\/a>.<br \/>\n<a href=\"\/audiofem\/torret.wav\" >Torret<\/a>.<br \/>\n<a href=\"\/audiofem\/torre.wav\" >Torre<\/a>.<br \/>\n<a href=\"\/audiofem\/torro.wav\" >Torro<\/a>.<br \/>\n<a href=\"\/audiofem\/tortu.wav\" >Tortu<\/a>.<br \/>\n<a href=\"\/audiofem\/tosta.wav\" >Tosta<\/a>.<br \/>\n<a href=\"\/audiofem\/tostu.wav\" >Tostu<\/a>.<br \/>\n<a href=\"\/audiofem\/totale.wav\" >Totale<\/a>.<br \/>\n<a href=\"\/audiofem\/totora.wav\" >Totora<\/a>.<br \/>\n<a href=\"\/audiofem\/totue.wav\" >Totue<\/a> [<a href=\"\/audiofem\/totu_1.wav\" >1<\/a>].<br \/>\n<a href=\"\/audiofem\/totus.wav\" >Totus<\/a> [<a href=\"\/audiofem\/totus_1.wav\" >1<\/a>].<br \/>\n<a href=\"\/audiofem\/totu.wav\" >Totu<\/a>.<br \/>\n<a href=\"\/audiofem\/traballadores.wav\" >Traballadores<\/a>.<br \/>\n<a href=\"\/audiofem\/traballadu.wav\" >Traballadu<\/a>.<br \/>\n<a href=\"\/audiofem\/traballaiat.wav\" >Traballaiat<\/a>.<br \/>\n<a href=\"\/audiofem\/traballare.wav\" >Traballare<\/a>.<br \/>\n<a href=\"\/audiofem\/traballat.wav\" >Traballat<\/a>.<br \/>\n<a href=\"\/audiofem\/traballende.wav\" >Traballende<\/a>.<br \/>\n<a href=\"\/audiofem\/traballosu.wav\" >Traballosu<\/a>.<br \/>\n<a href=\"\/audiofem\/traballos.wav\" >Traballos<\/a>.<br \/>\n<a href=\"\/audiofem\/traballu.wav\" >Traballu<\/a>.<br \/>\n<a href=\"\/audiofem\/traditzionales.wav\" >Traditzionales<\/a>.<br \/>\n<a href=\"\/audiofem\/traditzionale.wav\" >Traditzionale<\/a>.<br \/>\n<a href=\"\/audiofem\/traditziones.wav\" >Traditziones<\/a>.<br \/>\n<a href=\"\/audiofem\/traditzione.wav\" >Traditzione<\/a>.<br \/>\n<a href=\"\/audiofem\/trad\u00f9ere.wav\" >Trad\u00f9ere<\/a>.<br \/>\n<a href=\"\/audiofem\/tradutore.wav\" >Tradutore<\/a>.<br \/>\n<a href=\"\/audiofem\/tradutziones.wav\" >Tradutziones<\/a>.<br \/>\n<a href=\"\/audiofem\/tradutzione.wav\" >Tradutzione<\/a>.<br \/>\n<a href=\"\/audiofem\/traessu.wav\" >Traessu<\/a>.<br \/>\n<a href=\"\/audiofem\/tr\u00e0ficu.wav\" >Tr\u00e0ficu<\/a>.<br \/>\n<a href=\"\/audiofem\/trag\u00e8dia.wav\" >Trag\u00e8dia<\/a>.<br \/>\n<a href=\"\/audiofem\/tragiadu.wav\" >Tragiadu<\/a>.<br \/>\n<a href=\"\/audiofem\/tragiare.wav\" >Tragiare<\/a>.<br \/>\n<a href=\"\/audiofem\/tr\u00e0gica.wav\" >Tr\u00e0gica<\/a>.<br \/>\n<a href=\"\/audiofem\/tr\u00e0giu.wav\" >Tr\u00e0giu<\/a>.<br \/>\n<a href=\"\/audiofem\/tr\u00e0inu.wav\" >Tr\u00e0inu<\/a>.<br \/>\n<a href=\"\/audiofem\/traitore.wav\" >Traitore<\/a>.<br \/>\n<a href=\"\/audiofem\/trampadu.wav\" >Trampadu<\/a>.<br \/>\n<a href=\"\/audiofem\/trampare.wav\" >Trampare<\/a>.<br \/>\n<a href=\"\/audiofem\/trampas.wav\" >Trampas<\/a>.<br \/>\n<a href=\"\/audiofem\/trampa.wav\" >Trampa<\/a>.<br \/>\n<a href=\"\/audiofem\/tranchilla.wav\" >Tranchilla<\/a>.<br \/>\n<a href=\"\/audiofem\/tranchillidade.wav\" >Tranchillidade<\/a>.<br \/>\n<a href=\"\/audiofem\/tranchillu.wav\" >Tranchillu<\/a>.<br \/>\n<a href=\"\/audiofem\/trancuilla.wav\" >Trancuilla<\/a>.<br \/>\n<a href=\"\/audiofem\/trancuillu.wav\" >Trancuillu<\/a>.<br \/>\n<a href=\"\/audiofem\/trassas.wav\" >Trassas<\/a>.<br \/>\n<a href=\"\/audiofem\/trassa.wav\" >Trassa<\/a>.<br \/>\n<a href=\"\/audiofem\/trastes.wav\" >Trastes<\/a>.<br \/>\n<a href=\"\/audiofem\/traste.wav\" >Traste<\/a>.<br \/>\n<a href=\"\/audiofem\/trastos.wav\" >Trastos<\/a>.<br \/>\n<a href=\"\/audiofem\/tratada.wav\" >Tratada<\/a>.<br \/>\n<a href=\"\/audiofem\/tratados.wav\" >Tratados<\/a>.<br \/>\n<a href=\"\/audiofem\/tratadu.wav\" >Tratadu<\/a>.<br \/>\n<a href=\"\/audiofem\/trataiat.wav\" >Trataiat<\/a>.<br \/>\n<a href=\"\/audiofem\/tratamentu.wav\" >Tratamentu<\/a>.<br \/>\n<a href=\"\/audiofem\/tratare.wav\" >Tratare<\/a>.<br \/>\n<a href=\"\/audiofem\/tratas.wav\" >Tratas<\/a>.<br \/>\n<a href=\"\/audiofem\/tratat.wav\" >Tratat<\/a>.<br \/>\n<a href=\"\/audiofem\/trata.wav\" >Trata<\/a>.<br \/>\n<a href=\"\/audiofem\/tratennere.wav\" >Tratennere<\/a> [<a href=\"\/audiofem\/trat\u00e8nnere_1.wav\" >1<\/a>].<br \/>\n<a href=\"\/audiofem\/trat\u00e8nnere.wav\" >Trat\u00e8nnere<\/a>.<br \/>\n<a href=\"\/audiofem\/tratu.wav\" >Tratu<\/a>.<br \/>\n<a href=\"\/audiofem\/trau.wav\" >Trau<\/a>.<br \/>\n<a href=\"\/audiofem\/tra.wav\" >Tra<\/a>.<br \/>\n<a href=\"\/audiofem\/tregh\u00ecngiu.wav\" >Tregh\u00ecngiu<\/a>.<br \/>\n<a href=\"\/audiofem\/tr\u00e8ighi.wav\" >Tr\u00e8ighi<\/a>.<br \/>\n<a href=\"\/audiofem\/trema.wav\" >Trema<\/a>.<br \/>\n<a href=\"\/audiofem\/tremende\u00b7si.wav\" >Tremende\u00b7si<\/a>.<br \/>\n<a href=\"\/audiofem\/tremende.wav\" >Tremende<\/a>.<br \/>\n<a href=\"\/audiofem\/tr\u00e8mere.wav\" >Tr\u00e8mere<\/a>.<br \/>\n<a href=\"\/audiofem\/treme\u00b7treme.wav\" >Treme\u00b7treme<\/a>.<br \/>\n<a href=\"\/audiofem\/tremiat.wav\" >Tremiat<\/a>.<br \/>\n<a href=\"\/audiofem\/tr\u00e8mida.wav\" >Tr\u00e8mida<\/a>.<br \/>\n<a href=\"\/audiofem\/trempas.wav\" >Trempas<\/a>.<br \/>\n<a href=\"\/audiofem\/tr\u00e8mula.wav\" >Tr\u00e8mula<\/a>.<br \/>\n<a href=\"\/audiofem\/trenu.wav\" >Trenu<\/a>.<br \/>\n<a href=\"\/audiofem\/tres.wav\" >Tres<\/a>.<br \/>\n<a href=\"\/audiofem\/tretos.wav\" >Tretos<\/a>.<br \/>\n<a href=\"\/audiofem\/tretu.wav\" >Tretu<\/a>.<br \/>\n<a href=\"\/audiofem\/tr\u00e8ulu.wav\" >Tr\u00e8ulu<\/a>.<br \/>\n<a href=\"\/audiofem\/tribunale.wav\" >Tribunale<\/a>.<br \/>\n<a href=\"\/audiofem\/tributos.wav\" >Tributos<\/a>.<br \/>\n<a href=\"\/audiofem\/trigu.wav\" >Trigu<\/a>.<br \/>\n<a href=\"\/audiofem\/trinta.wav\" >Trinta<\/a>.<br \/>\n<a href=\"\/audiofem\/trintzeas.wav\" >Trintzeas<\/a>.<br \/>\n<a href=\"\/audiofem\/trintzea.wav\" >Trintzea<\/a>.<br \/>\n<a href=\"\/audiofem\/trionfu.wav\" >Trionfu<\/a>.<br \/>\n<a href=\"\/audiofem\/trista.wav\" >Trista<\/a>.<br \/>\n<a href=\"\/audiofem\/tristos.wav\" >Tristos<\/a>.<br \/>\n<a href=\"\/audiofem\/tristura.wav\" >Tristura<\/a>.<br \/>\n<a href=\"\/audiofem\/tristu.wav\" >Tristu<\/a>.<br \/>\n<a href=\"\/audiofem\/tr\u00eculas.wav\" >Tr\u00eculas<\/a>.<br \/>\n<a href=\"\/audiofem\/tronos.wav\" >Tronos<\/a>.<br \/>\n<a href=\"\/audiofem\/tronu.wav\" >Tronu<\/a>.<br \/>\n<a href=\"\/audiofem\/tropa.wav\" >Tropa<\/a>.<br \/>\n<a href=\"\/audiofem\/tropu.wav\" >Tropu<\/a>.<br \/>\n<a href=\"\/audiofem\/truma.wav\" >Truma<\/a>.<br \/>\n<a href=\"\/audiofem\/trumba.wav\" >Trumba<\/a> [<a href=\"\/audiofem\/trumba_1.wav\" >1<\/a>].<br \/>\n<a href=\"\/audiofem\/truncada.wav\" >Truncada<\/a>.<br \/>\n<a href=\"\/audiofem\/truncadu.wav\" >Truncadu<\/a>.<br \/>\n<a href=\"\/audiofem\/truncare.wav\" >Truncare<\/a>.<br \/>\n<a href=\"\/audiofem\/truncat.wav\" >Truncat<\/a>.<br \/>\n<a href=\"\/audiofem\/truncos.wav\" >Truncos<\/a>.<br \/>\n<a href=\"\/audiofem\/truncu.wav\" >Truncu<\/a>.<br \/>\n<a href=\"\/audiofem\/tuas.wav\" >Tuas<\/a>.<br \/>\n<a href=\"\/audiofem\/tua.wav\" >Tua<\/a>.<br \/>\n<a href=\"\/audiofem\/tue.wav\" >Tue<\/a> [<a href=\"\/audiofem\/tue_1.wav\" >1<\/a>].<br \/>\n<a href=\"\/audiofem\/tumbas.wav\" >Tumbas<\/a>.<br \/>\n<a href=\"\/audiofem\/tumba.wav\" >Tumba<\/a>.<br \/>\n<a href=\"\/audiofem\/tunda.wav\" >Tunda<\/a>.<br \/>\n<a href=\"\/audiofem\/tundu.wav\" >Tundu<\/a>.<br \/>\n<a href=\"\/audiofem\/tuos.wav\" >Tuos<\/a>.<br \/>\n<a href=\"\/audiofem\/tuo.wav\" >Tuo<\/a>.<br \/>\n<a href=\"\/audiofem\/tupas.wav\" >Tupas<\/a>.<br \/>\n<a href=\"\/audiofem\/tupa.wav\" >Tupa<\/a>.<br \/>\n<a href=\"\/audiofem\/turistas.wav\" >Turistas<\/a>.<br \/>\n<a href=\"\/audiofem\/turmentadu.wav\" >Turmentadu<\/a>.<br \/>\n<a href=\"\/audiofem\/turmentos.wav\" >Turmentos<\/a>.<br \/>\n<a href=\"\/audiofem\/turmentu.wav\" >Turmentu<\/a>.<br \/>\n<a href=\"\/audiofem\/turres.wav\" >Turres<\/a>.<br \/>\n<a href=\"\/audiofem\/turre.wav\" >Turre<\/a>.<br \/>\n<a href=\"\/audiofem\/turta.wav\" >Turta<\/a>.<br \/>\n<a href=\"\/audiofem\/tutela.wav\" >Tutela<\/a>.<\/p>\n","protected":false},"excerpt":{"rendered":"<p>Tabbacu. T&#8217;aiat. Tale. Tamen. T&#8217;amus. Tana. Tancadas. Tancada. Tancadu. Tancare. Tancas. Tancat. Tanca. Tanda. Tando [1]. Tandu. Tango. Tantas. Tanta. Tantos. Tantu. Tapete. T&#8217;apo. Tardu. Tassas. Tassa. Tassighedda. Tassista. Tass\u00ec. Tastadu. Tastare. T\u00e0tari. T&#8217;at. Tatza. T\u00e0ula. Teatrale. Teatru. T\u00e8cnicas. T\u00e8cnica. T\u00e8cnicos. T\u00e8cnicu. Tedesca. Tedescu. Tegus [1]. Tela. Telefonada. Telefonadu. Telefonare. Telefoneddu. Tel\u00e8fono. Tel\u00e8fonu. Televisiones. Televisione. [&hellip;]<\/p>\n","protected":false},"author":1,"featured_media":0,"parent":49,"menu_order":0,"comment_status":"closed","ping_status":"closed","template":"","meta":{"footnotes":""},"class_list":["post-234","page","type-page","status-publish","hentry"],"_links":{"self":[{"href":"https:\/\/sintesa.nor-web.eu\/sc\/wp-json\/wp\/v2\/pages\/234","targetHints":{"allow":["GET"]}}],"collection":[{"href":"https:\/\/sintesa.nor-web.eu\/sc\/wp-json\/wp\/v2\/pages"}],"about":[{"href":"https:\/\/sintesa.nor-web.eu\/sc\/wp-json\/wp\/v2\/types\/page"}],"author":[{"embeddable":true,"href":"https:\/\/sintesa.nor-web.eu\/sc\/wp-json\/wp\/v2\/users\/1"}],"replies":[{"embeddable":true,"href":"https:\/\/sintesa.nor-web.eu\/sc\/wp-json\/wp\/v2\/comments?post=234"}],"version-history":[{"count":2,"href":"https:\/\/sintesa.nor-web.eu\/sc\/wp-json\/wp\/v2\/pages\/234\/revisions"}],"predecessor-version":[{"id":264,"href":"https:\/\/sintesa.nor-web.eu\/sc\/wp-json\/wp\/v2\/pages\/234\/revisions\/264"}],"up":[{"embeddable":true,"href":"https:\/\/sintesa.nor-web.eu\/sc\/wp-json\/wp\/v2\/pages\/49"}],"wp:attachment":[{"href":"https:\/\/sintesa.nor-web.eu\/sc\/wp-json\/wp\/v2\/media?parent=234"}],"curies":[{"name":"wp","href":"https:\/\/api.w.org\/{rel}","templated":true}]}}