{"id":204,"date":"2015-04-09T18:01:27","date_gmt":"2015-04-09T16:01:27","guid":{"rendered":"http:\/\/tts.nor-web.eu\/?page_id=204"},"modified":"2015-11-26T13:02:21","modified_gmt":"2015-11-26T12:02:21","slug":"lettera-o","status":"publish","type":"page","link":"https:\/\/sintesa.nor-web.eu\/sc\/parole\/parlante-2-donna\/lettera-o\/","title":{"rendered":"L\u00ectera O"},"content":{"rendered":"<p><a href=\"\/audiofem\/o.wav\" >O<\/a>.<br \/>\n<a href=\"\/audiofem\/obligadu.wav\" >Obligadu<\/a> [<a href=\"\/audiofem\/o_1.wav\" >1<\/a>].<br \/>\n<a href=\"\/audiofem\/\u00f2bligu.wav\" >\u00d2bligu<\/a>.<br \/>\n<a href=\"\/audiofem\/ocasiones.wav\" >Ocasiones<\/a>.<br \/>\n<a href=\"\/audiofem\/ocasione.wav\" >Ocasione<\/a>.<br \/>\n<a href=\"\/audiofem\/ochiende.wav\" >Ochiende<\/a>.<br \/>\n<a href=\"\/audiofem\/\u00f2chient.wav\" >\u00d2chient<\/a>.<br \/>\n<a href=\"\/audiofem\/och\u00ecere.wav\" >Och\u00ecere<\/a> [<a href=\"\/audiofem\/och\u00ecere_1.wav\" >1<\/a>].<br \/>\n<a href=\"\/audiofem\/ocupadu.wav\" >Ocupadu<\/a>.<br \/>\n<a href=\"\/audiofem\/\u00f2diu.wav\" >\u00d2diu<\/a>.<br \/>\n<a href=\"\/audiofem\/oe.wav\" >Oe<\/a>.<br \/>\n<a href=\"\/audiofem\/ofesa.wav\" >Ofesa<\/a>.<br \/>\n<a href=\"\/audiofem\/ogetos.wav\" >Ogetos<\/a>.<br \/>\n<a href=\"\/audiofem\/ogetu.wav\" >Ogetu<\/a>.<br \/>\n<a href=\"\/audiofem\/\u00f2giu.wav\" >\u00d2giu<\/a>.<br \/>\n<a href=\"\/audiofem\/ogna.wav\" >Ogna<\/a>.<br \/>\n<a href=\"\/audiofem\/ogniunu.wav\" >Ogniunu<\/a> [<a href=\"\/audiofem\/ogniunu_1.wav\" >1<\/a>].<br \/>\n<a href=\"\/audiofem\/ogni.wav\" >Ogni<\/a>.<br \/>\n<a href=\"\/audiofem\/ognunu.wav\" >Ognunu<\/a>.<br \/>\n<a href=\"\/audiofem\/ogradas.wav\" >Ogradas<\/a>.<br \/>\n<a href=\"\/audiofem\/ogreras.wav\" >Ogreras<\/a>.<br \/>\n<a href=\"\/audiofem\/ogros.wav\" >Ogros<\/a> [<a href=\"\/audiofem\/ogros_1.wav\" >1<\/a>].<br \/>\n<a href=\"\/audiofem\/ogru.wav\" >Ogru<\/a> [<a href=\"\/audiofem\/ogru_1.wav\" >1<\/a>].<br \/>\n<a href=\"\/audiofem\/ohi.wav\" >Ohi<\/a> [<a href=\"\/audiofem\/ohi_1.wav\" >1<\/a>].<br \/>\n<a href=\"\/audiofem\/oh.wav\" >Oh<\/a>.<br \/>\n<a href=\"\/audiofem\/oih.wav\" >Oih<\/a>.<br \/>\n<a href=\"\/audiofem\/olia.wav\" >Olia<\/a>.<br \/>\n<a href=\"\/audiofem\/\u00f2mines.wav\" >\u00d2mines<\/a> [<a href=\"\/audiofem\/\u00f2mine_1.wav\" >1<\/a>].<br \/>\n<a href=\"\/audiofem\/\u00f2mine.wav\" >\u00d2mine<\/a>.<br \/>\n<a href=\"\/audiofem\/onesta.wav\" >Onesta<\/a>.<br \/>\n<a href=\"\/audiofem\/onniasantu.wav\" >Onniasantu<\/a>.<br \/>\n<a href=\"\/audiofem\/onnia.wav\" >Onnia<\/a>.<br \/>\n<a href=\"\/audiofem\/onni.wav\" >Onni<\/a>.<br \/>\n<a href=\"\/audiofem\/onore.wav\" >Onore<\/a>.<br \/>\n<a href=\"\/audiofem\/oos.wav\" >Oos<\/a> [<a href=\"\/audiofem\/oos_1.wav\" >1<\/a>].<br \/>\n<a href=\"\/audiofem\/operajos.wav\" >Operajos<\/a>.<br \/>\n<a href=\"\/audiofem\/\u00f2peras.wav\" >\u00d2peras<\/a>.<br \/>\n<a href=\"\/audiofem\/\u00f2pera.wav\" >\u00d2pera<\/a>.<br \/>\n<a href=\"\/audiofem\/oramai.wav\" >Oramai<\/a>.<br \/>\n<a href=\"\/audiofem\/oras.wav\" >Oras<\/a>.<br \/>\n<a href=\"\/audiofem\/ora.wav\" >Ora<\/a>.<br \/>\n<a href=\"\/audiofem\/ordinadu.wav\" >Ordinadu<\/a>.<br \/>\n<a href=\"\/audiofem\/\u00f2rdina.wav\" >\u00d2rdina<\/a>.<br \/>\n<a href=\"\/audiofem\/\u00f2rdines.wav\" >\u00d2rdines<\/a>.<br \/>\n<a href=\"\/audiofem\/originale.wav\" >Originale<\/a>.<br \/>\n<a href=\"\/audiofem\/or\u00ecgine.wav\" >Or\u00ecgine<\/a>.<br \/>\n<a href=\"\/audiofem\/origras.wav\" >Origras<\/a>.<br \/>\n<a href=\"\/audiofem\/oros.wav\" >Oros<\/a>.<br \/>\n<a href=\"\/audiofem\/oro.wav\" >Oro<\/a>.<br \/>\n<a href=\"\/audiofem\/orrorosa.wav\" >Orrorosa<\/a>.<br \/>\n<a href=\"\/audiofem\/orrorosu.wav\" >Orrorosu<\/a>.<br \/>\n<a href=\"\/audiofem\/ortodossos.wav\" >Ortodossos<\/a>.<br \/>\n<a href=\"\/audiofem\/ossos.wav\" >Ossos<\/a>.<br \/>\n<a href=\"\/audiofem\/ossu.wav\" >Ossu<\/a>.<br \/>\n<a href=\"\/audiofem\/otanta.wav\" >Otanta<\/a>.<br \/>\n<a href=\"\/audiofem\/ot\u00e8nnere.wav\" >Ot\u00e8nnere<\/a>.<br \/>\n<a href=\"\/audiofem\/otieri.wav\" >Otieri<\/a>.<br \/>\n<a href=\"\/audiofem\/oto.wav\" >Oto<\/a>.<br \/>\n<a href=\"\/audiofem\/otzidentale.wav\" >Otzidentale<\/a>.<\/p>\n","protected":false},"excerpt":{"rendered":"<p>O. Obligadu [1]. \u00d2bligu. Ocasiones. Ocasione. Ochiende. \u00d2chient. Och\u00ecere [1]. Ocupadu. \u00d2diu. Oe. Ofesa. Ogetos. Ogetu. \u00d2giu. Ogna. Ogniunu [1]. Ogni. Ognunu. Ogradas. Ogreras. Ogros [1]. Ogru [1]. Ohi [1]. Oh. Oih. Olia. \u00d2mines [1]. \u00d2mine. Onesta. Onniasantu. Onnia. Onni. Onore. Oos [1]. Operajos. \u00d2peras. \u00d2pera. Oramai. Oras. Ora. Ordinadu. \u00d2rdina. \u00d2rdines. Originale. Or\u00ecgine. Origras. [&hellip;]<\/p>\n","protected":false},"author":1,"featured_media":0,"parent":49,"menu_order":0,"comment_status":"closed","ping_status":"closed","template":"","meta":{"footnotes":""},"class_list":["post-204","page","type-page","status-publish","hentry"],"_links":{"self":[{"href":"https:\/\/sintesa.nor-web.eu\/sc\/wp-json\/wp\/v2\/pages\/204","targetHints":{"allow":["GET"]}}],"collection":[{"href":"https:\/\/sintesa.nor-web.eu\/sc\/wp-json\/wp\/v2\/pages"}],"about":[{"href":"https:\/\/sintesa.nor-web.eu\/sc\/wp-json\/wp\/v2\/types\/page"}],"author":[{"embeddable":true,"href":"https:\/\/sintesa.nor-web.eu\/sc\/wp-json\/wp\/v2\/users\/1"}],"replies":[{"embeddable":true,"href":"https:\/\/sintesa.nor-web.eu\/sc\/wp-json\/wp\/v2\/comments?post=204"}],"version-history":[{"count":3,"href":"https:\/\/sintesa.nor-web.eu\/sc\/wp-json\/wp\/v2\/pages\/204\/revisions"}],"predecessor-version":[{"id":260,"href":"https:\/\/sintesa.nor-web.eu\/sc\/wp-json\/wp\/v2\/pages\/204\/revisions\/260"}],"up":[{"embeddable":true,"href":"https:\/\/sintesa.nor-web.eu\/sc\/wp-json\/wp\/v2\/pages\/49"}],"wp:attachment":[{"href":"https:\/\/sintesa.nor-web.eu\/sc\/wp-json\/wp\/v2\/media?parent=204"}],"curies":[{"name":"wp","href":"https:\/\/api.w.org\/{rel}","templated":true}]}}