{"id":202,"date":"2015-04-09T18:01:31","date_gmt":"2015-04-09T16:01:31","guid":{"rendered":"http:\/\/tts.nor-web.eu\/?page_id=202"},"modified":"2015-11-26T13:03:23","modified_gmt":"2015-11-26T12:03:23","slug":"lettera-m","status":"publish","type":"page","link":"https:\/\/sintesa.nor-web.eu\/sc\/parole\/parlante-2-donna\/lettera-m\/","title":{"rendered":"L\u00ectera M"},"content":{"rendered":"<p><a href=\"\/audiofem\/m'ab\u00ecgio.wav\" >M&#8217;ab\u00ecgio<\/a> [<a href=\"\/audiofem\/ma_1.wav\" >1<\/a>].<br \/>\n<a href=\"\/audiofem\/maca.wav\" >Maca<\/a>.<br \/>\n<a href=\"\/audiofem\/m\u00e0chinas.wav\" >M\u00e0chinas<\/a>.<br \/>\n<a href=\"\/audiofem\/m\u00e0china.wav\" >M\u00e0china<\/a>.<br \/>\n<a href=\"\/audiofem\/machines.wav\" >Machines<\/a>.<br \/>\n<a href=\"\/audiofem\/machine.wav\" >Machine<\/a>.<br \/>\n<a href=\"\/audiofem\/macos.wav\" >Macos<\/a>.<br \/>\n<a href=\"\/audiofem\/macu.wav\" >Macu<\/a>.<br \/>\n<a href=\"\/audiofem\/madrid.wav\" >Madrid<\/a>.<br \/>\n<a href=\"\/audiofem\/m'aerent.wav\" >M&#8217;aerent<\/a>.<br \/>\n<a href=\"\/audiofem\/m'aeret.wav\" >M&#8217;aeret<\/a>.<br \/>\n<a href=\"\/audiofem\/m'aere.wav\" >M&#8217;aere<\/a>.<br \/>\n<a href=\"\/audiofem\/m'\u00e0ere.wav\" >M&#8217;\u00e0ere<\/a>.<br \/>\n<a href=\"\/audiofem\/magasinu.wav\" >Magasinu<\/a>.<br \/>\n<a href=\"\/audiofem\/m'agatare.wav\" >M&#8217;agatare<\/a>.<br \/>\n<a href=\"\/audiofem\/m'agradat.wav\" >M&#8217;agradat<\/a>.<br \/>\n<a href=\"\/audiofem\/magras.wav\" >Magras<\/a>.<br \/>\n<a href=\"\/audiofem\/m'aiant.wav\" >M&#8217;aiant<\/a> [<a href=\"\/audiofem\/mai_1.wav\" >1<\/a>].<br \/>\n<a href=\"\/audiofem\/m'aias.wav\" >M&#8217;aias<\/a>.<br \/>\n<a href=\"\/audiofem\/m'aiat.wav\" >M&#8217;aiat<\/a>.<br \/>\n<a href=\"\/audiofem\/maistra.wav\" >Maistra<\/a>.<br \/>\n<a href=\"\/audiofem\/maistros.wav\" >Maistros<\/a>.<br \/>\n<a href=\"\/audiofem\/maistru.wav\" >Maistru<\/a>.<br \/>\n<a href=\"\/audiofem\/mais.wav\" >Mais<\/a>.<br \/>\n<a href=\"\/audiofem\/ma\u00ecs.wav\" >Ma\u00ecs<\/a>.<br \/>\n<a href=\"\/audiofem\/mai.wav\" >Mai<\/a>.<br \/>\n<a href=\"\/audiofem\/majas.wav\" >Majas<\/a> [<a href=\"\/audiofem\/maja_1.wav\" >1<\/a>].<br \/>\n<a href=\"\/audiofem\/maja.wav\" >Maja<\/a>.<br \/>\n<a href=\"\/audiofem\/majora.wav\" >Majora<\/a>.<br \/>\n<a href=\"\/audiofem\/majore.wav\" >Majore<\/a> [<a href=\"\/audiofem\/majore_1.wav\" >1<\/a>].<br \/>\n<a href=\"\/audiofem\/majoria.wav\" >Majoria<\/a>.<br \/>\n<a href=\"\/audiofem\/maju.wav\" >Maju<\/a>.<br \/>\n<a href=\"\/audiofem\/maladia.wav\" >Maladia<\/a>.<br \/>\n<a href=\"\/audiofem\/maladu.wav\" >Maladu<\/a>.<br \/>\n<a href=\"\/audiofem\/mal\u00e0idos.wav\" >Mal\u00e0idos<\/a> [<a href=\"\/audiofem\/mal\u00e0idos_1.wav\" >1<\/a>] [<a href=\"\/audiofem\/mal\u00e0idos_2.wav\" >2<\/a>].<br \/>\n<a href=\"\/audiofem\/mal\u00e0idu.wav\" >Mal\u00e0idu<\/a>.<br \/>\n<a href=\"\/audiofem\/malasorte.wav\" >Malasorte<\/a> [<a href=\"\/audiofem\/malas_1.wav\" >1<\/a>] [<a href=\"\/audiofem\/malasortadu_1.wav\" >1<\/a>].<br \/>\n<a href=\"\/audiofem\/malas.wav\" >Malas<\/a>.<br \/>\n<a href=\"\/audiofem\/mala.wav\" >Mala<\/a>.<br \/>\n<a href=\"\/audiofem\/maleitu.wav\" >Maleitu<\/a>.<br \/>\n<a href=\"\/audiofem\/maleit.wav\" >Maleit<\/a>.<br \/>\n<a href=\"\/audiofem\/malesa.wav\" >Malesa<\/a>.<br \/>\n<a href=\"\/audiofem\/malesortadu.wav\" >Malesortadu<\/a>.<br \/>\n<a href=\"\/audiofem\/males.wav\" >Males<\/a>.<br \/>\n<a href=\"\/audiofem\/male.wav\" >Male<\/a>.<br \/>\n<a href=\"\/audiofem\/mal\u00ectzia.wav\" >Mal\u00ectzia<\/a>.<br \/>\n<a href=\"\/audiofem\/malos.wav\" >Malos<\/a>.<br \/>\n<a href=\"\/audiofem\/malu.wav\" >Malu<\/a>.<br \/>\n<a href=\"\/audiofem\/mamas.wav\" >Mamas<\/a> [<a href=\"\/audiofem\/mama_1.wav\" >1<\/a>] [<a href=\"\/audiofem\/mamas_1.wav\" >1<\/a>].<br \/>\n<a href=\"\/audiofem\/mama.wav\" >Mama<\/a>.<br \/>\n<a href=\"\/audiofem\/m'ammentat.wav\" >M&#8217;ammentat<\/a>.<br \/>\n<a href=\"\/audiofem\/m'ammento.wav\" >M&#8217;ammento<\/a>.<br \/>\n<a href=\"\/audiofem\/mancada.wav\" >Mancada<\/a>.<br \/>\n<a href=\"\/audiofem\/mancadu.wav\" >Mancadu<\/a>.<br \/>\n<a href=\"\/audiofem\/mancaiant.wav\" >Mancaiant<\/a>.<br \/>\n<a href=\"\/audiofem\/mancaiat.wav\" >Mancaiat<\/a>.<br \/>\n<a href=\"\/audiofem\/mancante.wav\" >Mancante<\/a>.<br \/>\n<a href=\"\/audiofem\/mancant.wav\" >Mancant<\/a>.<br \/>\n<a href=\"\/audiofem\/manc\u00e0ntzia.wav\" >Manc\u00e0ntzia<\/a>.<br \/>\n<a href=\"\/audiofem\/mancare.wav\" >Mancare<\/a>.<br \/>\n<a href=\"\/audiofem\/mancari.wav\" >Mancari<\/a>.<br \/>\n<a href=\"\/audiofem\/mancat.wav\" >Mancat<\/a>.<br \/>\n<a href=\"\/audiofem\/manca.wav\" >Manca<\/a>.<br \/>\n<a href=\"\/audiofem\/m\u00e0nchinu.wav\" >M\u00e0nchinu<\/a>.<br \/>\n<a href=\"\/audiofem\/mancu.wav\" >Mancu<\/a> [<a href=\"\/audiofem\/mancu_1.wav\" >1<\/a>].<br \/>\n<a href=\"\/audiofem\/mandaiat.wav\" >Mandaiat<\/a>.<br \/>\n<a href=\"\/audiofem\/mandare.wav\" >Mandare<\/a>.<br \/>\n<a href=\"\/audiofem\/mandat.wav\" >Mandat<\/a>.<br \/>\n<a href=\"\/audiofem\/mandigadu.wav\" >Mandigadu<\/a>.<br \/>\n<a href=\"\/audiofem\/mandigaiat.wav\" >Mandigaiat<\/a>.<br \/>\n<a href=\"\/audiofem\/m\u00e0ndigant.wav\" >M\u00e0ndigant<\/a>.<br \/>\n<a href=\"\/audiofem\/mandigare.wav\" >Mandigare<\/a>.<br \/>\n<a href=\"\/audiofem\/m\u00e0ndigat.wav\" >M\u00e0ndigat<\/a>.<br \/>\n<a href=\"\/audiofem\/mandighende.wav\" >Mandighende<\/a>.<br \/>\n<a href=\"\/audiofem\/m\u00e0ndigos.wav\" >M\u00e0ndigos<\/a>.<br \/>\n<a href=\"\/audiofem\/m\u00e0ndigo.wav\" >M\u00e0ndigo<\/a>.<br \/>\n<a href=\"\/audiofem\/m\u00e0ndigu.wav\" >M\u00e0ndigu<\/a>.<br \/>\n<a href=\"\/audiofem\/maneras.wav\" >Maneras<\/a> [<a href=\"\/audiofem\/manera_1.wav\" >1<\/a>].<br \/>\n<a href=\"\/audiofem\/manera.wav\" >Manera<\/a>.<br \/>\n<a href=\"\/audiofem\/mangianu.wav\" >Mangianu<\/a>.<br \/>\n<a href=\"\/audiofem\/manic\u00f2miu.wav\" >Manic\u00f2miu<\/a>.<br \/>\n<a href=\"\/audiofem\/m\u00e0nigas.wav\" >M\u00e0nigas<\/a> [<a href=\"\/audiofem\/m\u00e0niga_1.wav\" >1<\/a>].<br \/>\n<a href=\"\/audiofem\/m\u00e0niga.wav\" >M\u00e0niga<\/a>.<br \/>\n<a href=\"\/audiofem\/manigiare.wav\" >Manigiare<\/a>.<br \/>\n<a href=\"\/audiofem\/man\u00ecgiu.wav\" >Man\u00ecgiu<\/a>.<br \/>\n<a href=\"\/audiofem\/mann\u00e0ria.wav\" >Mann\u00e0ria<\/a>.<br \/>\n<a href=\"\/audiofem\/mannas.wav\" >Mannas<\/a>.<br \/>\n<a href=\"\/audiofem\/manna.wav\" >Manna<\/a>.<br \/>\n<a href=\"\/audiofem\/mannesa.wav\" >Mannesa<\/a>.<br \/>\n<a href=\"\/audiofem\/mannoi.wav\" >Mannoi<\/a>.<br \/>\n<a href=\"\/audiofem\/mannos.wav\" >Mannos<\/a>.<br \/>\n<a href=\"\/audiofem\/mannu.wav\" >Mannu<\/a> [<a href=\"\/audiofem\/mannu_1.wav\" >1<\/a>].<br \/>\n<a href=\"\/audiofem\/manos.wav\" >Manos<\/a>.<br \/>\n<a href=\"\/audiofem\/mantadu.wav\" >Mantadu<\/a>.<br \/>\n<a href=\"\/audiofem\/manta.wav\" >Manta<\/a>.<br \/>\n<a href=\"\/audiofem\/mantenende.wav\" >Mantenende<\/a>.<br \/>\n<a href=\"\/audiofem\/mantenet.wav\" >Mantenet<\/a>.<br \/>\n<a href=\"\/audiofem\/manteniat.wav\" >Manteniat<\/a>.<br \/>\n<a href=\"\/audiofem\/mantennaiat.wav\" >Mantennaiat<\/a>.<br \/>\n<a href=\"\/audiofem\/mant\u00e8nnere.wav\" >Mant\u00e8nnere<\/a> [<a href=\"\/audiofem\/mant\u00e8nnere_1.wav\" >1<\/a>].<br \/>\n<a href=\"\/audiofem\/mantesa.wav\" >Mantesa<\/a>.<br \/>\n<a href=\"\/audiofem\/m'ant.wav\" >M&#8217;ant<\/a>.<br \/>\n<a href=\"\/audiofem\/manu.wav\" >Manu<\/a> [<a href=\"\/audiofem\/manu_1.wav\" >1<\/a>].<br \/>\n<a href=\"\/audiofem\/m'apo.wav\" >M&#8217;apo<\/a>.<br \/>\n<a href=\"\/audiofem\/marchesa.wav\" >Marchesa<\/a>.<br \/>\n<a href=\"\/audiofem\/marchesu.wav\" >Marchesu<\/a>.<br \/>\n<a href=\"\/audiofem\/marcu.wav\" >Marcu<\/a>.<br \/>\n<a href=\"\/audiofem\/mare.wav\" >Mare<\/a>.<br \/>\n<a href=\"\/audiofem\/Maria.wav\" >Maria<\/a>.<br \/>\n<a href=\"\/audiofem\/maridu.wav\" >Maridu<\/a>.<br \/>\n<a href=\"\/audiofem\/marina.wav\" >Marina<\/a>.<br \/>\n<a href=\"\/audiofem\/marineris.wav\" >Marineris<\/a>.<br \/>\n<a href=\"\/audiofem\/marras.wav\" >Marras<\/a>.<br \/>\n<a href=\"\/audiofem\/marta.wav\" >Marta<\/a> [<a href=\"\/audiofem\/marta_1.wav\" >1<\/a>].<br \/>\n<a href=\"\/audiofem\/martinica.wav\" >Martinica<\/a>.<br \/>\n<a href=\"\/audiofem\/martzu.wav\" >Martzu<\/a>.<br \/>\n<a href=\"\/audiofem\/mascros.wav\" >Mascros<\/a>.<br \/>\n<a href=\"\/audiofem\/masonile.wav\" >Masonile<\/a>.<br \/>\n<a href=\"\/audiofem\/massajos.wav\" >Massajos<\/a>.<br \/>\n<a href=\"\/audiofem\/massaju.wav\" >Massaju<\/a>.<br \/>\n<a href=\"\/audiofem\/mastru.wav\" >Mastru<\/a>.<br \/>\n<a href=\"\/audiofem\/m'as.wav\" >M&#8217;as<\/a>.<br \/>\n<a href=\"\/audiofem\/matana.wav\" >Matana<\/a> [<a href=\"\/audiofem\/m'at_1.wav\" >1<\/a>].<br \/>\n<a href=\"\/audiofem\/matas.wav\" >Matas<\/a>.<br \/>\n<a href=\"\/audiofem\/mata.wav\" >Mata<\/a>.<br \/>\n<a href=\"\/audiofem\/matem\u00e0tica.wav\" >Matem\u00e0tica<\/a>.<br \/>\n<a href=\"\/audiofem\/materiale.wav\" >Materiale<\/a>.<br \/>\n<a href=\"\/audiofem\/mat\u00e8ria.wav\" >Mat\u00e8ria<\/a>.<br \/>\n<a href=\"\/audiofem\/matessi.wav\" >Matessi<\/a> [<a href=\"\/audiofem\/matessi_1.wav\" >1<\/a>].<br \/>\n<a href=\"\/audiofem\/m'at.wav\" >M&#8217;at<\/a>.<br \/>\n<a href=\"\/audiofem\/matza.wav\" >Matza<\/a>.<br \/>\n<a href=\"\/audiofem\/mauladu.wav\" >Mauladu<\/a>.<br \/>\n<a href=\"\/audiofem\/maulare.wav\" >Maulare<\/a>.<br \/>\n<a href=\"\/audiofem\/ma.wav\" >Ma<\/a>.<br \/>\n<a href=\"\/audiofem\/meas.wav\" >Meas<\/a> [<a href=\"\/audiofem\/mea_1.wav\" >1<\/a>] [<a href=\"\/audiofem\/mea_2.wav\" >2<\/a>] [<a href=\"\/audiofem\/meas_1.wav\" >1<\/a>].<br \/>\n<a href=\"\/audiofem\/mea.wav\" >Mea<\/a>.<br \/>\n<a href=\"\/audiofem\/medas.wav\" >Medas<\/a> [<a href=\"\/audiofem\/meda_1.wav\" >1<\/a>].<br \/>\n<a href=\"\/audiofem\/meda.wav\" >Meda<\/a>.<br \/>\n<a href=\"\/audiofem\/m\u00e8dia.wav\" >M\u00e8dia<\/a>.<br \/>\n<a href=\"\/audiofem\/m\u00e8dios.wav\" >M\u00e8dios<\/a>.<br \/>\n<a href=\"\/audiofem\/mediterr\u00e0neu.wav\" >Mediterr\u00e0neu<\/a>.<br \/>\n<a href=\"\/audiofem\/m\u00e8diu.wav\" >M\u00e8diu<\/a>.<br \/>\n<a href=\"\/audiofem\/meghina.wav\" >Meghina<\/a>.<br \/>\n<a href=\"\/audiofem\/m\u00e8gius.wav\" >M\u00e8gius<\/a>.<br \/>\n<a href=\"\/audiofem\/m\u00e8glia.wav\" >M\u00e8glia<\/a>.<br \/>\n<a href=\"\/audiofem\/megus.wav\" >Megus<\/a>.<br \/>\n<a href=\"\/audiofem\/mela.wav\" >Mela<\/a>.<br \/>\n<a href=\"\/audiofem\/meledadu.wav\" >Meledadu<\/a>.<br \/>\n<a href=\"\/audiofem\/meledare.wav\" >Meledare<\/a>.<br \/>\n<a href=\"\/audiofem\/meledende.wav\" >Meledende<\/a>.<br \/>\n<a href=\"\/audiofem\/mele.wav\" >Mele<\/a>.<br \/>\n<a href=\"\/audiofem\/melodia.wav\" >Melodia<\/a>.<br \/>\n<a href=\"\/audiofem\/mel\u00f2ngiu.wav\" >Mel\u00f2ngiu<\/a>.<br \/>\n<a href=\"\/audiofem\/membros.wav\" >Membros<\/a>.<br \/>\n<a href=\"\/audiofem\/memoria.wav\" >Memoria<\/a>.<br \/>\n<a href=\"\/audiofem\/m\u00e8ndula.wav\" >M\u00e8ndula<\/a>.<br \/>\n<a href=\"\/audiofem\/mene.wav\" >Mene<\/a>.<br \/>\n<a href=\"\/audiofem\/mentale.wav\" >Mentale<\/a> [<a href=\"\/audiofem\/mentale_1.wav\" >1<\/a>].<br \/>\n<a href=\"\/audiofem\/mente.wav\" >Mente<\/a>.<br \/>\n<a href=\"\/audiofem\/mentovadu.wav\" >Mentovadu<\/a>.<br \/>\n<a href=\"\/audiofem\/mentovare.wav\" >Mentovare<\/a>.<br \/>\n<a href=\"\/audiofem\/mentras.wav\" >Mentras<\/a>.<br \/>\n<a href=\"\/audiofem\/mentres.wav\" >Mentres<\/a>.<br \/>\n<a href=\"\/audiofem\/meos.wav\" >Meos<\/a>.<br \/>\n<a href=\"\/audiofem\/meravigiadu.wav\" >Meravigiadu<\/a> [<a href=\"\/audiofem\/meravigiadu_1.wav\" >1<\/a>].<br \/>\n<a href=\"\/audiofem\/merav\u00ecgia.wav\" >Merav\u00ecgia<\/a>.<br \/>\n<a href=\"\/audiofem\/merav\u00ecglia.wav\" >Merav\u00ecglia<\/a> [<a href=\"\/audiofem\/merav\u00ecglia_1.wav\" >1<\/a>].<br \/>\n<a href=\"\/audiofem\/mercados.wav\" >Mercados<\/a>.<br \/>\n<a href=\"\/audiofem\/mercadu.wav\" >Mercadu<\/a>.<br \/>\n<a href=\"\/audiofem\/m\u00e8rcuris.wav\" >M\u00e8rcuris<\/a>.<br \/>\n<a href=\"\/audiofem\/merda.wav\" >Merda<\/a>.<br \/>\n<a href=\"\/audiofem\/meres.wav\" >Meres<\/a>.<br \/>\n<a href=\"\/audiofem\/mere.wav\" >Mere<\/a>.<br \/>\n<a href=\"\/audiofem\/meridionale.wav\" >Meridionale<\/a>.<br \/>\n<a href=\"\/audiofem\/merie.wav\" >Merie<\/a> [<a href=\"\/audiofem\/merie_1.wav\" >1<\/a>].<br \/>\n<a href=\"\/audiofem\/mermos.wav\" >Mermos<\/a>.<br \/>\n<a href=\"\/audiofem\/mesania.wav\" >Mesania<\/a>.<br \/>\n<a href=\"\/audiofem\/mesas.wav\" >Mesas<\/a>.<br \/>\n<a href=\"\/audiofem\/mesa.wav\" >Mesa<\/a>.<br \/>\n<a href=\"\/audiofem\/mescamente.wav\" >Mescamente<\/a>.<br \/>\n<a href=\"\/audiofem\/meschinu.wav\" >Meschinu<\/a>.<br \/>\n<a href=\"\/audiofem\/meses.wav\" >Meses<\/a>.<br \/>\n<a href=\"\/audiofem\/mese.wav\" >Mese<\/a>.<br \/>\n<a href=\"\/audiofem\/mesighedda.wav\" >Mesighedda<\/a>.<br \/>\n<a href=\"\/audiofem\/mesora.wav\" >Mesora<\/a>.<br \/>\n<a href=\"\/audiofem\/mess\u00e0giu.wav\" >Mess\u00e0giu<\/a>.<br \/>\n<a href=\"\/audiofem\/m'esseret.wav\" >M&#8217;esseret<\/a>.<br \/>\n<a href=\"\/audiofem\/messia.wav\" >Messia<\/a>.<br \/>\n<a href=\"\/audiofem\/m'est.wav\" >M&#8217;est<\/a>.<br \/>\n<a href=\"\/audiofem\/mesudie .wav\" >Mesudie <\/a> [<a href=\"\/audiofem\/mesu_1.wav\" >1<\/a>].<br \/>\n<a href=\"\/audiofem\/mesunote.wav\" >Mesunote<\/a> [<a href=\"\/audiofem\/mesunote_1.wav\" >1<\/a>].<br \/>\n<a href=\"\/audiofem\/mesurare.wav\" >Mesurare<\/a>.<br \/>\n<a href=\"\/audiofem\/mesura.wav\" >Mesura<\/a>.<br \/>\n<a href=\"\/audiofem\/mesu.wav\" >Mesu<\/a>.<br \/>\n<a href=\"\/audiofem\/metade.wav\" >Metade<\/a>.<br \/>\n<a href=\"\/audiofem\/metaf\u00ecsica.wav\" >Metaf\u00ecsica<\/a>.<br \/>\n<a href=\"\/audiofem\/metros.wav\" >Metros<\/a>.<br \/>\n<a href=\"\/audiofem\/metru.wav\" >Metru<\/a>.<br \/>\n<a href=\"\/audiofem\/meu.wav\" >Meu<\/a> [<a href=\"\/audiofem\/meu_1.wav\" >1<\/a>].<br \/>\n<a href=\"\/audiofem\/me.wav\" >Me<\/a>.<br \/>\n<a href=\"\/audiofem\/miali.wav\" >Miali<\/a> [<a href=\"\/audiofem\/mi_1.wav\" >1<\/a>].<br \/>\n<a href=\"\/audiofem\/mias.wav\" >Mias<\/a>.<br \/>\n<a href=\"\/audiofem\/mia.wav\" >Mia<\/a>.<br \/>\n<a href=\"\/audiofem\/mie.wav\" >Mie<\/a>.<br \/>\n<a href=\"\/audiofem\/m\u00ecgias.wav\" >M\u00ecgias<\/a>.<br \/>\n<a href=\"\/audiofem\/m\u00ecgia.wav\" >M\u00ecgia<\/a>.<br \/>\n<a href=\"\/audiofem\/milanu.wav\" >Milanu<\/a>.<br \/>\n<a href=\"\/audiofem\/miliones.wav\" >Miliones<\/a> [<a href=\"\/audiofem\/miliones_1.wav\" >1<\/a>].<br \/>\n<a href=\"\/audiofem\/militare.wav\" >Militare<\/a>.<br \/>\n<a href=\"\/audiofem\/milla.wav\" >Milla<\/a>.<br \/>\n<a href=\"\/audiofem\/milli.wav\" >Milli<\/a>.<br \/>\n<a href=\"\/audiofem\/millu.wav\" >Millu<\/a>.<br \/>\n<a href=\"\/audiofem\/mincra.wav\" >Mincra<\/a>.<br \/>\n<a href=\"\/audiofem\/minestra.wav\" >Minestra<\/a>.<br \/>\n<a href=\"\/audiofem\/minetza.wav\" >Minetza<\/a>.<br \/>\n<a href=\"\/audiofem\/minezadu.wav\" >Minezadu<\/a>.<br \/>\n<a href=\"\/audiofem\/minimare.wav\" >Minimare<\/a>.<br \/>\n<a href=\"\/audiofem\/ministeru.wav\" >Ministeru<\/a>.<br \/>\n<a href=\"\/audiofem\/ministros.wav\" >Ministros<\/a>.<br \/>\n<a href=\"\/audiofem\/ministru.wav\" >Ministru<\/a>.<br \/>\n<a href=\"\/audiofem\/minoredda.wav\" >Minoredda<\/a>.<br \/>\n<a href=\"\/audiofem\/minoreddu.wav\" >Minoreddu<\/a> [<a href=\"\/audiofem\/minoreddu_1.wav\" >1<\/a>].<br \/>\n<a href=\"\/audiofem\/minores.wav\" >Minores<\/a> [<a href=\"\/audiofem\/minores_1.wav\" >1<\/a>].<br \/>\n<a href=\"\/audiofem\/minore.wav\" >Minore<\/a>.<br \/>\n<a href=\"\/audiofem\/minorias.wav\" >Minorias<\/a>.<br \/>\n<a href=\"\/audiofem\/minoria.wav\" >Minoria<\/a>.<br \/>\n<a href=\"\/audiofem\/minorit\u00e0rias.wav\" >Minorit\u00e0rias<\/a>.<br \/>\n<a href=\"\/audiofem\/minorit\u00e0ria.wav\" >Minorit\u00e0ria<\/a>.<br \/>\n<a href=\"\/audiofem\/minorizadas.wav\" >Minorizadas<\/a>.<br \/>\n<a href=\"\/audiofem\/minorizada.wav\" >Minorizada<\/a>.<br \/>\n<a href=\"\/audiofem\/m'intendiat.wav\" >M&#8217;intendiat<\/a>.<br \/>\n<a href=\"\/audiofem\/m'intendia.wav\" >M&#8217;intendia<\/a>.<br \/>\n<a href=\"\/audiofem\/m'intendo.wav\" >M&#8217;intendo<\/a>.<br \/>\n<a href=\"\/audiofem\/minto.wav\" >Minto<\/a>.<br \/>\n<a href=\"\/audiofem\/minuda.wav\" >Minuda<\/a>.<br \/>\n<a href=\"\/audiofem\/minudu.wav\" >Minudu<\/a>.<br \/>\n<a href=\"\/audiofem\/minutos.wav\" >Minutos<\/a>.<br \/>\n<a href=\"\/audiofem\/minutu.wav\" >Minutu<\/a>.<br \/>\n<a href=\"\/audiofem\/mios.wav\" >Mios<\/a>.<br \/>\n<a href=\"\/audiofem\/mir\u00e0culu.wav\" >Mir\u00e0culu<\/a> [<a href=\"\/audiofem\/mir\u00e0culu_1.wav\" >1<\/a>].<br \/>\n<a href=\"\/audiofem\/miradas.wav\" >Miradas<\/a>.<br \/>\n<a href=\"\/audiofem\/mirada.wav\" >Mirada<\/a>.<br \/>\n<a href=\"\/audiofem\/miradu.wav\" >Miradu<\/a>.<br \/>\n<a href=\"\/audiofem\/miraiat.wav\" >Miraiat<\/a>.<br \/>\n<a href=\"\/audiofem\/mirare.wav\" >Mirare<\/a>.<br \/>\n<a href=\"\/audiofem\/mira.wav\" >Mira<\/a>.<br \/>\n<a href=\"\/audiofem\/mirende.wav\" >Mirende<\/a>.<br \/>\n<a href=\"\/audiofem\/m\u00ecriu.wav\" >M\u00ecriu<\/a>.<br \/>\n<a href=\"\/audiofem\/mis\u00e8ria.wav\" >Mis\u00e8ria<\/a>.<br \/>\n<a href=\"\/audiofem\/missa.wav\" >Missa<\/a>.<br \/>\n<a href=\"\/audiofem\/missione.wav\" >Missione<\/a>.<br \/>\n<a href=\"\/audiofem\/missu.wav\" >Missu<\/a>.<br \/>\n<a href=\"\/audiofem\/misteriosa.wav\" >Misteriosa<\/a>.<br \/>\n<a href=\"\/audiofem\/misteriosu.wav\" >Misteriosu<\/a>.<br \/>\n<a href=\"\/audiofem\/mist\u00e8riu.wav\" >Mist\u00e8riu<\/a>.<br \/>\n<a href=\"\/audiofem\/mitr\u00e0glias.wav\" >Mitr\u00e0glias<\/a>.<br \/>\n<a href=\"\/audiofem\/mitr\u00e0glia.wav\" >Mitr\u00e0glia<\/a>.<br \/>\n<a href=\"\/audiofem\/mi.wav\" >Mi<\/a>.<br \/>\n<a href=\"\/audiofem\/mob\u00eclia.wav\" >Mob\u00eclia<\/a>.<br \/>\n<a href=\"\/audiofem\/moda.wav\" >Moda<\/a>.<br \/>\n<a href=\"\/audiofem\/modde.wav\" >Modde<\/a>.<br \/>\n<a href=\"\/audiofem\/modellu.wav\" >Modellu<\/a>.<br \/>\n<a href=\"\/audiofem\/moderna.wav\" >Moderna<\/a>.<br \/>\n<a href=\"\/audiofem\/modernu.wav\" >Modernu<\/a>.<br \/>\n<a href=\"\/audiofem\/modos.wav\" >Modos<\/a>.<br \/>\n<a href=\"\/audiofem\/modu.wav\" >Modu<\/a>.<br \/>\n<a href=\"\/audiofem\/moende.wav\" >Moende<\/a>.<br \/>\n<a href=\"\/audiofem\/m\u00f2ere.wav\" >M\u00f2ere<\/a>.<br \/>\n<a href=\"\/audiofem\/moiat.wav\" >Moiat<\/a>.<br \/>\n<a href=\"\/audiofem\/moida.wav\" >Moida<\/a>.<br \/>\n<a href=\"\/audiofem\/m\u00f2ida.wav\" >M\u00f2ida<\/a>.<br \/>\n<a href=\"\/audiofem\/m\u00f2idu.wav\" >M\u00f2idu<\/a>.<br \/>\n<a href=\"\/audiofem\/molinu.wav\" >Molinu<\/a>.<br \/>\n<a href=\"\/audiofem\/momentos.wav\" >Momentos<\/a> [<a href=\"\/audiofem\/momentos_1.wav\" >1<\/a>].<br \/>\n<a href=\"\/audiofem\/momentu.wav\" >Momentu<\/a>.<br \/>\n<a href=\"\/audiofem\/m\u00f2ngia.wav\" >M\u00f2ngia<\/a>.<br \/>\n<a href=\"\/audiofem\/montes.wav\" >Montes<\/a>.<br \/>\n<a href=\"\/audiofem\/monte.wav\" >Monte<\/a>.<br \/>\n<a href=\"\/audiofem\/montigru.wav\" >Montigru<\/a>.<br \/>\n<a href=\"\/audiofem\/monumentu.wav\" >Monumentu<\/a>.<br \/>\n<a href=\"\/audiofem\/morale.wav\" >Morale<\/a>.<br \/>\n<a href=\"\/audiofem\/morende.wav\" >Morende<\/a>.<br \/>\n<a href=\"\/audiofem\/more.wav\" >More<\/a>.<br \/>\n<a href=\"\/audiofem\/morigheddu.wav\" >Morigheddu<\/a>.<br \/>\n<a href=\"\/audiofem\/moriscu.wav\" >Moriscu<\/a>.<br \/>\n<a href=\"\/audiofem\/morit.wav\" >Morit<\/a>.<br \/>\n<a href=\"\/audiofem\/m\u00f2rrere.wav\" >M\u00f2rrere<\/a>.<br \/>\n<a href=\"\/audiofem\/mortale.wav\" >Mortale<\/a>.<br \/>\n<a href=\"\/audiofem\/morta.wav\" >Morta<\/a>.<br \/>\n<a href=\"\/audiofem\/morte.wav\" >Morte<\/a>.<br \/>\n<a href=\"\/audiofem\/mortore.wav\" >Mortore<\/a>.<br \/>\n<a href=\"\/audiofem\/mortos.wav\" >Mortos<\/a>.<br \/>\n<a href=\"\/audiofem\/mortu.wav\" >Mortu<\/a>.<br \/>\n<a href=\"\/audiofem\/mossa.wav\" >Mossa<\/a>.<br \/>\n<a href=\"\/audiofem\/mossu.wav\" >Mossu<\/a>.<br \/>\n<a href=\"\/audiofem\/mot\u00ecvu.wav\" >Mot\u00ecvu<\/a>.<br \/>\n<a href=\"\/audiofem\/motu.wav\" >Motu<\/a>.<br \/>\n<a href=\"\/audiofem\/movende.wav\" >Movende<\/a>.<br \/>\n<a href=\"\/audiofem\/movent.wav\" >Movent<\/a>.<br \/>\n<a href=\"\/audiofem\/m\u00f2vere.wav\" >M\u00f2vere<\/a>.<br \/>\n<a href=\"\/audiofem\/movet.wav\" >Movet<\/a>.<br \/>\n<a href=\"\/audiofem\/moviat.wav\" >Moviat<\/a>.<br \/>\n<a href=\"\/audiofem\/m\u00f2vidas.wav\" >M\u00f2vidas<\/a>.<br \/>\n<a href=\"\/audiofem\/m\u00f2vida.wav\" >M\u00f2vida<\/a>.<br \/>\n<a href=\"\/audiofem\/movidos.wav\" >Movidos<\/a>.<br \/>\n<a href=\"\/audiofem\/m\u00f2vidos.wav\" >M\u00f2vidos<\/a>.<br \/>\n<a href=\"\/audiofem\/m\u00f2vidu.wav\" >M\u00f2vidu<\/a>.<br \/>\n<a href=\"\/audiofem\/movimentos.wav\" >Movimentos<\/a>.<br \/>\n<a href=\"\/audiofem\/movimentu.wav\" >Movimentu<\/a>.<br \/>\n<a href=\"\/audiofem\/movo.wav\" >Movo<\/a>.<br \/>\n<a href=\"\/audiofem\/mucadoreddu.wav\" >Mucadoreddu<\/a>.<br \/>\n<a href=\"\/audiofem\/mucadore.wav\" >Mucadore<\/a>.<br \/>\n<a href=\"\/audiofem\/mudada.wav\" >Mudada<\/a> [<a href=\"\/audiofem\/muda_1.wav\" >1<\/a>].<br \/>\n<a href=\"\/audiofem\/mudadu.wav\" >Mudadu<\/a>.<br \/>\n<a href=\"\/audiofem\/mudandas.wav\" >Mudandas<\/a>.<br \/>\n<a href=\"\/audiofem\/mudare.wav\" >Mudare<\/a>.<br \/>\n<a href=\"\/audiofem\/muda.wav\" >Muda<\/a>.<br \/>\n<a href=\"\/audiofem\/mudende.wav\" >Mudende<\/a>.<br \/>\n<a href=\"\/audiofem\/mudimene.wav\" >Mudimene<\/a>.<br \/>\n<a href=\"\/audiofem\/mudore.wav\" >Mudore<\/a>.<br \/>\n<a href=\"\/audiofem\/mudos.wav\" >Mudos<\/a>.<br \/>\n<a href=\"\/audiofem\/mudu.wav\" >Mudu<\/a> [<a href=\"\/audiofem\/mudu_1.wav\" >1<\/a>].<br \/>\n<a href=\"\/audiofem\/mugere.wav\" >Mugere<\/a>.<br \/>\n<a href=\"\/audiofem\/mundu.wav\" >Mundu<\/a>.<br \/>\n<a href=\"\/audiofem\/munitz\u00ecpiu.wav\" >Munitz\u00ecpiu<\/a>.<br \/>\n<a href=\"\/audiofem\/munton\u00e0rgiu.wav\" >Munton\u00e0rgiu<\/a>.<br \/>\n<a href=\"\/audiofem\/muntones.wav\" >Muntones<\/a>.<br \/>\n<a href=\"\/audiofem\/muntone.wav\" >Muntone<\/a>.<br \/>\n<a href=\"\/audiofem\/murmutadu.wav\" >Murmutadu<\/a>.<br \/>\n<a href=\"\/audiofem\/murmutende.wav\" >Murmutende<\/a>.<br \/>\n<a href=\"\/audiofem\/murmutu.wav\" >Murmutu<\/a>.<br \/>\n<a href=\"\/audiofem\/muros.wav\" >Muros<\/a>.<br \/>\n<a href=\"\/audiofem\/murr\u00f9ngiu.wav\" >Murr\u00f9ngiu<\/a>.<br \/>\n<a href=\"\/audiofem\/murru.wav\" >Murru<\/a>.<br \/>\n<a href=\"\/audiofem\/muru.wav\" >Muru<\/a>.<br \/>\n<a href=\"\/audiofem\/muscadu.wav\" >Muscadu<\/a>.<br \/>\n<a href=\"\/audiofem\/muscas.wav\" >Muscas<\/a>.<br \/>\n<a href=\"\/audiofem\/musca.wav\" >Musca<\/a>.<br \/>\n<a href=\"\/audiofem\/muschineddu.wav\" >Muschineddu<\/a>.<br \/>\n<a href=\"\/audiofem\/muscolos.wav\" >Muscolos<\/a>.<br \/>\n<a href=\"\/audiofem\/m\u00f9sculu.wav\" >M\u00f9sculu<\/a>.<br \/>\n<a href=\"\/audiofem\/museu.wav\" >Museu<\/a>.<br \/>\n<a href=\"\/audiofem\/m\u00f9sica.wav\" >M\u00f9sica<\/a>.<br \/>\n<a href=\"\/audiofem\/mustatzos.wav\" >Mustatzos<\/a> [<a href=\"\/audiofem\/mustatzos_1.wav\" >1<\/a>].<br \/>\n<a href=\"\/audiofem\/mustradu.wav\" >Mustradu<\/a>.<br \/>\n<a href=\"\/audiofem\/mustraiat.wav\" >Mustraiat<\/a>.<br \/>\n<a href=\"\/audiofem\/mustrare.wav\" >Mustrare<\/a>.<br \/>\n<a href=\"\/audiofem\/mustra.wav\" >Mustra<\/a>.<br \/>\n<a href=\"\/audiofem\/mustrende.wav\" >Mustrende<\/a>.<br \/>\n<a href=\"\/audiofem\/mutat.wav\" >Mutat<\/a>.<br \/>\n<a href=\"\/audiofem\/muta.wav\" >Muta<\/a>.<br \/>\n<a href=\"\/audiofem\/ mutende.wav\" >mutende<\/a>.<br \/>\n<a href=\"\/audiofem\/mutiat.wav\" >Mutiat<\/a>.<br \/>\n<a href=\"\/audiofem\/mutida.wav\" >Mutida<\/a>.<br \/>\n<a href=\"\/audiofem\/mutidu.wav\" >Mutidu<\/a>.<br \/>\n<a href=\"\/audiofem\/mutint.wav\" >Mutint<\/a>.<br \/>\n<a href=\"\/audiofem\/mutire.wav\" >Mutire<\/a>.<br \/>\n<a href=\"\/audiofem\/mutit.wav\" >Mutit<\/a> [<a href=\"\/audiofem\/mutit_1.wav\" >1<\/a>].<br \/>\n<a href=\"\/audiofem\/muto.wav\" >Muto<\/a>.<br \/>\n<a href=\"\/audiofem\/m\u00f9tria.wav\" >M\u00f9tria<\/a>.<\/p>\n","protected":false},"excerpt":{"rendered":"<p>M&#8217;ab\u00ecgio [1]. Maca. M\u00e0chinas. M\u00e0china. Machines. Machine. Macos. Macu. Madrid. M&#8217;aerent. M&#8217;aeret. M&#8217;aere. M&#8217;\u00e0ere. Magasinu. M&#8217;agatare. M&#8217;agradat. Magras. M&#8217;aiant [1]. M&#8217;aias. M&#8217;aiat. Maistra. Maistros. Maistru. Mais. Ma\u00ecs. Mai. Majas [1]. Maja. Majora. Majore [1]. Majoria. Maju. Maladia. Maladu. Mal\u00e0idos [1] [2]. Mal\u00e0idu. Malasorte [1] [1]. Malas. Mala. Maleitu. Maleit. Malesa. Malesortadu. Males. Male. Mal\u00ectzia. Malos. [&hellip;]<\/p>\n","protected":false},"author":1,"featured_media":0,"parent":49,"menu_order":0,"comment_status":"closed","ping_status":"closed","template":"","meta":{"footnotes":""},"class_list":["post-202","page","type-page","status-publish","hentry"],"_links":{"self":[{"href":"https:\/\/sintesa.nor-web.eu\/sc\/wp-json\/wp\/v2\/pages\/202","targetHints":{"allow":["GET"]}}],"collection":[{"href":"https:\/\/sintesa.nor-web.eu\/sc\/wp-json\/wp\/v2\/pages"}],"about":[{"href":"https:\/\/sintesa.nor-web.eu\/sc\/wp-json\/wp\/v2\/types\/page"}],"author":[{"embeddable":true,"href":"https:\/\/sintesa.nor-web.eu\/sc\/wp-json\/wp\/v2\/users\/1"}],"replies":[{"embeddable":true,"href":"https:\/\/sintesa.nor-web.eu\/sc\/wp-json\/wp\/v2\/comments?post=202"}],"version-history":[{"count":3,"href":"https:\/\/sintesa.nor-web.eu\/sc\/wp-json\/wp\/v2\/pages\/202\/revisions"}],"predecessor-version":[{"id":258,"href":"https:\/\/sintesa.nor-web.eu\/sc\/wp-json\/wp\/v2\/pages\/202\/revisions\/258"}],"up":[{"embeddable":true,"href":"https:\/\/sintesa.nor-web.eu\/sc\/wp-json\/wp\/v2\/pages\/49"}],"wp:attachment":[{"href":"https:\/\/sintesa.nor-web.eu\/sc\/wp-json\/wp\/v2\/media?parent=202"}],"curies":[{"name":"wp","href":"https:\/\/api.w.org\/{rel}","templated":true}]}}