{"id":198,"date":"2015-04-09T18:01:38","date_gmt":"2015-04-09T16:01:38","guid":{"rendered":"http:\/\/tts.nor-web.eu\/?page_id=198"},"modified":"2015-11-26T12:35:10","modified_gmt":"2015-11-26T11:35:10","slug":"lettera-g","status":"publish","type":"page","link":"https:\/\/sintesa.nor-web.eu\/sc\/parole\/parlante-2-donna\/lettera-g\/","title":{"rendered":"L\u00ectera G"},"content":{"rendered":"<p><a href=\"\/audiofem\/gabale.wav\" >Gabale<\/a>.<br \/>\n<a href=\"\/audiofem\/galanas.wav\" >Galanas<\/a>.<br \/>\n<a href=\"\/audiofem\/galana.wav\" >Galana<\/a>.<br \/>\n<a href=\"\/audiofem\/galania.wav\" >Galania<\/a>.<br \/>\n<a href=\"\/audiofem\/galanos.wav\" >Galanos<\/a>.<br \/>\n<a href=\"\/audiofem\/galanu.wav\" >Galanu<\/a>.<br \/>\n<a href=\"\/audiofem\/galera.wav\" >Galera<\/a>.<br \/>\n<a href=\"\/audiofem\/galu.wav\" >Galu<\/a> [<a href=\"\/audiofem\/galu_1.wav\" >1<\/a>].<br \/>\n<a href=\"\/audiofem\/gana.wav\" >Gana<\/a>.<br \/>\n<a href=\"\/audiofem\/gantzu.wav\" >Gantzu<\/a>.<br \/>\n<a href=\"\/audiofem\/garbu.wav\" >Garbu<\/a>.<br \/>\n<a href=\"\/audiofem\/garita.wav\" >Garita<\/a>.<br \/>\n<a href=\"\/audiofem\/gasi.wav\" >Gasi<\/a> [<a href=\"\/audiofem\/gasi_1.wav\" >1<\/a>].<br \/>\n<a href=\"\/audiofem\/gas.wav\" >Gas<\/a>.<br \/>\n<a href=\"\/audiofem\/gatos.wav\" >Gatos<\/a>.<br \/>\n<a href=\"\/audiofem\/gatu.wav\" >Gatu<\/a>.<br \/>\n<a href=\"\/audiofem\/gazeta.wav\" >Gazeta<\/a>.<br \/>\n<a href=\"\/audiofem\/gazile.wav\" >Gazile<\/a>.<br \/>\n<a href=\"\/audiofem\/gelosia.wav\" >Gelosia<\/a>.<br \/>\n<a href=\"\/audiofem\/gemma.wav\" >Gemma<\/a>.<br \/>\n<a href=\"\/audiofem\/generales.wav\" >Generales<\/a>.<br \/>\n<a href=\"\/audiofem\/generale.wav\" >Generale<\/a>.<br \/>\n<a href=\"\/audiofem\/g\u00e8nere.wav\" >G\u00e8nere<\/a>.<br \/>\n<a href=\"\/audiofem\/genia.wav\" >Genia<\/a>.<br \/>\n<a href=\"\/audiofem\/g\u00e8niu.wav\" >G\u00e8niu<\/a>.<br \/>\n<a href=\"\/audiofem\/gente.wav\" >Gente<\/a> [<a href=\"\/audiofem\/gente_1.wav\" >1<\/a>].<br \/>\n<a href=\"\/audiofem\/gentilesa.wav\" >Gentilesa<\/a>.<br \/>\n<a href=\"\/audiofem\/gentile.wav\" >Gentile<\/a>.<br \/>\n<a href=\"\/audiofem\/geografia.wav\" >Geografia<\/a>.<br \/>\n<a href=\"\/audiofem\/gestu.wav\" >Gestu<\/a>.<br \/>\n<a href=\"\/audiofem\/gesuitas.wav\" >Gesuitas<\/a>.<br \/>\n<a href=\"\/audiofem\/gesus.wav\" >Gesus<\/a>.<br \/>\n<a href=\"\/audiofem\/ges\u00f9s.wav\" >Ges\u00f9s<\/a>.<br \/>\n<a href=\"\/audiofem\/ghenn\u00e0rgiu.wav\" >Ghenn\u00e0rgiu<\/a>.<br \/>\n<a href=\"\/audiofem\/ghennas.wav\" >Ghennas<\/a>.<br \/>\n<a href=\"\/audiofem\/ghenna.wav\" >Ghenna<\/a>.<br \/>\n<a href=\"\/audiofem\/ghennita.wav\" >Ghennita<\/a>.<br \/>\n<a href=\"\/audiofem\/ghenugros.wav\" >Ghenugros<\/a>.<br \/>\n<a href=\"\/audiofem\/ghenugru.wav\" >Ghenugru<\/a>.<br \/>\n<a href=\"\/audiofem\/gherradu.wav\" >Gherradu<\/a>.<br \/>\n<a href=\"\/audiofem\/gherrare.wav\" >Gherrare<\/a>.<br \/>\n<a href=\"\/audiofem\/gherras.wav\" >Gherras<\/a>.<br \/>\n<a href=\"\/audiofem\/gherra.wav\" >Gherra<\/a>.<br \/>\n<a href=\"\/audiofem\/gherrende.wav\" >Gherrende<\/a>.<br \/>\n<a href=\"\/audiofem\/gherreri.wav\" >Gherreri<\/a>.<br \/>\n<a href=\"\/audiofem\/ghetada.wav\" >Ghetada<\/a> [<a href=\"\/audiofem\/ghetada_1.wav\" >1<\/a>].<br \/>\n<a href=\"\/audiofem\/ghetados.wav\" >Ghetados<\/a>.<br \/>\n<a href=\"\/audiofem\/ghetadu.wav\" >Ghetadu<\/a>.<br \/>\n<a href=\"\/audiofem\/ghetaiat.wav\" >Ghetaiat<\/a>.<br \/>\n<a href=\"\/audiofem\/ghetare.wav\" >Ghetare<\/a> [<a href=\"\/audiofem\/ghetare_1.wav\" >1<\/a>].<br \/>\n<a href=\"\/audiofem\/ghetat.wav\" >Ghetat<\/a>.<br \/>\n<a href=\"\/audiofem\/gheteit.wav\" >Gheteit<\/a>.<br \/>\n<a href=\"\/audiofem\/ghetende.wav\" >Ghetende<\/a>.<br \/>\n<a href=\"\/audiofem\/ghetu.wav\" >Ghetu<\/a>.<br \/>\n<a href=\"\/audiofem\/ghia.wav\" >Ghia<\/a>.<br \/>\n<a href=\"\/audiofem\/gh\u00ecddia.wav\" >Gh\u00ecddia<\/a>.<br \/>\n<a href=\"\/audiofem\/ghiradu.wav\" >Ghiradu<\/a>.<br \/>\n<a href=\"\/audiofem\/ghirare.wav\" >Ghirare<\/a>.<br \/>\n<a href=\"\/audiofem\/giacheta.wav\" >Giacheta<\/a>.<br \/>\n<a href=\"\/audiofem\/giaga.wav\" >Giaga<\/a> [<a href=\"\/audiofem\/giaga_1.wav\" >1<\/a>].<br \/>\n<a href=\"\/audiofem\/giai.wav\" >Giai<\/a> [<a href=\"\/audiofem\/giai_1.wav\" >1<\/a>].<br \/>\n<a href=\"\/audiofem\/giaja.wav\" >Giaja<\/a>.<br \/>\n<a href=\"\/audiofem\/giaju.wav\" >Giaju<\/a>.<br \/>\n<a href=\"\/audiofem\/gianas.wav\" >Gianas<\/a>.<br \/>\n<a href=\"\/audiofem\/gianna.wav\" >Gianna<\/a>.<br \/>\n<a href=\"\/audiofem\/giannile.wav\" >Giannile<\/a>.<br \/>\n<a href=\"\/audiofem\/gianni.wav\" >Gianni<\/a>.<br \/>\n<a href=\"\/audiofem\/gianteris.wav\" >Gianteris<\/a>.<br \/>\n<a href=\"\/audiofem\/giardinu.wav\" >Giardinu<\/a>.<br \/>\n<a href=\"\/audiofem\/giassos.wav\" >Giassos<\/a>.<br \/>\n<a href=\"\/audiofem\/giassu.wav\" >Giassu<\/a>.<br \/>\n<a href=\"\/audiofem\/gi\u00e0.wav\" >Gi\u00e0<\/a>.<br \/>\n<a href=\"\/audiofem\/gigantes.wav\" >Gigantes<\/a>.<br \/>\n<a href=\"\/audiofem\/gigante.wav\" >Gigante<\/a>.<br \/>\n<a href=\"\/audiofem\/gi\u00f2bia.wav\" >Gi\u00f2bia<\/a>.<br \/>\n<a href=\"\/audiofem\/giogadu.wav\" >Giogadu<\/a>.<br \/>\n<a href=\"\/audiofem\/giogare.wav\" >Giogare<\/a>.<br \/>\n<a href=\"\/audiofem\/gioghende.wav\" >Gioghende<\/a>.<br \/>\n<a href=\"\/audiofem\/giogos.wav\" >Giogos<\/a>.<br \/>\n<a href=\"\/audiofem\/giogu.wav\" >Giogu<\/a>.<br \/>\n<a href=\"\/audiofem\/gi\u00f2navu.wav\" >Gi\u00f2navu<\/a>.<br \/>\n<a href=\"\/audiofem\/giornales.wav\" >Giornales<\/a>.<br \/>\n<a href=\"\/audiofem\/giornale.wav\" >Giornale<\/a>.<br \/>\n<a href=\"\/audiofem\/giornalistas.wav\" >Giornalistas<\/a> [<a href=\"\/audiofem\/giornalista_1.wav\" >1<\/a>].<br \/>\n<a href=\"\/audiofem\/giornalista.wav\" >Giornalista<\/a>.<br \/>\n<a href=\"\/audiofem\/giornal\u00ecsticu.wav\" >Giornal\u00ecsticu<\/a>.<br \/>\n<a href=\"\/audiofem\/giosso.wav\" >Giosso<\/a>.<br \/>\n<a href=\"\/audiofem\/gi\u00f2vanas.wav\" >Gi\u00f2vanas<\/a>.<br \/>\n<a href=\"\/audiofem\/gi\u00f2vana.wav\" >Gi\u00f2vana<\/a>.<br \/>\n<a href=\"\/audiofem\/giovaneddu.wav\" >Giovaneddu<\/a>.<br \/>\n<a href=\"\/audiofem\/gi\u00f2vanos.wav\" >Gi\u00f2vanos<\/a>.<br \/>\n<a href=\"\/audiofem\/gioventude.wav\" >Gioventude<\/a>.<br \/>\n<a href=\"\/audiofem\/girada.wav\" >Girada<\/a>.<br \/>\n<a href=\"\/audiofem\/girados.wav\" >Girados<\/a>.<br \/>\n<a href=\"\/audiofem\/giradu.wav\" >Giradu<\/a>.<br \/>\n<a href=\"\/audiofem\/giraiat.wav\" >Giraiat<\/a>.<br \/>\n<a href=\"\/audiofem\/girare.wav\" >Girare<\/a>.<br \/>\n<a href=\"\/audiofem\/girat.wav\" >Girat<\/a>.<br \/>\n<a href=\"\/audiofem\/girende\u00b7si.wav\" >Girende\u00b7si<\/a>.<br \/>\n<a href=\"\/audiofem\/girende.wav\" >Girende<\/a>.<br \/>\n<a href=\"\/audiofem\/giros.wav\" >Giros<\/a>.<br \/>\n<a href=\"\/audiofem\/giru.wav\" >Giru<\/a>.<br \/>\n<a href=\"\/audiofem\/giuanne.wav\" >Giuanne<\/a>.<br \/>\n<a href=\"\/audiofem\/giubiladu.wav\" >Giubiladu<\/a>.<br \/>\n<a href=\"\/audiofem\/giud\u00ectziu.wav\" >Giud\u00ectziu<\/a>.<br \/>\n<a href=\"\/audiofem\/giudu.wav\" >Giudu<\/a>.<br \/>\n<a href=\"\/audiofem\/giughende.wav\" >Giughende<\/a>.<br \/>\n<a href=\"\/audiofem\/giughent.wav\" >Giughent<\/a>.<br \/>\n<a href=\"\/audiofem\/gi\u00f9ghere.wav\" >Gi\u00f9ghere<\/a>.<br \/>\n<a href=\"\/audiofem\/giughes.wav\" >Giughes<\/a>.<br \/>\n<a href=\"\/audiofem\/gi\u00f9ghet.wav\" >Gi\u00f9ghet<\/a>.<br \/>\n<a href=\"\/audiofem\/giughiant.wav\" >Giughiant<\/a>.<br \/>\n<a href=\"\/audiofem\/giughiat.wav\" >Giughiat<\/a>.<br \/>\n<a href=\"\/audiofem\/giuighes.wav\" >Giuighes<\/a>.<br \/>\n<a href=\"\/audiofem\/gi\u00f9ighe.wav\" >Gi\u00f9ighe<\/a>.<br \/>\n<a href=\"\/audiofem\/giuilat.wav\" >Giuilat<\/a>.<br \/>\n<a href=\"\/audiofem\/giulaiat.wav\" >Giulaiat<\/a>.<br \/>\n<a href=\"\/audiofem\/giumpadu.wav\" >Giumpadu<\/a>.<br \/>\n<a href=\"\/audiofem\/giumpare.wav\" >Giumpare<\/a>.<br \/>\n<a href=\"\/audiofem\/giuncos.wav\" >Giuncos<\/a>.<br \/>\n<a href=\"\/audiofem\/giungo.wav\" >Giungo<\/a>.<br \/>\n<a href=\"\/audiofem\/giunta.wav\" >Giunta<\/a>.<br \/>\n<a href=\"\/audiofem\/giuradu.wav\" >Giuradu<\/a>.<br \/>\n<a href=\"\/audiofem\/giurare.wav\" >Giurare<\/a>.<br \/>\n<a href=\"\/audiofem\/giuridica.wav\" >Giuridica<\/a>.<br \/>\n<a href=\"\/audiofem\/giur\u00ecdicos.wav\" >Giur\u00ecdicos<\/a>.<br \/>\n<a href=\"\/audiofem\/giur\u00ecdicu.wav\" >Giur\u00ecdicu<\/a>.<br \/>\n<a href=\"\/audiofem\/giuro.wav\" >Giuro<\/a>.<br \/>\n<a href=\"\/audiofem\/giusepe.wav\" >Giusepe<\/a>.<br \/>\n<a href=\"\/audiofem\/giustas.wav\" >Giustas<\/a>.<br \/>\n<a href=\"\/audiofem\/giusta.wav\" >Giusta<\/a>.<br \/>\n<a href=\"\/audiofem\/giust\u00ectzia.wav\" >Giust\u00ectzia<\/a>.<br \/>\n<a href=\"\/audiofem\/giustos.wav\" >Giustos<\/a>.<br \/>\n<a href=\"\/audiofem\/giustu.wav\" >Giustu<\/a>.<br \/>\n<a href=\"\/audiofem\/giutu.wav\" >Giutu<\/a>.<br \/>\n<a href=\"\/audiofem\/gl\u00f2ria.wav\" >Gl\u00f2ria<\/a>.<br \/>\n<a href=\"\/audiofem\/godire.wav\" >Godire<\/a>.<br \/>\n<a href=\"\/audiofem\/golpe.wav\" >Golpe<\/a> [<a href=\"\/audiofem\/golpe_1.wav\" >1<\/a>].<br \/>\n<a href=\"\/audiofem\/gon\u00e0riu.wav\" >Gon\u00e0riu<\/a>.<br \/>\n<a href=\"\/audiofem\/gorropu.wav\" >Gorropu<\/a>.<br \/>\n<a href=\"\/audiofem\/gosare.wav\" >Gosare<\/a>.<br \/>\n<a href=\"\/audiofem\/gosi.wav\" >Gosi<\/a>.<br \/>\n<a href=\"\/audiofem\/gosu.wav\" >Gosu<\/a>.<br \/>\n<a href=\"\/audiofem\/governu.wav\" >Governu<\/a>.<br \/>\n<a href=\"\/audiofem\/gradu.wav\" >Gradu<\/a>.<br \/>\n<a href=\"\/audiofem\/graes.wav\" >Graes<\/a>.<br \/>\n<a href=\"\/audiofem\/grae.wav\" >Grae<\/a>.<br \/>\n<a href=\"\/audiofem\/gramsci.wav\" >Gramsci<\/a>.<br \/>\n<a href=\"\/audiofem\/grandu.wav\" >Grandu<\/a>.<br \/>\n<a href=\"\/audiofem\/granitu.wav\" >Granitu<\/a>.<br \/>\n<a href=\"\/audiofem\/grassa.wav\" >Grassa<\/a>.<br \/>\n<a href=\"\/audiofem\/grassu.wav\" >Grassu<\/a>.<br \/>\n<a href=\"\/audiofem\/gr\u00e0tzias.wav\" >Gr\u00e0tzias<\/a>.<br \/>\n<a href=\"\/audiofem\/gr\u00e0tzia.wav\" >Gr\u00e0tzia<\/a>.<br \/>\n<a href=\"\/audiofem\/grave.wav\" >Grave<\/a>.<br \/>\n<a href=\"\/audiofem\/grefa.wav\" >Grefa<\/a>.<br \/>\n<a href=\"\/audiofem\/gregos.wav\" >Gregos<\/a>.<br \/>\n<a href=\"\/audiofem\/greze.wav\" >Greze<\/a>.<br \/>\n<a href=\"\/audiofem\/grisu.wav\" >Grisu<\/a>.<br \/>\n<a href=\"\/audiofem\/groga.wav\" >Groga<\/a>.<br \/>\n<a href=\"\/audiofem\/grogos.wav\" >Grogos<\/a>.<br \/>\n<a href=\"\/audiofem\/grogu.wav\" >Grogu<\/a>.<br \/>\n<a href=\"\/audiofem\/grupos.wav\" >Grupos<\/a>.<br \/>\n<a href=\"\/audiofem\/grupu.wav\" >Grupu<\/a>.<br \/>\n<a href=\"\/audiofem\/grussa.wav\" >Grussa<\/a>.<br \/>\n<a href=\"\/audiofem\/grussu.wav\" >Grussu<\/a>.<br \/>\n<a href=\"\/audiofem\/grustu.wav\" >Grustu<\/a>.<br \/>\n<a href=\"\/audiofem\/gruta.wav\" >Gruta<\/a>.<br \/>\n<a href=\"\/audiofem\/guai.wav\" >Guai<\/a>.<br \/>\n<a href=\"\/audiofem\/gu\u00e0rdia.wav\" >Gu\u00e0rdia<\/a>.<br \/>\n<a href=\"\/audiofem\/gunnedda.wav\" >Gunnedda<\/a>.<br \/>\n<a href=\"\/audiofem\/gustare.wav\" >Gustare<\/a>.<br \/>\n<a href=\"\/audiofem\/gustu.wav\" >Gustu<\/a>.<br \/>\n<a href=\"\/audiofem\/gutios.wav\" >Gutios<\/a>.<br \/>\n<a href=\"\/audiofem\/gutiu.wav\" >Gutiu<\/a>.<br \/>\n<a href=\"\/audiofem\/g\u00f9turu.wav\" >G\u00f9turu<\/a>.<br \/>\n<a href=\"\/audiofem\/guvernare.wav\" >Guvernare<\/a>.<\/p>\n","protected":false},"excerpt":{"rendered":"<p>Gabale. Galanas. Galana. Galania. Galanos. Galanu. Galera. Galu [1]. Gana. Gantzu. Garbu. Garita. Gasi [1]. Gas. Gatos. Gatu. Gazeta. Gazile. Gelosia. Gemma. Generales. Generale. G\u00e8nere. Genia. G\u00e8niu. Gente [1]. Gentilesa. Gentile. Geografia. Gestu. Gesuitas. Gesus. Ges\u00f9s. Ghenn\u00e0rgiu. Ghennas. Ghenna. Ghennita. Ghenugros. Ghenugru. Gherradu. Gherrare. Gherras. Gherra. Gherrende. Gherreri. Ghetada [1]. Ghetados. Ghetadu. Ghetaiat. Ghetare [1]. [&hellip;]<\/p>\n","protected":false},"author":1,"featured_media":0,"parent":49,"menu_order":0,"comment_status":"closed","ping_status":"closed","template":"","meta":{"footnotes":""},"class_list":["post-198","page","type-page","status-publish","hentry"],"_links":{"self":[{"href":"https:\/\/sintesa.nor-web.eu\/sc\/wp-json\/wp\/v2\/pages\/198","targetHints":{"allow":["GET"]}}],"collection":[{"href":"https:\/\/sintesa.nor-web.eu\/sc\/wp-json\/wp\/v2\/pages"}],"about":[{"href":"https:\/\/sintesa.nor-web.eu\/sc\/wp-json\/wp\/v2\/types\/page"}],"author":[{"embeddable":true,"href":"https:\/\/sintesa.nor-web.eu\/sc\/wp-json\/wp\/v2\/users\/1"}],"replies":[{"embeddable":true,"href":"https:\/\/sintesa.nor-web.eu\/sc\/wp-json\/wp\/v2\/comments?post=198"}],"version-history":[{"count":3,"href":"https:\/\/sintesa.nor-web.eu\/sc\/wp-json\/wp\/v2\/pages\/198\/revisions"}],"predecessor-version":[{"id":254,"href":"https:\/\/sintesa.nor-web.eu\/sc\/wp-json\/wp\/v2\/pages\/198\/revisions\/254"}],"up":[{"embeddable":true,"href":"https:\/\/sintesa.nor-web.eu\/sc\/wp-json\/wp\/v2\/pages\/49"}],"wp:attachment":[{"href":"https:\/\/sintesa.nor-web.eu\/sc\/wp-json\/wp\/v2\/media?parent=198"}],"curies":[{"name":"wp","href":"https:\/\/api.w.org\/{rel}","templated":true}]}}