{"id":93,"date":"2014-12-02T19:36:30","date_gmt":"2014-12-02T18:36:30","guid":{"rendered":"http:\/\/tts.nor-web.eu\/?page_id=93"},"modified":"2015-11-26T12:23:28","modified_gmt":"2015-11-26T11:23:28","slug":"lettera-u","status":"publish","type":"page","link":"https:\/\/sintesa.nor-web.eu\/en\/parole\/parlante-1-uomo\/lettera-u\/","title":{"rendered":"Letter U"},"content":{"rendered":"<p><a href=\"\/audio\/uda.wav\" >Uda<\/a>.<br \/>\n<a href=\"\/audio\/ue.wav\" >Ue<\/a>.<br \/>\n<a href=\"\/audio\/ufitziales.wav\" >Ufitziales<\/a>.<br \/>\n<a href=\"\/audio\/ufitziale.wav\" >Ufitziale<\/a>.<br \/>\n<a href=\"\/audio\/uf\u00ectzios.wav\" >Uf\u00ectzios<\/a>.<br \/>\n<a href=\"\/audio\/uf\u00ectziu.wav\" >Uf\u00ectziu<\/a>.<br \/>\n<a href=\"\/audio\/uguales.wav\" >Uguales<\/a>.<br \/>\n<a href=\"\/audio\/uguale.wav\" >Uguale<\/a>.<br \/>\n<a href=\"\/audio\/ullieras.wav\" >Ullieras<\/a>.<br \/>\n<a href=\"\/audio\/umanas.wav\" >Umanas<\/a>.<br \/>\n<a href=\"\/audio\/umana.wav\" >Umana<\/a>.<br \/>\n<a href=\"\/audio\/umanos.wav\" >Umanos<\/a>.<br \/>\n<a href=\"\/audio\/umanu.wav\" >Umanu<\/a>.<br \/>\n<a href=\"\/audio\/umbras.wav\" >Umbras<\/a>.<br \/>\n<a href=\"\/audio\/umbra.wav\" >Umbra<\/a>.<br \/>\n<a href=\"\/audio\/\u00f9mida.wav\" >\u00d9mida<\/a>.<br \/>\n<a href=\"\/audio\/\u00f9midu.wav\" >\u00d9midu<\/a>.<br \/>\n<a href=\"\/audio\/\u00f9mile.wav\" >\u00d9mile<\/a>.<br \/>\n<a href=\"\/audio\/un'\u00e0era.wav\" >Un&#8217;\u00e0era<\/a>.<br \/>\n<a href=\"\/audio\/un'agigu.wav\" >Un&#8217;agigu<\/a>.<br \/>\n<a href=\"\/audio\/un'agiudu.wav\" >Un&#8217;agiudu<\/a>.<br \/>\n<a href=\"\/audio\/un'aizu.wav\" >Un&#8217;aizu<\/a>.<br \/>\n<a href=\"\/audio\/un'ala.wav\" >Un&#8217;ala<\/a>.<br \/>\n<a href=\"\/audio\/un'alenu.wav\" >Un&#8217;alenu<\/a>.<br \/>\n<a href=\"\/audio\/un'amiga.wav\" >Un&#8217;amiga<\/a>.<br \/>\n<a href=\"\/audio\/un'amigu.wav\" >Un&#8217;amigu<\/a>.<br \/>\n<a href=\"\/audio\/un'ammentu.wav\" >Un&#8217;ammentu<\/a>.<br \/>\n<a href=\"\/audio\/un'amore.wav\" >Un&#8217;amore<\/a>.<br \/>\n<a href=\"\/audio\/un'ampulla.wav\" >Un&#8217;ampulla<\/a>.<br \/>\n<a href=\"\/audio\/un'anca.wav\" >Un&#8217;anca<\/a>.<br \/>\n<a href=\"\/audio\/un'\u00e0nima.wav\" >Un&#8217;\u00e0nima<\/a>.<br \/>\n<a href=\"\/audio\/un'annu.wav\" >Un&#8217;annu<\/a>.<br \/>\n<a href=\"\/audio\/un'aposentu.wav\" >Un&#8217;aposentu<\/a>.<br \/>\n<a href=\"\/audio\/un'\u00e0rbore.wav\" >Un&#8217;\u00e0rbore<\/a>.<br \/>\n<a href=\"\/audio\/un'arte.wav\" >Un&#8217;arte<\/a>.<br \/>\n<a href=\"\/audio\/un'art\u00ecculu.wav\" >Un&#8217;art\u00ecculu<\/a>.<br \/>\n<a href=\"\/audio\/unas.wav\" >Unas<\/a>.<br \/>\n<a href=\"\/audio\/un'\u00e0tera.wav\" >Un&#8217;\u00e0tera<\/a>.<br \/>\n<a href=\"\/audio\/un'\u00e0teru.wav\" >Un&#8217;\u00e0teru<\/a>.<br \/>\n<a href=\"\/audio\/un'atu.wav\" >Un&#8217;atu<\/a>.<br \/>\n<a href=\"\/audio\/un'atzione.wav\" >Un&#8217;atzione<\/a>.<br \/>\n<a href=\"\/audio\/una.wav\" >Una<\/a>.<br \/>\n<a href=\"\/audio\/undas.wav\" >Undas<\/a>.<br \/>\n<a href=\"\/audio\/\u00f9ndighi.wav\" >\u00d9ndighi<\/a>.<br \/>\n<a href=\"\/audio\/un'ente.wav\" >Un&#8217;ente<\/a>.<br \/>\n<a href=\"\/audio\/un'esempru.wav\" >Un&#8217;esempru<\/a>.<br \/>\n<a href=\"\/audio\/un'espressione.wav\" >Un&#8217;espressione<\/a>.<br \/>\n<a href=\"\/audio\/un'\u00e8ssere.wav\" >Un&#8217;\u00e8ssere<\/a>.<br \/>\n<a href=\"\/audio\/ungras.wav\" >Ungras<\/a>.<br \/>\n<a href=\"\/audio\/\u00f9nica.wav\" >\u00d9nica<\/a>.<br \/>\n<a href=\"\/audio\/\u00f9nicu.wav\" >\u00d9nicu<\/a>.<br \/>\n<a href=\"\/audio\/un'idea.wav\" >Un&#8217;idea<\/a>.<br \/>\n<a href=\"\/audio\/unidos.wav\" >Unidos<\/a>.<br \/>\n<a href=\"\/audio\/un'imbentu.wav\" >Un&#8217;imbentu<\/a>.<br \/>\n<a href=\"\/audio\/un'impasada.wav\" >Un&#8217;impasada<\/a>.<br \/>\n<a href=\"\/audio\/un'impreu.wav\" >Un&#8217;impreu<\/a>.<br \/>\n<a href=\"\/audio\/un'incantu.wav\" >Un&#8217;incantu<\/a>.<br \/>\n<a href=\"\/audio\/un'iscoberta.wav\" >Un&#8217;iscoberta<\/a>.<br \/>\n<a href=\"\/audio\/un'iscritura.wav\" >Un&#8217;iscritura<\/a>.<br \/>\n<a href=\"\/audio\/un'iscuta.wav\" >Un&#8217;iscuta<\/a>.<br \/>\n<a href=\"\/audio\/un'iscutighedda.wav\" >Un&#8217;iscutighedda<\/a>.<br \/>\n<a href=\"\/audio\/un'isfortzu.wav\" >Un&#8217;isfortzu<\/a>.<br \/>\n<a href=\"\/audio\/un'ispera.wav\" >Un&#8217;ispera<\/a>.<br \/>\n<a href=\"\/audio\/un'isp\u00e8tzia.wav\" >Un&#8217;isp\u00e8tzia<\/a>.<br \/>\n<a href=\"\/audio\/un'ispigru.wav\" >Un&#8217;ispigru<\/a>.<br \/>\n<a href=\"\/audio\/un'istadu.wav\" >Un&#8217;istadu<\/a>.<br \/>\n<a href=\"\/audio\/un'isteddu.wav\" >Un&#8217;isteddu<\/a>.<br \/>\n<a href=\"\/audio\/un'ist\u00f2ria.wav\" >Un&#8217;ist\u00f2ria<\/a>.<br \/>\n<a href=\"\/audio\/un'istr\u00e0ngiu.wav\" >Un&#8217;istr\u00e0ngiu<\/a>.<br \/>\n<a href=\"\/audio\/un'istratzu.wav\" >Un&#8217;istratzu<\/a>.<br \/>\n<a href=\"\/audio\/un'ist\u00f9diu.wav\" >Un&#8217;ist\u00f9diu<\/a>.<br \/>\n<a href=\"\/audio\/un'\u00ecsula.wav\" >Un&#8217;\u00ecsula<\/a>.<br \/>\n<a href=\"\/audio\/universale.wav\" >Universale<\/a>.<br \/>\n<a href=\"\/audio\/universidades.wav\" >Universidades<\/a> [<a href=\"\/audio\/universidade_1.wav\" >1<\/a>].<br \/>\n<a href=\"\/audio\/universidade.wav\" >Universidade<\/a>.<br \/>\n<a href=\"\/audio\/un'ocasione.wav\" >Un&#8217;ocasione<\/a>.<br \/>\n<a href=\"\/audio\/un'ograda.wav\" >Un&#8217;ograda<\/a>.<br \/>\n<a href=\"\/audio\/un'ogru.wav\" >Un&#8217;ogru<\/a>.<br \/>\n<a href=\"\/audio\/un'\u00f2mine.wav\" >Un&#8217;\u00f2mine<\/a> [<a href=\"\/audio\/un'\u00f2mine_1.wav\" >1<\/a>].<br \/>\n<a href=\"\/audio\/un'\u00f2pera.wav\" >Un&#8217;\u00f2pera<\/a>.<br \/>\n<a href=\"\/audio\/un'ora.wav\" >Un&#8217;ora<\/a>.<br \/>\n<a href=\"\/audio\/un'ossu.wav\" >Un&#8217;ossu<\/a> [<a href=\"\/audio\/unos_1.wav\" >1<\/a>].<br \/>\n<a href=\"\/audio\/unos.wav\" >Unos<\/a>.<br \/>\n<a href=\"\/audio\/un'ou.wav\" >Un&#8217;ou<\/a>.<br \/>\n<a href=\"\/audio\/un'umbra.wav\" >Un&#8217;umbra<\/a> [<a href=\"\/audio\/unu_1.wav\" >1<\/a>].<br \/>\n<a href=\"\/audio\/unu.wav\" >Unu<\/a>.<br \/>\n<a href=\"\/audio\/\u00f9rtimas.wav\" >\u00d9rtimas<\/a>.<br \/>\n<a href=\"\/audio\/\u00f9rtima.wav\" >\u00d9rtima<\/a>.<br \/>\n<a href=\"\/audio\/\u00f9rtimos.wav\" >\u00d9rtimos<\/a>.<br \/>\n<a href=\"\/audio\/\u00f9rtimu.wav\" >\u00d9rtimu<\/a>.<br \/>\n<a href=\"\/audio\/usare.wav\" >Usare<\/a>.<br \/>\n<a href=\"\/audio\/\u00f9tile.wav\" >\u00d9tile<\/a>.<\/p>\n","protected":false},"excerpt":{"rendered":"<p>Uda. Ue. Ufitziales. Ufitziale. Uf\u00ectzios. Uf\u00ectziu. Uguales. Uguale. Ullieras. Umanas. Umana. Umanos. Umanu. Umbras. Umbra. \u00d9mida. \u00d9midu. \u00d9mile. Un&#8217;\u00e0era. Un&#8217;agigu. Un&#8217;agiudu. Un&#8217;aizu. Un&#8217;ala. Un&#8217;alenu. Un&#8217;amiga. Un&#8217;amigu. Un&#8217;ammentu. Un&#8217;amore. Un&#8217;ampulla. Un&#8217;anca. Un&#8217;\u00e0nima. Un&#8217;annu. Un&#8217;aposentu. Un&#8217;\u00e0rbore. Un&#8217;arte. Un&#8217;art\u00ecculu. Unas. Un&#8217;\u00e0tera. Un&#8217;\u00e0teru. Un&#8217;atu. Un&#8217;atzione. Una. Undas. \u00d9ndighi. Un&#8217;ente. Un&#8217;esempru. Un&#8217;espressione. Un&#8217;\u00e8ssere. Ungras. \u00d9nica. \u00d9nicu. Un&#8217;idea. Unidos. Un&#8217;imbentu. Un&#8217;impasada. [&hellip;]<\/p>\n","protected":false},"author":1,"featured_media":0,"parent":47,"menu_order":0,"comment_status":"closed","ping_status":"closed","template":"","meta":{"footnotes":""},"class_list":["post-93","page","type-page","status-publish","hentry"],"_links":{"self":[{"href":"https:\/\/sintesa.nor-web.eu\/en\/wp-json\/wp\/v2\/pages\/93","targetHints":{"allow":["GET"]}}],"collection":[{"href":"https:\/\/sintesa.nor-web.eu\/en\/wp-json\/wp\/v2\/pages"}],"about":[{"href":"https:\/\/sintesa.nor-web.eu\/en\/wp-json\/wp\/v2\/types\/page"}],"author":[{"embeddable":true,"href":"https:\/\/sintesa.nor-web.eu\/en\/wp-json\/wp\/v2\/users\/1"}],"replies":[{"embeddable":true,"href":"https:\/\/sintesa.nor-web.eu\/en\/wp-json\/wp\/v2\/comments?post=93"}],"version-history":[{"count":5,"href":"https:\/\/sintesa.nor-web.eu\/en\/wp-json\/wp\/v2\/pages\/93\/revisions"}],"predecessor-version":[{"id":330,"href":"https:\/\/sintesa.nor-web.eu\/en\/wp-json\/wp\/v2\/pages\/93\/revisions\/330"}],"up":[{"embeddable":true,"href":"https:\/\/sintesa.nor-web.eu\/en\/wp-json\/wp\/v2\/pages\/47"}],"wp:attachment":[{"href":"https:\/\/sintesa.nor-web.eu\/en\/wp-json\/wp\/v2\/media?parent=93"}],"curies":[{"name":"wp","href":"https:\/\/api.w.org\/{rel}","templated":true}]}}