{"id":89,"date":"2014-12-02T19:35:43","date_gmt":"2014-12-02T18:35:43","guid":{"rendered":"http:\/\/tts.nor-web.eu\/?page_id=89"},"modified":"2015-11-26T12:24:34","modified_gmt":"2015-11-26T11:24:34","slug":"lettera-t","status":"publish","type":"page","link":"https:\/\/sintesa.nor-web.eu\/en\/parole\/parlante-1-uomo\/lettera-t\/","title":{"rendered":"Letter T"},"content":{"rendered":"<p><a href=\"\/audio\/tabacu.wav\" >Tabacu<\/a>.<br \/>\n<a href=\"\/audio\/tale.wav\" >Tale<\/a>.<br \/>\n<a href=\"\/audio\/tambene.wav\" >Tambene<\/a>.<br \/>\n<a href=\"\/audio\/tamen.wav\" >Tamen<\/a> [<a href=\"\/audio\/tamen_1.wav\" >1<\/a>] [<a href=\"\/audio\/tamen_2.wav\" >2<\/a>].<br \/>\n<a href=\"\/audio\/t'amus.wav\" >T&#8217;amus<\/a>.<br \/>\n<a href=\"\/audio\/tancadas.wav\" >Tancadas<\/a>.<br \/>\n<a href=\"\/audio\/tancada.wav\" >Tancada<\/a>.<br \/>\n<a href=\"\/audio\/tancadu.wav\" >Tancadu<\/a>.<br \/>\n<a href=\"\/audio\/tancare.wav\" >Tancare<\/a>.<br \/>\n<a href=\"\/audio\/tancas.wav\" >Tancas<\/a>.<br \/>\n<a href=\"\/audio\/tanca.wav\" >Tanca<\/a>.<br \/>\n<a href=\"\/audio\/tanda.wav\" >Tanda<\/a>.<br \/>\n<a href=\"\/audio\/tando.wav\" >Tando<\/a>.<br \/>\n<a href=\"\/audio\/tango.wav\" >Tango<\/a> [<a href=\"\/audio\/tango_1.wav\" >1<\/a>].<br \/>\n<a href=\"\/audio\/tantas.wav\" >Tantas<\/a> [<a href=\"\/audio\/t'ant_1.wav\" >1<\/a>].<br \/>\n<a href=\"\/audio\/tanta.wav\" >Tanta<\/a>.<br \/>\n<a href=\"\/audio\/tante.wav\" >Tante<\/a>.<br \/>\n<a href=\"\/audio\/tantos.wav\" >Tantos<\/a>.<br \/>\n<a href=\"\/audio\/tantu.wav\" >Tantu<\/a>.<br \/>\n<a href=\"\/audio\/t'ant.wav\" >T&#8217;ant<\/a>.<br \/>\n<a href=\"\/audio\/tapete.wav\" >Tapete<\/a>.<br \/>\n<a href=\"\/audio\/tapo.wav\" >Tapo<\/a>.<br \/>\n<a href=\"\/audio\/taras.wav\" >Taras<\/a>.<br \/>\n<a href=\"\/audio\/tardu.wav\" >Tardu<\/a>.<br \/>\n<a href=\"\/audio\/tassas.wav\" >Tassas<\/a>.<br \/>\n<a href=\"\/audio\/tassa.wav\" >Tassa<\/a>.<br \/>\n<a href=\"\/audio\/tassighedda.wav\" >Tassighedda<\/a>.<br \/>\n<a href=\"\/audio\/tassista.wav\" >Tassista<\/a>.<br \/>\n<a href=\"\/audio\/tass\u00ec.wav\" >Tass\u00ec<\/a>.<br \/>\n<a href=\"\/audio\/tastadu.wav\" >Tastadu<\/a>.<br \/>\n<a href=\"\/audio\/tastare.wav\" >Tastare<\/a>.<br \/>\n<a href=\"\/audio\/T\u00e0tari.wav\" >T\u00e0tari<\/a> [<a href=\"\/audio\/t'at_1.wav\" >1<\/a>] [<a href=\"\/audio\/t'at_2.wav\" >2<\/a>] [<a href=\"\/audio\/t'at_3.wav\" >3<\/a>].<br \/>\n<a href=\"\/audio\/t'at.wav\" >T&#8217;at<\/a>.<br \/>\n<a href=\"\/audio\/tatza.wav\" >Tatza<\/a>.<br \/>\n<a href=\"\/audio\/t\u00e0ulas.wav\" >T\u00e0ulas<\/a>.<br \/>\n<a href=\"\/audio\/t\u00e0ula.wav\" >T\u00e0ula<\/a>.<br \/>\n<a href=\"\/audio\/teatrale.wav\" >Teatrale<\/a> [<a href=\"\/audio\/teatrale_1.wav\" >1<\/a>].<br \/>\n<a href=\"\/audio\/teatru.wav\" >Teatru<\/a>.<br \/>\n<a href=\"\/audio\/t\u00e8cnicas.wav\" >T\u00e8cnicas<\/a>.<br \/>\n<a href=\"\/audio\/t\u00e8cnica.wav\" >T\u00e8cnica<\/a>.<br \/>\n<a href=\"\/audio\/t\u00e8cnicos.wav\" >T\u00e8cnicos<\/a>.<br \/>\n<a href=\"\/audio\/t\u00e8cnicu.wav\" >T\u00e8cnicu<\/a>.<br \/>\n<a href=\"\/audio\/tedesca.wav\" >Tedesca<\/a>.<br \/>\n<a href=\"\/audio\/tedescu.wav\" >Tedescu<\/a>.<br \/>\n<a href=\"\/audio\/tegus.wav\" >Tegus<\/a>.<br \/>\n<a href=\"\/audio\/tela.wav\" >Tela<\/a>.<br \/>\n<a href=\"\/audio\/telefonada.wav\" >Telefonada<\/a>.<br \/>\n<a href=\"\/audio\/telefonadu.wav\" >Telefonadu<\/a>.<br \/>\n<a href=\"\/audio\/telefonare.wav\" >Telefonare<\/a>.<br \/>\n<a href=\"\/audio\/telefoneddu.wav\" >Telefoneddu<\/a>.<br \/>\n<a href=\"\/audio\/tel\u00e8fono.wav\" >Tel\u00e8fono<\/a>.<br \/>\n<a href=\"\/audio\/tel\u00e8fonu.wav\" >Tel\u00e8fonu<\/a>.<br \/>\n<a href=\"\/audio\/televisiones.wav\" >Televisiones<\/a>.<br \/>\n<a href=\"\/audio\/televisione.wav\" >Televisione<\/a>.<br \/>\n<a href=\"\/audio\/temas.wav\" >Temas<\/a>.<br \/>\n<a href=\"\/audio\/tema.wav\" >Tema<\/a>.<br \/>\n<a href=\"\/audio\/t\u00e8mpiu.wav\" >T\u00e8mpiu<\/a>.<br \/>\n<a href=\"\/audio\/temporada.wav\" >Temporada<\/a>.<br \/>\n<a href=\"\/audio\/tempos.wav\" >Tempos<\/a> [<a href=\"\/audio\/tempos_1.wav\" >1<\/a>].<br \/>\n<a href=\"\/audio\/tempus.wav\" >Tempus<\/a> [<a href=\"\/audio\/tempus_1.wav\" >1<\/a>].<br \/>\n<a href=\"\/audio\/tendas.wav\" >Tendas<\/a>.<br \/>\n<a href=\"\/audio\/tenda.wav\" >Tenda<\/a>.<br \/>\n<a href=\"\/audio\/tenende.wav\" >Tenende<\/a>.<br \/>\n<a href=\"\/audio\/tenente.wav\" >Tenente<\/a> [<a href=\"\/audio\/tenent_1.wav\" >1<\/a>].<br \/>\n<a href=\"\/audio\/tenent.wav\" >Tenent<\/a>.<br \/>\n<a href=\"\/audio\/tenes.wav\" >Tenes<\/a> [<a href=\"\/audio\/tenes_1.wav\" >1<\/a>].<br \/>\n<a href=\"\/audio\/tenet.wav\" >Tenet<\/a> [<a href=\"\/audio\/tenet_1.wav\" >1<\/a>].<br \/>\n<a href=\"\/audio\/tene.wav\" >Tene<\/a>.<br \/>\n<a href=\"\/audio\/t\u00e8ngiat.wav\" >T\u00e8ngiat<\/a> [<a href=\"\/audio\/t\u00e8ngiat_1.wav\" >1<\/a>].<br \/>\n<a href=\"\/audio\/t\u00e8ngia.wav\" >T\u00e8ngia<\/a>.<br \/>\n<a href=\"\/audio\/t\u00e8ngio.wav\" >T\u00e8ngio<\/a>.<br \/>\n<a href=\"\/audio\/ten\u00ecamus.wav\" >Ten\u00ecamus<\/a>.<br \/>\n<a href=\"\/audio\/teniant.wav\" >Teniant<\/a> [<a href=\"\/audio\/teniant_1.wav\" >1<\/a>].<br \/>\n<a href=\"\/audio\/tenia.wav\" >Tenia<\/a> [<a href=\"\/audio\/teniat_1.wav\" >1<\/a>] [<a href=\"\/audio\/teniat_2.wav\" >2<\/a>].<br \/>\n<a href=\"\/audio\/tenides.wav\" >Tenides<\/a> [<a href=\"\/audio\/tenides_1.wav\" >1<\/a>].<br \/>\n<a href=\"\/audio\/tenimus.wav\" >Tenimus<\/a> [<a href=\"\/audio\/tenimus_1.wav\" >1<\/a>].<br \/>\n<a href=\"\/audio\/t\u00e8nnere.wav\" >T\u00e8nnere<\/a>.<br \/>\n<a href=\"\/audio\/tenore.wav\" >Tenore<\/a>.<br \/>\n<a href=\"\/audio\/tentare.wav\" >Tentare<\/a>.<br \/>\n<a href=\"\/audio\/tentatzione.wav\" >Tentatzione<\/a>.<br \/>\n<a href=\"\/audio\/tenta.wav\" >Tenta<\/a>.<br \/>\n<a href=\"\/audio\/tentu.wav\" >Tentu<\/a>.<br \/>\n<a href=\"\/audio\/teorias.wav\" >Teorias<\/a>.<br \/>\n<a href=\"\/audio\/teoria.wav\" >Teoria<\/a>.<br \/>\n<a href=\"\/audio\/te\u00f2ricu.wav\" >Te\u00f2ricu<\/a>.<br \/>\n<a href=\"\/audio\/t\u00e8rmines.wav\" >T\u00e8rmines<\/a>.<br \/>\n<a href=\"\/audio\/t\u00e8rmine.wav\" >T\u00e8rmine<\/a>.<br \/>\n<a href=\"\/audio\/terminologia.wav\" >Terminologia<\/a>.<br \/>\n<a href=\"\/audio\/terras.wav\" >Terras<\/a>.<br \/>\n<a href=\"\/audio\/terratzu.wav\" >Terratzu<\/a>.<br \/>\n<a href=\"\/audio\/terra.wav\" >Terra<\/a>.<br \/>\n<a href=\"\/audio\/terr\u00ecbile.wav\" >Terr\u00ecbile<\/a>.<br \/>\n<a href=\"\/audio\/terrinos.wav\" >Terrinos<\/a>.<br \/>\n<a href=\"\/audio\/terrinu.wav\" >Terrinu<\/a>.<br \/>\n<a href=\"\/audio\/territoriale.wav\" >Territoriale<\/a>.<br \/>\n<a href=\"\/audio\/territ\u00f2riu.wav\" >Territ\u00f2riu<\/a>.<br \/>\n<a href=\"\/audio\/terrore.wav\" >Terrore<\/a>.<br \/>\n<a href=\"\/audio\/terroristas.wav\" >Terroristas<\/a>.<br \/>\n<a href=\"\/audio\/tesi.wav\" >Tesi<\/a>.<br \/>\n<a href=\"\/audio\/testamentu.wav\" >Testamentu<\/a>.<br \/>\n<a href=\"\/audio\/testim\u00f2ngios.wav\" >Testim\u00f2ngios<\/a>.<br \/>\n<a href=\"\/audio\/testim\u00f2ngiu.wav\" >Testim\u00f2ngiu<\/a>.<br \/>\n<a href=\"\/audio\/testos.wav\" >Testos<\/a>.<br \/>\n<a href=\"\/audio\/testu.wav\" >Testu<\/a>.<br \/>\n<a href=\"\/audio\/test.wav\" >Test<\/a>.<br \/>\n<a href=\"\/audio\/tesu.wav\" >Tesu<\/a>.<br \/>\n<a href=\"\/audio\/t\u00e8tera.wav\" >T\u00e8tera<\/a>.<br \/>\n<a href=\"\/audio\/t\u00e8teru.wav\" >T\u00e8teru<\/a>.<br \/>\n<a href=\"\/audio\/the.wav\" >The<\/a>.<br \/>\n<a href=\"\/audio\/ti\u00e0gia.wav\" >Ti\u00e0gia<\/a>.<br \/>\n<a href=\"\/audio\/tie.wav\" >Tie<\/a>.<br \/>\n<a href=\"\/audio\/timas.wav\" >Timas<\/a>.<br \/>\n<a href=\"\/audio\/timende.wav\" >Timende<\/a>.<br \/>\n<a href=\"\/audio\/t\u00ecmere.wav\" >T\u00ecmere<\/a>.<br \/>\n<a href=\"\/audio\/timet.wav\" >Timet<\/a> [<a href=\"\/audio\/timet_1.wav\" >1<\/a>].<br \/>\n<a href=\"\/audio\/timiant.wav\" >Timiant<\/a> [<a href=\"\/audio\/timiant_1.wav\" >1<\/a>].<br \/>\n<a href=\"\/audio\/timiat.wav\" >Timiat<\/a> [<a href=\"\/audio\/timiat_1.wav\" >1<\/a>].<br \/>\n<a href=\"\/audio\/timidu.wav\" >Timidu<\/a>.<br \/>\n<a href=\"\/audio\/t\u00ecmidu.wav\" >T\u00ecmidu<\/a>.<br \/>\n<a href=\"\/audio\/timone.wav\" >Timone<\/a>.<br \/>\n<a href=\"\/audio\/tim\u00f2rias.wav\" >Tim\u00f2rias<\/a>.<br \/>\n<a href=\"\/audio\/tim\u00f2ria.wav\" >Tim\u00f2ria<\/a>.<br \/>\n<a href=\"\/audio\/timo.wav\" >Timo<\/a>.<br \/>\n<a href=\"\/audio\/tinta.wav\" >Tinta<\/a>.<br \/>\n<a href=\"\/audio\/t'intendes.wav\" >T&#8217;intendes<\/a>.<br \/>\n<a href=\"\/audio\/tipu.wav\" >Tipu<\/a>.<br \/>\n<a href=\"\/audio\/tirada.wav\" >Tirada<\/a>.<br \/>\n<a href=\"\/audio\/tiradu.wav\" >Tiradu<\/a>.<br \/>\n<a href=\"\/audio\/tiraiat.wav\" >Tiraiat<\/a> [<a href=\"\/audio\/tiraiat_1.wav\" >1<\/a>].<br \/>\n<a href=\"\/audio\/tirare.wav\" >Tirare<\/a>.<br \/>\n<a href=\"\/audio\/tirat.wav\" >Tirat<\/a> [<a href=\"\/audio\/tirat_1.wav\" >1<\/a>].<br \/>\n<a href=\"\/audio\/tirende.wav\" >Tirende<\/a> [<a href=\"\/audio\/tirende_1.wav\" >1<\/a>].<br \/>\n<a href=\"\/audio\/titas.wav\" >Titas<\/a>.<br \/>\n<a href=\"\/audio\/t\u00ectulos.wav\" >T\u00ectulos<\/a>.<br \/>\n<a href=\"\/audio\/t\u00ectulu.wav\" >T\u00ectulu<\/a>.<br \/>\n<a href=\"\/audio\/ti.wav\" >Ti<\/a>.<br \/>\n<a href=\"\/audio\/tocada.wav\" >Tocada<\/a>.<br \/>\n<a href=\"\/audio\/tocadu.wav\" >Tocadu<\/a>.<br \/>\n<a href=\"\/audio\/tocaiat.wav\" >Tocaiat<\/a> [<a href=\"\/audio\/tocaiat_1.wav\" >1<\/a>].<br \/>\n<a href=\"\/audio\/tocant.wav\" >Tocant<\/a> [<a href=\"\/audio\/tocant_1.wav\" >1<\/a>] [<a href=\"\/audio\/tocant_2.wav\" >2<\/a>] [<a href=\"\/audio\/tocant_3.wav\" >3<\/a>].<br \/>\n<a href=\"\/audio\/tocare.wav\" >Tocare<\/a>.<br \/>\n<a href=\"\/audio\/tocat.wav\" >Tocat<\/a> [<a href=\"\/audio\/tocat_1.wav\" >1<\/a>].<br \/>\n<a href=\"\/audio\/toca.wav\" >Toca<\/a>.<br \/>\n<a href=\"\/audio\/tocheddadu.wav\" >Tocheddadu<\/a>.<br \/>\n<a href=\"\/audio\/tocheddare.wav\" >Tocheddare<\/a>.<br \/>\n<a href=\"\/audio\/tocheddende.wav\" >Tocheddende<\/a>.<br \/>\n<a href=\"\/audio\/tocheddu.wav\" >Tocheddu<\/a>.<br \/>\n<a href=\"\/audio\/tocheit.wav\" >Tocheit<\/a> [<a href=\"\/audio\/tocheit_1.wav\" >1<\/a>].<br \/>\n<a href=\"\/audio\/tochende.wav\" >Tochende<\/a>.<br \/>\n<a href=\"\/audio\/tocos.wav\" >Tocos<\/a>.<br \/>\n<a href=\"\/audio\/tocu.wav\" >Tocu<\/a>.<br \/>\n<a href=\"\/audio\/toeleta.wav\" >Toeleta<\/a>.<br \/>\n<a href=\"\/audio\/tola.wav\" >Tola<\/a>.<br \/>\n<a href=\"\/audio\/tonta.wav\" >Tonta<\/a>.<br \/>\n<a href=\"\/audio\/tontu.wav\" >Tontu<\/a>.<br \/>\n<a href=\"\/audio\/tonu.wav\" >Tonu<\/a>.<br \/>\n<a href=\"\/audio\/Torinu.wav\" >Torinu<\/a>.<br \/>\n<a href=\"\/audio\/torradas.wav\" >Torradas<\/a>.<br \/>\n<a href=\"\/audio\/torrada.wav\" >Torrada<\/a>.<br \/>\n<a href=\"\/audio\/torrados.wav\" >Torrados<\/a>.<br \/>\n<a href=\"\/audio\/torradu.wav\" >Torradu<\/a>.<br \/>\n<a href=\"\/audio\/torraiant.wav\" >Torraiant<\/a> [<a href=\"\/audio\/torraiant_1.wav\" >1<\/a>].<br \/>\n<a href=\"\/audio\/torraiat.wav\" >Torraiat<\/a> [<a href=\"\/audio\/torraiat_1.wav\" >1<\/a>].<br \/>\n<a href=\"\/audio\/torramus.wav\" >Torramus<\/a>.<br \/>\n<a href=\"\/audio\/torrant.wav\" >Torrant<\/a> [<a href=\"\/audio\/torrant_1.wav\" >1<\/a>].<br \/>\n<a href=\"\/audio\/torrare.wav\" >Torrare<\/a>.<br \/>\n<a href=\"\/audio\/torras.wav\" >Torras<\/a>.<br \/>\n<a href=\"\/audio\/torrat.wav\" >Torrat<\/a> [<a href=\"\/audio\/torrat_1.wav\" >1<\/a>].<br \/>\n<a href=\"\/audio\/torra.wav\" >Torra<\/a>.<br \/>\n<a href=\"\/audio\/torreit.wav\" >Torreit<\/a> [<a href=\"\/audio\/torreit_1.wav\" >1<\/a>].<br \/>\n<a href=\"\/audio\/torrende.wav\" >Torrende<\/a>.<br \/>\n<a href=\"\/audio\/torresi.wav\" >Torresi<\/a>.<br \/>\n<a href=\"\/audio\/torres.wav\" >Torres<\/a>.<br \/>\n<a href=\"\/audio\/torret.wav\" >Torret<\/a>.<br \/>\n<a href=\"\/audio\/torre.wav\" >Torre<\/a>.<br \/>\n<a href=\"\/audio\/torro.wav\" >Torro<\/a>.<br \/>\n<a href=\"\/audio\/tortu.wav\" >Tortu<\/a>.<br \/>\n<a href=\"\/audio\/toscanu.wav\" >Toscanu<\/a>.<br \/>\n<a href=\"\/audio\/tosta.wav\" >Tosta<\/a>.<br \/>\n<a href=\"\/audio\/tostu.wav\" >Tostu<\/a>.<br \/>\n<a href=\"\/audio\/totale.wav\" >Totale<\/a>.<br \/>\n<a href=\"\/audio\/totora.wav\" >Totora<\/a>.<br \/>\n<a href=\"\/audio\/totue.wav\" >Totue<\/a>.<br \/>\n<a href=\"\/audio\/totus.wav\" >Totus<\/a> [<a href=\"\/audio\/totus_1.wav\" >1<\/a>].<br \/>\n<a href=\"\/audio\/totu.wav\" >Totu<\/a>.<br \/>\n<a href=\"\/audio\/to'.wav\" >To&#8217;<\/a>.<br \/>\n<a href=\"\/audio\/traballadores.wav\" >Traballadores<\/a>.<br \/>\n<a href=\"\/audio\/traballadu.wav\" >Traballadu<\/a>.<br \/>\n<a href=\"\/audio\/traballaiat.wav\" >Traballaiat<\/a> [<a href=\"\/audio\/traballaiat_1.wav\" >1<\/a>].<br \/>\n<a href=\"\/audio\/traballare.wav\" >Traballare<\/a>.<br \/>\n<a href=\"\/audio\/traballat.wav\" >Traballat<\/a> [<a href=\"\/audio\/traballat_1.wav\" >1<\/a>].<br \/>\n<a href=\"\/audio\/traballende.wav\" >Traballende<\/a>.<br \/>\n<a href=\"\/audio\/traballosu.wav\" >Traballosu<\/a>.<br \/>\n<a href=\"\/audio\/traballos.wav\" >Traballos<\/a>.<br \/>\n<a href=\"\/audio\/traballu.wav\" >Traballu<\/a>.<br \/>\n<a href=\"\/audio\/traditzionales.wav\" >Traditzionales<\/a>.<br \/>\n<a href=\"\/audio\/traditzionale.wav\" >Traditzionale<\/a>.<br \/>\n<a href=\"\/audio\/traditziones.wav\" >Traditziones<\/a>.<br \/>\n<a href=\"\/audio\/traditzione.wav\" >Traditzione<\/a>.<br \/>\n<a href=\"\/audio\/trad\u00f9ere.wav\" >Trad\u00f9ere<\/a>.<br \/>\n<a href=\"\/audio\/tradutore.wav\" >Tradutore<\/a> [<a href=\"\/audio\/tradutore_1.wav\" >1<\/a>].<br \/>\n<a href=\"\/audio\/tradutziones.wav\" >Tradutziones<\/a>.<br \/>\n<a href=\"\/audio\/tradutzione.wav\" >Tradutzione<\/a>.<br \/>\n<a href=\"\/audio\/traessu.wav\" >Traessu<\/a>.<br \/>\n<a href=\"\/audio\/tr\u00e0ficu.wav\" >Tr\u00e0ficu<\/a>.<br \/>\n<a href=\"\/audio\/trag\u00e8dia.wav\" >Trag\u00e8dia<\/a>.<br \/>\n<a href=\"\/audio\/tragiadu.wav\" >Tragiadu<\/a>.<br \/>\n<a href=\"\/audio\/tragiare.wav\" >Tragiare<\/a>.<br \/>\n<a href=\"\/audio\/tr\u00e0gica.wav\" >Tr\u00e0gica<\/a>.<br \/>\n<a href=\"\/audio\/tr\u00e0giu.wav\" >Tr\u00e0giu<\/a>.<br \/>\n<a href=\"\/audio\/trainu.wav\" >Trainu<\/a>.<br \/>\n<a href=\"\/audio\/traitore.wav\" >Traitore<\/a>.<br \/>\n<a href=\"\/audio\/tr\u00e0mite.wav\" >Tr\u00e0mite<\/a>.<br \/>\n<a href=\"\/audio\/trampadu.wav\" >Trampadu<\/a>.<br \/>\n<a href=\"\/audio\/trampare.wav\" >Trampare<\/a>.<br \/>\n<a href=\"\/audio\/trampas.wav\" >Trampas<\/a>.<br \/>\n<a href=\"\/audio\/trampa.wav\" >Trampa<\/a>.<br \/>\n<a href=\"\/audio\/tranchilla.wav\" >Tranchilla<\/a>.<br \/>\n<a href=\"\/audio\/tranchillidade.wav\" >Tranchillidade<\/a>.<br \/>\n<a href=\"\/audio\/tranchillu.wav\" >Tranchillu<\/a>.<br \/>\n<a href=\"\/audio\/trancuilla.wav\" >Trancuilla<\/a>.<br \/>\n<a href=\"\/audio\/trancuillu.wav\" >Trancuillu<\/a>.<br \/>\n<a href=\"\/audio\/traschia.wav\" >Traschia<\/a>.<br \/>\n<a href=\"\/audio\/trasinadu.wav\" >Trasinadu<\/a>.<br \/>\n<a href=\"\/audio\/trassas.wav\" >Trassas<\/a>.<br \/>\n<a href=\"\/audio\/trassa.wav\" >Trassa<\/a>.<br \/>\n<a href=\"\/audio\/trastes.wav\" >Trastes<\/a>.<br \/>\n<a href=\"\/audio\/traste.wav\" >Traste<\/a>.<br \/>\n<a href=\"\/audio\/trastos.wav\" >Trastos<\/a>.<br \/>\n<a href=\"\/audio\/tratados.wav\" >Tratados<\/a>.<br \/>\n<a href=\"\/audio\/tratadu.wav\" >Tratadu<\/a>.<br \/>\n<a href=\"\/audio\/trataiat.wav\" >Trataiat<\/a> [<a href=\"\/audio\/trataiat_1.wav\" >1<\/a>].<br \/>\n<a href=\"\/audio\/tratamentu.wav\" >Tratamentu<\/a>.<br \/>\n<a href=\"\/audio\/tratare.wav\" >Tratare<\/a>.<br \/>\n<a href=\"\/audio\/tratas.wav\" >Tratas<\/a>.<br \/>\n<a href=\"\/audio\/tratat.wav\" >Tratat<\/a> [<a href=\"\/audio\/tratat_1.wav\" >1<\/a>].<br \/>\n<a href=\"\/audio\/trata.wav\" >Trata<\/a>.<br \/>\n<a href=\"\/audio\/trat\u00e8nnere.wav\" >Trat\u00e8nnere<\/a>.<br \/>\n<a href=\"\/audio\/tratu.wav\" >Tratu<\/a>.<br \/>\n<a href=\"\/audio\/trau.wav\" >Trau<\/a>.<br \/>\n<a href=\"\/audio\/tra.wav\" >Tra<\/a>.<br \/>\n<a href=\"\/audio\/tr\u00e8ighi.wav\" >Tr\u00e8ighi<\/a>.<br \/>\n<a href=\"\/audio\/trema.wav\" >Trema<\/a>.<br \/>\n<a href=\"\/audio\/tremende.wav\" >Tremende<\/a>.<br \/>\n<a href=\"\/audio\/tr\u00e8mere.wav\" >Tr\u00e8mere<\/a>.<br \/>\n<a href=\"\/audio\/tremiat.wav\" >Tremiat<\/a> [<a href=\"\/audio\/tremiat_1.wav\" >1<\/a>].<br \/>\n<a href=\"\/audio\/tr\u00e8mida.wav\" >Tr\u00e8mida<\/a>.<br \/>\n<a href=\"\/audio\/tr\u00e8midu.wav\" >Tr\u00e8midu<\/a>.<br \/>\n<a href=\"\/audio\/trempas.wav\" >Trempas<\/a>.<br \/>\n<a href=\"\/audio\/tr\u00e8mula.wav\" >Tr\u00e8mula<\/a>.<br \/>\n<a href=\"\/audio\/trenu.wav\" >Trenu<\/a>.<br \/>\n<a href=\"\/audio\/tres.wav\" >Tres<\/a> [<a href=\"\/audio\/tres_1.wav\" >1<\/a>] [<a href=\"\/audio\/tres_2.wav\" >2<\/a>] [<a href=\"\/audio\/tres_3.wav\" >3<\/a>].<br \/>\n<a href=\"\/audio\/tretos.wav\" >Tretos<\/a>.<br \/>\n<a href=\"\/audio\/tretu.wav\" >Tretu<\/a>.<br \/>\n<a href=\"\/audio\/tr\u00e8ulu.wav\" >Tr\u00e8ulu<\/a>.<br \/>\n<a href=\"\/audio\/tribunale.wav\" >Tribunale<\/a>.<br \/>\n<a href=\"\/audio\/trichecu.wav\" >Trichecu<\/a>.<br \/>\n<a href=\"\/audio\/trigh\u00ecngiu.wav\" >Trigh\u00ecngiu<\/a>.<br \/>\n<a href=\"\/audio\/trigu.wav\" >Trigu<\/a>.<br \/>\n<a href=\"\/audio\/trinta.wav\" >Trinta<\/a>.<br \/>\n<a href=\"\/audio\/trintzeas.wav\" >Trintzeas<\/a>.<br \/>\n<a href=\"\/audio\/trintzea.wav\" >Trintzea<\/a>.<br \/>\n<a href=\"\/audio\/trista.wav\" >Trista<\/a>.<br \/>\n<a href=\"\/audio\/tristos.wav\" >Tristos<\/a>.<br \/>\n<a href=\"\/audio\/tristura.wav\" >Tristura<\/a>.<br \/>\n<a href=\"\/audio\/tristu.wav\" >Tristu<\/a>.<br \/>\n<a href=\"\/audio\/tr\u00eculas.wav\" >Tr\u00eculas<\/a>.<br \/>\n<a href=\"\/audio\/triunfu.wav\" >Triunfu<\/a>.<br \/>\n<a href=\"\/audio\/tronos.wav\" >Tronos<\/a>.<br \/>\n<a href=\"\/audio\/tronu.wav\" >Tronu<\/a>.<br \/>\n<a href=\"\/audio\/tropa.wav\" >Tropa<\/a>.<br \/>\n<a href=\"\/audio\/tropu.wav\" >Tropu<\/a>.<br \/>\n<a href=\"\/audio\/truma.wav\" >Truma<\/a>.<br \/>\n<a href=\"\/audio\/trumba.wav\" >Trumba<\/a>.<br \/>\n<a href=\"\/audio\/truncada.wav\" >Truncada<\/a>.<br \/>\n<a href=\"\/audio\/truncadu.wav\" >Truncadu<\/a>.<br \/>\n<a href=\"\/audio\/truncare.wav\" >Truncare<\/a>.<br \/>\n<a href=\"\/audio\/truncat.wav\" >Truncat<\/a> [<a href=\"\/audio\/truncat_1.wav\" >1<\/a>].<br \/>\n<a href=\"\/audio\/truncos.wav\" >Truncos<\/a>.<br \/>\n<a href=\"\/audio\/truncu.wav\" >Truncu<\/a>.<br \/>\n<a href=\"\/audio\/tuas.wav\" >Tuas<\/a>.<br \/>\n<a href=\"\/audio\/tua.wav\" >Tua<\/a>.<br \/>\n<a href=\"\/audio\/tue.wav\" >Tue<\/a>.<br \/>\n<a href=\"\/audio\/tumbas.wav\" >Tumbas<\/a>.<br \/>\n<a href=\"\/audio\/tumba.wav\" >Tumba<\/a>.<br \/>\n<a href=\"\/audio\/tunda.wav\" >Tunda<\/a>.<br \/>\n<a href=\"\/audio\/tundu.wav\" >Tundu<\/a>.<br \/>\n<a href=\"\/audio\/tunnel.wav\" >Tunnel<\/a>.<br \/>\n<a href=\"\/audio\/tuos.wav\" >Tuos<\/a>.<br \/>\n<a href=\"\/audio\/tuo.wav\" >Tuo<\/a>.<br \/>\n<a href=\"\/audio\/tupas.wav\" >Tupas<\/a>.<br \/>\n<a href=\"\/audio\/tupa.wav\" >Tupa<\/a>.<br \/>\n<a href=\"\/audio\/turistas.wav\" >Turistas<\/a>.<br \/>\n<a href=\"\/audio\/turmentadu.wav\" >Turmentadu<\/a> [<a href=\"\/audio\/turmentadu_1.wav\" >1<\/a>].<br \/>\n<a href=\"\/audio\/turmentos.wav\" >Turmentos<\/a>.<br \/>\n<a href=\"\/audio\/turmentu.wav\" >Turmentu<\/a>.<br \/>\n<a href=\"\/audio\/turnu.wav\" >Turnu<\/a>.<br \/>\n<a href=\"\/audio\/turres.wav\" >Turres<\/a>.<br \/>\n<a href=\"\/audio\/turre.wav\" >Turre<\/a>.<br \/>\n<a href=\"\/audio\/turta.wav\" >Turta<\/a>.<br \/>\n<a href=\"\/audio\/t\u00f9ssiu.wav\" >T\u00f9ssiu<\/a>.<br \/>\n<a href=\"\/audio\/tutela.wav\" >Tutela<\/a>.<\/p>\n","protected":false},"excerpt":{"rendered":"<p>Tabacu. Tale. Tambene. Tamen [1] [2]. T&#8217;amus. Tancadas. Tancada. Tancadu. Tancare. Tancas. Tanca. Tanda. Tando. Tango [1]. Tantas [1]. Tanta. Tante. Tantos. Tantu. T&#8217;ant. Tapete. Tapo. Taras. Tardu. Tassas. Tassa. Tassighedda. Tassista. Tass\u00ec. Tastadu. Tastare. T\u00e0tari [1] [2] [3]. T&#8217;at. Tatza. T\u00e0ulas. T\u00e0ula. Teatrale [1]. Teatru. T\u00e8cnicas. T\u00e8cnica. T\u00e8cnicos. T\u00e8cnicu. Tedesca. Tedescu. Tegus. Tela. Telefonada. [&hellip;]<\/p>\n","protected":false},"author":1,"featured_media":0,"parent":47,"menu_order":0,"comment_status":"closed","ping_status":"closed","template":"","meta":{"footnotes":""},"class_list":["post-89","page","type-page","status-publish","hentry"],"_links":{"self":[{"href":"https:\/\/sintesa.nor-web.eu\/en\/wp-json\/wp\/v2\/pages\/89","targetHints":{"allow":["GET"]}}],"collection":[{"href":"https:\/\/sintesa.nor-web.eu\/en\/wp-json\/wp\/v2\/pages"}],"about":[{"href":"https:\/\/sintesa.nor-web.eu\/en\/wp-json\/wp\/v2\/types\/page"}],"author":[{"embeddable":true,"href":"https:\/\/sintesa.nor-web.eu\/en\/wp-json\/wp\/v2\/users\/1"}],"replies":[{"embeddable":true,"href":"https:\/\/sintesa.nor-web.eu\/en\/wp-json\/wp\/v2\/comments?post=89"}],"version-history":[{"count":5,"href":"https:\/\/sintesa.nor-web.eu\/en\/wp-json\/wp\/v2\/pages\/89\/revisions"}],"predecessor-version":[{"id":332,"href":"https:\/\/sintesa.nor-web.eu\/en\/wp-json\/wp\/v2\/pages\/89\/revisions\/332"}],"up":[{"embeddable":true,"href":"https:\/\/sintesa.nor-web.eu\/en\/wp-json\/wp\/v2\/pages\/47"}],"wp:attachment":[{"href":"https:\/\/sintesa.nor-web.eu\/en\/wp-json\/wp\/v2\/media?parent=89"}],"curies":[{"name":"wp","href":"https:\/\/api.w.org\/{rel}","templated":true}]}}