{"id":81,"date":"2014-12-02T19:33:39","date_gmt":"2014-12-02T18:33:39","guid":{"rendered":"http:\/\/tts.nor-web.eu\/?page_id=81"},"modified":"2015-11-26T12:27:21","modified_gmt":"2015-11-26T11:27:21","slug":"lettera-o","status":"publish","type":"page","link":"https:\/\/sintesa.nor-web.eu\/en\/parole\/parlante-1-uomo\/lettera-o\/","title":{"rendered":"Letter O"},"content":{"rendered":"<p><a href=\"\/audio\/o.wav\" >O<\/a>.<br \/>\n<a href=\"\/audio\/obligadu.wav\" >Obligadu<\/a>.<br \/>\n<a href=\"\/audio\/\u00f2bligu.wav\" >\u00d2bligu<\/a>.<br \/>\n<a href=\"\/audio\/ocasiones.wav\" >Ocasiones<\/a>.<br \/>\n<a href=\"\/audio\/ocasione.wav\" >Ocasione<\/a>.<br \/>\n<a href=\"\/audio\/ochidu.wav\" >Ochidu<\/a>.<br \/>\n<a href=\"\/audio\/ochiende.wav\" >Ochiende<\/a>.<br \/>\n<a href=\"\/audio\/ochient.wav\" >Ochient<\/a> [<a href=\"\/audio\/ochient_1.wav\" >1<\/a>].<br \/>\n<a href=\"\/audio\/och\u00ecere.wav\" >Och\u00ecere<\/a>.<br \/>\n<a href=\"\/audio\/ochiet.wav\" >Ochiet<\/a> [<a href=\"\/audio\/ochiet_1.wav\" >1<\/a>].<br \/>\n<a href=\"\/audio\/ocupadu.wav\" >Ocupadu<\/a>.<br \/>\n<a href=\"\/audio\/\u00f2diu.wav\" >\u00d2diu<\/a>.<br \/>\n<a href=\"\/audio\/oe.wav\" >Oe<\/a>.<br \/>\n<a href=\"\/audio\/ofesa.wav\" >Ofesa<\/a>.<br \/>\n<a href=\"\/audio\/ofesu.wav\" >Ofesu<\/a>.<br \/>\n<a href=\"\/audio\/ogetos.wav\" >Ogetos<\/a>.<br \/>\n<a href=\"\/audio\/ogetu.wav\" >Ogetu<\/a>.<br \/>\n<a href=\"\/audio\/\u00f2giu.wav\" >\u00d2giu<\/a> [<a href=\"\/audio\/\u00f2giu_1.wav\" >1<\/a>].<br \/>\n<a href=\"\/audio\/ogna.wav\" >Ogna<\/a>.<br \/>\n<a href=\"\/audio\/ogni.wav\" >Ogni<\/a>.<br \/>\n<a href=\"\/audio\/ognunu.wav\" >Ognunu<\/a>.<br \/>\n<a href=\"\/audio\/ogradas.wav\" >Ogradas<\/a>.<br \/>\n<a href=\"\/audio\/ograda.wav\" >Ograda<\/a>.<br \/>\n<a href=\"\/audio\/ogreras.wav\" >Ogreras<\/a>.<br \/>\n<a href=\"\/audio\/ogros.wav\" >Ogros<\/a> [<a href=\"\/audio\/ogros_1.wav\" >1<\/a>].<br \/>\n<a href=\"\/audio\/ogru.wav\" >Ogru<\/a>.<br \/>\n<a href=\"\/audio\/ohi.wav\" >Ohi<\/a> [<a href=\"\/audio\/oh_1.wav\" >1<\/a>] [<a href=\"\/audio\/oh_2.wav\" >2<\/a>] [<a href=\"\/audio\/oh_3.wav\" >3<\/a>] [<a href=\"\/audio\/oh_4.wav\" >4<\/a>] [<a href=\"\/audio\/oh_5.wav\" >5<\/a>] [<a href=\"\/audio\/oh_6.wav\" >6<\/a>] [<a href=\"\/audio\/oh_7.wav\" >7<\/a>] [<a href=\"\/audio\/ohi_1.wav\" >1<\/a>].<br \/>\n<a href=\"\/audio\/oh.wav\" >Oh<\/a>.<br \/>\n<a href=\"\/audio\/oi.wav\" >Oi<\/a>.<br \/>\n<a href=\"\/audio\/olia.wav\" >Olia<\/a>.<br \/>\n<a href=\"\/audio\/\u00f2mines.wav\" >\u00d2mines<\/a> [<a href=\"\/audio\/\u00f2mines_1.wav\" >1<\/a>].<br \/>\n<a href=\"\/audio\/\u00f2mine.wav\" >\u00d2mine<\/a>.<br \/>\n<a href=\"\/audio\/onesta.wav\" >Onesta<\/a>.<br \/>\n<a href=\"\/audio\/onniassantu.wav\" >Onniassantu<\/a>.<br \/>\n<a href=\"\/audio\/\u00f2nnia.wav\" >\u00d2nnia<\/a>.<br \/>\n<a href=\"\/audio\/onniunu.wav\" >Onniunu<\/a> [<a href=\"\/audio\/onniunu_1.wav\" >1<\/a>].<br \/>\n<a href=\"\/audio\/onni.wav\" >Onni<\/a>.<br \/>\n<a href=\"\/audio\/onore.wav\" >Onore<\/a>.<br \/>\n<a href=\"\/audio\/oos.wav\" >Oos<\/a>.<br \/>\n<a href=\"\/audio\/operadores.wav\" >Operadores<\/a>.<br \/>\n<a href=\"\/audio\/operajos.wav\" >Operajos<\/a>.<br \/>\n<a href=\"\/audio\/\u00f2peras.wav\" >\u00d2peras<\/a> [<a href=\"\/audio\/\u00f2peras_1.wav\" >1<\/a>] [<a href=\"\/audio\/\u00f2peras_2.wav\" >2<\/a>].<br \/>\n<a href=\"\/audio\/\u00f2pera.wav\" >\u00d2pera<\/a>.<br \/>\n<a href=\"\/audio\/opiniones.wav\" >Opiniones<\/a>.<br \/>\n<a href=\"\/audio\/orale.wav\" >Orale<\/a>.<br \/>\n<a href=\"\/audio\/oramai.wav\" >Oramai<\/a>.<br \/>\n<a href=\"\/audio\/oras.wav\" >Oras<\/a> [<a href=\"\/audio\/oras_1.wav\" >1<\/a>].<br \/>\n<a href=\"\/audio\/ora.wav\" >Ora<\/a>.<br \/>\n<a href=\"\/audio\/ordinadu.wav\" >Ordinadu<\/a>.<br \/>\n<a href=\"\/audio\/\u00f2rdines.wav\" >\u00d2rdines<\/a>.<br \/>\n<a href=\"\/audio\/\u00f2rdine.wav\" >\u00d2rdine<\/a>.<br \/>\n<a href=\"\/audio\/\u00f2rganos.wav\" >\u00d2rganos<\/a>.<br \/>\n<a href=\"\/audio\/oriente.wav\" >Oriente<\/a>.<br \/>\n<a href=\"\/audio\/originales.wav\" >Originales<\/a>.<br \/>\n<a href=\"\/audio\/originale.wav\" >Originale<\/a>.<br \/>\n<a href=\"\/audio\/or\u00ecgine.wav\" >Or\u00ecgine<\/a>.<br \/>\n<a href=\"\/audio\/origras.wav\" >Origras<\/a>.<br \/>\n<a href=\"\/audio\/oros.wav\" >Oros<\/a>.<br \/>\n<a href=\"\/audio\/oro.wav\" >Oro<\/a>.<br \/>\n<a href=\"\/audio\/orrorosa.wav\" >Orrorosa<\/a>.<br \/>\n<a href=\"\/audio\/orrorosu.wav\" >Orrorosu<\/a>.<br \/>\n<a href=\"\/audio\/ortodossos.wav\" >Ortodossos<\/a>.<br \/>\n<a href=\"\/audio\/oru.wav\" >Oru<\/a> [<a href=\"\/audio\/oru_1.wav\" >1<\/a>].<br \/>\n<a href=\"\/audio\/osservatzione.wav\" >Osservatzione<\/a>.<br \/>\n<a href=\"\/audio\/ossos.wav\" >Ossos<\/a>.<br \/>\n<a href=\"\/audio\/ossu.wav\" >Ossu<\/a>.<br \/>\n<a href=\"\/audio\/otanta.wav\" >Otanta<\/a>.<br \/>\n<a href=\"\/audio\/ot\u00e8nnere.wav\" >Ot\u00e8nnere<\/a>.<br \/>\n<a href=\"\/audio\/Otieri.wav\" >Otieri<\/a>.<br \/>\n<a href=\"\/audio\/oto.wav\" >Oto<\/a>.<br \/>\n<a href=\"\/audio\/otzeras.wav\" >Otzeras<\/a>.<br \/>\n<a href=\"\/audio\/otzidentale.wav\" >Otzidentale<\/a>.<\/p>\n","protected":false},"excerpt":{"rendered":"<p>O. Obligadu. \u00d2bligu. Ocasiones. Ocasione. Ochidu. Ochiende. Ochient [1]. Och\u00ecere. Ochiet [1]. Ocupadu. \u00d2diu. Oe. Ofesa. Ofesu. Ogetos. Ogetu. \u00d2giu [1]. Ogna. Ogni. Ognunu. Ogradas. Ograda. Ogreras. Ogros [1]. Ogru. Ohi [1] [2] [3] [4] [5] [6] [7] [1]. Oh. Oi. Olia. \u00d2mines [1]. \u00d2mine. Onesta. Onniassantu. \u00d2nnia. Onniunu [1]. Onni. Onore. Oos. Operadores. Operajos. [&hellip;]<\/p>\n","protected":false},"author":1,"featured_media":0,"parent":47,"menu_order":0,"comment_status":"closed","ping_status":"closed","template":"","meta":{"footnotes":""},"class_list":["post-81","page","type-page","status-publish","hentry"],"_links":{"self":[{"href":"https:\/\/sintesa.nor-web.eu\/en\/wp-json\/wp\/v2\/pages\/81","targetHints":{"allow":["GET"]}}],"collection":[{"href":"https:\/\/sintesa.nor-web.eu\/en\/wp-json\/wp\/v2\/pages"}],"about":[{"href":"https:\/\/sintesa.nor-web.eu\/en\/wp-json\/wp\/v2\/types\/page"}],"author":[{"embeddable":true,"href":"https:\/\/sintesa.nor-web.eu\/en\/wp-json\/wp\/v2\/users\/1"}],"replies":[{"embeddable":true,"href":"https:\/\/sintesa.nor-web.eu\/en\/wp-json\/wp\/v2\/comments?post=81"}],"version-history":[{"count":5,"href":"https:\/\/sintesa.nor-web.eu\/en\/wp-json\/wp\/v2\/pages\/81\/revisions"}],"predecessor-version":[{"id":336,"href":"https:\/\/sintesa.nor-web.eu\/en\/wp-json\/wp\/v2\/pages\/81\/revisions\/336"}],"up":[{"embeddable":true,"href":"https:\/\/sintesa.nor-web.eu\/en\/wp-json\/wp\/v2\/pages\/47"}],"wp:attachment":[{"href":"https:\/\/sintesa.nor-web.eu\/en\/wp-json\/wp\/v2\/media?parent=81"}],"curies":[{"name":"wp","href":"https:\/\/api.w.org\/{rel}","templated":true}]}}