{"id":79,"date":"2014-12-02T19:23:59","date_gmt":"2014-12-02T18:23:59","guid":{"rendered":"http:\/\/tts.nor-web.eu\/?page_id=79"},"modified":"2015-11-26T12:27:56","modified_gmt":"2015-11-26T11:27:56","slug":"lettera-n","status":"publish","type":"page","link":"https:\/\/sintesa.nor-web.eu\/en\/parole\/parlante-1-uomo\/lettera-n\/","title":{"rendered":"Letter N"},"content":{"rendered":"<p><a href=\"\/audio\/nadale.wav\" >Nadale<\/a>.<br \/>\n<a href=\"\/audio\/naes.wav\" >Naes<\/a>.<br \/>\n<a href=\"\/audio\/nae.wav\" >Nae<\/a>.<br \/>\n<a href=\"\/audio\/nanchi.wav\" >Nanchi<\/a>.<br \/>\n<a href=\"\/audio\/Nanni.wav\" >Nanni<\/a>.<br \/>\n<a href=\"\/audio\/naradas.wav\" >Naradas<\/a>.<br \/>\n<a href=\"\/audio\/narada.wav\" >Narada<\/a>.<br \/>\n<a href=\"\/audio\/narades.wav\" >Narades<\/a> [<a href=\"\/audio\/narades_1.wav\" >1<\/a>].<br \/>\n<a href=\"\/audio\/narade.wav\" >Narade<\/a>.<br \/>\n<a href=\"\/audio\/naradu.wav\" >Naradu<\/a>.<br \/>\n<a href=\"\/audio\/naraiant.wav\" >Naraiant<\/a> [<a href=\"\/audio\/naraiant_1.wav\" >1<\/a>].<br \/>\n<a href=\"\/audio\/naraiat.wav\" >Naraiat<\/a> [<a href=\"\/audio\/naraiat_1.wav\" >1<\/a>].<br \/>\n<a href=\"\/audio\/naraia.wav\" >Naraia<\/a>.<br \/>\n<a href=\"\/audio\/naramus.wav\" >Naramus<\/a>.<br \/>\n<a href=\"\/audio\/narant.wav\" >Narant<\/a> [<a href=\"\/audio\/narant_1.wav\" >1<\/a>].<br \/>\n<a href=\"\/audio\/naras.wav\" >Naras<\/a>.<br \/>\n<a href=\"\/audio\/narat.wav\" >Narat<\/a> [<a href=\"\/audio\/narat_1.wav\" >1<\/a>].<br \/>\n<a href=\"\/audio\/nara.wav\" >Nara<\/a>.<br \/>\n<a href=\"\/audio\/narende.wav\" >Narende<\/a>.<br \/>\n<a href=\"\/audio\/nares.wav\" >Nares<\/a>.<br \/>\n<a href=\"\/audio\/nare.wav\" >Nare<\/a>.<br \/>\n<a href=\"\/audio\/nargeit.wav\" >Nargeit<\/a> [<a href=\"\/audio\/nargeit_1.wav\" >1<\/a>] [<a href=\"\/audio\/nargeit_2.wav\" >2<\/a>] [<a href=\"\/audio\/nargeit_4.wav\" >4<\/a>].<br \/>\n<a href=\"\/audio\/n\u00e0rgias.wav\" >N\u00e0rgias<\/a>.<br \/>\n<a href=\"\/audio\/n\u00e0rgiat.wav\" >N\u00e0rgiat<\/a> [<a href=\"\/audio\/n\u00e0rgiat_1.wav\" >1<\/a>] [<a href=\"\/audio\/n\u00e0rgiat_2.wav\" >2<\/a>].<br \/>\n<a href=\"\/audio\/naro.wav\" >Naro<\/a>.<br \/>\n<a href=\"\/audio\/narradores.wav\" >Narradores<\/a>.<br \/>\n<a href=\"\/audio\/narrativa.wav\" >Narrativa<\/a>.<br \/>\n<a href=\"\/audio\/n\u00e0rrere.wav\" >N\u00e0rrere<\/a>.<br \/>\n<a href=\"\/audio\/naschent.wav\" >Naschent<\/a> [<a href=\"\/audio\/naschent_1.wav\" >1<\/a>].<br \/>\n<a href=\"\/audio\/n\u00e0schere.wav\" >N\u00e0schere<\/a>.<br \/>\n<a href=\"\/audio\/naschet.wav\" >Naschet<\/a> [<a href=\"\/audio\/naschet_1.wav\" >1<\/a>].<br \/>\n<a href=\"\/audio\/n\u00e0schida.wav\" >N\u00e0schida<\/a>.<br \/>\n<a href=\"\/audio\/n\u00e0schidos.wav\" >N\u00e0schidos<\/a>.<br \/>\n<a href=\"\/audio\/n\u00e0schidu.wav\" >N\u00e0schidu<\/a>.<br \/>\n<a href=\"\/audio\/nasu.wav\" >Nasu<\/a>.<br \/>\n<a href=\"\/audio\/naturales.wav\" >Naturales<\/a>.<br \/>\n<a href=\"\/audio\/naturale.wav\" >Naturale<\/a>.<br \/>\n<a href=\"\/audio\/natura.wav\" >Natura<\/a>.<br \/>\n<a href=\"\/audio\/natzionales.wav\" >Natzionales<\/a> [<a href=\"\/audio\/natzionale_1.wav\" >1<\/a>].<br \/>\n<a href=\"\/audio\/natzionale.wav\" >Natzionale<\/a>.<br \/>\n<a href=\"\/audio\/natzionalistas.wav\" >Natzionalistas<\/a> [<a href=\"\/audio\/natzionalistas_1.wav\" >1<\/a>].<br \/>\n<a href=\"\/audio\/natziones.wav\" >Natziones<\/a>.<br \/>\n<a href=\"\/audio\/natzione.wav\" >Natzione<\/a>.<br \/>\n<a href=\"\/audio\/navigare.wav\" >Navigare<\/a>.<br \/>\n<a href=\"\/audio\/na'.wav\" >Na&#8217;<\/a>.<br \/>\n<a href=\"\/audio\/nch'aeret.wav\" >Nch&#8217;aeret<\/a> [<a href=\"\/audio\/nch'aeret_1.wav\" >1<\/a>] [<a href=\"\/audio\/nch'aeret_2.wav\" >2<\/a>].<br \/>\n<a href=\"\/audio\/nch'\u00e0ere.wav\" >Nch&#8217;\u00e0ere<\/a>.<br \/>\n<a href=\"\/audio\/nch'aiant.wav\" >Nch&#8217;aiant<\/a> [<a href=\"\/audio\/nch'aiant_1.wav\" >1<\/a>].<br \/>\n<a href=\"\/audio\/nch'aiat.wav\" >Nch&#8217;aiat<\/a> [<a href=\"\/audio\/nch'aiat_1.wav\" >1<\/a>] [<a href=\"\/audio\/nch'aiat_2.wav\" >2<\/a>] [<a href=\"\/audio\/nch'aiat_3.wav\" >3<\/a>].<br \/>\n<a href=\"\/audio\/nch'aia.wav\" >Nch&#8217;aia<\/a>.<br \/>\n<a href=\"\/audio\/nch'amus.wav\" >Nch&#8217;amus<\/a>.<br \/>\n<a href=\"\/audio\/nch'andaiat.wav\" >Nch&#8217;andaiat<\/a> [<a href=\"\/audio\/nch'andaiat_1.wav\" >1<\/a>] [<a href=\"\/audio\/nch'andaiat_2.wav\" >2<\/a>].<br \/>\n<a href=\"\/audio\/nch'andare.wav\" >Nch&#8217;andare<\/a> [<a href=\"\/audio\/nch'andare_1.wav\" >1<\/a>].<br \/>\n<a href=\"\/audio\/nch'andas.wav\" >Nch&#8217;andas<\/a>.<br \/>\n<a href=\"\/audio\/nch'andat.wav\" >Nch&#8217;andat<\/a> [<a href=\"\/audio\/nch'andat_1.wav\" >1<\/a>].<br \/>\n<a href=\"\/audio\/nch'ando.wav\" >Nch&#8217;ando<\/a> [<a href=\"\/audio\/nch'ando_1.wav\" >1<\/a>].<br \/>\n<a href=\"\/audio\/nch'ant.wav\" >Nch&#8217;ant<\/a> [<a href=\"\/audio\/nch'ant_1.wav\" >1<\/a>].<br \/>\n<a href=\"\/audio\/nch'apo.wav\" >Nch&#8217;apo<\/a>.<br \/>\n<a href=\"\/audio\/nch'arribbare.wav\" >Nch&#8217;arribbare<\/a>.<br \/>\n<a href=\"\/audio\/nch'as.wav\" >Nch&#8217;as<\/a> [<a href=\"\/audio\/nch'as_1.wav\" >1<\/a>] [<a href=\"\/audio\/nch'as_2.wav\" >2<\/a>] [<a href=\"\/audio\/nch'as_3.wav\" >3<\/a>] [<a href=\"\/audio\/nch'as_4.wav\" >4<\/a>].<br \/>\n<a href=\"\/audio\/nch'at.wav\" >Nch&#8217;at<\/a> [<a href=\"\/audio\/nch'at_1.wav\" >1<\/a>].<br \/>\n<a href=\"\/audio\/nch'esseret.wav\" >Nch&#8217;esseret<\/a> [<a href=\"\/audio\/nch'esseret_1.wav\" >1<\/a>] [<a href=\"\/audio\/nch'esseret_2.wav\" >2<\/a>].<br \/>\n<a href=\"\/audio\/nch'\u00e8ssere.wav\" >Nch&#8217;\u00e8ssere<\/a>.<br \/>\n<a href=\"\/audio\/nch'essiat.wav\" >Nch&#8217;essiat<\/a> [<a href=\"\/audio\/nch'essiat_1.wav\" >1<\/a>].<br \/>\n<a href=\"\/audio\/nch'essire.wav\" >Nch&#8217;essire<\/a>.<br \/>\n<a href=\"\/audio\/nch'est.wav\" >Nch&#8217;est<\/a> [<a href=\"\/audio\/nch'est_1.wav\" >1<\/a>] [<a href=\"\/audio\/nch'est_2.wav\" >2<\/a>].<br \/>\n<a href=\"\/audio\/nche.wav\" >Nche<\/a>.<br \/>\n<a href=\"\/audio\/nd'abbigiare.wav\" >Nd&#8217;abbigiare<\/a>.<br \/>\n<a href=\"\/audio\/nd'\u00e0ere.wav\" >Nd&#8217;\u00e0ere<\/a>.<br \/>\n<a href=\"\/audio\/nd'aiant.wav\" >Nd&#8217;aiant<\/a> [<a href=\"\/audio\/nd'aiant_1.wav\" >1<\/a>].<br \/>\n<a href=\"\/audio\/nd'aiat.wav\" >Nd&#8217;aiat<\/a> [<a href=\"\/audio\/nd'aiat_1.wav\" >1<\/a>].<br \/>\n<a href=\"\/audio\/nd'aia.wav\" >Nd&#8217;aia<\/a>.<br \/>\n<a href=\"\/audio\/nd'ais.wav\" >Nd&#8217;ais<\/a>.<br \/>\n<a href=\"\/audio\/nd'ammentades.wav\" >Nd&#8217;ammentades<\/a>.<br \/>\n<a href=\"\/audio\/nd'ammentas.wav\" >Nd&#8217;ammentas<\/a>.<br \/>\n<a href=\"\/audio\/nd'ammento.wav\" >Nd&#8217;ammento<\/a>.<br \/>\n<a href=\"\/audio\/nd'amus.wav\" >Nd&#8217;amus<\/a>.<br \/>\n<a href=\"\/audio\/nd'ant.wav\" >Nd&#8217;ant<\/a> [<a href=\"\/audio\/nd'ant_1.wav\" >1<\/a>].<br \/>\n<a href=\"\/audio\/nd'apat.wav\" >Nd&#8217;apat<\/a> [<a href=\"\/audio\/nd'apat_1.wav\" >1<\/a>].<br \/>\n<a href=\"\/audio\/nd'apo.wav\" >Nd&#8217;apo<\/a>.<br \/>\n<a href=\"\/audio\/nd'as.wav\" >Nd&#8217;as<\/a> [<a href=\"\/audio\/nd'as_1.wav\" >1<\/a>] [<a href=\"\/audio\/nd'as_2.wav\" >2<\/a>].<br \/>\n<a href=\"\/audio\/nd'at.wav\" >Nd&#8217;at<\/a> [<a href=\"\/audio\/nd'at_1.wav\" >1<\/a>].<br \/>\n<a href=\"\/audio\/nd'esseret.wav\" >Nd&#8217;esseret<\/a> [<a href=\"\/audio\/nd'esseret_1.wav\" >1<\/a>].<br \/>\n<a href=\"\/audio\/nd'essiat.wav\" >Nd&#8217;essiat<\/a> [<a href=\"\/audio\/nd'essiat_1.wav\" >1<\/a>].<br \/>\n<a href=\"\/audio\/nd'essire.wav\" >Nd&#8217;essire<\/a>.<br \/>\n<a href=\"\/audio\/nd'essit.wav\" >Nd&#8217;essit<\/a> [<a href=\"\/audio\/nd'essit_1.wav\" >1<\/a>].<br \/>\n<a href=\"\/audio\/nd'est.wav\" >Nd&#8217;est<\/a> [<a href=\"\/audio\/nd'est_1.wav\" >1<\/a>].<br \/>\n<a href=\"\/audio\/nde.wav\" >Nde<\/a>.<br \/>\n<a href=\"\/audio\/nd'importat.wav\" >Nd&#8217;importat<\/a> [<a href=\"\/audio\/nd'importat_1.wav\" >1<\/a>].<br \/>\n<a href=\"\/audio\/nd'ischiat.wav\" >Nd&#8217;ischiat<\/a> [<a href=\"\/audio\/nd'ischiat_1.wav\" >1<\/a>].<br \/>\n<a href=\"\/audio\/nd'ischit.wav\" >Nd&#8217;ischit<\/a> [<a href=\"\/audio\/nd'ischit_1.wav\" >1<\/a>].<br \/>\n<a href=\"\/audio\/nd'isco.wav\" >Nd&#8217;isco<\/a>.<br \/>\n<a href=\"\/audio\/n\u00e8bida.wav\" >N\u00e8bida<\/a> [<a href=\"\/audio\/ne_1.wav\" >1<\/a>].<br \/>\n<a href=\"\/audio\/nebodes.wav\" >Nebodes<\/a>.<br \/>\n<a href=\"\/audio\/nebode.wav\" >Nebode<\/a>.<br \/>\n<a href=\"\/audio\/negadu.wav\" >Negadu<\/a>.<br \/>\n<a href=\"\/audio\/negare.wav\" >Negare<\/a>.<br \/>\n<a href=\"\/audio\/neghes.wav\" >Neghes<\/a> [<a href=\"\/audio\/neghe_1.wav\" >1<\/a>].<br \/>\n<a href=\"\/audio\/neghe.wav\" >Neghe<\/a>.<br \/>\n<a href=\"\/audio\/negossiare.wav\" >Negossiare<\/a>.<br \/>\n<a href=\"\/audio\/nego.wav\" >Nego<\/a>.<br \/>\n<a href=\"\/audio\/nemmancu.wav\" >Nemmancu<\/a>.<br \/>\n<a href=\"\/audio\/nemos.wav\" >Nemos<\/a> [<a href=\"\/audio\/nemos_1.wav\" >1<\/a>].<br \/>\n<a href=\"\/audio\/nen.wav\" >Nen<\/a>.<br \/>\n<a href=\"\/audio\/nerviosu.wav\" >Nerviosu<\/a>.<br \/>\n<a href=\"\/audio\/n\u00e8rvios.wav\" >N\u00e8rvios<\/a>.<br \/>\n<a href=\"\/audio\/nervosu.wav\" >Nervosu<\/a>.<br \/>\n<a href=\"\/audio\/nessi.wav\" >Nessi<\/a>.<br \/>\n<a href=\"\/audio\/neta.wav\" >Neta<\/a>.<br \/>\n<a href=\"\/audio\/netu.wav\" >Netu<\/a>.<br \/>\n<a href=\"\/audio\/netzess\u00e0riu.wav\" >Netzess\u00e0riu<\/a>.<br \/>\n<a href=\"\/audio\/netzessidade.wav\" >Netzessidade<\/a> [<a href=\"\/audio\/netzessidade_1.wav\" >1<\/a>] [<a href=\"\/audio\/netzessidade_2.wav\" >2<\/a>].<br \/>\n<a href=\"\/audio\/n\u00e8ula.wav\" >N\u00e8ula<\/a>.<br \/>\n<a href=\"\/audio\/ne.wav\" >Ne<\/a>.<br \/>\n<a href=\"\/audio\/nida.wav\" >Nida<\/a>.<br \/>\n<a href=\"\/audio\/nidu.wav\" >Nidu<\/a>.<br \/>\n<a href=\"\/audio\/nieddas.wav\" >Nieddas<\/a>.<br \/>\n<a href=\"\/audio\/niedda.wav\" >Niedda<\/a>.<br \/>\n<a href=\"\/audio\/nieddore.wav\" >Nieddore<\/a>.<br \/>\n<a href=\"\/audio\/nieddos.wav\" >Nieddos<\/a>.<br \/>\n<a href=\"\/audio\/nieddu.wav\" >Nieddu<\/a>.<br \/>\n<a href=\"\/audio\/nie.wav\" >Nie<\/a>.<br \/>\n<a href=\"\/audio\/ninnu.wav\" >Ninnu<\/a>.<br \/>\n<a href=\"\/audio\/niunu.wav\" >Niunu<\/a>.<br \/>\n<a href=\"\/audio\/noas.wav\" >Noas<\/a>.<br \/>\n<a href=\"\/audio\/noa.wav\" >Noa<\/a>.<br \/>\n<a href=\"\/audio\/n\u00f2biles.wav\" >N\u00f2biles<\/a>.<br \/>\n<a href=\"\/audio\/n\u00f2bile.wav\" >N\u00f2bile<\/a>.<br \/>\n<a href=\"\/audio\/n\u00f2dida.wav\" >N\u00f2dida<\/a>.<br \/>\n<a href=\"\/audio\/n\u00f2didu.wav\" >N\u00f2didu<\/a>.<br \/>\n<a href=\"\/audio\/nodu.wav\" >Nodu<\/a>.<br \/>\n<a href=\"\/audio\/noe.wav\" >Noe<\/a>.<br \/>\n<a href=\"\/audio\/noighentos.wav\" >Noighentos<\/a>.<br \/>\n<a href=\"\/audio\/nointamen.wav\" >Nointamen<\/a> [<a href=\"\/audio\/nointamen_1.wav\" >1<\/a>] [<a href=\"\/audio\/nointamen_2.wav\" >2<\/a>].<br \/>\n<a href=\"\/audio\/nois.wav\" >Nois<\/a> [<a href=\"\/audio\/nois_1.wav\" >1<\/a>].<br \/>\n<a href=\"\/audio\/nono.wav\" >Nono<\/a>.<br \/>\n<a href=\"\/audio\/non.wav\" >Non<\/a>.<br \/>\n<a href=\"\/audio\/noos.wav\" >Noos<\/a>.<br \/>\n<a href=\"\/audio\/noranta.wav\" >Noranta<\/a>.<br \/>\n<a href=\"\/audio\/nord.wav\" >Nord<\/a>.<br \/>\n<a href=\"\/audio\/normale.wav\" >Normale<\/a> [<a href=\"\/audio\/norma_1.wav\" >1<\/a>].<br \/>\n<a href=\"\/audio\/normalidade.wav\" >Normalidade<\/a>.<br \/>\n<a href=\"\/audio\/normas.wav\" >Normas<\/a>.<br \/>\n<a href=\"\/audio\/norma.wav\" >Norma<\/a>.<br \/>\n<a href=\"\/audio\/nosse.wav\" >Nosse<\/a> [<a href=\"\/audio\/nos_1.wav\" >1<\/a>] [<a href=\"\/audio\/nos_2.wav\" >2<\/a>].<br \/>\n<a href=\"\/audio\/nostras.wav\" >Nostras<\/a>.<br \/>\n<a href=\"\/audio\/nostra.wav\" >Nostra<\/a>.<br \/>\n<a href=\"\/audio\/nostros.wav\" >Nostros<\/a>.<br \/>\n<a href=\"\/audio\/nostru.wav\" >Nostru<\/a>.<br \/>\n<a href=\"\/audio\/nos.wav\" >Nos<\/a>.<br \/>\n<a href=\"\/audio\/notadu.wav\" >Notadu<\/a>.<br \/>\n<a href=\"\/audio\/notaju.wav\" >Notaju<\/a>.<br \/>\n<a href=\"\/audio\/notas.wav\" >Notas<\/a>.<br \/>\n<a href=\"\/audio\/nota.wav\" >Nota<\/a>.<br \/>\n<a href=\"\/audio\/notesta.wav\" >Notesta<\/a>.<br \/>\n<a href=\"\/audio\/notes.wav\" >Notes<\/a>.<br \/>\n<a href=\"\/audio\/note.wav\" >Note<\/a>.<br \/>\n<a href=\"\/audio\/nou.wav\" >Nou<\/a>.<br \/>\n<a href=\"\/audio\/novas.wav\" >Novas<\/a>.<br \/>\n<a href=\"\/audio\/nova.wav\" >Nova<\/a>.<br \/>\n<a href=\"\/audio\/novidades.wav\" >Novidades<\/a>.<br \/>\n<a href=\"\/audio\/novidade.wav\" >Novidade<\/a>.<br \/>\n<a href=\"\/audio\/no.wav\" >No<\/a>.<br \/>\n<a href=\"\/audio\/nuda.wav\" >Nuda<\/a>.<br \/>\n<a href=\"\/audio\/nudda.wav\" >Nudda<\/a> [<a href=\"\/audio\/nudda_1.wav\" >1<\/a>] [<a href=\"\/audio\/nudda_2.wav\" >2<\/a>].<br \/>\n<a href=\"\/audio\/nudos.wav\" >Nudos<\/a>.<br \/>\n<a href=\"\/audio\/nudu.wav\" >Nudu<\/a>.<br \/>\n<a href=\"\/audio\/nues.wav\" >Nues<\/a>.<br \/>\n<a href=\"\/audio\/nue.wav\" >Nue<\/a>.<br \/>\n<a href=\"\/audio\/nughe.wav\" >Nughe<\/a>.<br \/>\n<a href=\"\/audio\/nugoresu.wav\" >Nugoresu<\/a>.<br \/>\n<a href=\"\/audio\/N\u00f9goro.wav\" >N\u00f9goro<\/a>.<br \/>\n<a href=\"\/audio\/numenadu.wav\" >Numenadu<\/a>.<br \/>\n<a href=\"\/audio\/numenare.wav\" >Numenare<\/a>.<br \/>\n<a href=\"\/audio\/n\u00f9menes.wav\" >N\u00f9menes<\/a>.<br \/>\n<a href=\"\/audio\/n\u00f9mene.wav\" >N\u00f9mene<\/a>.<br \/>\n<a href=\"\/audio\/n\u00f9meros.wav\" >N\u00f9meros<\/a>.<br \/>\n<a href=\"\/audio\/n\u00f9meru.wav\" >N\u00f9meru<\/a>.<br \/>\n<a href=\"\/audio\/nuraghesas.wav\" >Nuraghesas<\/a>.<br \/>\n<a href=\"\/audio\/nuraghesa.wav\" >Nuraghesa<\/a>.<br \/>\n<a href=\"\/audio\/nuraghes.wav\" >Nuraghes<\/a>.<br \/>\n<a href=\"\/audio\/nuraghe.wav\" >Nuraghe<\/a>.<br \/>\n<a href=\"\/audio\/nura.wav\" >Nura<\/a>.<br \/>\n<a href=\"\/audio\/nuscos.wav\" >Nuscos<\/a>.<br \/>\n<a href=\"\/audio\/nuscu.wav\" >Nuscu<\/a>.<\/p>\n","protected":false},"excerpt":{"rendered":"<p>Nadale. Naes. Nae. Nanchi. Nanni. Naradas. Narada. Narades [1]. Narade. Naradu. Naraiant [1]. Naraiat [1]. Naraia. Naramus. Narant [1]. Naras. Narat [1]. Nara. Narende. Nares. Nare. Nargeit [1] [2] [4]. N\u00e0rgias. N\u00e0rgiat [1] [2]. Naro. Narradores. Narrativa. N\u00e0rrere. Naschent [1]. N\u00e0schere. Naschet [1]. N\u00e0schida. N\u00e0schidos. N\u00e0schidu. Nasu. Naturales. Naturale. Natura. Natzionales [1]. Natzionale. Natzionalistas [1]. [&hellip;]<\/p>\n","protected":false},"author":1,"featured_media":0,"parent":47,"menu_order":0,"comment_status":"closed","ping_status":"closed","template":"","meta":{"footnotes":""},"class_list":["post-79","page","type-page","status-publish","hentry"],"_links":{"self":[{"href":"https:\/\/sintesa.nor-web.eu\/en\/wp-json\/wp\/v2\/pages\/79","targetHints":{"allow":["GET"]}}],"collection":[{"href":"https:\/\/sintesa.nor-web.eu\/en\/wp-json\/wp\/v2\/pages"}],"about":[{"href":"https:\/\/sintesa.nor-web.eu\/en\/wp-json\/wp\/v2\/types\/page"}],"author":[{"embeddable":true,"href":"https:\/\/sintesa.nor-web.eu\/en\/wp-json\/wp\/v2\/users\/1"}],"replies":[{"embeddable":true,"href":"https:\/\/sintesa.nor-web.eu\/en\/wp-json\/wp\/v2\/comments?post=79"}],"version-history":[{"count":5,"href":"https:\/\/sintesa.nor-web.eu\/en\/wp-json\/wp\/v2\/pages\/79\/revisions"}],"predecessor-version":[{"id":337,"href":"https:\/\/sintesa.nor-web.eu\/en\/wp-json\/wp\/v2\/pages\/79\/revisions\/337"}],"up":[{"embeddable":true,"href":"https:\/\/sintesa.nor-web.eu\/en\/wp-json\/wp\/v2\/pages\/47"}],"wp:attachment":[{"href":"https:\/\/sintesa.nor-web.eu\/en\/wp-json\/wp\/v2\/media?parent=79"}],"curies":[{"name":"wp","href":"https:\/\/api.w.org\/{rel}","templated":true}]}}