{"id":77,"date":"2014-12-02T19:23:37","date_gmt":"2014-12-02T18:23:37","guid":{"rendered":"http:\/\/tts.nor-web.eu\/?page_id=77"},"modified":"2015-11-26T12:28:22","modified_gmt":"2015-11-26T11:28:22","slug":"lettera-m","status":"publish","type":"page","link":"https:\/\/sintesa.nor-web.eu\/en\/parole\/parlante-1-uomo\/lettera-m\/","title":{"rendered":"Letter M"},"content":{"rendered":"<p><a href=\"\/audio\/m'abb\u00ecgio.wav\" >M&#8217;abb\u00ecgio<\/a>.<br \/>\n<a href=\"\/audio\/maca.wav\" >Maca<\/a>.<br \/>\n<a href=\"\/audio\/m\u00e0chinas.wav\" >M\u00e0chinas<\/a> [<a href=\"\/audio\/m\u00e0china_1.wav\" >1<\/a>].<br \/>\n<a href=\"\/audio\/m\u00e0china.wav\" >M\u00e0china<\/a>.<br \/>\n<a href=\"\/audio\/machines.wav\" >Machines<\/a>.<br \/>\n<a href=\"\/audio\/m\u00e0chine.wav\" >M\u00e0chine<\/a>.<br \/>\n<a href=\"\/audio\/macos.wav\" >Macos<\/a>.<br \/>\n<a href=\"\/audio\/macu.wav\" >Macu<\/a>.<br \/>\n<a href=\"\/audio\/Madrid.wav\" >Madrid<\/a>.<br \/>\n<a href=\"\/audio\/m'aeret.wav\" >M&#8217;aeret<\/a> [<a href=\"\/audio\/m'aeret_1.wav\" >1<\/a>].<br \/>\n<a href=\"\/audio\/m'\u00e0ere.wav\" >M&#8217;\u00e0ere<\/a>.<br \/>\n<a href=\"\/audio\/maestade.wav\" >Maestade<\/a>.<br \/>\n<a href=\"\/audio\/magasinu.wav\" >Magasinu<\/a>.<br \/>\n<a href=\"\/audio\/m'agatare.wav\" >M&#8217;agatare<\/a>.<br \/>\n<a href=\"\/audio\/m'agradat.wav\" >M&#8217;agradat<\/a> [<a href=\"\/audio\/m'agradat_1.wav\" >1<\/a>].<br \/>\n<a href=\"\/audio\/magras.wav\" >Magras<\/a>.<br \/>\n<a href=\"\/audio\/m'aiant.wav\" >M&#8217;aiant<\/a> [<a href=\"\/audio\/m'aiant_1.wav\" >1<\/a>].<br \/>\n<a href=\"\/audio\/m'aias.wav\" >M&#8217;aias<\/a>.<br \/>\n<a href=\"\/audio\/m'aiat.wav\" >M&#8217;aiat<\/a> [<a href=\"\/audio\/m'aiat_1.wav\" >1<\/a>].<br \/>\n<a href=\"\/audio\/maia.wav\" >Maia<\/a>.<br \/>\n<a href=\"\/audio\/maistra.wav\" >Maistra<\/a> [<a href=\"\/audio\/m'ais_1.wav\" >1<\/a>].<br \/>\n<a href=\"\/audio\/maistros.wav\" >Maistros<\/a>.<br \/>\n<a href=\"\/audio\/maistru.wav\" >Maistru<\/a>.<br \/>\n<a href=\"\/audio\/m'ais.wav\" >M&#8217;ais<\/a>.<br \/>\n<a href=\"\/audio\/mai.wav\" >Mai<\/a>.<br \/>\n<a href=\"\/audio\/majore.wav\" >Majore<\/a>.<br \/>\n<a href=\"\/audio\/majoria.wav\" >Majoria<\/a> [<a href=\"\/audio\/majoria_1.wav\" >1<\/a>].<br \/>\n<a href=\"\/audio\/maju.wav\" >Maju<\/a>.<br \/>\n<a href=\"\/audio\/maladia.wav\" >Maladia<\/a> [<a href=\"\/audio\/mala_1.wav\" >1<\/a>].<br \/>\n<a href=\"\/audio\/mal\u00e0ida.wav\" >Mal\u00e0ida<\/a>.<br \/>\n<a href=\"\/audio\/mal\u00e0idos.wav\" >Mal\u00e0idos<\/a>.<br \/>\n<a href=\"\/audio\/mal\u00e0idu.wav\" >Mal\u00e0idu<\/a>.<br \/>\n<a href=\"\/audio\/malasorte.wav\" >Malasorte<\/a>.<br \/>\n<a href=\"\/audio\/malassortadu.wav\" >Malassortadu<\/a>.<br \/>\n<a href=\"\/audio\/malas.wav\" >Malas<\/a>.<br \/>\n<a href=\"\/audio\/mala.wav\" >Mala<\/a>.<br \/>\n<a href=\"\/audio\/maleitu.wav\" >Maleitu<\/a>.<br \/>\n<a href=\"\/audio\/malesa.wav\" >Malesa<\/a>.<br \/>\n<a href=\"\/audio\/males.wav\" >Males<\/a>.<br \/>\n<a href=\"\/audio\/male.wav\" >Male<\/a>.<br \/>\n<a href=\"\/audio\/mal\u00ectzia.wav\" >Mal\u00ectzia<\/a>.<br \/>\n<a href=\"\/audio\/malos.wav\" >Malos<\/a>.<br \/>\n<a href=\"\/audio\/malu.wav\" >Malu<\/a>.<br \/>\n<a href=\"\/audio\/mamas.wav\" >Mamas<\/a> [<a href=\"\/audio\/mama_1.wav\" >1<\/a>].<br \/>\n<a href=\"\/audio\/mama.wav\" >Mama<\/a>.<br \/>\n<a href=\"\/audio\/m'ammentaia.wav\" >M&#8217;ammentaia<\/a>.<br \/>\n<a href=\"\/audio\/m'ammentat.wav\" >M&#8217;ammentat<\/a> [<a href=\"\/audio\/m'ammentat_1.wav\" >1<\/a>].<br \/>\n<a href=\"\/audio\/m'ammento.wav\" >M&#8217;ammento<\/a>.<br \/>\n<a href=\"\/audio\/mancadu.wav\" >Mancadu<\/a>.<br \/>\n<a href=\"\/audio\/mancaiat.wav\" >Mancaiat<\/a> [<a href=\"\/audio\/mancaiat_1.wav\" >1<\/a>] [<a href=\"\/audio\/mancaiat_2.wav\" >2<\/a>] [<a href=\"\/audio\/mancaiat_3.wav\" >3<\/a>].<br \/>\n<a href=\"\/audio\/mancante.wav\" >Mancante<\/a> [<a href=\"\/audio\/mancant_1.wav\" >1<\/a>].<br \/>\n<a href=\"\/audio\/mancant.wav\" >Mancant<\/a>.<br \/>\n<a href=\"\/audio\/manc\u00e0ntzia.wav\" >Manc\u00e0ntzia<\/a>.<br \/>\n<a href=\"\/audio\/mancare.wav\" >Mancare<\/a>.<br \/>\n<a href=\"\/audio\/mancari.wav\" >Mancari<\/a>.<br \/>\n<a href=\"\/audio\/mancat.wav\" >Mancat<\/a> [<a href=\"\/audio\/mancat_1.wav\" >1<\/a>].<br \/>\n<a href=\"\/audio\/manca.wav\" >Manca<\/a>.<br \/>\n<a href=\"\/audio\/m\u00e0nchinu.wav\" >M\u00e0nchinu<\/a>.<br \/>\n<a href=\"\/audio\/mancu.wav\" >Mancu<\/a>.<br \/>\n<a href=\"\/audio\/mandadu.wav\" >Mandadu<\/a>.<br \/>\n<a href=\"\/audio\/mandaiat.wav\" >Mandaiat<\/a> [<a href=\"\/audio\/mandaiat_1.wav\" >1<\/a>].<br \/>\n<a href=\"\/audio\/mandare.wav\" >Mandare<\/a>.<br \/>\n<a href=\"\/audio\/mandat.wav\" >Mandat<\/a> [<a href=\"\/audio\/mandat_1.wav\" >1<\/a>].<br \/>\n<a href=\"\/audio\/mandigadu.wav\" >Mandigadu<\/a> [<a href=\"\/audio\/mandigadu_1.wav\" >1<\/a>].<br \/>\n<a href=\"\/audio\/mandigaiat.wav\" >Mandigaiat<\/a> [<a href=\"\/audio\/mandigaiat_1.wav\" >1<\/a>].<br \/>\n<a href=\"\/audio\/m\u00e0ndigant.wav\" >M\u00e0ndigant<\/a> [<a href=\"\/audio\/m\u00e0ndigant_1.wav\" >1<\/a>].<br \/>\n<a href=\"\/audio\/mandigare.wav\" >Mandigare<\/a>.<br \/>\n<a href=\"\/audio\/m\u00e0ndigat.wav\" >M\u00e0ndigat<\/a> [<a href=\"\/audio\/m\u00e0ndigat_1.wav\" >1<\/a>].<br \/>\n<a href=\"\/audio\/mandighende.wav\" >Mandighende<\/a>.<br \/>\n<a href=\"\/audio\/m\u00e0ndigos.wav\" >M\u00e0ndigos<\/a>.<br \/>\n<a href=\"\/audio\/m\u00e0ndigo.wav\" >M\u00e0ndigo<\/a>.<br \/>\n<a href=\"\/audio\/m\u00e0ndigu.wav\" >M\u00e0ndigu<\/a>.<br \/>\n<a href=\"\/audio\/maneras.wav\" >Maneras<\/a>.<br \/>\n<a href=\"\/audio\/manera.wav\" >Manera<\/a>.<br \/>\n<a href=\"\/audio\/mangianu.wav\" >Mangianu<\/a>.<br \/>\n<a href=\"\/audio\/manic\u00f2miu.wav\" >Manic\u00f2miu<\/a>.<br \/>\n<a href=\"\/audio\/m\u00e0nigas.wav\" >M\u00e0nigas<\/a>.<br \/>\n<a href=\"\/audio\/m\u00e0niga.wav\" >M\u00e0niga<\/a>.<br \/>\n<a href=\"\/audio\/manigiare.wav\" >Manigiare<\/a>.<br \/>\n<a href=\"\/audio\/man\u00ecgiu.wav\" >Man\u00ecgiu<\/a> [<a href=\"\/audio\/man\u00ecgiu_1.wav\" >1<\/a>].<br \/>\n<a href=\"\/audio\/mann\u00e0ria.wav\" >Mann\u00e0ria<\/a>.<br \/>\n<a href=\"\/audio\/mannas.wav\" >Mannas<\/a>.<br \/>\n<a href=\"\/audio\/manna.wav\" >Manna<\/a>.<br \/>\n<a href=\"\/audio\/mannesa.wav\" >Mannesa<\/a>.<br \/>\n<a href=\"\/audio\/mannoi.wav\" >Mannoi<\/a> [<a href=\"\/audio\/mannoi_1.wav\" >1<\/a>].<br \/>\n<a href=\"\/audio\/mannos.wav\" >Mannos<\/a> [<a href=\"\/audio\/mannos_1.wav\" >1<\/a>] [<a href=\"\/audio\/mannos_2.wav\" >2<\/a>] [<a href=\"\/audio\/mannos_3.wav\" >3<\/a>].<br \/>\n<a href=\"\/audio\/mannu.wav\" >Mannu<\/a>.<br \/>\n<a href=\"\/audio\/manos.wav\" >Manos<\/a> [<a href=\"\/audio\/manos_1.wav\" >1<\/a>] [<a href=\"\/audio\/manos_2.wav\" >2<\/a>].<br \/>\n<a href=\"\/audio\/manta.wav\" >Manta<\/a> [<a href=\"\/audio\/m'ant_1.wav\" >1<\/a>].<br \/>\n<a href=\"\/audio\/mantenende.wav\" >Mantenende<\/a>.<br \/>\n<a href=\"\/audio\/mantenet.wav\" >Mantenet<\/a> [<a href=\"\/audio\/mantenet_1.wav\" >1<\/a>].<br \/>\n<a href=\"\/audio\/manteniat.wav\" >Manteniat<\/a> [<a href=\"\/audio\/manteniat_1.wav\" >1<\/a>].<br \/>\n<a href=\"\/audio\/mant\u00e8nnere.wav\" >Mant\u00e8nnere<\/a>.<br \/>\n<a href=\"\/audio\/mantesa.wav\" >Mantesa<\/a>.<br \/>\n<a href=\"\/audio\/m'ant.wav\" >M&#8217;ant<\/a>.<br \/>\n<a href=\"\/audio\/manu.wav\" >Manu<\/a>.<br \/>\n<a href=\"\/audio\/m'apo.wav\" >M&#8217;apo<\/a>.<br \/>\n<a href=\"\/audio\/marchesa.wav\" >Marchesa<\/a>.<br \/>\n<a href=\"\/audio\/marchesu.wav\" >Marchesu<\/a>.<br \/>\n<a href=\"\/audio\/marcu.wav\" >Marcu<\/a>.<br \/>\n<a href=\"\/audio\/mares.wav\" >Mares<\/a>.<br \/>\n<a href=\"\/audio\/mare.wav\" >Mare<\/a>.<br \/>\n<a href=\"\/audio\/Maria.wav\" >Maria<\/a>.<br \/>\n<a href=\"\/audio\/maridu.wav\" >Maridu<\/a>.<br \/>\n<a href=\"\/audio\/marina.wav\" >Marina<\/a>.<br \/>\n<a href=\"\/audio\/marineris.wav\" >Marineris<\/a>.<br \/>\n<a href=\"\/audio\/marinu.wav\" >Marinu<\/a>.<br \/>\n<a href=\"\/audio\/marras.wav\" >Marras<\/a>.<br \/>\n<a href=\"\/audio\/marta.wav\" >Marta<\/a> [<a href=\"\/audio\/marta_1.wav\" >1<\/a>] [<a href=\"\/audio\/marta_2.wav\" >2<\/a>].<br \/>\n<a href=\"\/audio\/martinica.wav\" >Martinica<\/a>.<br \/>\n<a href=\"\/audio\/martzu.wav\" >Martzu<\/a>.<br \/>\n<a href=\"\/audio\/mascros.wav\" >Mascros<\/a> [<a href=\"\/audio\/m'as_1.wav\" >1<\/a>].<br \/>\n<a href=\"\/audio\/masonile.wav\" >Masonile<\/a>.<br \/>\n<a href=\"\/audio\/massajos.wav\" >Massajos<\/a>.<br \/>\n<a href=\"\/audio\/massaju.wav\" >Massaju<\/a>.<br \/>\n<a href=\"\/audio\/massa.wav\" >Massa<\/a>.<br \/>\n<a href=\"\/audio\/mastru.wav\" >Mastru<\/a>.<br \/>\n<a href=\"\/audio\/m'as.wav\" >M&#8217;as<\/a>.<br \/>\n<a href=\"\/audio\/matana.wav\" >Matana<\/a> [<a href=\"\/audio\/m'at_1.wav\" >1<\/a>].<br \/>\n<a href=\"\/audio\/matas.wav\" >Matas<\/a>.<br \/>\n<a href=\"\/audio\/mata.wav\" >Mata<\/a>.<br \/>\n<a href=\"\/audio\/matem\u00e0tica.wav\" >Matem\u00e0tica<\/a>.<br \/>\n<a href=\"\/audio\/materiale.wav\" >Materiale<\/a>.<br \/>\n<a href=\"\/audio\/mat\u00e8ria.wav\" >Mat\u00e8ria<\/a>.<br \/>\n<a href=\"\/audio\/matessi.wav\" >Matessi<\/a>.<br \/>\n<a href=\"\/audio\/m'at.wav\" >M&#8217;at<\/a>.<br \/>\n<a href=\"\/audio\/matza.wav\" >Matza<\/a>.<br \/>\n<a href=\"\/audio\/mauladu.wav\" >Mauladu<\/a>.<br \/>\n<a href=\"\/audio\/maulare.wav\" >Maulare<\/a>.<br \/>\n<a href=\"\/audio\/m\u00e0ulos.wav\" >M\u00e0ulos<\/a>.<br \/>\n<a href=\"\/audio\/ma.wav\" >Ma<\/a>.<br \/>\n<a href=\"\/audio\/meas.wav\" >Meas<\/a> [<a href=\"\/audio\/meas_1.wav\" >1<\/a>].<br \/>\n<a href=\"\/audio\/mea.wav\" >Mea<\/a>.<br \/>\n<a href=\"\/audio\/medas.wav\" >Medas<\/a> [<a href=\"\/audio\/medas_1.wav\" >1<\/a>] [<a href=\"\/audio\/medas_2.wav\" >2<\/a>].<br \/>\n<a href=\"\/audio\/meda.wav\" >Meda<\/a>.<br \/>\n<a href=\"\/audio\/media.wav\" >Media<\/a>.<br \/>\n<a href=\"\/audio\/m\u00e8dia.wav\" >M\u00e8dia<\/a>.<br \/>\n<a href=\"\/audio\/m\u00e8dios.wav\" >M\u00e8dios<\/a>.<br \/>\n<a href=\"\/audio\/mediterr\u00e0nea.wav\" >Mediterr\u00e0nea<\/a>.<br \/>\n<a href=\"\/audio\/mediterr\u00e0neu.wav\" >Mediterr\u00e0neu<\/a>.<br \/>\n<a href=\"\/audio\/m\u00e8diu.wav\" >M\u00e8diu<\/a>.<br \/>\n<a href=\"\/audio\/m\u00e8gius.wav\" >M\u00e8gius<\/a> [<a href=\"\/audio\/m\u00e8gius_1.wav\" >1<\/a>] [<a href=\"\/audio\/m\u00e8gius_2.wav\" >2<\/a>] [<a href=\"\/audio\/m\u00e8gius_3.wav\" >3<\/a>].<br \/>\n<a href=\"\/audio\/megus.wav\" >Megus<\/a> [<a href=\"\/audio\/megus_1.wav\" >1<\/a>].<br \/>\n<a href=\"\/audio\/meighina.wav\" >Meighina<\/a>.<br \/>\n<a href=\"\/audio\/mela.wav\" >Mela<\/a>.<br \/>\n<a href=\"\/audio\/meledadu.wav\" >Meledadu<\/a>.<br \/>\n<a href=\"\/audio\/meledare.wav\" >Meledare<\/a>.<br \/>\n<a href=\"\/audio\/meledende.wav\" >Meledende<\/a>.<br \/>\n<a href=\"\/audio\/mele.wav\" >Mele<\/a>.<br \/>\n<a href=\"\/audio\/melodia.wav\" >Melodia<\/a>.<br \/>\n<a href=\"\/audio\/mel\u00f2ngiu.wav\" >Mel\u00f2ngiu<\/a>.<br \/>\n<a href=\"\/audio\/membros.wav\" >Membros<\/a>.<br \/>\n<a href=\"\/audio\/mem\u00f2ria.wav\" >Mem\u00f2ria<\/a>.<br \/>\n<a href=\"\/audio\/m\u00e8ndula.wav\" >M\u00e8ndula<\/a>.<br \/>\n<a href=\"\/audio\/mene.wav\" >Mene<\/a>.<br \/>\n<a href=\"\/audio\/mentale.wav\" >Mentale<\/a>.<br \/>\n<a href=\"\/audio\/mente.wav\" >Mente<\/a>.<br \/>\n<a href=\"\/audio\/mentovadu.wav\" >Mentovadu<\/a>.<br \/>\n<a href=\"\/audio\/mentovare.wav\" >Mentovare<\/a>.<br \/>\n<a href=\"\/audio\/mentras.wav\" >Mentras<\/a> [<a href=\"\/audio\/mentras_1.wav\" >1<\/a>] [<a href=\"\/audio\/mentras_2.wav\" >2<\/a>].<br \/>\n<a href=\"\/audio\/mentres.wav\" >Mentres<\/a>.<br \/>\n<a href=\"\/audio\/meos.wav\" >Meos<\/a> [<a href=\"\/audio\/meos_1.wav\" >1<\/a>].<br \/>\n<a href=\"\/audio\/meravigiadu.wav\" >Meravigiadu<\/a>.<br \/>\n<a href=\"\/audio\/merav\u00ecgia.wav\" >Merav\u00ecgia<\/a>.<br \/>\n<a href=\"\/audio\/merav\u00ecllia.wav\" >Merav\u00ecllia<\/a>.<br \/>\n<a href=\"\/audio\/mercados.wav\" >Mercados<\/a>.<br \/>\n<a href=\"\/audio\/mercadu.wav\" >Mercadu<\/a>.<br \/>\n<a href=\"\/audio\/m\u00e8rcuris.wav\" >M\u00e8rcuris<\/a>.<br \/>\n<a href=\"\/audio\/merda.wav\" >Merda<\/a>.<br \/>\n<a href=\"\/audio\/meres.wav\" >Meres<\/a>.<br \/>\n<a href=\"\/audio\/mere.wav\" >Mere<\/a>.<br \/>\n<a href=\"\/audio\/meridionale.wav\" >Meridionale<\/a>.<br \/>\n<a href=\"\/audio\/merie.wav\" >Merie<\/a>.<br \/>\n<a href=\"\/audio\/m\u00e8ritu.wav\" >M\u00e8ritu<\/a>.<br \/>\n<a href=\"\/audio\/mermos.wav\" >Mermos<\/a>.<br \/>\n<a href=\"\/audio\/mesania.wav\" >Mesania<\/a>.<br \/>\n<a href=\"\/audio\/mesas.wav\" >Mesas<\/a>.<br \/>\n<a href=\"\/audio\/mesa.wav\" >Mesa<\/a>.<br \/>\n<a href=\"\/audio\/mescamente.wav\" >Mescamente<\/a> [<a href=\"\/audio\/mescamente_1.wav\" >1<\/a>].<br \/>\n<a href=\"\/audio\/meschinu.wav\" >Meschinu<\/a>.<br \/>\n<a href=\"\/audio\/meses.wav\" >Meses<\/a>.<br \/>\n<a href=\"\/audio\/mese.wav\" >Mese<\/a>.<br \/>\n<a href=\"\/audio\/mesighedda.wav\" >Mesighedda<\/a>.<br \/>\n<a href=\"\/audio\/mesora.wav\" >Mesora<\/a>.<br \/>\n<a href=\"\/audio\/mess\u00e0giu.wav\" >Mess\u00e0giu<\/a>.<br \/>\n<a href=\"\/audio\/m'esseret.wav\" >M&#8217;esseret<\/a> [<a href=\"\/audio\/m'esseret_1.wav\" >1<\/a>].<br \/>\n<a href=\"\/audio\/messia.wav\" >Messia<\/a>.<br \/>\n<a href=\"\/audio\/m'est.wav\" >M&#8217;est<\/a> [<a href=\"\/audio\/m'est_1.wav\" >1<\/a>].<br \/>\n<a href=\"\/audio\/mesudie.wav\" >Mesudie<\/a>.<br \/>\n<a href=\"\/audio\/mesunote.wav\" >Mesunote<\/a>.<br \/>\n<a href=\"\/audio\/mesurare.wav\" >Mesurare<\/a>.<br \/>\n<a href=\"\/audio\/mesura.wav\" >Mesura<\/a>.<br \/>\n<a href=\"\/audio\/mesu.wav\" >Mesu<\/a>.<br \/>\n<a href=\"\/audio\/metade.wav\" >Metade<\/a>.<br \/>\n<a href=\"\/audio\/metaf\u00ecsica.wav\" >Metaf\u00ecsica<\/a>.<br \/>\n<a href=\"\/audio\/m\u00e8todu.wav\" >M\u00e8todu<\/a> [<a href=\"\/audio\/m\u00e8todu_1.wav\" >1<\/a>].<br \/>\n<a href=\"\/audio\/metros.wav\" >Metros<\/a>.<br \/>\n<a href=\"\/audio\/metru.wav\" >Metru<\/a> [<a href=\"\/audio\/metru_1.wav\" >1<\/a>].<br \/>\n<a href=\"\/audio\/meu.wav\" >Meu<\/a>.<br \/>\n<a href=\"\/audio\/me.wav\" >Me<\/a>.<br \/>\n<a href=\"\/audio\/Miali.wav\" >Miali<\/a>.<br \/>\n<a href=\"\/audio\/mias.wav\" >Mias<\/a>.<br \/>\n<a href=\"\/audio\/mia.wav\" >Mia<\/a>.<br \/>\n<a href=\"\/audio\/mie.wav\" >Mie<\/a>.<br \/>\n<a href=\"\/audio\/m\u00ecgias.wav\" >M\u00ecgias<\/a>.<br \/>\n<a href=\"\/audio\/m\u00ecgia.wav\" >M\u00ecgia<\/a>.<br \/>\n<a href=\"\/audio\/Milanu.wav\" >Milanu<\/a>.<br \/>\n<a href=\"\/audio\/militare.wav\" >Militare<\/a>.<br \/>\n<a href=\"\/audio\/milla.wav\" >Milla<\/a>.<br \/>\n<a href=\"\/audio\/milliones.wav\" >Milliones<\/a>.<br \/>\n<a href=\"\/audio\/milli.wav\" >Milli<\/a>.<br \/>\n<a href=\"\/audio\/millu.wav\" >Millu<\/a>.<br \/>\n<a href=\"\/audio\/mincra.wav\" >Mincra<\/a>.<br \/>\n<a href=\"\/audio\/minestra.wav\" >Minestra<\/a>.<br \/>\n<a href=\"\/audio\/minetzadu.wav\" >Minetzadu<\/a>.<br \/>\n<a href=\"\/audio\/minetzare.wav\" >Minetzare<\/a>.<br \/>\n<a href=\"\/audio\/minetza.wav\" >Minetza<\/a>.<br \/>\n<a href=\"\/audio\/minimare.wav\" >Minimare<\/a>.<br \/>\n<a href=\"\/audio\/ministeru.wav\" >Ministeru<\/a>.<br \/>\n<a href=\"\/audio\/ministros.wav\" >Ministros<\/a>.<br \/>\n<a href=\"\/audio\/ministru.wav\" >Ministru<\/a>.<br \/>\n<a href=\"\/audio\/minoredda.wav\" >Minoredda<\/a>.<br \/>\n<a href=\"\/audio\/minoreddos.wav\" >Minoreddos<\/a>.<br \/>\n<a href=\"\/audio\/minoreddu.wav\" >Minoreddu<\/a>.<br \/>\n<a href=\"\/audio\/minores.wav\" >Minores<\/a>.<br \/>\n<a href=\"\/audio\/minore.wav\" >Minore<\/a>.<br \/>\n<a href=\"\/audio\/minorias.wav\" >Minorias<\/a> [<a href=\"\/audio\/minorias_1.wav\" >1<\/a>] [<a href=\"\/audio\/minorias_2.wav\" >2<\/a>] [<a href=\"\/audio\/minorias_3.wav\" >3<\/a>].<br \/>\n<a href=\"\/audio\/minoria.wav\" >Minoria<\/a>.<br \/>\n<a href=\"\/audio\/minorit\u00e0rias.wav\" >Minorit\u00e0rias<\/a>.<br \/>\n<a href=\"\/audio\/minorit\u00e0ria.wav\" >Minorit\u00e0ria<\/a>.<br \/>\n<a href=\"\/audio\/minorizadas.wav\" >Minorizadas<\/a>.<br \/>\n<a href=\"\/audio\/minorizada.wav\" >Minorizada<\/a>.<br \/>\n<a href=\"\/audio\/m'int\u00e8ndere.wav\" >M&#8217;int\u00e8ndere<\/a>.<br \/>\n<a href=\"\/audio\/m'intendia.wav\" >M&#8217;intendia<\/a>.<br \/>\n<a href=\"\/audio\/m'intendo.wav\" >M&#8217;intendo<\/a>.<br \/>\n<a href=\"\/audio\/minto.wav\" >Minto<\/a>.<br \/>\n<a href=\"\/audio\/minuda.wav\" >Minuda<\/a>.<br \/>\n<a href=\"\/audio\/minudu.wav\" >Minudu<\/a>.<br \/>\n<a href=\"\/audio\/minutos.wav\" >Minutos<\/a>.<br \/>\n<a href=\"\/audio\/minutu.wav\" >Minutu<\/a>.<br \/>\n<a href=\"\/audio\/mios.wav\" >Mios<\/a>.<br \/>\n<a href=\"\/audio\/mir\u00e0culu.wav\" >Mir\u00e0culu<\/a>.<br \/>\n<a href=\"\/audio\/miradas.wav\" >Miradas<\/a>.<br \/>\n<a href=\"\/audio\/mirada.wav\" >Mirada<\/a>.<br \/>\n<a href=\"\/audio\/mirade.wav\" >Mirade<\/a>.<br \/>\n<a href=\"\/audio\/miradu.wav\" >Miradu<\/a>.<br \/>\n<a href=\"\/audio\/miraiat.wav\" >Miraiat<\/a> [<a href=\"\/audio\/miraiat_1.wav\" >1<\/a>].<br \/>\n<a href=\"\/audio\/mirare.wav\" >Mirare<\/a>.<br \/>\n<a href=\"\/audio\/mira.wav\" >Mira<\/a>.<br \/>\n<a href=\"\/audio\/mirende.wav\" >Mirende<\/a>.<br \/>\n<a href=\"\/audio\/m\u00ecriu.wav\" >M\u00ecriu<\/a>.<br \/>\n<a href=\"\/audio\/miser\u00e0bile.wav\" >Miser\u00e0bile<\/a>.<br \/>\n<a href=\"\/audio\/mis\u00e8ria.wav\" >Mis\u00e8ria<\/a>.<br \/>\n<a href=\"\/audio\/missa.wav\" >Missa<\/a>.<br \/>\n<a href=\"\/audio\/missione.wav\" >Missione<\/a>.<br \/>\n<a href=\"\/audio\/missu.wav\" >Missu<\/a>.<br \/>\n<a href=\"\/audio\/misteriosa.wav\" >Misteriosa<\/a>.<br \/>\n<a href=\"\/audio\/misteriosu.wav\" >Misteriosu<\/a>.<br \/>\n<a href=\"\/audio\/mist\u00e8rios.wav\" >Mist\u00e8rios<\/a>.<br \/>\n<a href=\"\/audio\/mist\u00e8riu.wav\" >Mist\u00e8riu<\/a>.<br \/>\n<a href=\"\/audio\/mitr\u00e0llias.wav\" >Mitr\u00e0llias<\/a>.<br \/>\n<a href=\"\/audio\/mitr\u00e0llia.wav\" >Mitr\u00e0llia<\/a>.<br \/>\n<a href=\"\/audio\/mitu.wav\" >Mitu<\/a>.<br \/>\n<a href=\"\/audio\/mi.wav\" >Mi<\/a>.<br \/>\n<a href=\"\/audio\/m\u00f2biles.wav\" >M\u00f2biles<\/a>.<br \/>\n<a href=\"\/audio\/m\u00f2bile.wav\" >M\u00f2bile<\/a>.<br \/>\n<a href=\"\/audio\/mob\u00eclia.wav\" >Mob\u00eclia<\/a>.<br \/>\n<a href=\"\/audio\/moda.wav\" >Moda<\/a>.<br \/>\n<a href=\"\/audio\/modde.wav\" >Modde<\/a>.<br \/>\n<a href=\"\/audio\/modellos.wav\" >Modellos<\/a>.<br \/>\n<a href=\"\/audio\/modellu.wav\" >Modellu<\/a>.<br \/>\n<a href=\"\/audio\/moderna.wav\" >Moderna<\/a>.<br \/>\n<a href=\"\/audio\/modernidade.wav\" >Modernidade<\/a>.<br \/>\n<a href=\"\/audio\/modernos.wav\" >Modernos<\/a>.<br \/>\n<a href=\"\/audio\/modernu.wav\" >Modernu<\/a>.<br \/>\n<a href=\"\/audio\/modos.wav\" >Modos<\/a>.<br \/>\n<a href=\"\/audio\/modu.wav\" >Modu<\/a>.<br \/>\n<a href=\"\/audio\/moende.wav\" >Moende<\/a>.<br \/>\n<a href=\"\/audio\/m\u00f2ere.wav\" >M\u00f2ere<\/a>.<br \/>\n<a href=\"\/audio\/moiat.wav\" >Moiat<\/a> [<a href=\"\/audio\/moiat_1.wav\" >1<\/a>].<br \/>\n<a href=\"\/audio\/m\u00f2ida.wav\" >M\u00f2ida<\/a>.<br \/>\n<a href=\"\/audio\/m\u00f2idos.wav\" >M\u00f2idos<\/a>.<br \/>\n<a href=\"\/audio\/m\u00f2idu.wav\" >M\u00f2idu<\/a>.<br \/>\n<a href=\"\/audio\/molinu.wav\" >Molinu<\/a>.<br \/>\n<a href=\"\/audio\/momentos.wav\" >Momentos<\/a>.<br \/>\n<a href=\"\/audio\/momentu.wav\" >Momentu<\/a>.<br \/>\n<a href=\"\/audio\/m\u00f2ngia.wav\" >M\u00f2ngia<\/a>.<br \/>\n<a href=\"\/audio\/montes.wav\" >Montes<\/a> [<a href=\"\/audio\/monte_1.wav\" >1<\/a>].<br \/>\n<a href=\"\/audio\/monte.wav\" >Monte<\/a>.<br \/>\n<a href=\"\/audio\/montigheddu.wav\" >Montigheddu<\/a>.<br \/>\n<a href=\"\/audio\/montigru.wav\" >Montigru<\/a>.<br \/>\n<a href=\"\/audio\/monumentu.wav\" >Monumentu<\/a>.<br \/>\n<a href=\"\/audio\/morale.wav\" >Morale<\/a>.<br \/>\n<a href=\"\/audio\/morende.wav\" >Morende<\/a>.<br \/>\n<a href=\"\/audio\/more.wav\" >More<\/a>.<br \/>\n<a href=\"\/audio\/m\u00f2rgio.wav\" >M\u00f2rgio<\/a>.<br \/>\n<a href=\"\/audio\/moriat.wav\" >Moriat<\/a> [<a href=\"\/audio\/moriat_1.wav\" >1<\/a>].<br \/>\n<a href=\"\/audio\/moriscu.wav\" >Moriscu<\/a>.<br \/>\n<a href=\"\/audio\/morit.wav\" >Morit<\/a> [<a href=\"\/audio\/morit_1.wav\" >1<\/a>].<br \/>\n<a href=\"\/audio\/moros.wav\" >Moros<\/a>.<br \/>\n<a href=\"\/audio\/m\u00f2rrere.wav\" >M\u00f2rrere<\/a> [<a href=\"\/audio\/m\u00f2rrere_1.wav\" >1<\/a>].<br \/>\n<a href=\"\/audio\/mortales.wav\" >Mortales<\/a>.<br \/>\n<a href=\"\/audio\/mortale.wav\" >Mortale<\/a>.<br \/>\n<a href=\"\/audio\/mortas.wav\" >Mortas<\/a>.<br \/>\n<a href=\"\/audio\/morta.wav\" >Morta<\/a>.<br \/>\n<a href=\"\/audio\/morte.wav\" >Morte<\/a>.<br \/>\n<a href=\"\/audio\/mortore.wav\" >Mortore<\/a>.<br \/>\n<a href=\"\/audio\/mortos.wav\" >Mortos<\/a> [<a href=\"\/audio\/mortos_1.wav\" >1<\/a>].<br \/>\n<a href=\"\/audio\/mortu.wav\" >Mortu<\/a>.<br \/>\n<a href=\"\/audio\/mossa.wav\" >Mossa<\/a>.<br \/>\n<a href=\"\/audio\/mossu.wav\" >Mossu<\/a>.<br \/>\n<a href=\"\/audio\/motivu.wav\" >Motivu<\/a>.<br \/>\n<a href=\"\/audio\/motu.wav\" >Motu<\/a>.<br \/>\n<a href=\"\/audio\/movende.wav\" >Movende<\/a>.<br \/>\n<a href=\"\/audio\/movent.wav\" >Movent<\/a> [<a href=\"\/audio\/movent_1.wav\" >1<\/a>].<br \/>\n<a href=\"\/audio\/m\u00f2vere.wav\" >M\u00f2vere<\/a>.<br \/>\n<a href=\"\/audio\/movet.wav\" >Movet<\/a>.<br \/>\n<a href=\"\/audio\/moviant.wav\" >Moviant<\/a> [<a href=\"\/audio\/moviant_1.wav\" >1<\/a>].<br \/>\n<a href=\"\/audio\/moviat.wav\" >Moviat<\/a> [<a href=\"\/audio\/moviat_1.wav\" >1<\/a>] [<a href=\"\/audio\/moviat_2.wav\" >2<\/a>].<br \/>\n<a href=\"\/audio\/m\u00f2vidas.wav\" >M\u00f2vidas<\/a>.<br \/>\n<a href=\"\/audio\/m\u00f2vida.wav\" >M\u00f2vida<\/a>.<br \/>\n<a href=\"\/audio\/m\u00f2vidos.wav\" >M\u00f2vidos<\/a>.<br \/>\n<a href=\"\/audio\/m\u00f2vidu.wav\" >M\u00f2vidu<\/a>.<br \/>\n<a href=\"\/audio\/movimentos.wav\" >Movimentos<\/a>.<br \/>\n<a href=\"\/audio\/movimentu.wav\" >Movimentu<\/a>.<br \/>\n<a href=\"\/audio\/movo.wav\" >Movo<\/a> [<a href=\"\/audio\/movo_1.wav\" >1<\/a>].<br \/>\n<a href=\"\/audio\/mucadoreddu.wav\" >Mucadoreddu<\/a>.<br \/>\n<a href=\"\/audio\/mucadore.wav\" >Mucadore<\/a>.<br \/>\n<a href=\"\/audio\/mudada.wav\" >Mudada<\/a> [<a href=\"\/audio\/muda_1.wav\" >1<\/a>].<br \/>\n<a href=\"\/audio\/mudadu.wav\" >Mudadu<\/a>.<br \/>\n<a href=\"\/audio\/mudandas.wav\" >Mudandas<\/a>.<br \/>\n<a href=\"\/audio\/mudare.wav\" >Mudare<\/a>.<br \/>\n<a href=\"\/audio\/mudat.wav\" >Mudat<\/a> [<a href=\"\/audio\/mudat_1.wav\" >1<\/a>].<br \/>\n<a href=\"\/audio\/muda.wav\" >Muda<\/a>.<br \/>\n<a href=\"\/audio\/mudende.wav\" >Mudende<\/a>.<br \/>\n<a href=\"\/audio\/mudigore.wav\" >Mudigore<\/a>.<br \/>\n<a href=\"\/audio\/mud\u00ecmene.wav\" >Mud\u00ecmene<\/a> [<a href=\"\/audio\/mud\u00ecmene_1.wav\" >1<\/a>].<br \/>\n<a href=\"\/audio\/mudore.wav\" >Mudore<\/a>.<br \/>\n<a href=\"\/audio\/mudos.wav\" >Mudos<\/a>.<br \/>\n<a href=\"\/audio\/mudu.wav\" >Mudu<\/a>.<br \/>\n<a href=\"\/audio\/mugere.wav\" >Mugere<\/a>.<br \/>\n<a href=\"\/audio\/mundu.wav\" >Mundu<\/a>.<br \/>\n<a href=\"\/audio\/munitz\u00ecpiu.wav\" >Munitz\u00ecpiu<\/a>.<br \/>\n<a href=\"\/audio\/munton\u00e0rgiu.wav\" >Munton\u00e0rgiu<\/a>.<br \/>\n<a href=\"\/audio\/muntones.wav\" >Muntones<\/a>.<br \/>\n<a href=\"\/audio\/muntone.wav\" >Muntone<\/a>.<br \/>\n<a href=\"\/audio\/murigheddu.wav\" >Murigheddu<\/a>.<br \/>\n<a href=\"\/audio\/murmutadu.wav\" >Murmutadu<\/a>.<br \/>\n<a href=\"\/audio\/murmutende.wav\" >Murmutende<\/a>.<br \/>\n<a href=\"\/audio\/murmutu.wav\" >Murmutu<\/a>.<br \/>\n<a href=\"\/audio\/muros.wav\" >Muros<\/a>.<br \/>\n<a href=\"\/audio\/murr\u00f9ngiu.wav\" >Murr\u00f9ngiu<\/a>.<br \/>\n<a href=\"\/audio\/murru.wav\" >Murru<\/a>.<br \/>\n<a href=\"\/audio\/muru.wav\" >Muru<\/a>.<br \/>\n<a href=\"\/audio\/muscadu.wav\" >Muscadu<\/a>.<br \/>\n<a href=\"\/audio\/muscas.wav\" >Muscas<\/a>.<br \/>\n<a href=\"\/audio\/musca.wav\" >Musca<\/a>.<br \/>\n<a href=\"\/audio\/muschineddu.wav\" >Muschineddu<\/a>.<br \/>\n<a href=\"\/audio\/m\u00f9sculos.wav\" >M\u00f9sculos<\/a>.<br \/>\n<a href=\"\/audio\/m\u00f9sculu.wav\" >M\u00f9sculu<\/a>.<br \/>\n<a href=\"\/audio\/museu.wav\" >Museu<\/a>.<br \/>\n<a href=\"\/audio\/m\u00f9sica.wav\" >M\u00f9sica<\/a>.<br \/>\n<a href=\"\/audio\/mustatzos.wav\" >Mustatzos<\/a>.<br \/>\n<a href=\"\/audio\/mustradu.wav\" >Mustradu<\/a>.<br \/>\n<a href=\"\/audio\/mustraiat.wav\" >Mustraiat<\/a> [<a href=\"\/audio\/mustraiat_1.wav\" >1<\/a>].<br \/>\n<a href=\"\/audio\/mustrare.wav\" >Mustrare<\/a>.<br \/>\n<a href=\"\/audio\/mustra.wav\" >Mustra<\/a>.<br \/>\n<a href=\"\/audio\/mustrende.wav\" >Mustrende<\/a>.<br \/>\n<a href=\"\/audio\/muta.wav\" >Muta<\/a>.<br \/>\n<a href=\"\/audio\/mutende.wav\" >Mutende<\/a>.<br \/>\n<a href=\"\/audio\/mutiant.wav\" >Mutiant<\/a> [<a href=\"\/audio\/mutiant_1.wav\" >1<\/a>].<br \/>\n<a href=\"\/audio\/mutiat.wav\" >Mutiat<\/a> [<a href=\"\/audio\/mutiat_1.wav\" >1<\/a>].<br \/>\n<a href=\"\/audio\/mutida.wav\" >Mutida<\/a>.<br \/>\n<a href=\"\/audio\/mutidu.wav\" >Mutidu<\/a>.<br \/>\n<a href=\"\/audio\/mutint.wav\" >Mutint<\/a> [<a href=\"\/audio\/mutint_1.wav\" >1<\/a>].<br \/>\n<a href=\"\/audio\/mutire.wav\" >Mutire<\/a>.<br \/>\n<a href=\"\/audio\/mutis.wav\" >Mutis<\/a>.<br \/>\n<a href=\"\/audio\/mutit.wav\" >Mutit<\/a> [<a href=\"\/audio\/mutit_1.wav\" >1<\/a>].<br \/>\n<a href=\"\/audio\/muto.wav\" >Muto<\/a>.<br \/>\n<a href=\"\/audio\/m\u00f9tria.wav\" >M\u00f9tria<\/a>.<\/p>\n","protected":false},"excerpt":{"rendered":"<p>M&#8217;abb\u00ecgio. Maca. M\u00e0chinas [1]. M\u00e0china. Machines. M\u00e0chine. Macos. Macu. Madrid. M&#8217;aeret [1]. M&#8217;\u00e0ere. Maestade. Magasinu. M&#8217;agatare. M&#8217;agradat [1]. Magras. M&#8217;aiant [1]. M&#8217;aias. M&#8217;aiat [1]. Maia. Maistra [1]. Maistros. Maistru. M&#8217;ais. Mai. Majore. Majoria [1]. Maju. Maladia [1]. Mal\u00e0ida. Mal\u00e0idos. Mal\u00e0idu. Malasorte. Malassortadu. Malas. Mala. Maleitu. Malesa. Males. Male. Mal\u00ectzia. Malos. Malu. Mamas [1]. Mama. M&#8217;ammentaia. [&hellip;]<\/p>\n","protected":false},"author":1,"featured_media":0,"parent":47,"menu_order":0,"comment_status":"closed","ping_status":"closed","template":"","meta":{"footnotes":""},"class_list":["post-77","page","type-page","status-publish","hentry"],"_links":{"self":[{"href":"https:\/\/sintesa.nor-web.eu\/en\/wp-json\/wp\/v2\/pages\/77","targetHints":{"allow":["GET"]}}],"collection":[{"href":"https:\/\/sintesa.nor-web.eu\/en\/wp-json\/wp\/v2\/pages"}],"about":[{"href":"https:\/\/sintesa.nor-web.eu\/en\/wp-json\/wp\/v2\/types\/page"}],"author":[{"embeddable":true,"href":"https:\/\/sintesa.nor-web.eu\/en\/wp-json\/wp\/v2\/users\/1"}],"replies":[{"embeddable":true,"href":"https:\/\/sintesa.nor-web.eu\/en\/wp-json\/wp\/v2\/comments?post=77"}],"version-history":[{"count":5,"href":"https:\/\/sintesa.nor-web.eu\/en\/wp-json\/wp\/v2\/pages\/77\/revisions"}],"predecessor-version":[{"id":338,"href":"https:\/\/sintesa.nor-web.eu\/en\/wp-json\/wp\/v2\/pages\/77\/revisions\/338"}],"up":[{"embeddable":true,"href":"https:\/\/sintesa.nor-web.eu\/en\/wp-json\/wp\/v2\/pages\/47"}],"wp:attachment":[{"href":"https:\/\/sintesa.nor-web.eu\/en\/wp-json\/wp\/v2\/media?parent=77"}],"curies":[{"name":"wp","href":"https:\/\/api.w.org\/{rel}","templated":true}]}}