{"id":237,"date":"2015-04-09T18:07:37","date_gmt":"2015-04-09T16:07:37","guid":{"rendered":"http:\/\/tts.nor-web.eu\/?page_id=237"},"modified":"2015-11-26T12:41:52","modified_gmt":"2015-11-26T11:41:52","slug":"lettera-v","status":"publish","type":"page","link":"https:\/\/sintesa.nor-web.eu\/en\/parole\/parlante-2-donna\/lettera-v\/","title":{"rendered":"Lecter V"},"content":{"rendered":"<p><a href=\"\/audiofem\/val\u00ecgia.wav\" >Val\u00ecgia<\/a>.<br \/>\n<a href=\"\/audiofem\/valore.wav\" >Valore<\/a>.<br \/>\n<a href=\"\/audiofem\/valorizatzione.wav\" >Valorizatzione<\/a>.<br \/>\n<a href=\"\/audiofem\/vanidade.wav\" >Vanidade<\/a>.<br \/>\n<a href=\"\/audiofem\/variedades.wav\" >Variedades<\/a>.<br \/>\n<a href=\"\/audiofem\/vasu.wav\" >Vasu<\/a>.<br \/>\n<a href=\"\/audiofem\/ventanas.wav\" >Ventanas<\/a>.<br \/>\n<a href=\"\/audiofem\/ventana.wav\" >Ventana<\/a>.<br \/>\n<a href=\"\/audiofem\/ventanedda.wav\" >Ventanedda<\/a>.<br \/>\n<a href=\"\/audiofem\/verbale.wav\" >Verbale<\/a>.<br \/>\n<a href=\"\/audiofem\/verbos.wav\" >Verbos<\/a>.<br \/>\n<a href=\"\/audiofem\/verbu.wav\" >Verbu<\/a>.<br \/>\n<a href=\"\/audiofem\/veridade.wav\" >Veridade<\/a>.<br \/>\n<a href=\"\/audiofem\/veriedade.wav\" >Veriedade<\/a>.<br \/>\n<a href=\"\/audiofem\/versione.wav\" >Versione<\/a>.<br \/>\n<a href=\"\/audiofem\/versos.wav\" >Versos<\/a>.<br \/>\n<a href=\"\/audiofem\/versu.wav\" >Versu<\/a>.<br \/>\n<a href=\"\/audiofem\/veterin\u00e0riu.wav\" >Veterin\u00e0riu<\/a>.<br \/>\n<a href=\"\/audiofem\/veturas.wav\" >Veturas<\/a>.<br \/>\n<a href=\"\/audiofem\/vetura.wav\" >Vetura<\/a>.<br \/>\n<a href=\"\/audiofem\/vida.wav\" >Vida<\/a> [<a href=\"\/audiofem\/vida_1.wav\" >1<\/a>].<br \/>\n<a href=\"\/audiofem\/vindita.wav\" >Vindita<\/a>.<br \/>\n<a href=\"\/audiofem\/viola.wav\" >Viola<\/a>.<br \/>\n<a href=\"\/audiofem\/viol\u00e8ntzia.wav\" >Viol\u00e8ntzia<\/a>.<br \/>\n<a href=\"\/audiofem\/virtudes.wav\" >Virtudes<\/a>.<br \/>\n<a href=\"\/audiofem\/virtude.wav\" >Virtude<\/a>.<br \/>\n<a href=\"\/audiofem\/visione.wav\" >Visione<\/a>.<br \/>\n<a href=\"\/audiofem\/vista.wav\" >Vista<\/a> [<a href=\"\/audiofem\/vista_1.wav\" >1<\/a>].<br \/>\n<a href=\"\/audiofem\/vitales.wav\" >Vitales<\/a>.<br \/>\n<a href=\"\/audiofem\/v\u00ectima.wav\" >V\u00ectima<\/a>.<br \/>\n<a href=\"\/audiofem\/vitzeministru.wav\" >Vitzeministru<\/a>.<br \/>\n<a href=\"\/audiofem\/v\u00ectzios.wav\" >V\u00ectzios<\/a>.<br \/>\n<a href=\"\/audiofem\/v\u00ectziu.wav\" >V\u00ectziu<\/a>.<br \/>\n<a href=\"\/audiofem\/viuda.wav\" >Viuda<\/a>.<br \/>\n<a href=\"\/audiofem\/volontade.wav\" >Volontade<\/a>.<br \/>\n<a href=\"\/audiofem\/voluntade.wav\" >Voluntade<\/a>.<br \/>\n<a href=\"\/audiofem\/vost\u00e8.wav\" >Vost\u00e8<\/a>.<br \/>\n<a href=\"\/audiofem\/votare.wav\" >Votare<\/a>.<br \/>\n<a href=\"\/audiofem\/votos.wav\" >Votos<\/a>.<\/p>\n","protected":false},"excerpt":{"rendered":"<p>Val\u00ecgia. Valore. Valorizatzione. Vanidade. Variedades. Vasu. Ventanas. Ventana. Ventanedda. Verbale. Verbos. Verbu. Veridade. Veriedade. Versione. Versos. Versu. Veterin\u00e0riu. Veturas. Vetura. Vida [1]. Vindita. Viola. Viol\u00e8ntzia. Virtudes. Virtude. Visione. Vista [1]. Vitales. V\u00ectima. Vitzeministru. V\u00ectzios. V\u00ectziu. Viuda. Volontade. Voluntade. Vost\u00e8. Votare. Votos.<\/p>\n","protected":false},"author":1,"featured_media":0,"parent":49,"menu_order":0,"comment_status":"closed","ping_status":"closed","template":"","meta":{"footnotes":""},"class_list":["post-237","page","type-page","status-publish","hentry"],"_links":{"self":[{"href":"https:\/\/sintesa.nor-web.eu\/en\/wp-json\/wp\/v2\/pages\/237","targetHints":{"allow":["GET"]}}],"collection":[{"href":"https:\/\/sintesa.nor-web.eu\/en\/wp-json\/wp\/v2\/pages"}],"about":[{"href":"https:\/\/sintesa.nor-web.eu\/en\/wp-json\/wp\/v2\/types\/page"}],"author":[{"embeddable":true,"href":"https:\/\/sintesa.nor-web.eu\/en\/wp-json\/wp\/v2\/users\/1"}],"replies":[{"embeddable":true,"href":"https:\/\/sintesa.nor-web.eu\/en\/wp-json\/wp\/v2\/comments?post=237"}],"version-history":[{"count":2,"href":"https:\/\/sintesa.nor-web.eu\/en\/wp-json\/wp\/v2\/pages\/237\/revisions"}],"predecessor-version":[{"id":267,"href":"https:\/\/sintesa.nor-web.eu\/en\/wp-json\/wp\/v2\/pages\/237\/revisions\/267"}],"up":[{"embeddable":true,"href":"https:\/\/sintesa.nor-web.eu\/en\/wp-json\/wp\/v2\/pages\/49"}],"wp:attachment":[{"href":"https:\/\/sintesa.nor-web.eu\/en\/wp-json\/wp\/v2\/media?parent=237"}],"curies":[{"name":"wp","href":"https:\/\/api.w.org\/{rel}","templated":true}]}}