{"id":235,"date":"2015-04-09T18:06:45","date_gmt":"2015-04-09T16:06:45","guid":{"rendered":"http:\/\/tts.nor-web.eu\/?page_id=235"},"modified":"2015-11-26T12:42:58","modified_gmt":"2015-11-26T11:42:58","slug":"lettera-tz","status":"publish","type":"page","link":"https:\/\/sintesa.nor-web.eu\/en\/parole\/parlante-2-donna\/lettera-tz\/","title":{"rendered":"Lecter TZ"},"content":{"rendered":"<p><a href=\"\/audiofem\/tzarra.wav\" >Tzarra<\/a>.<br \/>\n<a href=\"\/audiofem\/tzella.wav\" >Tzella<\/a>.<br \/>\n<a href=\"\/audiofem\/tzent\u00ecmetros.wav\" >Tzent\u00ecmetros<\/a>.<br \/>\n<a href=\"\/audiofem\/tzentru.wav\" >Tzentru<\/a>.<br \/>\n<a href=\"\/audiofem\/tzeraca.wav\" >Tzeraca<\/a>.<br \/>\n<a href=\"\/audiofem\/tzeracos.wav\" >Tzeracos<\/a>.<br \/>\n<a href=\"\/audiofem\/tzeracu.wav\" >Tzeracu<\/a>.<br \/>\n<a href=\"\/audiofem\/tzertas.wav\" >Tzertas<\/a>.<br \/>\n<a href=\"\/audiofem\/tzerta.wav\" >Tzerta<\/a>.<br \/>\n<a href=\"\/audiofem\/tzertos.wav\" >Tzertos<\/a>.<br \/>\n<a href=\"\/audiofem\/tzertu.wav\" >Tzertu<\/a>.<br \/>\n<a href=\"\/audiofem\/tzessu.wav\" >Tzessu<\/a> [<a href=\"\/audiofem\/tzessu_1.wav\" >1<\/a>].<br \/>\n<a href=\"\/audiofem\/tzia.wav\" >Tzia<\/a>.<br \/>\n<a href=\"\/audiofem\/tzicare.wav\" >Tzicare<\/a>.<br \/>\n<a href=\"\/audiofem\/tzichirriadu.wav\" >Tzichirriadu<\/a>.<br \/>\n<a href=\"\/audiofem\/tzichirriare.wav\" >Tzichirriare<\/a>.<br \/>\n<a href=\"\/audiofem\/tzichirriende.wav\" >Tzichirriende<\/a>.<br \/>\n<a href=\"\/audiofem\/tzich\u00ecrrios.wav\" >Tzich\u00ecrrios<\/a>.<br \/>\n<a href=\"\/audiofem\/tzich\u00ecrriu.wav\" >Tzich\u00ecrriu<\/a>.<br \/>\n<a href=\"\/audiofem\/tziculate.wav\" >Tziculate<\/a>.<br \/>\n<a href=\"\/audiofem\/tzicu.wav\" >Tzicu<\/a>.<br \/>\n<a href=\"\/audiofem\/tziller\u00e0rgiu.wav\" >Tziller\u00e0rgiu<\/a>.<br \/>\n<a href=\"\/audiofem\/tzilleris.wav\" >Tzilleris<\/a>.<br \/>\n<a href=\"\/audiofem\/tzilleri.wav\" >Tzilleri<\/a>.<br \/>\n<a href=\"\/audiofem\/tziminea.wav\" >Tziminea<\/a>.<br \/>\n<a href=\"\/audiofem\/tziminera.wav\" >Tziminera<\/a>.<br \/>\n<a href=\"\/audiofem\/tz\u00ecnema.wav\" >Tz\u00ecnema<\/a>.<br \/>\n<a href=\"\/audiofem\/tzinesu.wav\" >Tzinesu<\/a> [<a href=\"\/audiofem\/tzinesu_1.wav\" >1<\/a>].<br \/>\n<a href=\"\/audiofem\/tzinta.wav\" >Tzinta<\/a>.<br \/>\n<a href=\"\/audiofem\/tzitades.wav\" >Tzitades<\/a> [<a href=\"\/audiofem\/tzitades_1.wav\" >1<\/a>].<br \/>\n<a href=\"\/audiofem\/tzitade.wav\" >Tzitade<\/a>.<br \/>\n<a href=\"\/audiofem\/tzitadinos.wav\" >Tzitadinos<\/a>.<br \/>\n<a href=\"\/audiofem\/tzitadinu.wav\" >Tzitadinu<\/a>.<br \/>\n<a href=\"\/audiofem\/tziuladu.wav\" >Tziuladu<\/a>.<br \/>\n<a href=\"\/audiofem\/tziu.wav\" >Tziu<\/a>.<br \/>\n<a href=\"\/audiofem\/tzivile.wav\" >Tzivile<\/a>.<br \/>\n<a href=\"\/audiofem\/tziviltade.wav\" >Tziviltade<\/a>.<br \/>\n<a href=\"\/audiofem\/tzocu.wav\" >Tzocu<\/a>.<br \/>\n<a href=\"\/audiofem\/tzopu.wav\" >Tzopu<\/a>.<br \/>\n<a href=\"\/audiofem\/tzorba.wav\" >Tzorba<\/a>.<br \/>\n<a href=\"\/audiofem\/tzucadu.wav\" >Tzucadu<\/a>.<br \/>\n<a href=\"\/audiofem\/tz\u00f9caru.wav\" >Tz\u00f9caru<\/a>.<br \/>\n<a href=\"\/audiofem\/tzudda.wav\" >Tzudda<\/a>.<br \/>\n<a href=\"\/audiofem\/tzugru.wav\" >Tzugru<\/a>.<br \/>\n<a href=\"\/audiofem\/tz\u00f9nchiu.wav\" >Tz\u00f9nchiu<\/a>.<br \/>\n<a href=\"\/audiofem\/tzurpa.wav\" >Tzurpa<\/a>.<br \/>\n<a href=\"\/audiofem\/tzurpu.wav\" >Tzurpu<\/a>.<\/p>\n","protected":false},"excerpt":{"rendered":"<p>Tzarra. Tzella. Tzent\u00ecmetros. Tzentru. Tzeraca. Tzeracos. Tzeracu. Tzertas. Tzerta. Tzertos. Tzertu. Tzessu [1]. Tzia. Tzicare. Tzichirriadu. Tzichirriare. Tzichirriende. Tzich\u00ecrrios. Tzich\u00ecrriu. Tziculate. Tzicu. Tziller\u00e0rgiu. Tzilleris. Tzilleri. Tziminea. Tziminera. Tz\u00ecnema. Tzinesu [1]. Tzinta. Tzitades [1]. Tzitade. Tzitadinos. Tzitadinu. Tziuladu. Tziu. Tzivile. Tziviltade. Tzocu. Tzopu. Tzorba. Tzucadu. Tz\u00f9caru. Tzudda. Tzugru. Tz\u00f9nchiu. Tzurpa. Tzurpu.<\/p>\n","protected":false},"author":1,"featured_media":0,"parent":49,"menu_order":0,"comment_status":"closed","ping_status":"closed","template":"","meta":{"footnotes":""},"class_list":["post-235","page","type-page","status-publish","hentry"],"_links":{"self":[{"href":"https:\/\/sintesa.nor-web.eu\/en\/wp-json\/wp\/v2\/pages\/235","targetHints":{"allow":["GET"]}}],"collection":[{"href":"https:\/\/sintesa.nor-web.eu\/en\/wp-json\/wp\/v2\/pages"}],"about":[{"href":"https:\/\/sintesa.nor-web.eu\/en\/wp-json\/wp\/v2\/types\/page"}],"author":[{"embeddable":true,"href":"https:\/\/sintesa.nor-web.eu\/en\/wp-json\/wp\/v2\/users\/1"}],"replies":[{"embeddable":true,"href":"https:\/\/sintesa.nor-web.eu\/en\/wp-json\/wp\/v2\/comments?post=235"}],"version-history":[{"count":2,"href":"https:\/\/sintesa.nor-web.eu\/en\/wp-json\/wp\/v2\/pages\/235\/revisions"}],"predecessor-version":[{"id":265,"href":"https:\/\/sintesa.nor-web.eu\/en\/wp-json\/wp\/v2\/pages\/235\/revisions\/265"}],"up":[{"embeddable":true,"href":"https:\/\/sintesa.nor-web.eu\/en\/wp-json\/wp\/v2\/pages\/49"}],"wp:attachment":[{"href":"https:\/\/sintesa.nor-web.eu\/en\/wp-json\/wp\/v2\/media?parent=235"}],"curies":[{"name":"wp","href":"https:\/\/api.w.org\/{rel}","templated":true}]}}