{"id":206,"date":"2015-04-09T18:01:24","date_gmt":"2015-04-09T16:01:24","guid":{"rendered":"http:\/\/tts.nor-web.eu\/?page_id=206"},"modified":"2015-11-26T13:01:27","modified_gmt":"2015-11-26T12:01:27","slug":"lettera-r","status":"publish","type":"page","link":"https:\/\/sintesa.nor-web.eu\/en\/parole\/parlante-2-donna\/lettera-r\/","title":{"rendered":"Lecter R"},"content":{"rendered":"<p><a href=\"\/audiofem\/racumando.wav\" >Racumando<\/a>.<br \/>\n<a href=\"\/audiofem\/r\u00e0diu.wav\" >R\u00e0diu<\/a>.<br \/>\n<a href=\"\/audiofem\/r\u00e0giu.wav\" >R\u00e0giu<\/a>.<br \/>\n<a href=\"\/audiofem\/raighinas.wav\" >Raighinas<\/a>.<br \/>\n<a href=\"\/audiofem\/rajos.wav\" >Rajos<\/a>.<br \/>\n<a href=\"\/audiofem\/raju.wav\" >Raju<\/a>.<br \/>\n<a href=\"\/audiofem\/r\u00e0mene.wav\" >R\u00e0mene<\/a>.<br \/>\n<a href=\"\/audiofem\/rana.wav\" >Rana<\/a>.<br \/>\n<a href=\"\/audiofem\/randa.wav\" >Randa<\/a>.<br \/>\n<a href=\"\/audiofem\/raportos.wav\" >Raportos<\/a>.<br \/>\n<a href=\"\/audiofem\/raportu.wav\" >Raportu<\/a>.<br \/>\n<a href=\"\/audiofem\/rapresentada.wav\" >Rapresentada<\/a>.<br \/>\n<a href=\"\/audiofem\/rapresentare.wav\" >Rapresentare<\/a>.<br \/>\n<a href=\"\/audiofem\/rapresentatzione.wav\" >Rapresentatzione<\/a>.<br \/>\n<a href=\"\/audiofem\/rara.wav\" >Rara<\/a>.<br \/>\n<a href=\"\/audiofem\/raru.wav\" >Raru<\/a>.<br \/>\n<a href=\"\/audiofem\/rassignare.wav\" >Rassignare<\/a>.<br \/>\n<a href=\"\/audiofem\/rastru.wav\" >Rastru<\/a>.<br \/>\n<a href=\"\/audiofem\/ratza.wav\" >Ratza<\/a>.<br \/>\n<a href=\"\/audiofem\/reale.wav\" >Reale<\/a>.<br \/>\n<a href=\"\/audiofem\/realidade.wav\" >Realidade<\/a>.<br \/>\n<a href=\"\/audiofem\/reatzione.wav\" >Reatzione<\/a>.<br \/>\n<a href=\"\/audiofem\/recatu.wav\" >Recatu<\/a>.<br \/>\n<a href=\"\/audiofem\/reconnosch\u00e8ntzia.wav\" >Reconnosch\u00e8ntzia<\/a>.<br \/>\n<a href=\"\/audiofem\/reconn\u00f2schere.wav\" >Reconn\u00f2schere<\/a>.<br \/>\n<a href=\"\/audiofem\/reconnoschet.wav\" >Reconnoschet<\/a>.<br \/>\n<a href=\"\/audiofem\/reconnoschimentu.wav\" >Reconnoschimentu<\/a>.<br \/>\n<a href=\"\/audiofem\/reconnotas.wav\" >Reconnotas<\/a>.<br \/>\n<a href=\"\/audiofem\/reconnota.wav\" >Reconnota<\/a>.<br \/>\n<a href=\"\/audiofem\/reconnotu.wav\" >Reconnotu<\/a>.<br \/>\n<a href=\"\/audiofem\/recuperare.wav\" >Recuperare<\/a>.<br \/>\n<a href=\"\/audiofem\/regaladu.wav\" >Regaladu<\/a>.<br \/>\n<a href=\"\/audiofem\/regalu.wav\" >Regalu<\/a>.<br \/>\n<a href=\"\/audiofem\/reghente.wav\" >Reghente<\/a>.<br \/>\n<a href=\"\/audiofem\/regionales.wav\" >Regionales<\/a>.<br \/>\n<a href=\"\/audiofem\/regionale.wav\" >Regionale<\/a>.<br \/>\n<a href=\"\/audiofem\/regiones.wav\" >Regiones<\/a>.<br \/>\n<a href=\"\/audiofem\/regione.wav\" >Regione<\/a>.<br \/>\n<a href=\"\/audiofem\/registru.wav\" >Registru<\/a>.<br \/>\n<a href=\"\/audiofem\/regnu.wav\" >Regnu<\/a>.<br \/>\n<a href=\"\/audiofem\/reg\u00f2llere.wav\" >Reg\u00f2llere<\/a>.<br \/>\n<a href=\"\/audiofem\/regordu.wav\" >Regordu<\/a>.<br \/>\n<a href=\"\/audiofem\/regortas.wav\" >Regortas<\/a>.<br \/>\n<a href=\"\/audiofem\/regulamentu.wav\" >Regulamentu<\/a>.<br \/>\n<a href=\"\/audiofem\/regulare.wav\" >Regulare<\/a>.<br \/>\n<a href=\"\/audiofem\/r\u00e8gulas.wav\" >R\u00e8gulas<\/a>.<br \/>\n<a href=\"\/audiofem\/r\u00e8gula.wav\" >R\u00e8gula<\/a>.<br \/>\n<a href=\"\/audiofem\/reinas.wav\" >Reinas<\/a>.<br \/>\n<a href=\"\/audiofem\/reina.wav\" >Reina<\/a>.<br \/>\n<a href=\"\/audiofem\/relatas.wav\" >Relatas<\/a>.<br \/>\n<a href=\"\/audiofem\/relata.wav\" >Relata<\/a>.<br \/>\n<a href=\"\/audiofem\/relatziones.wav\" >Relatziones<\/a>.<br \/>\n<a href=\"\/audiofem\/relatzione.wav\" >Relatzione<\/a>.<br \/>\n<a href=\"\/audiofem\/religiones.wav\" >Religiones<\/a>.<br \/>\n<a href=\"\/audiofem\/religione.wav\" >Religione<\/a>.<br \/>\n<a href=\"\/audiofem\/religiosa.wav\" >Religiosa<\/a>.<br \/>\n<a href=\"\/audiofem\/religiosos.wav\" >Religiosos<\/a>.<br \/>\n<a href=\"\/audiofem\/religiosu.wav\" >Religiosu<\/a>.<br \/>\n<a href=\"\/audiofem\/rell\u00f2giu.wav\" >Rell\u00f2giu<\/a>.<br \/>\n<a href=\"\/audiofem\/rem\u00e8diu.wav\" >Rem\u00e8diu<\/a>.<br \/>\n<a href=\"\/audiofem\/remonzu.wav\" >Remonzu<\/a> [<a href=\"\/audiofem\/remonzu_1.wav\" >1<\/a>].<br \/>\n<a href=\"\/audiofem\/remunidu.wav\" >Remunidu<\/a>.<br \/>\n<a href=\"\/audiofem\/remunire.wav\" >Remunire<\/a>.<br \/>\n<a href=\"\/audiofem\/renadu.wav\" >Renadu<\/a>.<br \/>\n<a href=\"\/audiofem\/rena.wav\" >Rena<\/a>.<br \/>\n<a href=\"\/audiofem\/rene\u00e8ssere.wav\" >Rene\u00e8ssere<\/a>.<br \/>\n<a href=\"\/audiofem\/ren\u00e8ssere.wav\" >Ren\u00e8ssere<\/a> [<a href=\"\/audiofem\/ren\u00e8ssere_1.wav\" >1<\/a>].<br \/>\n<a href=\"\/audiofem\/ren\u00e8ssia.wav\" >Ren\u00e8ssia<\/a>.<br \/>\n<a href=\"\/audiofem\/renessida.wav\" >Renessida<\/a>.<br \/>\n<a href=\"\/audiofem\/ren\u00e8ssida.wav\" >Ren\u00e8ssida<\/a>.<br \/>\n<a href=\"\/audiofem\/ren\u00e8ssidos.wav\" >Ren\u00e8ssidos<\/a>.<br \/>\n<a href=\"\/audiofem\/ren\u00e8ssidu.wav\" >Ren\u00e8ssidu<\/a>.<br \/>\n<a href=\"\/audiofem\/renesso.wav\" >Renesso<\/a>.<br \/>\n<a href=\"\/audiofem\/rennessiat.wav\" >Rennessiat<\/a>.<br \/>\n<a href=\"\/audiofem\/rennessidu.wav\" >Rennessidu<\/a>.<br \/>\n<a href=\"\/audiofem\/repente.wav\" >Repente<\/a>.<br \/>\n<a href=\"\/audiofem\/repertos.wav\" >Repertos<\/a>.<br \/>\n<a href=\"\/audiofem\/rep\u00ectere.wav\" >Rep\u00ectere<\/a>.<br \/>\n<a href=\"\/audiofem\/repitiat.wav\" >Repitiat<\/a>.<br \/>\n<a href=\"\/audiofem\/rep\u00ectidu.wav\" >Rep\u00ectidu<\/a>.<br \/>\n<a href=\"\/audiofem\/republicana.wav\" >Republicana<\/a>.<br \/>\n<a href=\"\/audiofem\/rep\u00f9blica.wav\" >Rep\u00f9blica<\/a>.<br \/>\n<a href=\"\/audiofem\/r\u00e8pula.wav\" >R\u00e8pula<\/a>.<br \/>\n<a href=\"\/audiofem\/resist\u00e8ntzia.wav\" >Resist\u00e8ntzia<\/a>.<br \/>\n<a href=\"\/audiofem\/resonamentu.wav\" >Resonamentu<\/a>.<br \/>\n<a href=\"\/audiofem\/resones.wav\" >Resones<\/a>.<br \/>\n<a href=\"\/audiofem\/resone.wav\" >Resone<\/a>.<br \/>\n<a href=\"\/audiofem\/res\u00f2rgias.wav\" >Res\u00f2rgias<\/a>.<br \/>\n<a href=\"\/audiofem\/res\u00f2rgia.wav\" >Res\u00f2rgia<\/a>.<br \/>\n<a href=\"\/audiofem\/respetu.wav\" >Respetu<\/a>.<br \/>\n<a href=\"\/audiofem\/respiru.wav\" >Respiru<\/a>.<br \/>\n<a href=\"\/audiofem\/respons\u00e0bile.wav\" >Respons\u00e0bile<\/a>.<br \/>\n<a href=\"\/audiofem\/responsabilidade.wav\" >Responsabilidade<\/a>.<br \/>\n<a href=\"\/audiofem\/restos.wav\" >Restos<\/a>.<br \/>\n<a href=\"\/audiofem\/restu.wav\" >Restu<\/a>.<br \/>\n<a href=\"\/audiofem\/resurretzione.wav\" >Resurretzione<\/a>.<br \/>\n<a href=\"\/audiofem\/resurtados.wav\" >Resurtados<\/a>.<br \/>\n<a href=\"\/audiofem\/resurtadu.wav\" >Resurtadu<\/a>.<br \/>\n<a href=\"\/audiofem\/resurtaiat.wav\" >Resurtaiat<\/a>.<br \/>\n<a href=\"\/audiofem\/resurtare.wav\" >Resurtare<\/a>.<br \/>\n<a href=\"\/audiofem\/res\u00f9rtat.wav\" >Res\u00f9rtat<\/a>.<br \/>\n<a href=\"\/audiofem\/resurtos.wav\" >Resurtos<\/a>.<br \/>\n<a href=\"\/audiofem\/res.wav\" >Res<\/a>.<br \/>\n<a href=\"\/audiofem\/retore.wav\" >Retore<\/a>.<br \/>\n<a href=\"\/audiofem\/retratu.wav\" >Retratu<\/a>.<br \/>\n<a href=\"\/audiofem\/retza.wav\" >Retza<\/a>.<br \/>\n<a href=\"\/audiofem\/retziat.wav\" >Retziat<\/a>.<br \/>\n<a href=\"\/audiofem\/retzida.wav\" >Retzida<\/a>.<br \/>\n<a href=\"\/audiofem\/retzidu.wav\" >Retzidu<\/a>.<br \/>\n<a href=\"\/audiofem\/retzire.wav\" >Retzire<\/a>.<br \/>\n<a href=\"\/audiofem\/re.wav\" >Re<\/a>.<br \/>\n<a href=\"\/audiofem\/rica.wav\" >Rica<\/a>.<br \/>\n<a href=\"\/audiofem\/richesa.wav\" >Richesa<\/a>.<br \/>\n<a href=\"\/audiofem\/ricos.wav\" >Ricos<\/a>.<br \/>\n<a href=\"\/audiofem\/ricu.wav\" >Ricu<\/a>.<br \/>\n<a href=\"\/audiofem\/rid\u00ecculu.wav\" >Rid\u00ecculu<\/a>.<br \/>\n<a href=\"\/audiofem\/riende.wav\" >Riende<\/a>.<br \/>\n<a href=\"\/audiofem\/r\u00ecere.wav\" >R\u00ecere<\/a>.<br \/>\n<a href=\"\/audiofem\/riet.wav\" >Riet<\/a>.<br \/>\n<a href=\"\/audiofem\/riferimentu.wav\" >Riferimentu<\/a>.<br \/>\n<a href=\"\/audiofem\/rigas.wav\" >Rigas<\/a>.<br \/>\n<a href=\"\/audiofem\/riga.wav\" >Riga<\/a>.<br \/>\n<a href=\"\/audiofem\/rigore.wav\" >Rigore<\/a>.<br \/>\n<a href=\"\/audiofem\/rios.wav\" >Rios<\/a>.<br \/>\n<a href=\"\/audiofem\/r\u00ecsidu.wav\" >R\u00ecsidu<\/a>.<br \/>\n<a href=\"\/audiofem\/risigheddu.wav\" >Risigheddu<\/a>.<br \/>\n<a href=\"\/audiofem\/risitende.wav\" >Risitende<\/a>.<br \/>\n<a href=\"\/audiofem\/risitu.wav\" >Risitu<\/a>.<br \/>\n<a href=\"\/audiofem\/risolutzione.wav\" >Risolutzione<\/a>.<br \/>\n<a href=\"\/audiofem\/ris\u00f2lvere.wav\" >Ris\u00f2lvere<\/a>.<br \/>\n<a href=\"\/audiofem\/rispetare.wav\" >Rispetare<\/a>.<br \/>\n<a href=\"\/audiofem\/rispetu.wav\" >Rispetu<\/a>.<br \/>\n<a href=\"\/audiofem\/rispondeit.wav\" >Rispondeit<\/a>.<br \/>\n<a href=\"\/audiofem\/risp\u00f2ndere.wav\" >Risp\u00f2ndere<\/a>.<br \/>\n<a href=\"\/audiofem\/rispondet.wav\" >Rispondet<\/a>.<br \/>\n<a href=\"\/audiofem\/rispondiat.wav\" >Rispondiat<\/a>.<br \/>\n<a href=\"\/audiofem\/rispostas.wav\" >Rispostas<\/a>.<br \/>\n<a href=\"\/audiofem\/risposta.wav\" >Risposta<\/a>.<br \/>\n<a href=\"\/audiofem\/rispostu.wav\" >Rispostu<\/a>.<br \/>\n<a href=\"\/audiofem\/ristorante.wav\" >Ristorante<\/a>.<br \/>\n<a href=\"\/audiofem\/risu.wav\" >Risu<\/a>.<br \/>\n<a href=\"\/audiofem\/ritmu.wav\" >Ritmu<\/a>.<br \/>\n<a href=\"\/audiofem\/ritratu.wav\" >Ritratu<\/a>.<br \/>\n<a href=\"\/audiofem\/ritza.wav\" >Ritza<\/a>.<br \/>\n<a href=\"\/audiofem\/ritzos.wav\" >Ritzos<\/a>.<br \/>\n<a href=\"\/audiofem\/ritzu .wav\" >Ritzu <\/a>.<br \/>\n<a href=\"\/audiofem\/riu.wav\" >Riu<\/a>.<br \/>\n<a href=\"\/audiofem\/rivista.wav\" >Rivista<\/a>.<br \/>\n<a href=\"\/audiofem\/rivolutzione.wav\" >Rivolutzione<\/a> [<a href=\"\/audiofem\/rivolutzione_1.wav\" >1<\/a>].<br \/>\n<a href=\"\/audiofem\/roba.wav\" >Roba<\/a>.<br \/>\n<a href=\"\/audiofem\/rocas.wav\" >Rocas<\/a>.<br \/>\n<a href=\"\/audiofem\/roca.wav\" >Roca<\/a>.<br \/>\n<a href=\"\/audiofem\/rodas.wav\" >Rodas<\/a>.<br \/>\n<a href=\"\/audiofem\/roda.wav\" >Roda<\/a>.<br \/>\n<a href=\"\/audiofem\/romana.wav\" >Romana<\/a>.<br \/>\n<a href=\"\/audiofem\/romanos.wav\" >Romanos<\/a>.<br \/>\n<a href=\"\/audiofem\/romanu.wav\" >Romanu<\/a>.<br \/>\n<a href=\"\/audiofem\/romanzos.wav\" >Romanzos<\/a> [<a href=\"\/audiofem\/romanzos_1.wav\" >1<\/a>].<br \/>\n<a href=\"\/audiofem\/romanzu.wav\" >Romanzu<\/a>.<br \/>\n<a href=\"\/audiofem\/roma.wav\" >Roma<\/a>.<br \/>\n<a href=\"\/audiofem\/rom+.wav\" >Rom+<\/a>.<br \/>\n<a href=\"\/audiofem\/rosas.wav\" >Rosas<\/a>.<br \/>\n<a href=\"\/audiofem\/rosa.wav\" >Rosa<\/a>.<br \/>\n<a href=\"\/audiofem\/ruende.wav\" >Ruende<\/a>.<br \/>\n<a href=\"\/audiofem\/ruent.wav\" >Ruent<\/a>.<br \/>\n<a href=\"\/audiofem\/r\u00f9ere.wav\" >R\u00f9ere<\/a>.<br \/>\n<a href=\"\/audiofem\/ruet.wav\" >Ruet<\/a>.<br \/>\n<a href=\"\/audiofem\/rughe.wav\" >Rughe<\/a>.<br \/>\n<a href=\"\/audiofem\/ r\u00f9gia.wav\" >r\u00f9gia<\/a>.<br \/>\n<a href=\"\/audiofem\/r\u00f9giu.wav\" >R\u00f9giu<\/a>.<br \/>\n<a href=\"\/audiofem\/rugradis.wav\" >Rugradis<\/a>.<br \/>\n<a href=\"\/audiofem\/ruiant.wav\" >Ruiant<\/a>.<br \/>\n<a href=\"\/audiofem\/ruiat.wav\" >Ruiat<\/a>.<br \/>\n<a href=\"\/audiofem\/ruinas.wav\" >Ruinas<\/a>.<br \/>\n<a href=\"\/audiofem\/ruina.wav\" >Ruina<\/a>.<br \/>\n<a href=\"\/audiofem\/rujas.wav\" >Rujas<\/a>.<br \/>\n<a href=\"\/audiofem\/ruja.wav\" >Ruja<\/a>.<br \/>\n<a href=\"\/audiofem\/rujos.wav\" >Rujos<\/a>.<br \/>\n<a href=\"\/audiofem\/ruolu.wav\" >Ruolu<\/a>.<br \/>\n<a href=\"\/audiofem\/rurale.wav\" >Rurale<\/a>.<br \/>\n<a href=\"\/audiofem\/ruta.wav\" >Ruta<\/a>.<br \/>\n<a href=\"\/audiofem\/rutos.wav\" >Rutos<\/a>.<br \/>\n<a href=\"\/audiofem\/rutu.wav\" >Rutu<\/a>.<br \/>\n<a href=\"\/audiofem\/rutzu.wav\" >Rutzu<\/a>.<br \/>\n<a href=\"\/audiofem\/ruzos.wav\" >Ruzos<\/a>.<\/p>\n","protected":false},"excerpt":{"rendered":"<p>Racumando. R\u00e0diu. R\u00e0giu. Raighinas. Rajos. Raju. R\u00e0mene. Rana. Randa. Raportos. Raportu. Rapresentada. Rapresentare. Rapresentatzione. Rara. Raru. Rassignare. Rastru. Ratza. Reale. Realidade. Reatzione. Recatu. Reconnosch\u00e8ntzia. Reconn\u00f2schere. Reconnoschet. Reconnoschimentu. Reconnotas. Reconnota. Reconnotu. Recuperare. Regaladu. Regalu. Reghente. Regionales. Regionale. Regiones. Regione. Registru. Regnu. Reg\u00f2llere. Regordu. Regortas. Regulamentu. Regulare. R\u00e8gulas. R\u00e8gula. Reinas. Reina. Relatas. Relata. Relatziones. Relatzione. Religiones. Religione. [&hellip;]<\/p>\n","protected":false},"author":1,"featured_media":0,"parent":49,"menu_order":0,"comment_status":"closed","ping_status":"closed","template":"","meta":{"footnotes":""},"class_list":["post-206","page","type-page","status-publish","hentry"],"_links":{"self":[{"href":"https:\/\/sintesa.nor-web.eu\/en\/wp-json\/wp\/v2\/pages\/206","targetHints":{"allow":["GET"]}}],"collection":[{"href":"https:\/\/sintesa.nor-web.eu\/en\/wp-json\/wp\/v2\/pages"}],"about":[{"href":"https:\/\/sintesa.nor-web.eu\/en\/wp-json\/wp\/v2\/types\/page"}],"author":[{"embeddable":true,"href":"https:\/\/sintesa.nor-web.eu\/en\/wp-json\/wp\/v2\/users\/1"}],"replies":[{"embeddable":true,"href":"https:\/\/sintesa.nor-web.eu\/en\/wp-json\/wp\/v2\/comments?post=206"}],"version-history":[{"count":3,"href":"https:\/\/sintesa.nor-web.eu\/en\/wp-json\/wp\/v2\/pages\/206\/revisions"}],"predecessor-version":[{"id":262,"href":"https:\/\/sintesa.nor-web.eu\/en\/wp-json\/wp\/v2\/pages\/206\/revisions\/262"}],"up":[{"embeddable":true,"href":"https:\/\/sintesa.nor-web.eu\/en\/wp-json\/wp\/v2\/pages\/49"}],"wp:attachment":[{"href":"https:\/\/sintesa.nor-web.eu\/en\/wp-json\/wp\/v2\/media?parent=206"}],"curies":[{"name":"wp","href":"https:\/\/api.w.org\/{rel}","templated":true}]}}