{"id":203,"date":"2015-04-09T18:01:29","date_gmt":"2015-04-09T16:01:29","guid":{"rendered":"http:\/\/tts.nor-web.eu\/?page_id=203"},"modified":"2015-11-26T13:02:54","modified_gmt":"2015-11-26T12:02:54","slug":"lettera-n","status":"publish","type":"page","link":"https:\/\/sintesa.nor-web.eu\/en\/parole\/parlante-2-donna\/lettera-n\/","title":{"rendered":"Lecter N"},"content":{"rendered":"<p><a href=\"\/audiofem\/nadale.wav\" >Nadale<\/a>.<br \/>\n<a href=\"\/audiofem\/naes.wav\" >Naes<\/a>.<br \/>\n<a href=\"\/audiofem\/nae.wav\" >Nae<\/a>.<br \/>\n<a href=\"\/audiofem\/naiat.wav\" >Naiat<\/a>.<br \/>\n<a href=\"\/audiofem\/nanchi.wav\" >Nanchi<\/a>.<br \/>\n<a href=\"\/audiofem\/narade\u00b7li.wav\" >Narade\u00b7li<\/a>.<br \/>\n<a href=\"\/audiofem\/narades.wav\" >Narades<\/a>.<br \/>\n<a href=\"\/audiofem\/narade.wav\" >Narade<\/a>.<br \/>\n<a href=\"\/audiofem\/naradu.wav\" >Naradu<\/a> [<a href=\"\/audiofem\/naradu_1.wav\" >1<\/a>].<br \/>\n<a href=\"\/audiofem\/naraiant.wav\" >Naraiant<\/a>.<br \/>\n<a href=\"\/audiofem\/naraiat.wav\" >Naraiat<\/a>.<br \/>\n<a href=\"\/audiofem\/naraia.wav\" >Naraia<\/a>.<br \/>\n<a href=\"\/audiofem\/nara\u00b7li.wav\" >Nara\u00b7li<\/a>.<br \/>\n<a href=\"\/audiofem\/nara\u00b7mi.wav\" >Nara\u00b7mi<\/a>.<br \/>\n<a href=\"\/audiofem\/naramus.wav\" >Naramus<\/a>.<br \/>\n<a href=\"\/audiofem\/narande\u00b7mi.wav\" >Narande\u00b7mi<\/a> [<a href=\"\/audiofem\/narande\u00b7mi_1.wav\" >1<\/a>].<br \/>\n<a href=\"\/audiofem\/narant.wav\" >Narant<\/a>.<br \/>\n<a href=\"\/audiofem\/naras.wav\" >Naras<\/a>.<br \/>\n<a href=\"\/audiofem\/narat.wav\" >Narat<\/a>.<br \/>\n<a href=\"\/audiofem\/nara.wav\" >Nara<\/a>.<br \/>\n<a href=\"\/audiofem\/narende\u00b7li.wav\" >Narende\u00b7li<\/a>.<br \/>\n<a href=\"\/audiofem\/narende.wav\" >Narende<\/a>.<br \/>\n<a href=\"\/audiofem\/nare.wav\" >Nare<\/a>.<br \/>\n<a href=\"\/audiofem\/nargeit.wav\" >Nargeit<\/a>.<br \/>\n<a href=\"\/audiofem\/n\u00e0rgias.wav\" >N\u00e0rgias<\/a>.<br \/>\n<a href=\"\/audiofem\/n\u00e0rgiat.wav\" >N\u00e0rgiat<\/a>.<br \/>\n<a href=\"\/audiofem\/naro.wav\" >Naro<\/a>.<br \/>\n<a href=\"\/audiofem\/narradores.wav\" >Narradores<\/a>.<br \/>\n<a href=\"\/audiofem\/narrativa.wav\" >Narrativa<\/a>.<br \/>\n<a href=\"\/audiofem\/n\u00e0rrere.wav\" >N\u00e0rrere<\/a> [<a href=\"\/audiofem\/n\u00e0rrere_1.wav\" >1<\/a>].<br \/>\n<a href=\"\/audiofem\/naschent.wav\" >Naschent<\/a>.<br \/>\n<a href=\"\/audiofem\/n\u00e0schere.wav\" >N\u00e0schere<\/a>.<br \/>\n<a href=\"\/audiofem\/naschet.wav\" >Naschet<\/a>.<br \/>\n<a href=\"\/audiofem\/n\u00e0schida.wav\" >N\u00e0schida<\/a>.<br \/>\n<a href=\"\/audiofem\/n\u00e0schidos.wav\" >N\u00e0schidos<\/a>.<br \/>\n<a href=\"\/audiofem\/n\u00e0schidu.wav\" >N\u00e0schidu<\/a>.<br \/>\n<a href=\"\/audiofem\/nasu.wav\" >Nasu<\/a>.<br \/>\n<a href=\"\/audiofem\/naturales.wav\" >Naturales<\/a>.<br \/>\n<a href=\"\/audiofem\/naturale.wav\" >Naturale<\/a>.<br \/>\n<a href=\"\/audiofem\/natura.wav\" >Natura<\/a>.<br \/>\n<a href=\"\/audiofem\/natzionales.wav\" >Natzionales<\/a>.<br \/>\n<a href=\"\/audiofem\/natzionale.wav\" >Natzionale<\/a>.<br \/>\n<a href=\"\/audiofem\/natzionalista.wav\" >Natzionalista<\/a>.<br \/>\n<a href=\"\/audiofem\/natzione.wav\" >Natzione<\/a>.<br \/>\n<a href=\"\/audiofem\/navigare.wav\" >Navigare<\/a>.<br \/>\n<a href=\"\/audiofem\/nc'abbigiare.wav\" >Nc&#8217;abbigiare<\/a> [<a href=\"\/audiofem\/nc'abbigiare_1.wav\" >1<\/a>].<br \/>\n<a href=\"\/audiofem\/nc'aere.wav\" >Nc&#8217;aere<\/a> [<a href=\"\/audiofem\/nc'\u00e0ere_1.wav\" >1<\/a>].<br \/>\n<a href=\"\/audiofem\/nc'\u00e0ere.wav\" >Nc&#8217;\u00e0ere<\/a>.<br \/>\n<a href=\"\/audiofem\/nc'aiant.wav\" >Nc&#8217;aiant<\/a>.<br \/>\n<a href=\"\/audiofem\/nc'aiat.wav\" >Nc&#8217;aiat<\/a> [<a href=\"\/audiofem\/nc'aiat_1.wav\" >1<\/a>] [<a href=\"\/audiofem\/nc'aiat_2.wav\" >2<\/a>] [<a href=\"\/audiofem\/nc'aiat_3.wav\" >3<\/a>].<br \/>\n<a href=\"\/audiofem\/nc'amus.wav\" >Nc&#8217;amus<\/a>.<br \/>\n<a href=\"\/audiofem\/nc'andare.wav\" >Nc&#8217;andare<\/a> [<a href=\"\/audiofem\/nc'andare_1.wav\" >1<\/a>].<br \/>\n<a href=\"\/audiofem\/nc'andas.wav\" >Nc&#8217;andas<\/a>.<br \/>\n<a href=\"\/audiofem\/nc'andat.wav\" >Nc&#8217;andat<\/a>.<br \/>\n<a href=\"\/audiofem\/nc'ando.wav\" >Nc&#8217;ando<\/a>.<br \/>\n<a href=\"\/audiofem\/nc'apo.wav\" >Nc&#8217;apo<\/a> [<a href=\"\/audiofem\/nc'apo_1.wav\" >1<\/a>] [<a href=\"\/audiofem\/nc'apo_2.wav\" >2<\/a>].<br \/>\n<a href=\"\/audiofem\/nc'arribare.wav\" >Nc&#8217;arribare<\/a>.<br \/>\n<a href=\"\/audiofem\/nc'as.wav\" >Nc&#8217;as<\/a>.<br \/>\n<a href=\"\/audiofem\/nc'at.wav\" >Nc&#8217;at<\/a>.<br \/>\n<a href=\"\/audiofem\/nc'esseret.wav\" >Nc&#8217;esseret<\/a> [<a href=\"\/audiofem\/nc'\u00e8ssere_1.wav\" >1<\/a>].<br \/>\n<a href=\"\/audiofem\/nc'\u00e8ssere.wav\" >Nc&#8217;\u00e8ssere<\/a>.<br \/>\n<a href=\"\/audiofem\/nc'essiat.wav\" >Nc&#8217;essiat<\/a>.<br \/>\n<a href=\"\/audiofem\/nc'est.wav\" >Nc&#8217;est<\/a>.<br \/>\n<a href=\"\/audiofem\/nd'abbigiare.wav\" >Nd&#8217;abbigiare<\/a> [<a href=\"\/audiofem\/nche_1.wav\" >1<\/a>].<br \/>\n<a href=\"\/audiofem\/nd'\u00e0ere.wav\" >Nd&#8217;\u00e0ere<\/a>.<br \/>\n<a href=\"\/audiofem\/nd'aiant.wav\" >Nd&#8217;aiant<\/a>.<br \/>\n<a href=\"\/audiofem\/nd'aiat.wav\" >Nd&#8217;aiat<\/a>.<br \/>\n<a href=\"\/audiofem\/nd'ais.wav\" >Nd&#8217;ais<\/a>.<br \/>\n<a href=\"\/audiofem\/nd'ammentas.wav\" >Nd&#8217;ammentas<\/a>.<br \/>\n<a href=\"\/audiofem\/nd'ammento.wav\" >Nd&#8217;ammento<\/a>.<br \/>\n<a href=\"\/audiofem\/nd'amus.wav\" >Nd&#8217;amus<\/a>.<br \/>\n<a href=\"\/audiofem\/nd'apo.wav\" >Nd&#8217;apo<\/a>.<br \/>\n<a href=\"\/audiofem\/nd'at.wav\" >Nd&#8217;at<\/a>.<br \/>\n<a href=\"\/audiofem\/nd'esseret.wav\" >Nd&#8217;esseret<\/a> [<a href=\"\/audiofem\/nde_1.wav\" >1<\/a>].<br \/>\n<a href=\"\/audiofem\/nd'essire.wav\" >Nd&#8217;essire<\/a>.<br \/>\n<a href=\"\/audiofem\/nd'essit.wav\" >Nd&#8217;essit<\/a>.<br \/>\n<a href=\"\/audiofem\/nd'est.wav\" >Nd&#8217;est<\/a>.<br \/>\n<a href=\"\/audiofem\/nde.wav\" >Nde<\/a>.<br \/>\n<a href=\"\/audiofem\/nd'importat.wav\" >Nd&#8217;importat<\/a> [<a href=\"\/audiofem\/nd'importat_1.wav\" >1<\/a>].<br \/>\n<a href=\"\/audiofem\/nd'ischiat.wav\" >Nd&#8217;ischiat<\/a>.<br \/>\n<a href=\"\/audiofem\/nd'ischit.wav\" >Nd&#8217;ischit<\/a>.<br \/>\n<a href=\"\/audiofem\/nd'isco.wav\" >Nd&#8217;isco<\/a>.<br \/>\n<a href=\"\/audiofem\/n\u00e8bida.wav\" >N\u00e8bida<\/a> [<a href=\"\/audiofem\/n\u00e8bida_1.wav\" >1<\/a>].<br \/>\n<a href=\"\/audiofem\/nebodes.wav\" >Nebodes<\/a>.<br \/>\n<a href=\"\/audiofem\/nebode.wav\" >Nebode<\/a>.<br \/>\n<a href=\"\/audiofem\/negadu.wav\" >Negadu<\/a>.<br \/>\n<a href=\"\/audiofem\/negare.wav\" >Negare<\/a>.<br \/>\n<a href=\"\/audiofem\/neghes.wav\" >Neghes<\/a>.<br \/>\n<a href=\"\/audiofem\/neghe.wav\" >Neghe<\/a>.<br \/>\n<a href=\"\/audiofem\/nemmancu.wav\" >Nemmancu<\/a>.<br \/>\n<a href=\"\/audiofem\/nemos.wav\" >Nemos<\/a>.<br \/>\n<a href=\"\/audiofem\/nennu.wav\" >Nennu<\/a>.<br \/>\n<a href=\"\/audiofem\/nen.wav\" >Nen<\/a>.<br \/>\n<a href=\"\/audiofem\/nerviosu.wav\" >Nerviosu<\/a>.<br \/>\n<a href=\"\/audiofem\/n\u00e8rvios.wav\" >N\u00e8rvios<\/a>.<br \/>\n<a href=\"\/audiofem\/nervosu.wav\" >Nervosu<\/a>.<br \/>\n<a href=\"\/audiofem\/nessi.wav\" >Nessi<\/a>.<br \/>\n<a href=\"\/audiofem\/neta.wav\" >Neta<\/a>.<br \/>\n<a href=\"\/audiofem\/netu.wav\" >Netu<\/a>.<br \/>\n<a href=\"\/audiofem\/netzess\u00e0riu.wav\" >Netzess\u00e0riu<\/a>.<br \/>\n<a href=\"\/audiofem\/netzessidade.wav\" >Netzessidade<\/a>.<br \/>\n<a href=\"\/audiofem\/n\u00e8ula.wav\" >N\u00e8ula<\/a>.<br \/>\n<a href=\"\/audiofem\/ne.wav\" >Ne<\/a>.<br \/>\n<a href=\"\/audiofem\/nidu.wav\" >Nidu<\/a>.<br \/>\n<a href=\"\/audiofem\/nieddas.wav\" >Nieddas<\/a>.<br \/>\n<a href=\"\/audiofem\/niedda.wav\" >Niedda<\/a>.<br \/>\n<a href=\"\/audiofem\/nieddore.wav\" >Nieddore<\/a>.<br \/>\n<a href=\"\/audiofem\/nieddos.wav\" >Nieddos<\/a>.<br \/>\n<a href=\"\/audiofem\/nieddu.wav\" >Nieddu<\/a>.<br \/>\n<a href=\"\/audiofem\/nie.wav\" >Nie<\/a>.<br \/>\n<a href=\"\/audiofem\/niunu.wav\" >Niunu<\/a>.<br \/>\n<a href=\"\/audiofem\/noas.wav\" >Noas<\/a> [<a href=\"\/audiofem\/no_1.wav\" >1<\/a>].<br \/>\n<a href=\"\/audiofem\/noa.wav\" >Noa<\/a>.<br \/>\n<a href=\"\/audiofem\/n\u00f2biles.wav\" >N\u00f2biles<\/a>.<br \/>\n<a href=\"\/audiofem\/n\u00f2bile.wav\" >N\u00f2bile<\/a>.<br \/>\n<a href=\"\/audiofem\/n\u00f2dida.wav\" >N\u00f2dida<\/a>.<br \/>\n<a href=\"\/audiofem\/n\u00f2didu.wav\" >N\u00f2didu<\/a>.<br \/>\n<a href=\"\/audiofem\/nodu.wav\" >Nodu<\/a>.<br \/>\n<a href=\"\/audiofem\/noe.wav\" >Noe<\/a>.<br \/>\n<a href=\"\/audiofem\/noighentos.wav\" >Noighentos<\/a>.<br \/>\n<a href=\"\/audiofem\/nointamen.wav\" >Nointamen<\/a>.<br \/>\n<a href=\"\/audiofem\/nois.wav\" >Nois<\/a>.<br \/>\n<a href=\"\/audiofem\/nono.wav\" >Nono<\/a> [<a href=\"\/audiofem\/non_1.wav\" >1<\/a>] [<a href=\"\/audiofem\/nono_1.wav\" >1<\/a>].<br \/>\n<a href=\"\/audiofem\/non.wav\" >Non<\/a>.<br \/>\n<a href=\"\/audiofem\/noos.wav\" >Noos<\/a>.<br \/>\n<a href=\"\/audiofem\/noranta.wav\" >Noranta<\/a>.<br \/>\n<a href=\"\/audiofem\/nord.wav\" >Nord<\/a>.<br \/>\n<a href=\"\/audiofem\/normale.wav\" >Normale<\/a>.<br \/>\n<a href=\"\/audiofem\/normalidade.wav\" >Normalidade<\/a>.<br \/>\n<a href=\"\/audiofem\/normas.wav\" >Normas<\/a>.<br \/>\n<a href=\"\/audiofem\/norma.wav\" >Norma<\/a>.<br \/>\n<a href=\"\/audiofem\/nosse.wav\" >Nosse<\/a> [<a href=\"\/audiofem\/nos_1.wav\" >1<\/a>].<br \/>\n<a href=\"\/audiofem\/nostras.wav\" >Nostras<\/a>.<br \/>\n<a href=\"\/audiofem\/nostra.wav\" >Nostra<\/a>.<br \/>\n<a href=\"\/audiofem\/nostros.wav\" >Nostros<\/a>.<br \/>\n<a href=\"\/audiofem\/nostru.wav\" >Nostru<\/a>.<br \/>\n<a href=\"\/audiofem\/nos.wav\" >Nos<\/a>.<br \/>\n<a href=\"\/audiofem\/notadu.wav\" >Notadu<\/a>.<br \/>\n<a href=\"\/audiofem\/notaju.wav\" >Notaju<\/a>.<br \/>\n<a href=\"\/audiofem\/notas.wav\" >Notas<\/a>.<br \/>\n<a href=\"\/audiofem\/nota.wav\" >Nota<\/a>.<br \/>\n<a href=\"\/audiofem\/notes.wav\" >Notes<\/a>.<br \/>\n<a href=\"\/audiofem\/note.wav\" >Note<\/a>.<br \/>\n<a href=\"\/audiofem\/nou.wav\" >Nou<\/a>.<br \/>\n<a href=\"\/audiofem\/novas.wav\" >Novas<\/a>.<br \/>\n<a href=\"\/audiofem\/nova.wav\" >Nova<\/a>.<br \/>\n<a href=\"\/audiofem\/novidade.wav\" >Novidade<\/a>.<br \/>\n<a href=\"\/audiofem\/no.wav\" >No<\/a>.<br \/>\n<a href=\"\/audiofem\/ns'as.wav\" >Ns&#8217;as<\/a>.<br \/>\n<a href=\"\/audiofem\/nuda.wav\" >Nuda<\/a>.<br \/>\n<a href=\"\/audiofem\/nudda.wav\" >Nudda<\/a> [<a href=\"\/audiofem\/nudda_1.wav\" >1<\/a>].<br \/>\n<a href=\"\/audiofem\/nudu.wav\" >Nudu<\/a>.<br \/>\n<a href=\"\/audiofem\/nues.wav\" >Nues<\/a>.<br \/>\n<a href=\"\/audiofem\/nue.wav\" >Nue<\/a>.<br \/>\n<a href=\"\/audiofem\/nughe.wav\" >Nughe<\/a>.<br \/>\n<a href=\"\/audiofem\/nugoresu.wav\" >Nugoresu<\/a>.<br \/>\n<a href=\"\/audiofem\/n\u00f9goro.wav\" >N\u00f9goro<\/a>.<br \/>\n<a href=\"\/audiofem\/numenadu.wav\" >Numenadu<\/a> [<a href=\"\/audiofem\/numenadu_1.wav\" >1<\/a>].<br \/>\n<a href=\"\/audiofem\/numenare.wav\" >Numenare<\/a>.<br \/>\n<a href=\"\/audiofem\/n\u00f9menes.wav\" >N\u00f9menes<\/a>.<br \/>\n<a href=\"\/audiofem\/n\u00f9mene.wav\" >N\u00f9mene<\/a>.<br \/>\n<a href=\"\/audiofem\/n\u00f9meros.wav\" >N\u00f9meros<\/a>.<br \/>\n<a href=\"\/audiofem\/n\u00f9meru.wav\" >N\u00f9meru<\/a>.<br \/>\n<a href=\"\/audiofem\/nuraghesa.wav\" >Nuraghesa<\/a> [<a href=\"\/audiofem\/nuraghe_1.wav\" >1<\/a>].<br \/>\n<a href=\"\/audiofem\/nuraghes.wav\" >Nuraghes<\/a>.<br \/>\n<a href=\"\/audiofem\/nuraghe.wav\" >Nuraghe<\/a>.<br \/>\n<a href=\"\/audiofem\/nura.wav\" >Nura<\/a>.<br \/>\n<a href=\"\/audiofem\/nuscos.wav\" >Nuscos<\/a>.<br \/>\n<a href=\"\/audiofem\/nuscu.wav\" >Nuscu<\/a>.<\/p>\n","protected":false},"excerpt":{"rendered":"<p>Nadale. Naes. Nae. Naiat. Nanchi. Narade\u00b7li. Narades. Narade. Naradu [1]. Naraiant. Naraiat. Naraia. Nara\u00b7li. Nara\u00b7mi. Naramus. Narande\u00b7mi [1]. Narant. Naras. Narat. Nara. Narende\u00b7li. Narende. Nare. Nargeit. N\u00e0rgias. N\u00e0rgiat. Naro. Narradores. Narrativa. N\u00e0rrere [1]. Naschent. N\u00e0schere. Naschet. N\u00e0schida. N\u00e0schidos. N\u00e0schidu. Nasu. Naturales. Naturale. Natura. Natzionales. Natzionale. Natzionalista. Natzione. Navigare. Nc&#8217;abbigiare [1]. Nc&#8217;aere [1]. Nc&#8217;\u00e0ere. Nc&#8217;aiant. Nc&#8217;aiat [&hellip;]<\/p>\n","protected":false},"author":1,"featured_media":0,"parent":49,"menu_order":0,"comment_status":"closed","ping_status":"closed","template":"","meta":{"footnotes":""},"class_list":["post-203","page","type-page","status-publish","hentry"],"_links":{"self":[{"href":"https:\/\/sintesa.nor-web.eu\/en\/wp-json\/wp\/v2\/pages\/203","targetHints":{"allow":["GET"]}}],"collection":[{"href":"https:\/\/sintesa.nor-web.eu\/en\/wp-json\/wp\/v2\/pages"}],"about":[{"href":"https:\/\/sintesa.nor-web.eu\/en\/wp-json\/wp\/v2\/types\/page"}],"author":[{"embeddable":true,"href":"https:\/\/sintesa.nor-web.eu\/en\/wp-json\/wp\/v2\/users\/1"}],"replies":[{"embeddable":true,"href":"https:\/\/sintesa.nor-web.eu\/en\/wp-json\/wp\/v2\/comments?post=203"}],"version-history":[{"count":3,"href":"https:\/\/sintesa.nor-web.eu\/en\/wp-json\/wp\/v2\/pages\/203\/revisions"}],"predecessor-version":[{"id":259,"href":"https:\/\/sintesa.nor-web.eu\/en\/wp-json\/wp\/v2\/pages\/203\/revisions\/259"}],"up":[{"embeddable":true,"href":"https:\/\/sintesa.nor-web.eu\/en\/wp-json\/wp\/v2\/pages\/49"}],"wp:attachment":[{"href":"https:\/\/sintesa.nor-web.eu\/en\/wp-json\/wp\/v2\/media?parent=203"}],"curies":[{"name":"wp","href":"https:\/\/api.w.org\/{rel}","templated":true}]}}