{"id":201,"date":"2015-04-09T18:01:32","date_gmt":"2015-04-09T16:01:32","guid":{"rendered":"http:\/\/tts.nor-web.eu\/?page_id=201"},"modified":"2015-11-26T13:04:01","modified_gmt":"2015-11-26T12:04:01","slug":"lettera-l","status":"publish","type":"page","link":"https:\/\/sintesa.nor-web.eu\/en\/parole\/parlante-2-donna\/lettera-l\/","title":{"rendered":"Lecter L"},"content":{"rendered":"<p><a href=\"\/audiofem\/l'abaidare.wav\" >L&#8217;abaidare<\/a> [<a href=\"\/audiofem\/la_1.wav\" >1<\/a>].<br \/>\n<a href=\"\/audiofem\/labiolu.wav\" >Labiolu<\/a>.<br \/>\n<a href=\"\/audiofem\/laborat\u00f2riu.wav\" >Laborat\u00f2riu<\/a>.<br \/>\n<a href=\"\/audiofem\/l\u00e0canas.wav\" >L\u00e0canas<\/a>.<br \/>\n<a href=\"\/audiofem\/l\u00e0cana.wav\" >L\u00e0cana<\/a>.<br \/>\n<a href=\"\/audiofem\/lada.wav\" >Lada<\/a>.<br \/>\n<a href=\"\/audiofem\/ladina.wav\" >Ladina<\/a>.<br \/>\n<a href=\"\/audiofem\/ladinu.wav\" >Ladinu<\/a>.<br \/>\n<a href=\"\/audiofem\/lados.wav\" >Lados<\/a>.<br \/>\n<a href=\"\/audiofem\/ladu.wav\" >Ladu<\/a>.<br \/>\n<a href=\"\/audiofem\/l'aerent.wav\" >L&#8217;aerent<\/a>.<br \/>\n<a href=\"\/audiofem\/l'aeret.wav\" >L&#8217;aeret<\/a>.<br \/>\n<a href=\"\/audiofem\/l'\u00e0ere.wav\" >L&#8217;\u00e0ere<\/a>.<br \/>\n<a href=\"\/audiofem\/l'agabbare.wav\" >L&#8217;agabbare<\/a>.<br \/>\n<a href=\"\/audiofem\/l'agatare.wav\" >L&#8217;agatare<\/a>.<br \/>\n<a href=\"\/audiofem\/l'agradaiat.wav\" >L&#8217;agradaiat<\/a>.<br \/>\n<a href=\"\/audiofem\/l'agradat.wav\" >L&#8217;agradat<\/a>.<br \/>\n<a href=\"\/audiofem\/l\u00e0grimas.wav\" >L\u00e0grimas<\/a>.<br \/>\n<a href=\"\/audiofem\/l\u00e0grima.wav\" >L\u00e0grima<\/a>.<br \/>\n<a href=\"\/audiofem\/l'aiant.wav\" >L&#8217;aiant<\/a>.<br \/>\n<a href=\"\/audiofem\/l'aia.wav\" >L&#8217;aia<\/a> [<a href=\"\/audiofem\/l'aiat_1.wav\" >1<\/a>].<br \/>\n<a href=\"\/audiofem\/l'aimus.wav\" >L&#8217;aimus<\/a>.<br \/>\n<a href=\"\/audiofem\/l'ais.wav\" >L&#8217;ais<\/a> [<a href=\"\/audiofem\/l'ais_1.wav\" >1<\/a>] [<a href=\"\/audiofem\/l'ais_2.wav\" >2<\/a>].<br \/>\n<a href=\"\/audiofem\/lamento.wav\" >Lamento<\/a>.<br \/>\n<a href=\"\/audiofem\/lamentu.wav\" >Lamentu<\/a>.<br \/>\n<a href=\"\/audiofem\/l'ammentaiat.wav\" >L&#8217;ammentaiat<\/a>.<br \/>\n<a href=\"\/audiofem\/l\u00e0mpadas.wav\" >L\u00e0mpadas<\/a>.<br \/>\n<a href=\"\/audiofem\/lampu.wav\" >Lampu<\/a>.<br \/>\n<a href=\"\/audiofem\/l'amus.wav\" >L&#8217;amus<\/a>.<br \/>\n<a href=\"\/audiofem\/lana.wav\" >Lana<\/a>.<br \/>\n<a href=\"\/audiofem\/l\u00e0ngiu.wav\" >L\u00e0ngiu<\/a>.<br \/>\n<a href=\"\/audiofem\/l\u00e0ntia.wav\" >L\u00e0ntia<\/a>.<br \/>\n<a href=\"\/audiofem\/l'apant.wav\" >L&#8217;apant<\/a>.<br \/>\n<a href=\"\/audiofem\/l'apat.wav\" >L&#8217;apat<\/a> [<a href=\"\/audiofem\/l'apat_1.wav\" >1<\/a>].<br \/>\n<a href=\"\/audiofem\/lapis.wav\" >Lapis<\/a>.<br \/>\n<a href=\"\/audiofem\/l'apo.wav\" >L&#8217;apo<\/a> [<a href=\"\/audiofem\/l'apo_1.wav\" >1<\/a>].<br \/>\n<a href=\"\/audiofem\/largu.wav\" >Largu<\/a>.<br \/>\n<a href=\"\/audiofem\/lascura.wav\" >Lascura<\/a>.<br \/>\n<a href=\"\/audiofem\/lassada.wav\" >Lassada<\/a>.<br \/>\n<a href=\"\/audiofem\/lassados.wav\" >Lassados<\/a>.<br \/>\n<a href=\"\/audiofem\/lassadu.wav\" >Lassadu<\/a>.<br \/>\n<a href=\"\/audiofem\/lassaiant.wav\" >Lassaiant<\/a>.<br \/>\n<a href=\"\/audiofem\/lassaiat.wav\" >Lassaiat<\/a>.<br \/>\n<a href=\"\/audiofem\/lassa\u00b7mi.wav\" >Lassa\u00b7mi<\/a>.<br \/>\n<a href=\"\/audiofem\/lassamus.wav\" >Lassamus<\/a>.<br \/>\n<a href=\"\/audiofem\/lassant.wav\" >Lassant<\/a>.<br \/>\n<a href=\"\/audiofem\/lassare.wav\" >Lassare<\/a>.<br \/>\n<a href=\"\/audiofem\/lassas.wav\" >Lassas<\/a>.<br \/>\n<a href=\"\/audiofem\/lassat.wav\" >Lassat<\/a>.<br \/>\n<a href=\"\/audiofem\/lassa.wav\" >Lassa<\/a>.<br \/>\n<a href=\"\/audiofem\/lasseit.wav\" >Lasseit<\/a>.<br \/>\n<a href=\"\/audiofem\/lassende.wav\" >Lassende<\/a>.<br \/>\n<a href=\"\/audiofem\/lasso.wav\" >Lasso<\/a>.<br \/>\n<a href=\"\/audiofem\/l\u00e0stima.wav\" >L\u00e0stima<\/a>.<br \/>\n<a href=\"\/audiofem\/l'as.wav\" >L&#8217;as<\/a>.<br \/>\n<a href=\"\/audiofem\/late.wav\" >Late<\/a> [<a href=\"\/audiofem\/l'at_1.wav\" >1<\/a>].<br \/>\n<a href=\"\/audiofem\/latina.wav\" >Latina<\/a>.<br \/>\n<a href=\"\/audiofem\/latinu.wav\" >Latinu<\/a>.<br \/>\n<a href=\"\/audiofem\/l'at.wav\" >L&#8217;at<\/a>.<br \/>\n<a href=\"\/audiofem\/lavras.wav\" >Lavras<\/a>.<br \/>\n<a href=\"\/audiofem\/la.wav\" >La<\/a>.<br \/>\n<a href=\"\/audiofem\/leadas.wav\" >Leadas<\/a>.<br \/>\n<a href=\"\/audiofem\/leada.wav\" >Leada<\/a>.<br \/>\n<a href=\"\/audiofem\/leados.wav\" >Leados<\/a>.<br \/>\n<a href=\"\/audiofem\/leadu.wav\" >Leadu<\/a>.<br \/>\n<a href=\"\/audiofem\/leamus.wav\" >Leamus<\/a>.<br \/>\n<a href=\"\/audiofem\/leant.wav\" >Leant<\/a>.<br \/>\n<a href=\"\/audiofem\/leare.wav\" >Leare<\/a>.<br \/>\n<a href=\"\/audiofem\/leas.wav\" >Leas<\/a>.<br \/>\n<a href=\"\/audiofem\/leat.wav\" >Leat<\/a>.<br \/>\n<a href=\"\/audiofem\/lea.wav\" >Lea<\/a>.<br \/>\n<a href=\"\/audiofem\/l\u00e8bia.wav\" >L\u00e8bia<\/a>.<br \/>\n<a href=\"\/audiofem\/l\u00e8bios.wav\" >L\u00e8bios<\/a>.<br \/>\n<a href=\"\/audiofem\/l\u00e8biu.wav\" >L\u00e8biu<\/a>.<br \/>\n<a href=\"\/audiofem\/leende.wav\" >Leende<\/a>.<br \/>\n<a href=\"\/audiofem\/lees.wav\" >Lees<\/a>.<br \/>\n<a href=\"\/audiofem\/legale.wav\" >Legale<\/a>.<br \/>\n<a href=\"\/audiofem\/legenda.wav\" >Legenda<\/a>.<br \/>\n<a href=\"\/audiofem\/leges.wav\" >Leges<\/a>.<br \/>\n<a href=\"\/audiofem\/lege.wav\" >Lege<\/a>.<br \/>\n<a href=\"\/audiofem\/leghende.wav\" >Leghende<\/a>.<br \/>\n<a href=\"\/audiofem\/l\u00e8ghere.wav\" >L\u00e8ghere<\/a>.<br \/>\n<a href=\"\/audiofem\/leghet.wav\" >Leghet<\/a>.<br \/>\n<a href=\"\/audiofem\/leghiat.wav\" >Leghiat<\/a>.<br \/>\n<a href=\"\/audiofem\/l\u00e8ghidu.wav\" >L\u00e8ghidu<\/a>.<br \/>\n<a href=\"\/audiofem\/l\u00e8gia.wav\" >L\u00e8gia<\/a>.<br \/>\n<a href=\"\/audiofem\/l\u00e8giu.wav\" >L\u00e8giu<\/a>.<br \/>\n<a href=\"\/audiofem\/leiat.wav\" >Leiat<\/a>.<br \/>\n<a href=\"\/audiofem\/leit.wav\" >Leit<\/a>.<br \/>\n<a href=\"\/audiofem\/lena.wav\" >Lena<\/a>.<br \/>\n<a href=\"\/audiofem\/lentore.wav\" >Lentore<\/a>.<br \/>\n<a href=\"\/audiofem\/lentzolos.wav\" >Lentzolos<\/a>.<br \/>\n<a href=\"\/audiofem\/lentzolu.wav\" >Lentzolu<\/a>.<br \/>\n<a href=\"\/audiofem\/lenu.wav\" >Lenu<\/a>.<br \/>\n<a href=\"\/audiofem\/leone.wav\" >Leone<\/a>.<br \/>\n<a href=\"\/audiofem\/leo.wav\" >Leo<\/a>.<br \/>\n<a href=\"\/audiofem\/lepa.wav\" >Lepa<\/a>.<br \/>\n<a href=\"\/audiofem\/l'esserent.wav\" >L&#8217;esserent<\/a>.<br \/>\n<a href=\"\/audiofem\/l'esseret.wav\" >L&#8217;esseret<\/a>.<br \/>\n<a href=\"\/audiofem\/lessicales.wav\" >Lessicales<\/a>.<br \/>\n<a href=\"\/audiofem\/lessicale.wav\" >Lessicale<\/a>.<br \/>\n<a href=\"\/audiofem\/l\u00e8ssicu.wav\" >L\u00e8ssicu<\/a>.<br \/>\n<a href=\"\/audiofem\/lestra.wav\" >Lestra<\/a>.<br \/>\n<a href=\"\/audiofem\/lestresa.wav\" >Lestresa<\/a>.<br \/>\n<a href=\"\/audiofem\/lestros.wav\" >Lestros<\/a>.<br \/>\n<a href=\"\/audiofem\/lestru.wav\" >Lestru<\/a>.<br \/>\n<a href=\"\/audiofem\/l'est.wav\" >L&#8217;est<\/a>.<br \/>\n<a href=\"\/audiofem\/letores.wav\" >Letores<\/a>.<br \/>\n<a href=\"\/audiofem\/letore.wav\" >Letore<\/a>.<br \/>\n<a href=\"\/audiofem\/letura.wav\" >Letura<\/a>.<br \/>\n<a href=\"\/audiofem\/letu.wav\" >Letu<\/a>.<br \/>\n<a href=\"\/audiofem\/letziones.wav\" >Letziones<\/a>.<br \/>\n<a href=\"\/audiofem\/letzione.wav\" >Letzione<\/a>.<br \/>\n<a href=\"\/audiofem\/leve.wav\" >Leve<\/a>.<br \/>\n<a href=\"\/audiofem\/liberadu.wav\" >Liberadu<\/a> [<a href=\"\/audiofem\/li_1.wav\" >1<\/a>].<br \/>\n<a href=\"\/audiofem\/liberale.wav\" >Liberale<\/a>.<br \/>\n<a href=\"\/audiofem\/liberare.wav\" >Liberare<\/a> [<a href=\"\/audiofem\/liberare_1.wav\" >1<\/a>].<br \/>\n<a href=\"\/audiofem\/liberatzione.wav\" >Liberatzione<\/a>.<br \/>\n<a href=\"\/audiofem\/l\u00ecbera.wav\" >L\u00ecbera<\/a>.<br \/>\n<a href=\"\/audiofem\/libertade.wav\" >Libertade<\/a>.<br \/>\n<a href=\"\/audiofem\/l\u00ecberu.wav\" >L\u00ecberu<\/a> [<a href=\"\/audiofem\/l\u00ecberu_1.wav\" >1<\/a>].<br \/>\n<a href=\"\/audiofem\/libreria.wav\" >Libreria<\/a>.<br \/>\n<a href=\"\/audiofem\/libros.wav\" >Libros<\/a>.<br \/>\n<a href=\"\/audiofem\/libru.wav\" >Libru<\/a>.<br \/>\n<a href=\"\/audiofem\/licores.wav\" >Licores<\/a>.<br \/>\n<a href=\"\/audiofem\/licore.wav\" >Licore<\/a>.<br \/>\n<a href=\"\/audiofem\/l\u00eccuidu.wav\" >L\u00eccuidu<\/a> [<a href=\"\/audiofem\/l\u00eccuidu_1.wav\" >1<\/a>].<br \/>\n<a href=\"\/audiofem\/lidone.wav\" >Lidone<\/a>.<br \/>\n<a href=\"\/audiofem\/ligada.wav\" >Ligada<\/a>.<br \/>\n<a href=\"\/audiofem\/ligados.wav\" >Ligados<\/a>.<br \/>\n<a href=\"\/audiofem\/ligadu.wav\" >Ligadu<\/a>.<br \/>\n<a href=\"\/audiofem\/l\u00ecgiu.wav\" >L\u00ecgiu<\/a>.<br \/>\n<a href=\"\/audiofem\/limba_1 .wav\" >Limba_1 <\/a>.<br \/>\n<a href=\"\/audiofem\/limb\u00e0gios.wav\" >Limb\u00e0gios<\/a> [<a href=\"\/audiofem\/limb\u00e0gios_1.wav\" >1<\/a>].<br \/>\n<a href=\"\/audiofem\/limb\u00e0giu.wav\" >Limb\u00e0giu<\/a>.<br \/>\n<a href=\"\/audiofem\/limbas.wav\" >Limbas<\/a>.<br \/>\n<a href=\"\/audiofem\/limba.wav\" >Limba<\/a>.<br \/>\n<a href=\"\/audiofem\/limin\u00e0rgiu.wav\" >Limin\u00e0rgiu<\/a>.<br \/>\n<a href=\"\/audiofem\/limonada.wav\" >Limonada<\/a>.<br \/>\n<a href=\"\/audiofem\/lingu\u00ecsticas.wav\" >Lingu\u00ecsticas<\/a>.<br \/>\n<a href=\"\/audiofem\/lingu\u00ecstica.wav\" >Lingu\u00ecstica<\/a>.<br \/>\n<a href=\"\/audiofem\/lingu\u00ecsticos.wav\" >Lingu\u00ecsticos<\/a>.<br \/>\n<a href=\"\/audiofem\/lingu\u00ecsticu.wav\" >Lingu\u00ecsticu<\/a>.<br \/>\n<a href=\"\/audiofem\/l\u00ecnias.wav\" >L\u00ecnias<\/a>.<br \/>\n<a href=\"\/audiofem\/l\u00ecnia.wav\" >L\u00ecnia<\/a>.<br \/>\n<a href=\"\/audiofem\/linnagiolu.wav\" >Linnagiolu<\/a>.<br \/>\n<a href=\"\/audiofem\/linnajolos.wav\" >Linnajolos<\/a>.<br \/>\n<a href=\"\/audiofem\/linnas.wav\" >Linnas<\/a>.<br \/>\n<a href=\"\/audiofem\/linna.wav\" >Linna<\/a>.<br \/>\n<a href=\"\/audiofem\/l'int\u00e8ndere.wav\" >L&#8217;int\u00e8ndere<\/a>.<br \/>\n<a href=\"\/audiofem\/l'ischiat.wav\" >L&#8217;ischiat<\/a>.<br \/>\n<a href=\"\/audiofem\/l'ischides.wav\" >L&#8217;ischides<\/a>.<br \/>\n<a href=\"\/audiofem\/l'ischimus.wav\" >L&#8217;ischimus<\/a>.<br \/>\n<a href=\"\/audiofem\/l'ischint.wav\" >L&#8217;ischint<\/a>.<br \/>\n<a href=\"\/audiofem\/l'ischire.wav\" >L&#8217;ischire<\/a>.<br \/>\n<a href=\"\/audiofem\/l'ischis.wav\" >L&#8217;ischis<\/a>.<br \/>\n<a href=\"\/audiofem\/l'ischit.wav\" >L&#8217;ischit<\/a>.<br \/>\n<a href=\"\/audiofem\/l'isco.wav\" >L&#8217;isco<\/a>.<br \/>\n<a href=\"\/audiofem\/l'ispricare.wav\" >L&#8217;ispricare<\/a>.<br \/>\n<a href=\"\/audiofem\/lista.wav\" >Lista<\/a>.<br \/>\n<a href=\"\/audiofem\/lis.wav\" >Lis<\/a>.<br \/>\n<a href=\"\/audiofem\/literaduras.wav\" >Literaduras<\/a>.<br \/>\n<a href=\"\/audiofem\/literadura.wav\" >Literadura<\/a>.<br \/>\n<a href=\"\/audiofem\/liter\u00e0rias.wav\" >Liter\u00e0rias<\/a> [<a href=\"\/audiofem\/liter\u00e0ria_1.wav\" >1<\/a>].<br \/>\n<a href=\"\/audiofem\/liter\u00e0ria.wav\" >Liter\u00e0ria<\/a>.<br \/>\n<a href=\"\/audiofem\/liter\u00e0riu.wav\" >Liter\u00e0riu<\/a>.<br \/>\n<a href=\"\/audiofem\/l\u00ecteras.wav\" >L\u00ecteras<\/a>.<br \/>\n<a href=\"\/audiofem\/l\u00ectera.wav\" >L\u00ectera<\/a>.<br \/>\n<a href=\"\/audiofem\/liter\u00f2rios.wav\" >Liter\u00f2rios<\/a>.<br \/>\n<a href=\"\/audiofem\/litu.wav\" >Litu<\/a>.<br \/>\n<a href=\"\/audiofem\/litzeu.wav\" >Litzeu<\/a>.<br \/>\n<a href=\"\/audiofem\/livellu.wav\" >Livellu<\/a>.<br \/>\n<a href=\"\/audiofem\/li.wav\" >Li<\/a>.<br \/>\n<a href=\"\/audiofem\/locales.wav\" >Locales<\/a> [<a href=\"\/audiofem\/locale_1.wav\" >1<\/a>] [<a href=\"\/audiofem\/locales_1.wav\" >1<\/a>].<br \/>\n<a href=\"\/audiofem\/locale.wav\" >Locale<\/a>.<br \/>\n<a href=\"\/audiofem\/l\u00f2gica.wav\" >L\u00f2gica<\/a>.<br \/>\n<a href=\"\/audiofem\/logos.wav\" >Logos<\/a>.<br \/>\n<a href=\"\/audiofem\/logudoresu.wav\" >Logudoresu<\/a>.<br \/>\n<a href=\"\/audiofem\/logu.wav\" >Logu<\/a>.<br \/>\n<a href=\"\/audiofem\/l\u00f2mpere.wav\" >L\u00f2mpere<\/a>.<br \/>\n<a href=\"\/audiofem\/lompet.wav\" >Lompet<\/a>.<br \/>\n<a href=\"\/audiofem\/l\u00f2mpidu.wav\" >L\u00f2mpidu<\/a>.<br \/>\n<a href=\"\/audiofem\/londra.wav\" >Londra<\/a>.<br \/>\n<a href=\"\/audiofem\/longas.wav\" >Longas<\/a>.<br \/>\n<a href=\"\/audiofem\/longa.wav\" >Longa<\/a>.<br \/>\n<a href=\"\/audiofem\/longos.wav\" >Longos<\/a>.<br \/>\n<a href=\"\/audiofem\/longu.wav\" >Longu<\/a>.<br \/>\n<a href=\"\/audiofem\/losa.wav\" >Losa<\/a> [<a href=\"\/audiofem\/los_1.wav\" >1<\/a>].<br \/>\n<a href=\"\/audiofem\/los.wav\" >Los<\/a>.<br \/>\n<a href=\"\/audiofem\/ludu.wav\" >Ludu<\/a> [<a href=\"\/audiofem\/lu_1.wav\" >1<\/a>].<br \/>\n<a href=\"\/audiofem\/luego.wav\" >Luego<\/a>.<br \/>\n<a href=\"\/audiofem\/lughende.wav\" >Lughende<\/a> [<a href=\"\/audiofem\/lughende_1.wav\" >1<\/a>].<br \/>\n<a href=\"\/audiofem\/lughentes.wav\" >Lughentes<\/a>.<br \/>\n<a href=\"\/audiofem\/lughes.wav\" >Lughes<\/a>.<br \/>\n<a href=\"\/audiofem\/lughe.wav\" >Lughe<\/a>.<br \/>\n<a href=\"\/audiofem\/lughiant.wav\" >Lughiant<\/a>.<br \/>\n<a href=\"\/audiofem\/lughiat.wav\" >Lughiat<\/a>.<br \/>\n<a href=\"\/audiofem\/lugore.wav\" >Lugore<\/a>.<br \/>\n<a href=\"\/audiofem\/luminos.wav\" >Luminos<\/a>.<br \/>\n<a href=\"\/audiofem\/luminu.wav\" >Luminu<\/a>.<br \/>\n<a href=\"\/audiofem\/luna.wav\" >Luna<\/a>.<br \/>\n<a href=\"\/audiofem\/lunis.wav\" >Lunis<\/a>.<br \/>\n<a href=\"\/audiofem\/lussu.wav\" >Lussu<\/a>.<br \/>\n<a href=\"\/audiofem\/luta.wav\" >Luta<\/a>.<br \/>\n<a href=\"\/audiofem\/lutu.wav\" >Lutu<\/a>.<br \/>\n<a href=\"\/audiofem\/lu.wav\" >Lu<\/a>.<\/p>\n","protected":false},"excerpt":{"rendered":"<p>L&#8217;abaidare [1]. Labiolu. Laborat\u00f2riu. L\u00e0canas. L\u00e0cana. Lada. Ladina. Ladinu. Lados. Ladu. L&#8217;aerent. L&#8217;aeret. L&#8217;\u00e0ere. L&#8217;agabbare. L&#8217;agatare. L&#8217;agradaiat. L&#8217;agradat. L\u00e0grimas. L\u00e0grima. L&#8217;aiant. L&#8217;aia [1]. L&#8217;aimus. L&#8217;ais [1] [2]. Lamento. Lamentu. L&#8217;ammentaiat. L\u00e0mpadas. Lampu. L&#8217;amus. Lana. L\u00e0ngiu. L\u00e0ntia. L&#8217;apant. L&#8217;apat [1]. Lapis. L&#8217;apo [1]. Largu. Lascura. Lassada. Lassados. Lassadu. Lassaiant. Lassaiat. Lassa\u00b7mi. Lassamus. Lassant. Lassare. Lassas. Lassat. [&hellip;]<\/p>\n","protected":false},"author":1,"featured_media":0,"parent":49,"menu_order":0,"comment_status":"closed","ping_status":"closed","template":"","meta":{"footnotes":""},"class_list":["post-201","page","type-page","status-publish","hentry"],"_links":{"self":[{"href":"https:\/\/sintesa.nor-web.eu\/en\/wp-json\/wp\/v2\/pages\/201","targetHints":{"allow":["GET"]}}],"collection":[{"href":"https:\/\/sintesa.nor-web.eu\/en\/wp-json\/wp\/v2\/pages"}],"about":[{"href":"https:\/\/sintesa.nor-web.eu\/en\/wp-json\/wp\/v2\/types\/page"}],"author":[{"embeddable":true,"href":"https:\/\/sintesa.nor-web.eu\/en\/wp-json\/wp\/v2\/users\/1"}],"replies":[{"embeddable":true,"href":"https:\/\/sintesa.nor-web.eu\/en\/wp-json\/wp\/v2\/comments?post=201"}],"version-history":[{"count":3,"href":"https:\/\/sintesa.nor-web.eu\/en\/wp-json\/wp\/v2\/pages\/201\/revisions"}],"predecessor-version":[{"id":257,"href":"https:\/\/sintesa.nor-web.eu\/en\/wp-json\/wp\/v2\/pages\/201\/revisions\/257"}],"up":[{"embeddable":true,"href":"https:\/\/sintesa.nor-web.eu\/en\/wp-json\/wp\/v2\/pages\/49"}],"wp:attachment":[{"href":"https:\/\/sintesa.nor-web.eu\/en\/wp-json\/wp\/v2\/media?parent=201"}],"curies":[{"name":"wp","href":"https:\/\/api.w.org\/{rel}","templated":true}]}}