{"id":196,"date":"2015-04-09T18:01:41","date_gmt":"2015-04-09T16:01:41","guid":{"rendered":"http:\/\/tts.nor-web.eu\/?page_id=196"},"modified":"2015-11-26T12:36:01","modified_gmt":"2015-11-26T11:36:01","slug":"lettera-e","status":"publish","type":"page","link":"https:\/\/sintesa.nor-web.eu\/en\/parole\/parlante-2-donna\/lettera-e\/","title":{"rendered":"Lecter E"},"content":{"rendered":"<p><a href=\"\/audiofem\/e.wav\" >E<\/a>.<br \/>\n<a href=\"\/audiofem\/ea.wav\" >Ea<\/a> [<a href=\"\/audiofem\/e_1.wav\" >1<\/a>] [<a href=\"\/audiofem\/ea_1.wav\" >1<\/a>].<br \/>\n<a href=\"\/audiofem\/ebbia.wav\" >Ebbia<\/a>.<br \/>\n<a href=\"\/audiofem\/econ\u00f2mica.wav\" >Econ\u00f2mica<\/a>.<br \/>\n<a href=\"\/audiofem\/econ\u00f2micu.wav\" >Econ\u00f2micu<\/a>.<br \/>\n<a href=\"\/audiofem\/edade.wav\" >Edade<\/a>.<br \/>\n<a href=\"\/audiofem\/editores.wav\" >Editores<\/a>.<br \/>\n<a href=\"\/audiofem\/editoriale.wav\" >Editoriale<\/a>.<br \/>\n<a href=\"\/audiofem\/editzione.wav\" >Editzione<\/a>.<br \/>\n<a href=\"\/audiofem\/educatzione.wav\" >Educatzione<\/a>.<br \/>\n<a href=\"\/audiofem\/efetos.wav\" >Efetos<\/a>.<br \/>\n<a href=\"\/audiofem\/efetu.wav\" >Efetu<\/a>.<br \/>\n<a href=\"\/audiofem\/ei.wav\" >Ei<\/a>.<br \/>\n<a href=\"\/audiofem\/eja.wav\" >Eja<\/a>.<br \/>\n<a href=\"\/audiofem\/elegante.wav\" >Elegante<\/a>.<br \/>\n<a href=\"\/audiofem\/elementos.wav\" >Elementos<\/a>.<br \/>\n<a href=\"\/audiofem\/el\u00e8trica.wav\" >El\u00e8trica<\/a> [<a href=\"\/audiofem\/el\u00e8trica_1.wav\" >1<\/a>].<br \/>\n<a href=\"\/audiofem\/eletziones.wav\" >Eletziones<\/a>.<br \/>\n<a href=\"\/audiofem\/ello.wav\" >Ello<\/a>.<br \/>\n<a href=\"\/audiofem\/em\u00eclia.wav\" >Em\u00eclia<\/a>.<br \/>\n<a href=\"\/audiofem\/emmo.wav\" >Emmo<\/a>.<br \/>\n<a href=\"\/audiofem\/entes.wav\" >Entes<\/a>.<br \/>\n<a href=\"\/audiofem\/\u00e8poca.wav\" >\u00c8poca<\/a>.<br \/>\n<a href=\"\/audiofem\/epuru.wav\" >Epuru<\/a>.<br \/>\n<a href=\"\/audiofem\/era.wav\" >Era<\/a>.<br \/>\n<a href=\"\/audiofem\/erba.wav\" >Erba<\/a>.<br \/>\n<a href=\"\/audiofem\/eris.wav\" >Eris<\/a> [<a href=\"\/audiofem\/eris_1.wav\" >1<\/a>].<br \/>\n<a href=\"\/audiofem\/ermosa.wav\" >Ermosa<\/a>.<br \/>\n<a href=\"\/audiofem\/eroes.wav\" >Eroes<\/a>.<br \/>\n<a href=\"\/audiofem\/eroe.wav\" >Eroe<\/a>.<br \/>\n<a href=\"\/audiofem\/esclamadu.wav\" >Esclamadu<\/a>.<br \/>\n<a href=\"\/audiofem\/esempros.wav\" >Esempros<\/a>.<br \/>\n<a href=\"\/audiofem\/esempru.wav\" >Esempru<\/a>.<br \/>\n<a href=\"\/audiofem\/esertz\u00ectzios.wav\" >Esertz\u00ectzios<\/a>.<br \/>\n<a href=\"\/audiofem\/esistit.wav\" >Esistit<\/a>.<br \/>\n<a href=\"\/audiofem\/esisto.wav\" >Esisto<\/a>.<br \/>\n<a href=\"\/audiofem\/esperi\u00e8ntzia.wav\" >Esperi\u00e8ntzia<\/a>.<br \/>\n<a href=\"\/audiofem\/espertos.wav\" >Espertos<\/a>.<br \/>\n<a href=\"\/audiofem\/espressadas.wav\" >Espressadas<\/a>.<br \/>\n<a href=\"\/audiofem\/espressada.wav\" >Espressada<\/a>.<br \/>\n<a href=\"\/audiofem\/espressare.wav\" >Espressare<\/a>.<br \/>\n<a href=\"\/audiofem\/espressione.wav\" >Espressione<\/a>.<br \/>\n<a href=\"\/audiofem\/essat.wav\" >Essat<\/a>.<br \/>\n<a href=\"\/audiofem\/esseit.wav\" >Esseit<\/a>.<br \/>\n<a href=\"\/audiofem\/essende.wav\" >Essende<\/a>.<br \/>\n<a href=\"\/audiofem\/esserent.wav\" >Esserent<\/a> [<a href=\"\/audiofem\/\u00e8ssere_1.wav\" >1<\/a>] [<a href=\"\/audiofem\/\u00e8ssere_2.wav\" >2<\/a>].<br \/>\n<a href=\"\/audiofem\/esseres.wav\" >Esseres<\/a>.<br \/>\n<a href=\"\/audiofem\/esseret.wav\" >Esseret<\/a>.<br \/>\n<a href=\"\/audiofem\/essere.wav\" >Essere<\/a>.<br \/>\n<a href=\"\/audiofem\/\u00e8ssere.wav\" >\u00c8ssere<\/a>.<br \/>\n<a href=\"\/audiofem\/essiant.wav\" >Essiant<\/a>.<br \/>\n<a href=\"\/audiofem\/essiat.wav\" >Essiat<\/a>.<br \/>\n<a href=\"\/audiofem\/essida.wav\" >Essida<\/a>.<br \/>\n<a href=\"\/audiofem\/essidos.wav\" >Essidos<\/a>.<br \/>\n<a href=\"\/audiofem\/essidu.wav\" >Essidu<\/a>.<br \/>\n<a href=\"\/audiofem\/essint.wav\" >Essint<\/a>.<br \/>\n<a href=\"\/audiofem\/essire.wav\" >Essire<\/a>.<br \/>\n<a href=\"\/audiofem\/essis.wav\" >Essis<\/a>.<br \/>\n<a href=\"\/audiofem\/essit.wav\" >Essit<\/a>.<br \/>\n<a href=\"\/audiofem\/essi.wav\" >Essi<\/a>.<br \/>\n<a href=\"\/audiofem\/est.wav\" >Est<\/a> [<a href=\"\/audiofem\/est_1.wav\" >1<\/a>].<br \/>\n<a href=\"\/audiofem\/eterna.wav\" >Eterna<\/a>.<br \/>\n<a href=\"\/audiofem\/eternu.wav\" >Eternu<\/a>.<br \/>\n<a href=\"\/audiofem\/etnia.wav\" >Etnia<\/a>.<br \/>\n<a href=\"\/audiofem\/\u00e8tnicas.wav\" >\u00c8tnicas<\/a>.<br \/>\n<a href=\"\/audiofem\/\u00e8tnica.wav\" >\u00c8tnica<\/a>.<br \/>\n<a href=\"\/audiofem\/etotu.wav\" >Etotu<\/a>.<br \/>\n<a href=\"\/audiofem\/etr\u00f9ria.wav\" >Etr\u00f9ria<\/a>.<br \/>\n<a href=\"\/audiofem\/etrusca.wav\" >Etrusca<\/a>.<br \/>\n<a href=\"\/audiofem\/etruscu.wav\" >Etruscu<\/a>.<br \/>\n<a href=\"\/audiofem\/europa.wav\" >Europa<\/a>.<br \/>\n<a href=\"\/audiofem\/europeas.wav\" >Europeas<\/a>.<br \/>\n<a href=\"\/audiofem\/europea.wav\" >Europea<\/a>.<br \/>\n<a href=\"\/audiofem\/europeos.wav\" >Europeos<\/a>.<br \/>\n<a href=\"\/audiofem\/europeu.wav\" >Europeu<\/a>.<br \/>\n<a href=\"\/audiofem\/evitare.wav\" >Evitare<\/a>.<\/p>\n","protected":false},"excerpt":{"rendered":"<p>E. Ea [1] [1]. Ebbia. Econ\u00f2mica. Econ\u00f2micu. Edade. Editores. Editoriale. Editzione. Educatzione. Efetos. Efetu. Ei. Eja. Elegante. Elementos. El\u00e8trica [1]. Eletziones. Ello. Em\u00eclia. Emmo. Entes. \u00c8poca. Epuru. Era. Erba. Eris [1]. Ermosa. Eroes. Eroe. Esclamadu. Esempros. Esempru. Esertz\u00ectzios. Esistit. Esisto. Esperi\u00e8ntzia. Espertos. Espressadas. Espressada. Espressare. Espressione. Essat. Esseit. Essende. Esserent [1] [2]. Esseres. Esseret. Essere. [&hellip;]<\/p>\n","protected":false},"author":1,"featured_media":0,"parent":49,"menu_order":0,"comment_status":"closed","ping_status":"closed","template":"","meta":{"footnotes":""},"class_list":["post-196","page","type-page","status-publish","hentry"],"_links":{"self":[{"href":"https:\/\/sintesa.nor-web.eu\/en\/wp-json\/wp\/v2\/pages\/196","targetHints":{"allow":["GET"]}}],"collection":[{"href":"https:\/\/sintesa.nor-web.eu\/en\/wp-json\/wp\/v2\/pages"}],"about":[{"href":"https:\/\/sintesa.nor-web.eu\/en\/wp-json\/wp\/v2\/types\/page"}],"author":[{"embeddable":true,"href":"https:\/\/sintesa.nor-web.eu\/en\/wp-json\/wp\/v2\/users\/1"}],"replies":[{"embeddable":true,"href":"https:\/\/sintesa.nor-web.eu\/en\/wp-json\/wp\/v2\/comments?post=196"}],"version-history":[{"count":3,"href":"https:\/\/sintesa.nor-web.eu\/en\/wp-json\/wp\/v2\/pages\/196\/revisions"}],"predecessor-version":[{"id":252,"href":"https:\/\/sintesa.nor-web.eu\/en\/wp-json\/wp\/v2\/pages\/196\/revisions\/252"}],"up":[{"embeddable":true,"href":"https:\/\/sintesa.nor-web.eu\/en\/wp-json\/wp\/v2\/pages\/49"}],"wp:attachment":[{"href":"https:\/\/sintesa.nor-web.eu\/en\/wp-json\/wp\/v2\/media?parent=196"}],"curies":[{"name":"wp","href":"https:\/\/api.w.org\/{rel}","templated":true}]}}